{"id":556,"date":"2019-02-11T13:32:44","date_gmt":"2019-02-11T13:32:44","guid":{"rendered":"http:\/\/democontent.codex-themes.com\/sites\/medical-center\/?page_id=556"},"modified":"2024-05-31T08:53:09","modified_gmt":"2024-05-31T08:53:09","slug":"about-us","status":"publish","type":"page","link":"https:\/\/d-easydrop.it\/fr\/about-us\/","title":{"rendered":"Projet D-Easydrop"},"content":{"rendered":"<section class=\"wpb-content-wrapper\"><div id=\"vc_row-69e88da8b5a5f\" class=\"vc_row wpb_row vc_row-fluid vc_custom_1689784943145 thegem-custom-69e88da8b5a50879\"><div class=\"wpb_column vc_column_container vc_col-sm-12 thegem-custom-69e88da8b5c2f6896\"><div class=\"vc_column-inner thegem-custom-inner-69e88da8b5c33\"><div class=\"wpb_wrapper thegem-custom-69e88da8b5c2f6896\">\r\n\t\r\n\t\t<div class=\"wpb_text_column wpb_content_element  thegem-vc-text thegem-custom-69e88da8b5e223711\"  >\r\n\t\t\t<div class=\"wpb_wrapper\">\r\n\t\t\t\t<h4><strong>Facile \u00e0 ouvrir, facile \u00e0 utiliser<\/strong><\/h4>\n\r\n\t\t\t<\/div>\r\n\t\t\t<style>@media screen and (max-width: 1023px) {.thegem-vc-text.thegem-custom-69e88da8b5e223711{display: block!important;}}@media screen and (max-width: 767px) {.thegem-vc-text.thegem-custom-69e88da8b5e223711{display: block!important;}}@media screen and (max-width: 1023px) {.thegem-vc-text.thegem-custom-69e88da8b5e223711{position: relative !important;}}@media screen and (max-width: 767px) {.thegem-vc-text.thegem-custom-69e88da8b5e223711{position: relative !important;}}<\/style>\r\n\t\t<\/div>\r\n\t\r\n<\/div><\/div><\/div><\/div><div id=\"vc_row-69e88da8b5fd0\" class=\"vc_row wpb_row vc_row-fluid thegem-custom-69e88da8b5fc81173\"><div class=\"wpb_column vc_column_container vc_col-sm-6 thegem-custom-69e88da8b6119712\"><div class=\"vc_column-inner thegem-custom-inner-69e88da8b611a\"><div class=\"wpb_wrapper thegem-custom-69e88da8b6119712\">\r\n\t\r\n\t\t<div class=\"wpb_text_column wpb_content_element  thegem-vc-text thegem-custom-69e88da8b62252687\"  >\r\n\t\t\t<div class=\"wpb_wrapper\">\r\n\t\t\t\t<p>Ouvrir les colis devrait \u00eatre une op\u00e9ration simple pour nous tous, mais nous nous retrouvons souvent confront\u00e9s \u00e0 des ampoules compliqu\u00e9es ou peu intuitives. Avec D-easydrop, tout cela appartient au pass\u00e9. Vous n\u2019aurez plus besoin d\u2019outils, de lignes pointill\u00e9es ou d\u2019efforts excessifs pour ouvrir nos blisters unidose innovants.<\/p>\n<p>Gr\u00e2ce \u00e0 la conception intelligente de D-easydrop, une l\u00e9g\u00e8re pression de trois doigts suffira pour l&#039;ouvrir sans probl\u00e8me. Un geste rapide et intuitif, comme une caresse, vous permettra d&#039;acc\u00e9der \u00e0 votre produit rapidement et facilement.<\/p>\n<p>Les avantages ne s&#039;arr\u00eatent pas l\u00e0 : notre solution est enti\u00e8rement recyclable, contribuant ainsi \u00e0 r\u00e9duire l&#039;impact environnemental et \u00e0 pr\u00e9server notre plan\u00e8te.<\/p>\n<p>D-easydrop est id\u00e9al pour contenir tout produit liquide ou gel, offrant diff\u00e9rentes options de quantit\u00e9 et de format pour r\u00e9pondre \u00e0 tous vos besoins.<\/p>\n<p>Nous faisons de l&#039;ouverture des colis une exp\u00e9rience agr\u00e9able et sans stress avec D-easydrop, le choix intelligent pour un emballage plus facile et plus durable.<\/p>\n<p><strong>Disponible dans les formats suivants :<\/strong><\/p>\n<ul>\n<li>66 X 100 mm (jusqu&#039;\u00e0 12 ml de produit)<\/li>\n<li>40 X 50 mm (jusqu&#039;\u00e0 1,5 ml de produit)<\/li>\n<\/ul>\n\r\n\t\t\t<\/div>\r\n\t\t\t<style>@media screen and (max-width: 1023px) {.thegem-vc-text.thegem-custom-69e88da8b62252687{display: block!important;}}@media screen and (max-width: 767px) {.thegem-vc-text.thegem-custom-69e88da8b62252687{display: block!important;}}@media screen and (max-width: 1023px) {.thegem-vc-text.thegem-custom-69e88da8b62252687{position: relative !important;}}@media screen and (max-width: 767px) {.thegem-vc-text.thegem-custom-69e88da8b62252687{position: relative !important;}}<\/style>\r\n\t\t<\/div>\r\n\t\r\n<\/div><\/div><\/div><div class=\"wpb_column vc_column_container vc_col-sm-6 thegem-custom-69e88da8b639d8740\"><div class=\"vc_column-inner thegem-custom-inner-69e88da8b639f\"><div class=\"wpb_wrapper thegem-custom-69e88da8b639d8740\">\r\n\t\r\n\t<div  class=\"wpb_single_image wpb_content_element vc_align_left\" >\r\n\t\t\r\n\t\t<figure class=\"wpb_wrapper vc_figure\">\r\n\t\t\t<div class=\"vc_single_image-wrapper   vc_box_border_grey\"><img decoding=\"async\" width=\"1000\" height=\"1182\" src=\"https:\/\/d-easydrop.it\/wp-content\/uploads\/2023\/07\/D-EASYDROP-applicazioni-1.jpg\" class=\"vc_single_image-img attachment-full\" alt=\"\" title=\"Applications D-EASYDROP\" srcset=\"https:\/\/d-easydrop.it\/wp-content\/uploads\/2023\/07\/D-EASYDROP-applicazioni-1.jpg 1000w, https:\/\/d-easydrop.it\/wp-content\/uploads\/2023\/07\/D-EASYDROP-applicazioni-1-600x709.jpg 600w, https:\/\/d-easydrop.it\/wp-content\/uploads\/2023\/07\/D-EASYDROP-applicazioni-1-254x300.jpg 254w, https:\/\/d-easydrop.it\/wp-content\/uploads\/2023\/07\/D-EASYDROP-applicazioni-1-866x1024.jpg 866w, https:\/\/d-easydrop.it\/wp-content\/uploads\/2023\/07\/D-EASYDROP-applicazioni-1-768x908.jpg 768w\" sizes=\"(max-width: 1000px) 100vw, 1000px\" \/><\/div>\r\n\t\t<\/figure>\r\n\t<\/div>\r\n\t\r\n<\/div><\/div><\/div><\/div><div class=\"vc_row-full-width-before\"><\/div><div id=\"vc_row-69e88da8b68fb\" data-vc-full-width=\"true\" data-vc-full-width-init=\"false\" class=\"vc_row wpb_row vc_row-fluid vc_custom_1586773707314 thegem-custom-69e88da8b68ee4047 vc_row-has-fill\"><script type=\"text\/javascript\">if (typeof(gem_fix_fullwidth_position) == \"function\") { gem_fix_fullwidth_position(document.getElementById(\"vc_row-69e88da8b68fb\")); }<\/script><div class=\"wpb_column vc_column_container vc_col-sm-12 thegem-custom-69e88da8b6a766330\"><div class=\"vc_column-inner thegem-custom-inner-69e88da8b6a77\"><div class=\"wpb_wrapper thegem-custom-69e88da8b6a766330\"><div class=\"clearboth\"><\/div><style>#thegem-divider-69e88da8b6b35 {margin-top: 85px !important;}<\/style><div id=\"thegem-divider-69e88da8b6b35\" class=\"gem-divider  divider-hidden\" style=\"\" ><\/div>\r\n\t\r\n\t\t<div class=\"wpb_text_column wpb_content_element  wpb_animate_when_almost_visible wpb_bottom-to-top bottom-to-top thegem-vc-text thegem-custom-69e88da8b6be31414\"  >\r\n\t\t\t<div class=\"wpb_wrapper\">\r\n\t\t\t\t<h4 style=\"text-align: center;\">UNE NORME POUR LE CONDITIONNEMENT UNIDOSE<\/h4>\n\r\n\t\t\t<\/div>\r\n\t\t\t<style>@media screen and (max-width: 1023px) {.thegem-vc-text.thegem-custom-69e88da8b6be31414{display: block!important;}}@media screen and (max-width: 767px) {.thegem-vc-text.thegem-custom-69e88da8b6be31414{display: block!important;}}@media screen and (max-width: 1023px) {.thegem-vc-text.thegem-custom-69e88da8b6be31414{position: relative !important;}}@media screen and (max-width: 767px) {.thegem-vc-text.thegem-custom-69e88da8b6be31414{position: relative !important;}}<\/style>\r\n\t\t<\/div>\r\n\t\r\n\r\n\t\r\n\t\t<div class=\"wpb_text_column wpb_content_element  wpb_animate_when_almost_visible wpb_bottom-to-top bottom-to-top vc_custom_1689757236582 thegem-vc-text thegem-custom-69e88da8b6cd76170\"  >\r\n\t\t\t<div class=\"wpb_wrapper\">\r\n\t\t\t\t<h1 style=\"text-align: center;\">EMBALLAGE UNIQUE<\/h1>\n\r\n\t\t\t<\/div>\r\n\t\t\t<style>@media screen and (max-width: 1023px) {.thegem-vc-text.thegem-custom-69e88da8b6cd76170{display: block!important;}}@media screen and (max-width: 767px) {.thegem-vc-text.thegem-custom-69e88da8b6cd76170{display: block!important;}}@media screen and (max-width: 1023px) {.thegem-vc-text.thegem-custom-69e88da8b6cd76170{position: relative !important;}}@media screen and (max-width: 767px) {.thegem-vc-text.thegem-custom-69e88da8b6cd76170{position: relative !important;}}<\/style>\r\n\t\t<\/div>\r\n\t\r\n<div class=\"clearboth\"><\/div><style>#thegem-divider-69e88da8b6d35 {margin-top: 80px !important;}<\/style><div id=\"thegem-divider-69e88da8b6d35\" class=\"gem-divider  divider-hidden\" style=\"\" ><\/div><div class=\"vc_row wpb_row vc_inner vc_row-fluid vc_custom_1586773716241 thegem-custom-69e88da8b6ea39909 vc_row-has-fill vc_row-o-equal-height vc_row-flex custom-inner-column-69e88da8b6eb2\"><div class=\"wpb_column vc_column_container vc_col-sm-4 thegem-custom-69e88da8b702d1309 vc_col-has-fill\"><div class=\"vc_column-inner thegem-custom-inner-69e88da8b702f vc_custom_1689757511232\"><div class=\"wpb_wrapper thegem-custom-69e88da8b702d1309\"><div class=\"clearboth\"><\/div><style>#thegem-divider-69e88da8b70ad {margin-top: 314px !important;}<\/style><div id=\"thegem-divider-69e88da8b70ad\" class=\"gem-divider\" style=\"\" ><\/div><\/div><\/div><\/div><div class=\"wpb_column vc_column_container vc_col-sm-4 thegem-custom-69e88da8b71941470 vc_col-has-fill\"><div class=\"vc_column-inner thegem-custom-inner-69e88da8b7195 vc_custom_1501671397901\"><div class=\"wpb_wrapper thegem-custom-69e88da8b71941470\"><div class=\"clearboth\"><\/div><style>#thegem-divider-69e88da8b7212 {margin-top: 30px !important;}<\/style><div id=\"thegem-divider-69e88da8b7212\" class=\"gem-divider\" style=\"\" ><\/div><div class=\"lazy-loading\" data-ll-item-delay=\"0\"><div class=\"gem-textbox  lazy-loading-item centered-box\"  data-ll-effect=\"move-up\" ><div class=\"gem-textbox-inner\" style=\"\"><div class=\"gem-textbox-content\" style=\"background-position: center top;padding-top: 20px;padding-bottom: 30px;\">\r\n\t\r\n\t\t<div class=\"wpb_text_column wpb_content_element  thegem-vc-text thegem-custom-69e88da8b73099028\"  >\r\n\t\t\t<div class=\"wpb_wrapper\">\r\n\t\t\t\t<h5 style=\"text-align: center;\">SIMPLE ET POLYVALENT<\/h5>\n\r\n\t\t\t<\/div>\r\n\t\t\t<style>@media screen and (max-width: 1023px) {.thegem-vc-text.thegem-custom-69e88da8b73099028{display: block!important;}}@media screen and (max-width: 767px) {.thegem-vc-text.thegem-custom-69e88da8b73099028{display: block!important;}}@media screen and (max-width: 1023px) {.thegem-vc-text.thegem-custom-69e88da8b73099028{position: relative !important;}}@media screen and (max-width: 767px) {.thegem-vc-text.thegem-custom-69e88da8b73099028{position: relative !important;}}<\/style>\r\n\t\t<\/div>\r\n\t\r\n<div class=\"clearboth\"><\/div><style>#thegem-divider-69e88da8b7377 {margin-top: 30px !important;}<\/style><div id=\"thegem-divider-69e88da8b7377\" class=\"gem-divider\" style=\"\" ><\/div>\r\n\t\r\n\t\t<div class=\"wpb_text_column wpb_content_element  thegem-vc-text thegem-custom-69e88da8b740958\"  >\r\n\t\t\t<div class=\"wpb_wrapper\">\r\n\t\t\t\t<div class=\"et_pb_blurb_container\">\n<div class=\"et_pb_blurb_description\">\n<p>Une mani\u00e8re innovante d&#039;ouvrir les colis sur le march\u00e9 <strong>alimentaire, cosm\u00e9tique,<\/strong> <strong>chimique et pharmaceutique,<\/strong> D-esadrop\u00a0 <strong>s&#039;ouvre d&#039;une seule main<\/strong>, sans effort. Facilement utilis\u00e9 par les gens <strong>\u00e2g\u00e9<\/strong> ou handicap\u00e9.<\/p>\n<\/div>\n<\/div>\n\r\n\t\t\t<\/div>\r\n\t\t\t<style>@media screen and (max-width: 1023px) {.thegem-vc-text.thegem-custom-69e88da8b740958{display: block!important;}}@media screen and (max-width: 767px) {.thegem-vc-text.thegem-custom-69e88da8b740958{display: block!important;}}@media screen and (max-width: 1023px) {.thegem-vc-text.thegem-custom-69e88da8b740958{position: relative !important;}}@media screen and (max-width: 767px) {.thegem-vc-text.thegem-custom-69e88da8b740958{position: relative !important;}}<\/style>\r\n\t\t<\/div>\r\n\t\r\n<div class=\"clearboth\"><\/div><style>#thegem-divider-69e88da8b7476 {margin-top: 30px !important;}<\/style><div id=\"thegem-divider-69e88da8b7476\" class=\"gem-divider\" style=\"\" ><\/div><\/div><\/div><\/div><\/div><\/div><\/div><\/div><div class=\"wpb_column vc_column_container vc_col-sm-4 thegem-custom-69e88da8b75914862 vc_col-has-fill\"><div class=\"vc_column-inner thegem-custom-inner-69e88da8b7592 vc_custom_1689758888889\"><div class=\"wpb_wrapper thegem-custom-69e88da8b75914862\"><div class=\"clearboth\"><\/div><style>#thegem-divider-69e88da8b7608 {margin-top: 314px !important;}<\/style><div id=\"thegem-divider-69e88da8b7608\" class=\"gem-divider\" style=\"\" ><\/div><\/div><\/div><\/div><\/div><div class=\"vc_row wpb_row vc_inner vc_row-fluid vc_custom_1586773721104 thegem-custom-69e88da8b772665 vc_row-has-fill vc_row-o-equal-height vc_row-flex custom-inner-column-69e88da8b772f\"><div class=\"wpb_column vc_column_container vc_col-sm-4 thegem-custom-69e88da8b787e3719 vc_col-has-fill\"><div class=\"vc_column-inner thegem-custom-inner-69e88da8b787f vc_custom_1501158866510\"><div class=\"wpb_wrapper thegem-custom-69e88da8b787e3719\"><div class=\"clearboth\"><\/div><style>#thegem-divider-69e88da8b78ff {margin-top: 30px !important;}<\/style><div id=\"thegem-divider-69e88da8b78ff\" class=\"gem-divider\" style=\"\" ><\/div><div class=\"lazy-loading\" data-ll-item-delay=\"0\"><div class=\"gem-textbox  lazy-loading-item centered-box\"  data-ll-effect=\"move-up\" ><div class=\"gem-textbox-inner\" style=\"\"><div class=\"gem-textbox-content\" style=\"background-position: center top;padding-top: 20px;padding-bottom: 30px;\">\r\n\t\r\n\t\t<div class=\"wpb_text_column wpb_content_element  thegem-vc-text thegem-custom-69e88da8b79e71793\"  >\r\n\t\t\t<div class=\"wpb_wrapper\">\r\n\t\t\t\t<h5 style=\"text-align: center;\">PERSONNALISABLE \u00c0 360\u00b0<\/h5>\n\r\n\t\t\t<\/div>\r\n\t\t\t<style>@media screen and (max-width: 1023px) {.thegem-vc-text.thegem-custom-69e88da8b79e71793{display: block!important;}}@media screen and (max-width: 767px) {.thegem-vc-text.thegem-custom-69e88da8b79e71793{display: block!important;}}@media screen and (max-width: 1023px) {.thegem-vc-text.thegem-custom-69e88da8b79e71793{position: relative !important;}}@media screen and (max-width: 767px) {.thegem-vc-text.thegem-custom-69e88da8b79e71793{position: relative !important;}}<\/style>\r\n\t\t<\/div>\r\n\t\r\n<div class=\"clearboth\"><\/div><style>#thegem-divider-69e88da8b7a4f {margin-top: 30px !important;}<\/style><div id=\"thegem-divider-69e88da8b7a4f\" class=\"gem-divider\" style=\"\" ><\/div>\r\n\t\r\n\t\t<div class=\"wpb_text_column wpb_content_element  thegem-vc-text thegem-custom-69e88da8b7add5744\"  >\r\n\t\t\t<div class=\"wpb_wrapper\">\r\n\t\t\t\t<div id=\"comefunziona-blur\" class=\"et_pb_module et_pb_blurb et_pb_blurb_13 et_pb_text_align_left et_pb_blurb_position_left et_pb_bg_layout_light\">\n<div class=\"et_pb_blurb_content\">\n<div class=\"et_pb_blurb_container\">\n<div class=\"et_pb_blurb_description\">\n<p>Toute la surface peut \u00eatre imprim\u00e9e avec la v\u00f4tre <strong>communication tant au recto qu&#039;au verso<\/strong>. Cela signifie d&#039;\u00e9normes opportunit\u00e9s <strong>visibilit\u00e9 et promotion<\/strong> de votre marque. Un outil marketing litt\u00e9ralement entre les mains de votre consommateur avec lequel, gr\u00e2ce au QR-CODE, vous pouvez <strong>\u00e9tablir un contact direct<\/strong>.<\/p>\n<\/div>\n<\/div>\n<\/div>\n<\/div>\n\r\n\t\t\t<\/div>\r\n\t\t\t<style>@media screen and (max-width: 1023px) {.thegem-vc-text.thegem-custom-69e88da8b7add5744{display: block!important;}}@media screen and (max-width: 767px) {.thegem-vc-text.thegem-custom-69e88da8b7add5744{display: block!important;}}@media screen and (max-width: 1023px) {.thegem-vc-text.thegem-custom-69e88da8b7add5744{position: relative !important;}}@media screen and (max-width: 767px) {.thegem-vc-text.thegem-custom-69e88da8b7add5744{position: relative !important;}}<\/style>\r\n\t\t<\/div>\r\n\t\r\n<div class=\"clearboth\"><\/div><style>#thegem-divider-69e88da8b7b4e {margin-top: 30px !important;}<\/style><div id=\"thegem-divider-69e88da8b7b4e\" class=\"gem-divider\" style=\"\" ><\/div><\/div><\/div><\/div><\/div><\/div><\/div><\/div><div class=\"wpb_column vc_column_container vc_col-sm-4 thegem-custom-69e88da8b7c5b2289 vc_col-has-fill\"><div class=\"vc_column-inner thegem-custom-inner-69e88da8b7c5c vc_custom_1689759036361\"><div class=\"wpb_wrapper thegem-custom-69e88da8b7c5b2289\"><div class=\"clearboth\"><\/div><style>#thegem-divider-69e88da8b7ccc {margin-top: 314px !important;}<\/style><div id=\"thegem-divider-69e88da8b7ccc\" class=\"gem-divider\" style=\"\" ><\/div><\/div><\/div><\/div><div class=\"wpb_column vc_column_container vc_col-sm-4 thegem-custom-69e88da8b7da48030 vc_col-has-fill\"><div class=\"vc_column-inner thegem-custom-inner-69e88da8b7da5 vc_custom_1501158887719\"><div class=\"wpb_wrapper thegem-custom-69e88da8b7da48030\"><div class=\"clearboth\"><\/div><style>#thegem-divider-69e88da8b7e1c {margin-top: 30px !important;}<\/style><div id=\"thegem-divider-69e88da8b7e1c\" class=\"gem-divider\" style=\"\" ><\/div><div class=\"lazy-loading\" data-ll-item-delay=\"0\"><div class=\"gem-textbox  lazy-loading-item centered-box\"  data-ll-effect=\"move-up\" ><div class=\"gem-textbox-inner\" style=\"\"><div class=\"gem-textbox-content\" style=\"background-position: center top;padding-top: 20px;padding-bottom: 30px;\">\r\n\t\r\n\t\t<div class=\"wpb_text_column wpb_content_element  thegem-vc-text thegem-custom-69e88da8b7f04144\"  >\r\n\t\t\t<div class=\"wpb_wrapper\">\r\n\t\t\t\t<h5 style=\"text-align: center;\">EMBALLAGE DURABLE<\/h5>\n\r\n\t\t\t<\/div>\r\n\t\t\t<style>@media screen and (max-width: 1023px) {.thegem-vc-text.thegem-custom-69e88da8b7f04144{display: block!important;}}@media screen and (max-width: 767px) {.thegem-vc-text.thegem-custom-69e88da8b7f04144{display: block!important;}}@media screen and (max-width: 1023px) {.thegem-vc-text.thegem-custom-69e88da8b7f04144{position: relative !important;}}@media screen and (max-width: 767px) {.thegem-vc-text.thegem-custom-69e88da8b7f04144{position: relative !important;}}<\/style>\r\n\t\t<\/div>\r\n\t\r\n<div class=\"clearboth\"><\/div><style>#thegem-divider-69e88da8b7f6c {margin-top: 30px !important;}<\/style><div id=\"thegem-divider-69e88da8b7f6c\" class=\"gem-divider\" style=\"\" ><\/div>\r\n\t\r\n\t\t<div class=\"wpb_text_column wpb_content_element  thegem-vc-text thegem-custom-69e88da8b7ff2759\"  >\r\n\t\t\t<div class=\"wpb_wrapper\">\r\n\t\t\t\t<p style=\"text-align: center;\"><strong>D-easydrop<\/strong> propose une solution innovante qui r\u00e9duit l\u2019accumulation de microplastiques dans l\u2019environnement et favorise le recyclage des mat\u00e9riaux. Il s\u2019agit d\u2019une \u00e9tape positive vers la protection de l\u2019\u00e9cosyst\u00e8me et la promotion d\u2019une consommation plus responsable.<\/p>\n\r\n\t\t\t<\/div>\r\n\t\t\t<style>@media screen and (max-width: 1023px) {.thegem-vc-text.thegem-custom-69e88da8b7ff2759{display: block!important;}}@media screen and (max-width: 767px) {.thegem-vc-text.thegem-custom-69e88da8b7ff2759{display: block!important;}}@media screen and (max-width: 1023px) {.thegem-vc-text.thegem-custom-69e88da8b7ff2759{position: relative !important;}}@media screen and (max-width: 767px) {.thegem-vc-text.thegem-custom-69e88da8b7ff2759{position: relative !important;}}<\/style>\r\n\t\t<\/div>\r\n\t\r\n<div class=\"clearboth\"><\/div><style>#thegem-divider-69e88da8b804e {margin-top: 30px !important;}<\/style><div id=\"thegem-divider-69e88da8b804e\" class=\"gem-divider\" style=\"\" ><\/div><\/div><\/div><\/div><\/div><\/div><\/div><\/div><\/div><div class=\"clearboth\"><\/div><style>#thegem-divider-69e88da8b80b8 {margin-top: 149px !important;}<\/style><div id=\"thegem-divider-69e88da8b80b8\" class=\"gem-divider  divider-hidden divider-big\" style=\"\" ><\/div><\/div><\/div><\/div><\/div><div class=\"vc_row-full-width vc_clearfix\"><\/div>\n<\/section>","protected":false},"excerpt":{"rendered":"","protected":false},"author":1,"featured_media":0,"parent":0,"menu_order":0,"comment_status":"closed","ping_status":"closed","template":"","meta":{"footnotes":""},"class_list":["post-556","page","type-page","status-publish"],"yoast_head":"<!-- This site is optimized with the Yoast SEO plugin v20.11 - https:\/\/yoast.com\/wordpress\/plugins\/seo\/ -->\n<title>Progetto D-Easydrop - D-Easy Drop<\/title>\n<meta name=\"robots\" content=\"index, follow, max-snippet:-1, max-image-preview:large, max-video-preview:-1\" \/>\n<link rel=\"canonical\" href=\"https:\/\/d-easydrop.it\/fr\/about-us\/\" \/>\n<meta property=\"og:locale\" content=\"fr_FR\" \/>\n<meta property=\"og:type\" content=\"article\" \/>\n<meta property=\"og:title\" content=\"Progetto D-Easydrop - D-Easy Drop\" \/>\n<meta property=\"og:url\" content=\"https:\/\/d-easydrop.it\/fr\/about-us\/\" \/>\n<meta property=\"og:site_name\" content=\"D-Easy Drop\" \/>\n<meta property=\"article:modified_time\" content=\"2024-05-31T08:53:09+00:00\" \/>\n<meta name=\"twitter:card\" content=\"summary_large_image\" \/>\n<meta name=\"twitter:label1\" content=\"Dur\u00e9e de lecture estim\u00e9e\" \/>\n\t<meta name=\"twitter:data1\" content=\"3 minutes\" \/>\n<script type=\"application\/ld+json\" class=\"yoast-schema-graph\">{\"@context\":\"https:\/\/schema.org\",\"@graph\":[{\"@type\":\"WebPage\",\"@id\":\"https:\/\/d-easydrop.it\/about-us\/\",\"url\":\"https:\/\/d-easydrop.it\/about-us\/\",\"name\":\"Progetto D-Easydrop - D-Easy Drop\",\"isPartOf\":{\"@id\":\"https:\/\/d-easydrop.it\/#website\"},\"datePublished\":\"2019-02-11T13:32:44+00:00\",\"dateModified\":\"2024-05-31T08:53:09+00:00\",\"breadcrumb\":{\"@id\":\"https:\/\/d-easydrop.it\/about-us\/#breadcrumb\"},\"inLanguage\":\"fr-FR\",\"potentialAction\":[{\"@type\":\"ReadAction\",\"target\":[\"https:\/\/d-easydrop.it\/about-us\/\"]}]},{\"@type\":\"BreadcrumbList\",\"@id\":\"https:\/\/d-easydrop.it\/about-us\/#breadcrumb\",\"itemListElement\":[{\"@type\":\"ListItem\",\"position\":1,\"name\":\"Home\",\"item\":\"https:\/\/d-easydrop.it\/\"},{\"@type\":\"ListItem\",\"position\":2,\"name\":\"Progetto D-Easydrop\"}]},{\"@type\":\"WebSite\",\"@id\":\"https:\/\/d-easydrop.it\/#website\",\"url\":\"https:\/\/d-easydrop.it\/\",\"name\":\"D-Easy Drop\",\"description\":\"Un innovativo packaging monodose con un sistema di apertura comodo e veloce.\",\"publisher\":{\"@id\":\"https:\/\/d-easydrop.it\/#organization\"},\"potentialAction\":[{\"@type\":\"SearchAction\",\"target\":{\"@type\":\"EntryPoint\",\"urlTemplate\":\"https:\/\/d-easydrop.it\/?s={search_term_string}\"},\"query-input\":\"required name=search_term_string\"}],\"inLanguage\":\"fr-FR\"},{\"@type\":\"Organization\",\"@id\":\"https:\/\/d-easydrop.it\/#organization\",\"name\":\"D-Easy Drop\",\"url\":\"https:\/\/d-easydrop.it\/\",\"logo\":{\"@type\":\"ImageObject\",\"inLanguage\":\"fr-FR\",\"@id\":\"https:\/\/d-easydrop.it\/#\/schema\/logo\/image\/\",\"url\":\"https:\/\/d-easydrop.it\/wp-content\/uploads\/2023\/07\/logohd.jpg\",\"contentUrl\":\"https:\/\/d-easydrop.it\/wp-content\/uploads\/2023\/07\/logohd.jpg\",\"width\":2000,\"height\":1092,\"caption\":\"D-Easy Drop\"},\"image\":{\"@id\":\"https:\/\/d-easydrop.it\/#\/schema\/logo\/image\/\"}}]}<\/script>\n<!-- \/ Yoast SEO plugin. -->","yoast_head_json":{"title":"Progetto D-Easydrop - D-Easy Drop","robots":{"index":"index","follow":"follow","max-snippet":"max-snippet:-1","max-image-preview":"max-image-preview:large","max-video-preview":"max-video-preview:-1"},"canonical":"https:\/\/d-easydrop.it\/fr\/about-us\/","og_locale":"fr_FR","og_type":"article","og_title":"Progetto D-Easydrop - D-Easy Drop","og_url":"https:\/\/d-easydrop.it\/fr\/about-us\/","og_site_name":"D-Easy Drop","article_modified_time":"2024-05-31T08:53:09+00:00","twitter_card":"summary_large_image","twitter_misc":{"Dur\u00e9e de lecture estim\u00e9e":"3 minutes"},"schema":{"@context":"https:\/\/schema.org","@graph":[{"@type":"WebPage","@id":"https:\/\/d-easydrop.it\/about-us\/","url":"https:\/\/d-easydrop.it\/about-us\/","name":"Progetto D-Easydrop - D-Easy Drop","isPartOf":{"@id":"https:\/\/d-easydrop.it\/#website"},"datePublished":"2019-02-11T13:32:44+00:00","dateModified":"2024-05-31T08:53:09+00:00","breadcrumb":{"@id":"https:\/\/d-easydrop.it\/about-us\/#breadcrumb"},"inLanguage":"fr-FR","potentialAction":[{"@type":"ReadAction","target":["https:\/\/d-easydrop.it\/about-us\/"]}]},{"@type":"BreadcrumbList","@id":"https:\/\/d-easydrop.it\/about-us\/#breadcrumb","itemListElement":[{"@type":"ListItem","position":1,"name":"Home","item":"https:\/\/d-easydrop.it\/"},{"@type":"ListItem","position":2,"name":"Progetto D-Easydrop"}]},{"@type":"WebSite","@id":"https:\/\/d-easydrop.it\/#website","url":"https:\/\/d-easydrop.it\/","name":"D-Easy Drop","description":"Un innovativo packaging monodose con un sistema di apertura comodo e veloce.","publisher":{"@id":"https:\/\/d-easydrop.it\/#organization"},"potentialAction":[{"@type":"SearchAction","target":{"@type":"EntryPoint","urlTemplate":"https:\/\/d-easydrop.it\/?s={search_term_string}"},"query-input":"required name=search_term_string"}],"inLanguage":"fr-FR"},{"@type":"Organization","@id":"https:\/\/d-easydrop.it\/#organization","name":"D-Easy Drop","url":"https:\/\/d-easydrop.it\/","logo":{"@type":"ImageObject","inLanguage":"fr-FR","@id":"https:\/\/d-easydrop.it\/#\/schema\/logo\/image\/","url":"https:\/\/d-easydrop.it\/wp-content\/uploads\/2023\/07\/logohd.jpg","contentUrl":"https:\/\/d-easydrop.it\/wp-content\/uploads\/2023\/07\/logohd.jpg","width":2000,"height":1092,"caption":"D-Easy Drop"},"image":{"@id":"https:\/\/d-easydrop.it\/#\/schema\/logo\/image\/"}}]}},"_links":{"self":[{"href":"https:\/\/d-easydrop.it\/fr\/wp-json\/wp\/v2\/pages\/556","targetHints":{"allow":["GET"]}}],"collection":[{"href":"https:\/\/d-easydrop.it\/fr\/wp-json\/wp\/v2\/pages"}],"about":[{"href":"https:\/\/d-easydrop.it\/fr\/wp-json\/wp\/v2\/types\/page"}],"author":[{"embeddable":true,"href":"https:\/\/d-easydrop.it\/fr\/wp-json\/wp\/v2\/users\/1"}],"replies":[{"embeddable":true,"href":"https:\/\/d-easydrop.it\/fr\/wp-json\/wp\/v2\/comments?post=556"}],"version-history":[{"count":31,"href":"https:\/\/d-easydrop.it\/fr\/wp-json\/wp\/v2\/pages\/556\/revisions"}],"predecessor-version":[{"id":3990,"href":"https:\/\/d-easydrop.it\/fr\/wp-json\/wp\/v2\/pages\/556\/revisions\/3990"}],"wp:attachment":[{"href":"https:\/\/d-easydrop.it\/fr\/wp-json\/wp\/v2\/media?parent=556"}],"curies":[{"name":"wp","href":"https:\/\/api.w.org\/{rel}","templated":true}]}}