{"id":477,"date":"2018-12-11T14:27:45","date_gmt":"2018-12-11T14:27:45","guid":{"rendered":"http:\/\/democontent.codex-themes.com\/sites\/medical-center\/?page_id=477"},"modified":"2024-06-12T13:59:44","modified_gmt":"2024-06-12T13:59:44","slug":"homepage","status":"publish","type":"page","link":"https:\/\/d-easydrop.it\/fr\/","title":{"rendered":"Page d&#039;accueil (d\u00e9mo)"},"content":{"rendered":"<section class=\"wpb-content-wrapper\"><div id=\"details\" class=\"vc_row wpb_row vc_row-fluid custom-image vc_custom_1479296293419 thegem-custom-69e737608a7563860\"><div class=\"wpb_column vc_column_container vc_col-sm-12 thegem-custom-69e737608a9906264\"><div class=\"vc_column-inner thegem-custom-inner-69e737608a992\"><div class=\"wpb_wrapper thegem-custom-69e737608a9906264\"><div class=\"clearboth\"><\/div><style>#thegem-divider-69e737608ab43 {margin-top: 135px !important;}<\/style><div id=\"thegem-divider-69e737608ab43\" class=\"gem-divider\" style=\"\" ><\/div><\/div><\/div><\/div><div class=\"wpb_column vc_column_container vc_col-sm-12 vc_col-lg-6 vc_col-md-12 thegem-custom-69e737608ac5f4394\"><div class=\"vc_column-inner thegem-custom-inner-69e737608ac61 vc_custom_1478783677232\"><div class=\"wpb_wrapper thegem-custom-69e737608ac5f4394\"><div class=\"centered-box gem-image-centered-box\"><div class=\"gem-image gem-wrapbox gem-wrapbox-style-default gem-wrapbox-position-centered\"  style=\"\"><div class=\"gem-wrapbox-inner\" ><img decoding=\"async\" class=\"gem-wrapbox-element img-responsive\" src=\"https:\/\/d-easydrop.it\/wp-content\/uploads\/2023\/07\/bustine-sovrapposte.png\" alt=\"\"\/><\/div><\/div><\/div><div class=\"clearboth\"><\/div><style>#thegem-divider-69e737608aeca {margin-top: -30px !important;}<\/style><div id=\"thegem-divider-69e737608aeca\" class=\"gem-divider\" style=\"\" ><\/div><\/div><\/div><\/div><div class=\"wpb_column vc_column_container vc_col-sm-12 vc_col-lg-6 thegem-custom-69e737608afd31419\"><div class=\"vc_column-inner thegem-custom-inner-69e737608afd4\"><div class=\"wpb_wrapper thegem-custom-69e737608afd31419\"><div class=\"clearboth\"><\/div><style>#thegem-divider-69e737608b0bc {margin-top: 32px !important;}<\/style><div id=\"thegem-divider-69e737608b0bc\" class=\"gem-divider\" style=\"\" ><\/div>\r\n\t\r\n\t\t<div class=\"wpb_text_column wpb_content_element  thegem-vc-text thegem-custom-69e737608b1b96808\"  >\r\n\t\t\t<div class=\"wpb_wrapper\">\r\n\t\t\t\t<div class=\"title-h4\"><span style=\"color: #3c3950;\">d-easydrop<\/span><\/div>\n\r\n\t\t\t<\/div>\r\n\t\t\t<style>@media screen and (max-width: 1023px) {.thegem-vc-text.thegem-custom-69e737608b1b96808{display: block!important;}}@media screen and (max-width: 767px) {.thegem-vc-text.thegem-custom-69e737608b1b96808{display: block!important;}}@media screen and (max-width: 1023px) {.thegem-vc-text.thegem-custom-69e737608b1b96808{position: relative !important;}}@media screen and (max-width: 767px) {.thegem-vc-text.thegem-custom-69e737608b1b96808{position: relative !important;}}<\/style>\r\n\t\t<\/div>\r\n\t\r\n<div class=\"clearboth\"><\/div><style>#thegem-divider-69e737608b237 {margin-top: -20px !important;}<\/style><div id=\"thegem-divider-69e737608b237\" class=\"gem-divider\" style=\"\" ><\/div>\r\n\t\r\n\t\t<div class=\"wpb_text_column wpb_content_element  thegem-vc-text thegem-custom-69e737608b2c26229\"  >\r\n\t\t\t<div class=\"wpb_wrapper\">\r\n\t\t\t\t<div class=\"title-h1\"><span style=\"color: #00a4ef;\">EMBALLAGE INNOVANT<br \/>\n<\/span><\/div>\n\r\n\t\t\t<\/div>\r\n\t\t\t<style>@media screen and (max-width: 1023px) {.thegem-vc-text.thegem-custom-69e737608b2c26229{display: block!important;}}@media screen and (max-width: 767px) {.thegem-vc-text.thegem-custom-69e737608b2c26229{display: block!important;}}@media screen and (max-width: 1023px) {.thegem-vc-text.thegem-custom-69e737608b2c26229{position: relative !important;}}@media screen and (max-width: 767px) {.thegem-vc-text.thegem-custom-69e737608b2c26229{position: relative !important;}}<\/style>\r\n\t\t<\/div>\r\n\t\r\n<div class=\"clearboth\"><\/div><style>#thegem-divider-69e737608b320 {margin-top: 30px !important;}<\/style><div id=\"thegem-divider-69e737608b320\" class=\"gem-divider\" style=\"\" ><\/div>\r\n\t\r\n\t\t<div class=\"wpb_text_column wpb_content_element  thegem-vc-text thegem-custom-69e737608b3ac5547\"  >\r\n\t\t\t<div class=\"wpb_wrapper\">\r\n\t\t\t\t<div class=\"styled-subtitle\">Un innovant <strong>emballage unidose<\/strong> avec un syst\u00e8me d&#039;ouverture <strong>pratique et rapide<\/strong>.<\/div>\n\r\n\t\t\t<\/div>\r\n\t\t\t<style>@media screen and (max-width: 1023px) {.thegem-vc-text.thegem-custom-69e737608b3ac5547{display: block!important;}}@media screen and (max-width: 767px) {.thegem-vc-text.thegem-custom-69e737608b3ac5547{display: block!important;}}@media screen and (max-width: 1023px) {.thegem-vc-text.thegem-custom-69e737608b3ac5547{position: relative !important;}}@media screen and (max-width: 767px) {.thegem-vc-text.thegem-custom-69e737608b3ac5547{position: relative !important;}}<\/style>\r\n\t\t<\/div>\r\n\t\r\n<div class=\"clearboth\"><\/div><style>#thegem-divider-69e737608b409 {margin-top: 26px !important;}<\/style><div id=\"thegem-divider-69e737608b409\" class=\"gem-divider\" style=\"\" ><\/div>\r\n\t\r\n\t\t<div class=\"wpb_text_column wpb_content_element  thegem-vc-text thegem-custom-69e737608b48d4010\"  >\r\n\t\t\t<div class=\"wpb_wrapper\">\r\n\t\t\t\t<p>Nous accompagnons chaque jour des entreprises de diff\u00e9rents secteurs : du <strong>produits de beaut\u00e9<\/strong> \u00e0<strong>nourriture<\/strong>.<\/p>\n<p>Nous avons la solution id\u00e9ale pour chaque entreprise qui souhaite se d\u00e9marquer sur le march\u00e9 avec <strong>emballage unidose personnalis\u00e9<\/strong> et avant-gardiste.<\/p>\n<p>Gr\u00e2ce \u00e0 <strong>technologie avanc\u00e9e de nos machines<\/strong>, nous proposons une alternative aux emballages traditionnels.<\/p>\n<p>En plus de satisfaire vos besoins esth\u00e9tiques et fonctionnels, nous contribuons \u00e0 <strong>r\u00e9duction de l\u2019impact environnemental.<\/strong><\/p>\n<p>&nbsp;<\/p>\n\r\n\t\t\t<\/div>\r\n\t\t\t<style>@media screen and (max-width: 1023px) {.thegem-vc-text.thegem-custom-69e737608b48d4010{display: block!important;}}@media screen and (max-width: 767px) {.thegem-vc-text.thegem-custom-69e737608b48d4010{display: block!important;}}@media screen and (max-width: 1023px) {.thegem-vc-text.thegem-custom-69e737608b48d4010{position: relative !important;}}@media screen and (max-width: 767px) {.thegem-vc-text.thegem-custom-69e737608b48d4010{position: relative !important;}}<\/style>\r\n\t\t<\/div>\r\n\t\r\n<div class=\"clearboth\"><\/div><style>#thegem-divider-69e737608b4f4 {margin-top: 50px !important;}<\/style><div id=\"thegem-divider-69e737608b4f4\" class=\"gem-divider\" style=\"\" ><\/div><\/div><\/div><\/div><\/div><div id=\"vc_row-69e737608b663\" class=\"vc_row wpb_row vc_row-fluid vc_custom_1689864628792 thegem-custom-69e737608b657860 vc_row-o-equal-height vc_row-o-content-middle vc_row-flex\"><div class=\"wpb_column vc_column_container vc_col-sm-3 thegem-custom-69e737608b7bb7183\"><div class=\"vc_column-inner thegem-custom-inner-69e737608b7bc\"><div class=\"wpb_wrapper thegem-custom-69e737608b7bb7183\">\r\n\t\r\n\t<div  class=\"wpb_single_image wpb_content_element vc_align_center\" >\r\n\t\t\r\n\t\t<figure class=\"wpb_wrapper vc_figure\">\r\n\t\t\t<div class=\"vc_single_image-wrapper   vc_box_border_grey\"><img decoding=\"async\" class=\"vc_single_image-img\" src=\"https:\/\/d-easydrop.it\/wp-content\/uploads\/2018\/12\/cosmetic-200x200.jpg\" width=\"200\" height=\"200\" alt=\"cosmetic\" title=\"cosm\u00e9tique\" \/><\/div>\r\n\t\t<\/figure>\r\n\t<\/div>\r\n\t\r\n\r\n\t\r\n\t\t<div class=\"wpb_text_column wpb_content_element  thegem-vc-text thegem-custom-69e737608bca98089\"  >\r\n\t\t\t<div class=\"wpb_wrapper\">\r\n\t\t\t\t<div class=\"styled-subtitle\">Emballage <strong>une seule dose<\/strong> pour les produits <strong>produits de beaut\u00e9<\/strong><\/div>\n\r\n\t\t\t<\/div>\r\n\t\t\t<style>@media screen and (max-width: 1023px) {.thegem-vc-text.thegem-custom-69e737608bca98089{display: block!important;}}@media screen and (max-width: 767px) {.thegem-vc-text.thegem-custom-69e737608bca98089{display: block!important;}}@media screen and (max-width: 1023px) {.thegem-vc-text.thegem-custom-69e737608bca98089{position: relative !important;}}@media screen and (max-width: 767px) {.thegem-vc-text.thegem-custom-69e737608bca98089{position: relative !important;}}<\/style>\r\n\t\t<\/div>\r\n\t\r\n<\/div><\/div><\/div><div class=\"wpb_column vc_column_container vc_col-sm-3 thegem-custom-69e737608bdf87421\"><div class=\"vc_column-inner thegem-custom-inner-69e737608bdfa\"><div class=\"wpb_wrapper thegem-custom-69e737608bdf87421\">\r\n\t\r\n\t<div  class=\"wpb_single_image wpb_content_element vc_align_center\" >\r\n\t\t\r\n\t\t<figure class=\"wpb_wrapper vc_figure\">\r\n\t\t\t<div class=\"vc_single_image-wrapper   vc_box_border_grey\"><img decoding=\"async\" class=\"vc_single_image-img\" src=\"https:\/\/d-easydrop.it\/wp-content\/uploads\/2018\/12\/food-200x200.jpg\" width=\"200\" height=\"200\" alt=\"food\" title=\"nourriture\" \/><\/div>\r\n\t\t<\/figure>\r\n\t<\/div>\r\n\t\r\n\r\n\t\r\n\t\t<div class=\"wpb_text_column wpb_content_element  thegem-vc-text thegem-custom-69e737608c19178\"  >\r\n\t\t\t<div class=\"wpb_wrapper\">\r\n\t\t\t\t<div class=\"styled-subtitle\">Emballage <strong>une seule dose<\/strong> pour les produits <strong>nourriture<\/strong><\/div>\n\r\n\t\t\t<\/div>\r\n\t\t\t<style>@media screen and (max-width: 1023px) {.thegem-vc-text.thegem-custom-69e737608c19178{display: block!important;}}@media screen and (max-width: 767px) {.thegem-vc-text.thegem-custom-69e737608c19178{display: block!important;}}@media screen and (max-width: 1023px) {.thegem-vc-text.thegem-custom-69e737608c19178{position: relative !important;}}@media screen and (max-width: 767px) {.thegem-vc-text.thegem-custom-69e737608c19178{position: relative !important;}}<\/style>\r\n\t\t<\/div>\r\n\t\r\n<\/div><\/div><\/div><div class=\"wpb_column vc_column_container vc_col-sm-3 thegem-custom-69e737608c2d38417\"><div class=\"vc_column-inner thegem-custom-inner-69e737608c2d4\"><div class=\"wpb_wrapper thegem-custom-69e737608c2d38417\">\r\n\t\r\n\t<div  class=\"wpb_single_image wpb_content_element vc_align_center\" >\r\n\t\t\r\n\t\t<figure class=\"wpb_wrapper vc_figure\">\r\n\t\t\t<div class=\"vc_single_image-wrapper   vc_box_border_grey\"><img decoding=\"async\" class=\"vc_single_image-img\" src=\"https:\/\/d-easydrop.it\/wp-content\/uploads\/2018\/12\/pharma-200x200.jpg\" width=\"200\" height=\"200\" alt=\"pharma\" title=\"pharmaceutique\" \/><\/div>\r\n\t\t<\/figure>\r\n\t<\/div>\r\n\t\r\n\r\n\t\r\n\t\t<div class=\"wpb_text_column wpb_content_element  thegem-vc-text thegem-custom-69e737608c6682499\"  >\r\n\t\t\t<div class=\"wpb_wrapper\">\r\n\t\t\t\t<div class=\"styled-subtitle\">Emballage <strong>une seule dose<\/strong> pour les produits <strong>produits parapharmaceutiques<\/strong><\/div>\n\r\n\t\t\t<\/div>\r\n\t\t\t<style>@media screen and (max-width: 1023px) {.thegem-vc-text.thegem-custom-69e737608c6682499{display: block!important;}}@media screen and (max-width: 767px) {.thegem-vc-text.thegem-custom-69e737608c6682499{display: block!important;}}@media screen and (max-width: 1023px) {.thegem-vc-text.thegem-custom-69e737608c6682499{position: relative !important;}}@media screen and (max-width: 767px) {.thegem-vc-text.thegem-custom-69e737608c6682499{position: relative !important;}}<\/style>\r\n\t\t<\/div>\r\n\t\r\n<\/div><\/div><\/div><div class=\"wpb_column vc_column_container vc_col-sm-3 thegem-custom-69e737608c7b91850\"><div class=\"vc_column-inner thegem-custom-inner-69e737608c7ba\"><div class=\"wpb_wrapper thegem-custom-69e737608c7b91850\">\r\n\t\r\n\t<div  class=\"wpb_single_image wpb_content_element vc_align_center\" >\r\n\t\t\r\n\t\t<figure class=\"wpb_wrapper vc_figure\">\r\n\t\t\t<div class=\"vc_single_image-wrapper   vc_box_border_grey\"><img decoding=\"async\" class=\"vc_single_image-img\" src=\"https:\/\/d-easydrop.it\/wp-content\/uploads\/2018\/12\/chemical-200x200.jpg\" width=\"200\" height=\"200\" alt=\"chemical\" title=\"produits chimiques\" \/><\/div>\r\n\t\t<\/figure>\r\n\t<\/div>\r\n\t\r\n\r\n\t\r\n\t\t<div class=\"wpb_text_column wpb_content_element  thegem-vc-text thegem-custom-69e737608cb379589\"  >\r\n\t\t\t<div class=\"wpb_wrapper\">\r\n\t\t\t\t<div class=\"styled-subtitle\">Emballage <strong>une seule dose<\/strong> pour les produits <strong>chimistes<\/strong><\/div>\n\r\n\t\t\t<\/div>\r\n\t\t\t<style>@media screen and (max-width: 1023px) {.thegem-vc-text.thegem-custom-69e737608cb379589{display: block!important;}}@media screen and (max-width: 767px) {.thegem-vc-text.thegem-custom-69e737608cb379589{display: block!important;}}@media screen and (max-width: 1023px) {.thegem-vc-text.thegem-custom-69e737608cb379589{position: relative !important;}}@media screen and (max-width: 767px) {.thegem-vc-text.thegem-custom-69e737608cb379589{position: relative !important;}}<\/style>\r\n\t\t<\/div>\r\n\t\r\n<\/div><\/div><\/div><\/div><div id=\"vc_row-69e737608cce2\" class=\"vc_row wpb_row vc_row-fluid vc_custom_1689840683653 thegem-custom-69e737608ccd55719 vc_row-o-equal-height vc_row-o-content-middle vc_row-flex\"><style>@media screen and (max-width: 767px) {.thegem-custom-69e737608ccd55719.wpb_row {display: none;}}<\/style><div class=\"wpb_column vc_column_container vc_col-sm-3 vc_hidden-md vc_hidden-sm vc_hidden-xs thegem-custom-69e737608ce764480 vc_col-has-fill\"><div class=\"vc_column-inner thegem-custom-inner-69e737608ce77 vc_custom_1689756349120\"><div class=\"wpb_wrapper thegem-custom-69e737608ce764480\"><\/div><\/div><\/div><div class=\"wpb_column vc_column_container vc_col-sm-6 thegem-custom-69e737608cfa06177\"><div class=\"vc_column-inner thegem-custom-inner-69e737608cfa1\"><div class=\"wpb_wrapper thegem-custom-69e737608cfa06177\"><div class=\"wpb_images_carousel wpb_content_element vc_clearfix wpb_animate_when_almost_visible wpb_fadeIn fadeIn\"><div class=\"wpb_wrapper\"><div id=\"vc_images-carousel-1-1776760672\" data-ride=\"vc_carousel\" data-wrap=\"true\" style=\"width: 640px;\" data-interval=\"0\" data-auto-height=\"yes\" data-mode=\"horizontal\" data-partial=\"false\" data-per-view=\"1\" data-hide-on-end=\"true\" class=\"vc_slide vc_images_carousel\"><div class=\"vc_carousel-inner\"><div class=\"vc_carousel-slideline\"><div class=\"vc_carousel-slideline-inner\"><div class=\"vc_item\"><div class=\"vc_inner\"><img decoding=\"async\" class=\"\" src=\"https:\/\/d-easydrop.it\/wp-content\/uploads\/2023\/07\/1-640x480.jpg\" width=\"640\" height=\"480\" alt=\"1\" title=\"1\" \/><\/div><\/div><div class=\"vc_item\"><div class=\"vc_inner\"><img decoding=\"async\" class=\"\" src=\"https:\/\/d-easydrop.it\/wp-content\/uploads\/2023\/07\/2-640x480.jpg\" width=\"640\" height=\"480\" alt=\"2\" title=\"2\" \/><\/div><\/div><div class=\"vc_item\"><div class=\"vc_inner\"><img decoding=\"async\" class=\"\" src=\"https:\/\/d-easydrop.it\/wp-content\/uploads\/2023\/07\/3-640x480.jpg\" width=\"640\" height=\"480\" alt=\"3\" title=\"3\" \/><\/div><\/div><\/div><\/div><\/div><a class=\"vc_left vc_carousel-control\" href=\"#vc_images-carousel-1-1776760672\" data-slide=\"prev\"><span class=\"icon-prev\"><\/span><\/a><a class=\"vc_right vc_carousel-control\" href=\"#vc_images-carousel-1-1776760672\" data-slide=\"next\"><span class=\"icon-next\"><\/span><\/a><\/div><\/div><\/div><\/div><\/div><\/div><div class=\"wpb_column vc_column_container vc_col-sm-3 thegem-custom-69e737608dbdf8228\"><div class=\"vc_column-inner thegem-custom-inner-69e737608dbe1\"><div class=\"wpb_wrapper thegem-custom-69e737608dbdf8228\"><\/div><\/div><\/div><\/div><div id=\"vc_row-69e737608dd74\" class=\"vc_row wpb_row vc_row-fluid vc_custom_1689840688034 thegem-custom-69e737608dd695119 vc_row-o-equal-height vc_row-o-content-middle vc_row-flex\"><style>@media screen and (min-width: 1024px) {.thegem-custom-69e737608dd695119.wpb_row {display: none;}}@media screen and (max-width: 1023px) and (min-width: 768px) {.thegem-custom-69e737608dd695119.wpb_row {display: none;}}<\/style><div class=\"wpb_column vc_column_container vc_col-sm-3 vc_hidden-md vc_hidden-sm vc_hidden-xs thegem-custom-69e737608debe724 vc_col-has-fill\"><div class=\"vc_column-inner thegem-custom-inner-69e737608debf vc_custom_1689756349120\"><div class=\"wpb_wrapper thegem-custom-69e737608debe724\"><\/div><\/div><\/div><div class=\"wpb_column vc_column_container vc_col-sm-6 thegem-custom-69e737608dfea547\"><div class=\"vc_column-inner thegem-custom-inner-69e737608dfeb\"><div class=\"wpb_wrapper thegem-custom-69e737608dfea547\"><div class=\"wpb_images_carousel wpb_content_element vc_clearfix wpb_animate_when_almost_visible wpb_fadeIn fadeIn\"><div class=\"wpb_wrapper\"><div id=\"vc_images-carousel-2-1776760672\" data-ride=\"vc_carousel\" data-wrap=\"true\" style=\"width: 320px;\" data-interval=\"0\" data-auto-height=\"yes\" data-mode=\"horizontal\" data-partial=\"false\" data-per-view=\"1\" data-hide-on-end=\"true\" class=\"vc_slide vc_images_carousel\"><div class=\"vc_carousel-inner\"><div class=\"vc_carousel-slideline\"><div class=\"vc_carousel-slideline-inner\"><div class=\"vc_item\"><div class=\"vc_inner\"><img decoding=\"async\" class=\"\" src=\"https:\/\/d-easydrop.it\/wp-content\/uploads\/2023\/07\/1-320x240.jpg\" width=\"320\" height=\"240\" alt=\"1\" title=\"1\" \/><\/div><\/div><div class=\"vc_item\"><div class=\"vc_inner\"><img decoding=\"async\" class=\"\" src=\"https:\/\/d-easydrop.it\/wp-content\/uploads\/2023\/07\/2-320x240.jpg\" width=\"320\" height=\"240\" alt=\"2\" title=\"2\" \/><\/div><\/div><div class=\"vc_item\"><div class=\"vc_inner\"><img decoding=\"async\" class=\"\" src=\"https:\/\/d-easydrop.it\/wp-content\/uploads\/2023\/07\/3-320x240.jpg\" width=\"320\" height=\"240\" alt=\"3\" title=\"3\" \/><\/div><\/div><\/div><\/div><\/div><a class=\"vc_left vc_carousel-control\" href=\"#vc_images-carousel-2-1776760672\" data-slide=\"prev\"><span class=\"icon-prev\"><\/span><\/a><a class=\"vc_right vc_carousel-control\" href=\"#vc_images-carousel-2-1776760672\" data-slide=\"next\"><span class=\"icon-next\"><\/span><\/a><\/div><\/div><\/div><\/div><\/div><\/div><div class=\"wpb_column vc_column_container vc_col-sm-3 thegem-custom-69e737608e3e29639\"><div class=\"vc_column-inner thegem-custom-inner-69e737608e3e4\"><div class=\"wpb_wrapper thegem-custom-69e737608e3e29639\"><\/div><\/div><\/div><\/div>\n<\/section>","protected":false},"excerpt":{"rendered":"","protected":false},"author":1,"featured_media":0,"parent":0,"menu_order":0,"comment_status":"closed","ping_status":"closed","template":"","meta":{"footnotes":""},"class_list":["post-477","page","type-page","status-publish"],"yoast_head":"<!-- This site is optimized with the Yoast SEO plugin v20.11 - https:\/\/yoast.com\/wordpress\/plugins\/seo\/ -->\n<title>D-Easydrop - Il Packaging Innovativo<\/title>\n<meta name=\"description\" content=\"Un innovativo packaging monodose con un sistema di apertura comodo e veloce. La nostra soluzione si adatta perfettamente a una vasta gamma di settori, tra cui alimentare, cosmetico, farmaceutico e chimico.\" \/>\n<meta name=\"robots\" content=\"index, follow, max-snippet:-1, max-image-preview:large, max-video-preview:-1\" \/>\n<link rel=\"canonical\" href=\"https:\/\/d-easydrop.it\/fr\/\" \/>\n<meta property=\"og:locale\" content=\"fr_FR\" \/>\n<meta property=\"og:type\" content=\"article\" \/>\n<meta property=\"og:title\" content=\"D-Easydrop - Il Packaging Innovativo\" \/>\n<meta property=\"og:description\" content=\"Un innovativo packaging monodose con un sistema di apertura comodo e veloce. La nostra soluzione si adatta perfettamente a una vasta gamma di settori, tra cui alimentare, cosmetico, farmaceutico e chimico.\" \/>\n<meta property=\"og:url\" content=\"https:\/\/d-easydrop.it\/fr\/\" \/>\n<meta property=\"og:site_name\" content=\"D-Easy Drop\" \/>\n<meta property=\"article:modified_time\" content=\"2024-06-12T13:59:44+00:00\" \/>\n<meta name=\"twitter:card\" content=\"summary_large_image\" \/>\n<meta name=\"twitter:label1\" content=\"Dur\u00e9e de lecture estim\u00e9e\" \/>\n\t<meta name=\"twitter:data1\" content=\"2 minutes\" \/>\n<script type=\"application\/ld+json\" class=\"yoast-schema-graph\">{\"@context\":\"https:\/\/schema.org\",\"@graph\":[{\"@type\":\"WebPage\",\"@id\":\"https:\/\/d-easydrop.it\/\",\"url\":\"https:\/\/d-easydrop.it\/\",\"name\":\"D-Easydrop - Il Packaging Innovativo\",\"isPartOf\":{\"@id\":\"https:\/\/d-easydrop.it\/#website\"},\"datePublished\":\"2018-12-11T14:27:45+00:00\",\"dateModified\":\"2024-06-12T13:59:44+00:00\",\"description\":\"Un innovativo packaging monodose con un sistema di apertura comodo e veloce. La nostra soluzione si adatta perfettamente a una vasta gamma di settori, tra cui alimentare, cosmetico, farmaceutico e chimico.\",\"breadcrumb\":{\"@id\":\"https:\/\/d-easydrop.it\/#breadcrumb\"},\"inLanguage\":\"fr-FR\",\"potentialAction\":[{\"@type\":\"ReadAction\",\"target\":[\"https:\/\/d-easydrop.it\/\"]}]},{\"@type\":\"BreadcrumbList\",\"@id\":\"https:\/\/d-easydrop.it\/#breadcrumb\",\"itemListElement\":[{\"@type\":\"ListItem\",\"position\":1,\"name\":\"Home\",\"item\":\"https:\/\/d-easydrop.it\/\"},{\"@type\":\"ListItem\",\"position\":2,\"name\":\"Homepage (Demo)\"}]},{\"@type\":\"WebSite\",\"@id\":\"https:\/\/d-easydrop.it\/#website\",\"url\":\"https:\/\/d-easydrop.it\/\",\"name\":\"D-Easy Drop\",\"description\":\"Un innovativo packaging monodose con un sistema di apertura comodo e veloce.\",\"publisher\":{\"@id\":\"https:\/\/d-easydrop.it\/#organization\"},\"potentialAction\":[{\"@type\":\"SearchAction\",\"target\":{\"@type\":\"EntryPoint\",\"urlTemplate\":\"https:\/\/d-easydrop.it\/?s={search_term_string}\"},\"query-input\":\"required name=search_term_string\"}],\"inLanguage\":\"fr-FR\"},{\"@type\":\"Organization\",\"@id\":\"https:\/\/d-easydrop.it\/#organization\",\"name\":\"D-Easy Drop\",\"url\":\"https:\/\/d-easydrop.it\/\",\"logo\":{\"@type\":\"ImageObject\",\"inLanguage\":\"fr-FR\",\"@id\":\"https:\/\/d-easydrop.it\/#\/schema\/logo\/image\/\",\"url\":\"https:\/\/d-easydrop.it\/wp-content\/uploads\/2023\/07\/logohd.jpg\",\"contentUrl\":\"https:\/\/d-easydrop.it\/wp-content\/uploads\/2023\/07\/logohd.jpg\",\"width\":2000,\"height\":1092,\"caption\":\"D-Easy Drop\"},\"image\":{\"@id\":\"https:\/\/d-easydrop.it\/#\/schema\/logo\/image\/\"}}]}<\/script>\n<!-- \/ Yoast SEO plugin. -->","yoast_head_json":{"title":"D-Easydrop - Il Packaging Innovativo","description":"Un innovativo packaging monodose con un sistema di apertura comodo e veloce. La nostra soluzione si adatta perfettamente a una vasta gamma di settori, tra cui alimentare, cosmetico, farmaceutico e chimico.","robots":{"index":"index","follow":"follow","max-snippet":"max-snippet:-1","max-image-preview":"max-image-preview:large","max-video-preview":"max-video-preview:-1"},"canonical":"https:\/\/d-easydrop.it\/fr\/","og_locale":"fr_FR","og_type":"article","og_title":"D-Easydrop - Il Packaging Innovativo","og_description":"Un innovativo packaging monodose con un sistema di apertura comodo e veloce. La nostra soluzione si adatta perfettamente a una vasta gamma di settori, tra cui alimentare, cosmetico, farmaceutico e chimico.","og_url":"https:\/\/d-easydrop.it\/fr\/","og_site_name":"D-Easy Drop","article_modified_time":"2024-06-12T13:59:44+00:00","twitter_card":"summary_large_image","twitter_misc":{"Dur\u00e9e de lecture estim\u00e9e":"2 minutes"},"schema":{"@context":"https:\/\/schema.org","@graph":[{"@type":"WebPage","@id":"https:\/\/d-easydrop.it\/","url":"https:\/\/d-easydrop.it\/","name":"D-Easydrop - Il Packaging Innovativo","isPartOf":{"@id":"https:\/\/d-easydrop.it\/#website"},"datePublished":"2018-12-11T14:27:45+00:00","dateModified":"2024-06-12T13:59:44+00:00","description":"Un innovativo packaging monodose con un sistema di apertura comodo e veloce. La nostra soluzione si adatta perfettamente a una vasta gamma di settori, tra cui alimentare, cosmetico, farmaceutico e chimico.","breadcrumb":{"@id":"https:\/\/d-easydrop.it\/#breadcrumb"},"inLanguage":"fr-FR","potentialAction":[{"@type":"ReadAction","target":["https:\/\/d-easydrop.it\/"]}]},{"@type":"BreadcrumbList","@id":"https:\/\/d-easydrop.it\/#breadcrumb","itemListElement":[{"@type":"ListItem","position":1,"name":"Home","item":"https:\/\/d-easydrop.it\/"},{"@type":"ListItem","position":2,"name":"Homepage (Demo)"}]},{"@type":"WebSite","@id":"https:\/\/d-easydrop.it\/#website","url":"https:\/\/d-easydrop.it\/","name":"D-Easy Drop","description":"Un innovativo packaging monodose con un sistema di apertura comodo e veloce.","publisher":{"@id":"https:\/\/d-easydrop.it\/#organization"},"potentialAction":[{"@type":"SearchAction","target":{"@type":"EntryPoint","urlTemplate":"https:\/\/d-easydrop.it\/?s={search_term_string}"},"query-input":"required name=search_term_string"}],"inLanguage":"fr-FR"},{"@type":"Organization","@id":"https:\/\/d-easydrop.it\/#organization","name":"D-Easy Drop","url":"https:\/\/d-easydrop.it\/","logo":{"@type":"ImageObject","inLanguage":"fr-FR","@id":"https:\/\/d-easydrop.it\/#\/schema\/logo\/image\/","url":"https:\/\/d-easydrop.it\/wp-content\/uploads\/2023\/07\/logohd.jpg","contentUrl":"https:\/\/d-easydrop.it\/wp-content\/uploads\/2023\/07\/logohd.jpg","width":2000,"height":1092,"caption":"D-Easy Drop"},"image":{"@id":"https:\/\/d-easydrop.it\/#\/schema\/logo\/image\/"}}]}},"_links":{"self":[{"href":"https:\/\/d-easydrop.it\/fr\/wp-json\/wp\/v2\/pages\/477","targetHints":{"allow":["GET"]}}],"collection":[{"href":"https:\/\/d-easydrop.it\/fr\/wp-json\/wp\/v2\/pages"}],"about":[{"href":"https:\/\/d-easydrop.it\/fr\/wp-json\/wp\/v2\/types\/page"}],"author":[{"embeddable":true,"href":"https:\/\/d-easydrop.it\/fr\/wp-json\/wp\/v2\/users\/1"}],"replies":[{"embeddable":true,"href":"https:\/\/d-easydrop.it\/fr\/wp-json\/wp\/v2\/comments?post=477"}],"version-history":[{"count":52,"href":"https:\/\/d-easydrop.it\/fr\/wp-json\/wp\/v2\/pages\/477\/revisions"}],"predecessor-version":[{"id":4021,"href":"https:\/\/d-easydrop.it\/fr\/wp-json\/wp\/v2\/pages\/477\/revisions\/4021"}],"wp:attachment":[{"href":"https:\/\/d-easydrop.it\/fr\/wp-json\/wp\/v2\/media?parent=477"}],"curies":[{"name":"wp","href":"https:\/\/api.w.org\/{rel}","templated":true}]}}