{"id":3821,"date":"2023-07-14T14:29:11","date_gmt":"2023-07-14T14:29:11","guid":{"rendered":"https:\/\/d-easydrop.it\/cookie-policy-ue\/"},"modified":"2024-12-05T13:56:13","modified_gmt":"2024-12-05T13:56:13","slug":"cookie-policy-ue","status":"publish","type":"page","link":"https:\/\/d-easydrop.it\/fr\/cookie-policy-ue\/","title":{"rendered":"Politique en mati\u00e8re de cookies (UE)"},"content":{"rendered":"<section class=\"wpb-content-wrapper\"><div id=\"vc_row-69e736ff929ca\" class=\"vc_row wpb_row vc_row-fluid thegem-custom-69e736ff929912498\"><div class=\"wpb_column vc_column_container vc_col-sm-12 thegem-custom-69e736ff92e476526\"><div class=\"vc_column-inner thegem-custom-inner-69e736ff92e48\"><div class=\"wpb_wrapper thegem-custom-69e736ff92e476526\">\r\n\t\r\n\t\t<div class=\"wpb_text_column wpb_content_element  thegem-vc-text thegem-custom-69e736ff9320e8890\"  >\r\n\t\t\t<div class=\"wpb_wrapper\">\r\n\t\t\t\t\n<!-- Legal document generated by Complianz | GDPR\/CCPA Cookie Consent https:\/\/wordpress.org\/plugins\/complianz-gdpr -->\n<div id=\"cmplz-document\" class=\"cmplz-document cookie-statement cmplz-document-eu\"><p><i>Cette politique de cookies a \u00e9t\u00e9 mise \u00e0 jour pour la derni\u00e8re fois le juillet 14, 2023 et s\u2019applique aux citoyens et aux r\u00e9sidents permanents l\u00e9gaux de l\u2019Espace \u00c9conomique Europ\u00e9en et de la Suisse.<\/i><br><\/p><h2>1.Introduction<\/h2><p>Notre site Internet, <a href=\"https:\/\/d-easydrop.it\/fr\">https:\/\/d-easydrop.it\/fr<\/a> (ci-apr\u00e8s : \u00ab le site web \u00bb) utilise des cookies et autres technologies disponibles (par souci de simplification, toutes ces technologies sont d\u00e9sign\u00e9es pour le terme \u00ab cookies \u00bb). Des cookies sont \u00e9galement plac\u00e9s chez les parties dans lesquelles nous nous sommes engag\u00e9s. Dans ce document, nous vous informerons de l&#039;utilisation des cookies sur notre site Internet.<\/p><h2>2. Que sont les cookies ?<\/h2><p>Un cookie est un simple cookie envoy\u00e9 sur les pages de ce site Internet et stock\u00e9 pour votre navigation sur l&#039;\u00e9cran de votre ordinateur ou sur un autre appareil. Les informations ici sont stock\u00e9es et peuvent \u00eatre transmises \u00e0 nos serveurs ou \u00e0 d&#039;autres serveurs des parties li\u00e9es concernant leurs visites ult\u00e9rieures.<\/p><h2>3. Quels sont les scripts ?<\/h2><p>Un script est un \u00e9l\u00e9ment de code utilis\u00e9 pour faire fonctionner notre site Web correctement et de mani\u00e8re interactive. Ce code est ex\u00e9cut\u00e9 sur notre serveur ou sur votre \u00e9quipement.<\/p><h2>4. Qu&#039;est-ce que la balise invisible ?<\/h2><p>Un \u00e9cran invisible (ou \u00e9cran Web) est un petit morceau de texte ou d\u2019image invisible sur un site Web, utilis\u00e9 pour g\u00e9n\u00e9rer du trafic sur un site Web. Pour ce faire, plusieurs femmes qui vous pr\u00e9occupent sont approvisionn\u00e9es \u00e0 l&#039;aide de balises invisibles.<\/p><h2>5. Cookies<\/h2><p class=\"cmplz-subtitle\">5.1 Techniques ou fonctions des cookies<\/p><p>Certains cookies assurent le bon fonctionnement de certaines parties sur le site Internet et sont responsables de vos pr\u00e9f\u00e9rences aupr\u00e8s de nombreux internautes. En utilisant les fonctions des cookies, nous vous facilitons la visite de notre site Internet. De plus, vous devez en savoir plus sur les m\u00eames informations concernant la visite de notre site Internet et, par exemple, sur les \u00e9l\u00e9ments restants de votre panier directement dans votre colis. Nous pouvons placer ces cookies sans votre consentement.<\/p><p class=\"cmplz-subtitle\">5.2 Cookies statistiques<\/p><p>Nous utilisons des cookies statistiques pour optimiser l&#039;exp\u00e9rience des internautes sur notre site Internet. Avec ces cookies statistiques, nous obtenons des observations sur l&#039;utilisation de notre site Internet. Nous demandons votre autorisation pour placer des cookies statistiques.<\/p><p class=\"cmplz-subtitle\">5.3 Cookies marketing\/suivants<\/p><p>Les cookies marketing\/suivi sont des cookies ou toutes autres formes de stockage local, utilis\u00e9s pour cr\u00e9er des profils d&#039;internautes \u00e0 des fins de publicit\u00e9 ou de ciblage de l&#039;internaute sur ce site Internet ou sur d&#039;autres sites Internet \u00e0 des fins de marketing similaire.<\/p><h2>6. Cookies d\u00e9pos\u00e9s<\/h2><div id=\"cmplz-cookies-overview\"><details class=\"cmplz-dropdown cmplz-service-desc cmplz-dropdown-cookiepolicy\">\n\t<summary class=\"cmplz-service-header\"><div>\n\t\t<h3>WooCommerce<\/h3>\n\t\t<p>Finalit\u00e9 en attente d\u2019enqu\u00eate<\/p>\n\t\t<label for=\"cmplz_service_woocommerce\" class=\"cmplz_consent_per_service_label\"><span class=\"screen-reader-text\">Consentement au service woocommerce<\/span><\/label>\n\t\t<input type=\"checkbox\" id=\"cmplz_service_woocommerce\" class=\"cmplz-accept-service cmplz-hidden\" data-service=\"woocommerce\" data-category=\"functional\"><\/div>\n\t<\/summary>\n\t<div class=\"cmplz-service-description\">\n\t\t<h4>Utilisation<\/h4>\n\t\t<p><\/p>\n\t<\/div>\n\t<div class=\"cmplz-sharing-data\">\n\t\t<h4>Partage de donn\u00e9es<\/h4>\n\t\t<p>Ces donn\u00e9es ne sont pas partag\u00e9es avec des tierces parties.<\/p>\n\t<\/div>\n\t<div class=\"cookies-per-purpose\">\n    <div class=\"purpose\"><h4>Finalit\u00e9 en attente d\u2019enqu\u00eate<\/h4><\/div>\n    <div class=\"name-header\">\n\t<h5>Nom<\/h5>\n<\/div>\n<div class=\"name\"><a target=\"_blank\" rel=\"noopener noreferrer nofollow\" href=\"https:\/\/cookiedatabase.org\/cookie\/unknown-service\/wc_cart_hash_\/\">wc_cart_hash_*<\/a><\/div>\n<div class=\"retention-header\">\n\t<h5>Expiration<\/h5>\n<\/div>\n<div class=\"retention\"><\/div>\n<div class=\"function-header\">\n\t<h5>Fonction<\/h5>\n<\/div>\n<div class=\"function\"><\/div>\n\n<\/div>\n<\/details>\n<details class=\"cmplz-dropdown cmplz-service-desc cmplz-dropdown-cookiepolicy\">\n\t<summary class=\"cmplz-service-header\"><div>\n\t\t<h3>Divers<\/h3>\n\t\t<p>Finalit\u00e9 en attente d\u2019enqu\u00eate<\/p>\n\t\t<label for=\"cmplz_service_divers\" class=\"cmplz_consent_per_service_label\"><span class=\"screen-reader-text\">Consent to service divers<\/span><\/label>\n\t\t<input type=\"checkbox\" id=\"cmplz_service_divers\" class=\"cmplz-accept-service cmplz-hidden\" data-service=\"divers\" data-category=\"functional\"><\/div>\n\t<\/summary>\n\t<div class=\"cmplz-service-description\">\n\t\t<h4>Utilisation<\/h4>\n\t\t<p><\/p>\n\t<\/div>\n\t<div class=\"cmplz-sharing-data\">\n\t\t<h4>Partage de donn\u00e9es<\/h4>\n\t\t<p>Le partage des donn\u00e9es est en cours d\u2019enqu\u00eate<\/p>\n\t<\/div>\n\t<div class=\"cookies-per-purpose\">\n    <div class=\"purpose\"><h4>Finalit\u00e9 en attente d\u2019enqu\u00eate<\/h4><\/div>\n    <div class=\"name-header\">\n\t<h5>Nom<\/h5>\n<\/div>\n<div class=\"name\">wpEmojiSettingsSupports<\/div>\n<div class=\"retention-header\">\n\t<h5>Expiration<\/h5>\n<\/div>\n<div class=\"retention\"><\/div>\n<div class=\"function-header\">\n\t<h5>Fonction<\/h5>\n<\/div>\n<div class=\"function\"><\/div>\n<div class=\"name-header\">\n\t<h5>Nom<\/h5>\n<\/div>\n<div class=\"name\">cmplz_banner-statut<\/div>\n<div class=\"retention-header\">\n\t<h5>Expiration<\/h5>\n<\/div>\n<div class=\"retention\">365 jours<\/div>\n<div class=\"function-header\">\n\t<h5>Fonction<\/h5>\n<\/div>\n<div class=\"function\"><\/div>\n<div class=\"name-header\">\n\t<h5>Nom<\/h5>\n<\/div>\n<div class=\"name\">pys_advanced_form_data<\/div>\n<div class=\"retention-header\">\n\t<h5>Expiration<\/h5>\n<\/div>\n<div class=\"retention\"><\/div>\n<div class=\"function-header\">\n\t<h5>Fonction<\/h5>\n<\/div>\n<div class=\"function\"><\/div>\n<div class=\"name-header\">\n\t<h5>Nom<\/h5>\n<\/div>\n<div class=\"name\">pys_session_limit<\/div>\n<div class=\"retention-header\">\n\t<h5>Expiration<\/h5>\n<\/div>\n<div class=\"retention\"><\/div>\n<div class=\"function-header\">\n\t<h5>Fonction<\/h5>\n<\/div>\n<div class=\"function\"><\/div>\n<div class=\"name-header\">\n\t<h5>Nom<\/h5>\n<\/div>\n<div class=\"name\">pys_start_session<\/div>\n<div class=\"retention-header\">\n\t<h5>Expiration<\/h5>\n<\/div>\n<div class=\"retention\"><\/div>\n<div class=\"function-header\">\n\t<h5>Fonction<\/h5>\n<\/div>\n<div class=\"function\"><\/div>\n<div class=\"name-header\">\n\t<h5>Nom<\/h5>\n<\/div>\n<div class=\"name\">pys_first_visit<\/div>\n<div class=\"retention-header\">\n\t<h5>Expiration<\/h5>\n<\/div>\n<div class=\"retention\"><\/div>\n<div class=\"function-header\">\n\t<h5>Fonction<\/h5>\n<\/div>\n<div class=\"function\"><\/div>\n<div class=\"name-header\">\n\t<h5>Nom<\/h5>\n<\/div>\n<div class=\"name\">pysTrafficSource<\/div>\n<div class=\"retention-header\">\n\t<h5>Expiration<\/h5>\n<\/div>\n<div class=\"retention\"><\/div>\n<div class=\"function-header\">\n\t<h5>Fonction<\/h5>\n<\/div>\n<div class=\"function\"><\/div>\n<div class=\"name-header\">\n\t<h5>Nom<\/h5>\n<\/div>\n<div class=\"name\">pys_landing_page<\/div>\n<div class=\"retention-header\">\n\t<h5>Expiration<\/h5>\n<\/div>\n<div class=\"retention\"><\/div>\n<div class=\"function-header\">\n\t<h5>Fonction<\/h5>\n<\/div>\n<div class=\"function\"><\/div>\n<div class=\"name-header\">\n\t<h5>Nom<\/h5>\n<\/div>\n<div class=\"name\">last_pysTrafficSource<\/div>\n<div class=\"retention-header\">\n\t<h5>Expiration<\/h5>\n<\/div>\n<div class=\"retention\"><\/div>\n<div class=\"function-header\">\n\t<h5>Fonction<\/h5>\n<\/div>\n<div class=\"function\"><\/div>\n<div class=\"name-header\">\n\t<h5>Nom<\/h5>\n<\/div>\n<div class=\"name\">last_pys_landing_page<\/div>\n<div class=\"retention-header\">\n\t<h5>Expiration<\/h5>\n<\/div>\n<div class=\"retention\"><\/div>\n<div class=\"function-header\">\n\t<h5>Fonction<\/h5>\n<\/div>\n<div class=\"function\"><\/div>\n<div class=\"name-header\">\n\t<h5>Nom<\/h5>\n<\/div>\n<div class=\"name\">_G\u00e9orgie<\/div>\n<div class=\"retention-header\">\n\t<h5>Expiration<\/h5>\n<\/div>\n<div class=\"retention\"><\/div>\n<div class=\"function-header\">\n\t<h5>Fonction<\/h5>\n<\/div>\n<div class=\"function\"><\/div>\n<div class=\"name-header\">\n\t<h5>Nom<\/h5>\n<\/div>\n<div class=\"name\">_ga_54C433BKDE<\/div>\n<div class=\"retention-header\">\n\t<h5>Expiration<\/h5>\n<\/div>\n<div class=\"retention\"><\/div>\n<div class=\"function-header\">\n\t<h5>Fonction<\/h5>\n<\/div>\n<div class=\"function\"><\/div>\n\n<\/div>\n<\/details>\n<\/div><h2>7. Consentement<\/h2><p>Si vous visitez notre site Web pour la premi\u00e8re fois, vous verrez une fen\u00eatre contextuelle avec une explication sur les cookies. Une fois que vous avez cliqu\u00e9 sur \u00ab Enregistrer les pr\u00e9f\u00e9rences \u00bb, vous \u00eates autoris\u00e9 \u00e0 utiliser les cat\u00e9gories de cookies et d&#039;extensions que vous avez s\u00e9lectionn\u00e9es dans la fen\u00eatre contextuelle, comme d\u00e9crit dans la pr\u00e9sente politique en mati\u00e8re de cookies. Vous pouvez d\u00e9sactiver l&#039;utilisation de cookies via votre navigateur, mais veuillez noter que notre site Internet risque de ne plus fonctionner correctement.<\/p><p class=\"cmplz-subtitle\">7.1 V\u00e9rifiez vos r\u00e8gles de consentement<\/p><div id=\"cmplz-manage-consent-container-nojavascript\">Vous avez charg\u00e9 la politique de cookies sans le support de javascript.&nbsp;Sur AMP, vous pouvez utiliser l\u2019onglet de gestion du consentement en bas de la page.<\/div><div id=\"cmplz-manage-consent-container\" class=\"cmplz-manage-consent-container\"><\/div><h2>8. Activer\/d\u00e9sactiver et supprimer les cookies<\/h2><p>Vous pouvez utiliser votre navigateur Internet pour supprimer automatiquement ou manuellement les cookies. Vous pouvez \u00e9galement pr\u00e9ciser que certains cookies ne peuvent pas \u00eatre d\u00e9pos\u00e9s. Une autre option consiste \u00e0 modifier les param\u00e8tres de votre navigation Internet afin que vous receviez un message o\u00f9 un cookie est d\u00e9pos\u00e9. Pour plus d&#039;informations sur ces options, reportez-vous aux instructions de la section Pour vous aider \u00e0 naviguer.<\/p><p>Veuillez noter que notre site Web ne peut pas fonctionner correctement si tous les cookies sont d\u00e9sactiv\u00e9s. Si vous supprimez les cookies de votre navigateur, vous serez de nouveau assis apr\u00e8s votre consentement afin de pouvoir revisiter nos sites Web.<\/p><h2>9. Vos droits concernant le personnel f\u00e9minin<\/h2><p>Vous disposez des droits suivants concernant votre personnel f\u00e9minin :<\/p><ul>\n                    <li>Vous avez le droit de savoir o\u00f9 votre personnel f\u00e9minin a besoin, ici il arrivera et sera stock\u00e9 \u00e0 temps.<\/li>\n                    <li>Droit d\u2019acc\u00e8s : vous avez le droit d\u2019acc\u00e9der \u00e0 votre personnel f\u00e9minin que nous connaissons.<\/li>\n                    <li>Droit de rectification : vous avez le droit \u00e0 tout moment de compl\u00e9ter, corriger, supprimer ou bloquer vos donn\u00e9es personnelles.<\/li>\n                    <li>Si vous nous donnez votre consentement pour le traitement de vos femmes, vous avez le droit de r\u00e9voquer ce consentement et de supprimer votre personnel f\u00e9minin.<\/li>\n                    <li>Droit de transf\u00e9rer vos femmes : vous avez le droit de demander tout votre personnel f\u00e9minin au responsable du traitement et de les transf\u00e9rer en toute int\u00e9grit\u00e9 \u00e0 un autre responsable du traitement.<\/li>\n                    <li>Droit d&#039;opposition : vous pouvez vous opposer au traitement r\u00e9serv\u00e9 \u00e0 vos femmes. Nous obtemp\u00e9rerons, \u00e0 moins que certaines raisons ne justifient ce traitement.<\/li>\n                <\/ul><p>Pour exercer ces droits, veuillez nous contacter. Veuillez vous r\u00e9f\u00e9rer aux d\u00e9tails sous cette politique en mati\u00e8re de cookies. Si vous avez une plainte concernant la mani\u00e8re dont nous traitons les femmes, nous vous en informons \u00e0 l&#039;avance, mais vous avez \u00e9galement le droit de d\u00e9poser une plainte aupr\u00e8s de l&#039;autorit\u00e9 charg\u00e9e de la protection des femmes.<\/p><h2>10. Coordonn\u00e9es<\/h2><p>Pour des questions et\/ou des commentaires sur notre politique en mati\u00e8re de cookies et cette d\u00e9claration, veuillez nous contacter en utilisant les coordonn\u00e9es suivantes :<\/p><p><span class=\"cmplz-contact-organisation\">DANTE S.R.L.<\/span><br>\n                      <span class=\"cmplz-contact-address\">Via dell&#039;Artigianato, 14 - 25030 Torbole Casaglia (BS)<\/span><br>\n                      <span class=\"cmplz-contact-country\">Italie<\/span><br>\n                    Site web: <span class=\"cmplz-contact-domain\"><a href=\"https:\/\/d-easydrop.it\/fr\">https:\/\/d-easydrop.it\/fr<\/a><\/span><br>\n                    E-mail: <span class=\"cmplz-contact-email\"><span class=\"cmplz-obfuscate\">ti.mocetnad@ofni<\/span><\/span><br>\n                    <span class=\"cmplz-contact-telephone\">Num\u00e9ro de t\u00e9l\u00e9phone : +39 030 2150828<\/span><\/p><p>Cette politique de cookies est synchronis\u00e9e avec <a href=\"https:\/\/cookiedatabase.org\/\" target=\"_blank\">cookiedatabase.org<\/a> le juillet 14, 2023.<\/p><\/div>\n\r\n\t\t\t<\/div>\r\n\t\t\t<style>@media screen and (max-width: 1023px) {.thegem-vc-text.thegem-custom-69e736ff9320e8890{display: block!important;}}@media screen and (max-width: 767px) {.thegem-vc-text.thegem-custom-69e736ff9320e8890{display: block!important;}}@media screen and (max-width: 1023px) {.thegem-vc-text.thegem-custom-69e736ff9320e8890{position: relative !important;}}@media screen and (max-width: 767px) {.thegem-vc-text.thegem-custom-69e736ff9320e8890{position: relative !important;}}<\/style>\r\n\t\t<\/div>\r\n\t\r\n<\/div><\/div><\/div><\/div>\n<\/section>","protected":false},"excerpt":{"rendered":"","protected":false},"author":1,"featured_media":0,"parent":0,"menu_order":0,"comment_status":"closed","ping_status":"closed","template":"","meta":{"footnotes":""},"class_list":["post-3821","page","type-page","status-publish"],"yoast_head":"<!-- This site is optimized with the Yoast SEO plugin v20.11 - https:\/\/yoast.com\/wordpress\/plugins\/seo\/ -->\n<title>Cookie Policy (UE) - D-Easy Drop<\/title>\n<meta name=\"robots\" content=\"noindex, nofollow\" \/>\n<meta property=\"og:locale\" content=\"fr_FR\" \/>\n<meta property=\"og:type\" content=\"article\" \/>\n<meta property=\"og:title\" content=\"Cookie Policy (UE) - D-Easy Drop\" \/>\n<meta property=\"og:url\" content=\"https:\/\/d-easydrop.it\/fr\/cookie-policy-ue\/\" \/>\n<meta property=\"og:site_name\" content=\"D-Easy Drop\" \/>\n<meta property=\"article:modified_time\" content=\"2024-12-05T13:56:13+00:00\" \/>\n<meta name=\"twitter:card\" content=\"summary_large_image\" \/>\n<meta name=\"twitter:label1\" content=\"Dur\u00e9e de lecture estim\u00e9e\" \/>\n\t<meta name=\"twitter:data1\" content=\"1 minute\" \/>\n<script type=\"application\/ld+json\" class=\"yoast-schema-graph\">{\"@context\":\"https:\/\/schema.org\",\"@graph\":[{\"@type\":\"WebPage\",\"@id\":\"https:\/\/d-easydrop.it\/cookie-policy-ue\/\",\"url\":\"https:\/\/d-easydrop.it\/cookie-policy-ue\/\",\"name\":\"Cookie Policy (UE) - D-Easy Drop\",\"isPartOf\":{\"@id\":\"https:\/\/d-easydrop.it\/#website\"},\"datePublished\":\"2023-07-14T14:29:11+00:00\",\"dateModified\":\"2024-12-05T13:56:13+00:00\",\"breadcrumb\":{\"@id\":\"https:\/\/d-easydrop.it\/cookie-policy-ue\/#breadcrumb\"},\"inLanguage\":\"fr-FR\",\"potentialAction\":[{\"@type\":\"ReadAction\",\"target\":[\"https:\/\/d-easydrop.it\/cookie-policy-ue\/\"]}]},{\"@type\":\"BreadcrumbList\",\"@id\":\"https:\/\/d-easydrop.it\/cookie-policy-ue\/#breadcrumb\",\"itemListElement\":[{\"@type\":\"ListItem\",\"position\":1,\"name\":\"Home\",\"item\":\"https:\/\/d-easydrop.it\/\"},{\"@type\":\"ListItem\",\"position\":2,\"name\":\"Cookie Policy (UE)\"}]},{\"@type\":\"WebSite\",\"@id\":\"https:\/\/d-easydrop.it\/#website\",\"url\":\"https:\/\/d-easydrop.it\/\",\"name\":\"D-Easy Drop\",\"description\":\"Un innovativo packaging monodose con un sistema di apertura comodo e veloce.\",\"publisher\":{\"@id\":\"https:\/\/d-easydrop.it\/#organization\"},\"potentialAction\":[{\"@type\":\"SearchAction\",\"target\":{\"@type\":\"EntryPoint\",\"urlTemplate\":\"https:\/\/d-easydrop.it\/?s={search_term_string}\"},\"query-input\":\"required name=search_term_string\"}],\"inLanguage\":\"fr-FR\"},{\"@type\":\"Organization\",\"@id\":\"https:\/\/d-easydrop.it\/#organization\",\"name\":\"D-Easy Drop\",\"url\":\"https:\/\/d-easydrop.it\/\",\"logo\":{\"@type\":\"ImageObject\",\"inLanguage\":\"fr-FR\",\"@id\":\"https:\/\/d-easydrop.it\/#\/schema\/logo\/image\/\",\"url\":\"https:\/\/d-easydrop.it\/wp-content\/uploads\/2023\/07\/logohd.jpg\",\"contentUrl\":\"https:\/\/d-easydrop.it\/wp-content\/uploads\/2023\/07\/logohd.jpg\",\"width\":2000,\"height\":1092,\"caption\":\"D-Easy Drop\"},\"image\":{\"@id\":\"https:\/\/d-easydrop.it\/#\/schema\/logo\/image\/\"}}]}<\/script>\n<!-- \/ Yoast SEO plugin. -->","yoast_head_json":{"title":"Cookie Policy (UE) - D-Easy Drop","robots":{"index":"noindex","follow":"nofollow"},"og_locale":"fr_FR","og_type":"article","og_title":"Cookie Policy (UE) - D-Easy Drop","og_url":"https:\/\/d-easydrop.it\/fr\/cookie-policy-ue\/","og_site_name":"D-Easy Drop","article_modified_time":"2024-12-05T13:56:13+00:00","twitter_card":"summary_large_image","twitter_misc":{"Dur\u00e9e de lecture estim\u00e9e":"1 minute"},"schema":{"@context":"https:\/\/schema.org","@graph":[{"@type":"WebPage","@id":"https:\/\/d-easydrop.it\/cookie-policy-ue\/","url":"https:\/\/d-easydrop.it\/cookie-policy-ue\/","name":"Cookie Policy (UE) - D-Easy Drop","isPartOf":{"@id":"https:\/\/d-easydrop.it\/#website"},"datePublished":"2023-07-14T14:29:11+00:00","dateModified":"2024-12-05T13:56:13+00:00","breadcrumb":{"@id":"https:\/\/d-easydrop.it\/cookie-policy-ue\/#breadcrumb"},"inLanguage":"fr-FR","potentialAction":[{"@type":"ReadAction","target":["https:\/\/d-easydrop.it\/cookie-policy-ue\/"]}]},{"@type":"BreadcrumbList","@id":"https:\/\/d-easydrop.it\/cookie-policy-ue\/#breadcrumb","itemListElement":[{"@type":"ListItem","position":1,"name":"Home","item":"https:\/\/d-easydrop.it\/"},{"@type":"ListItem","position":2,"name":"Cookie Policy (UE)"}]},{"@type":"WebSite","@id":"https:\/\/d-easydrop.it\/#website","url":"https:\/\/d-easydrop.it\/","name":"D-Easy Drop","description":"Un innovativo packaging monodose con un sistema di apertura comodo e veloce.","publisher":{"@id":"https:\/\/d-easydrop.it\/#organization"},"potentialAction":[{"@type":"SearchAction","target":{"@type":"EntryPoint","urlTemplate":"https:\/\/d-easydrop.it\/?s={search_term_string}"},"query-input":"required name=search_term_string"}],"inLanguage":"fr-FR"},{"@type":"Organization","@id":"https:\/\/d-easydrop.it\/#organization","name":"D-Easy Drop","url":"https:\/\/d-easydrop.it\/","logo":{"@type":"ImageObject","inLanguage":"fr-FR","@id":"https:\/\/d-easydrop.it\/#\/schema\/logo\/image\/","url":"https:\/\/d-easydrop.it\/wp-content\/uploads\/2023\/07\/logohd.jpg","contentUrl":"https:\/\/d-easydrop.it\/wp-content\/uploads\/2023\/07\/logohd.jpg","width":2000,"height":1092,"caption":"D-Easy Drop"},"image":{"@id":"https:\/\/d-easydrop.it\/#\/schema\/logo\/image\/"}}]}},"_links":{"self":[{"href":"https:\/\/d-easydrop.it\/fr\/wp-json\/wp\/v2\/pages\/3821","targetHints":{"allow":["GET"]}}],"collection":[{"href":"https:\/\/d-easydrop.it\/fr\/wp-json\/wp\/v2\/pages"}],"about":[{"href":"https:\/\/d-easydrop.it\/fr\/wp-json\/wp\/v2\/types\/page"}],"author":[{"embeddable":true,"href":"https:\/\/d-easydrop.it\/fr\/wp-json\/wp\/v2\/users\/1"}],"replies":[{"embeddable":true,"href":"https:\/\/d-easydrop.it\/fr\/wp-json\/wp\/v2\/comments?post=3821"}],"version-history":[{"count":2,"href":"https:\/\/d-easydrop.it\/fr\/wp-json\/wp\/v2\/pages\/3821\/revisions"}],"predecessor-version":[{"id":4039,"href":"https:\/\/d-easydrop.it\/fr\/wp-json\/wp\/v2\/pages\/3821\/revisions\/4039"}],"wp:attachment":[{"href":"https:\/\/d-easydrop.it\/fr\/wp-json\/wp\/v2\/media?parent=3821"}],"curies":[{"name":"wp","href":"https:\/\/api.w.org\/{rel}","templated":true}]}}