{"id":3696,"date":"2023-07-13T10:25:46","date_gmt":"2023-07-13T10:25:46","guid":{"rendered":"https:\/\/d-easydrop.it\/?page_id=3696"},"modified":"2023-07-19T13:40:20","modified_gmt":"2023-07-19T13:40:20","slug":"settore-chimico","status":"publish","type":"page","link":"https:\/\/d-easydrop.it\/fr\/settore-chimico\/","title":{"rendered":"Secteur chimique"},"content":{"rendered":"<section class=\"wpb-content-wrapper\"><div id=\"vc_row-69e7371b883df\" class=\"vc_row wpb_row vc_row-fluid thegem-custom-69e7371b883d51640\"><div class=\"wpb_column vc_column_container vc_col-sm-6 thegem-custom-69e7371b8862b5084\"><div class=\"vc_column-inner thegem-custom-inner-69e7371b8862d\"><div class=\"wpb_wrapper thegem-custom-69e7371b8862b5084\">\r\n\t\r\n\t\t<div class=\"wpb_text_column wpb_content_element  thegem-vc-text thegem-custom-69e7371b888dc415\"  >\r\n\t\t\t<div class=\"wpb_wrapper\">\r\n\t\t\t\t<h4><strong>CONDITIONNEMENT UNODOSE POUR PRODUITS CHIMIQUES<\/strong><\/h4>\n<div class=\"flex flex-grow flex-col gap-3\">\n<div class=\"min-h-&#091;20px&#093; flex items-start overflow-x-auto whitespace-pre-wrap break-words flex-col gap-4\">\n<div class=\"markdown prose w-full break-words dark:prose-invert light\">\n<p><strong>D-easydrop<\/strong> c&#039;est le choix d\u00e9finitif pour ceux qui recherchent une solution innovante en mati\u00e8re d&#039;emballage unidose dans le <strong>secteur chimique<\/strong>. Quelle que soit la nature des produits chimiques \u00e0 conditionner, les sachets unidose <strong>D-easydrop<\/strong> ils offrent une s\u00e9rie d\u2019avantages in\u00e9gal\u00e9s. Gr\u00e2ce \u00e0 leur design compact et \u00e0 l&#039;\u00e9limination de l&#039;air \u00e0 l&#039;int\u00e9rieur, ces sachets maximisent l&#039;utilisation de l&#039;espace de stockage et prolongent la dur\u00e9e de vie des produits qu&#039;ils contiennent.<\/p>\n<p>Mais les qualit\u00e9s de<strong> D-easydrop<\/strong> ils ne s&#039;arr\u00eatent pas l\u00e0. Ces <strong>sachets unidose<\/strong> ils peuvent \u00eatre enti\u00e8rement personnalis\u00e9s, offrant une opportunit\u00e9 unique d\u2019attirer de nouveaux clients, d\u2019am\u00e9liorer la fid\u00e9lit\u00e9 \u00e0 la marque et de laisser une impression durable aux consommateurs. La flexibilit\u00e9 de personnalisation vous permet de cr\u00e9er des emballages exclusifs, capables de satisfaire les besoins sp\u00e9cifiques de chaque client. Cela vous permet de vous d\u00e9marquer de la concurrence et de proposer une exp\u00e9rience utilisateur tr\u00e8s enrichissante. Avec <strong>D-easydrop<\/strong>, votre conditionnement unidose ne sera plus jamais le m\u00eame.<\/p>\n<\/div>\n<\/div>\n<\/div>\n\r\n\t\t\t<\/div>\r\n\t\t\t<style>@media screen and (max-width: 1023px) {.thegem-vc-text.thegem-custom-69e7371b888dc415{display: block!important;}}@media screen and (max-width: 767px) {.thegem-vc-text.thegem-custom-69e7371b888dc415{display: block!important;}}@media screen and (max-width: 1023px) {.thegem-vc-text.thegem-custom-69e7371b888dc415{position: relative !important;}}@media screen and (max-width: 767px) {.thegem-vc-text.thegem-custom-69e7371b888dc415{position: relative !important;}}<\/style>\r\n\t\t<\/div>\r\n\t\r\n<\/div><\/div><\/div><div class=\"wpb_column vc_column_container vc_col-sm-6 thegem-custom-69e7371b88a8d8806\"><div class=\"vc_column-inner thegem-custom-inner-69e7371b88a8f\"><div class=\"wpb_wrapper thegem-custom-69e7371b88a8d8806\">\r\n\t\r\n\t<div  class=\"wpb_single_image wpb_content_element vc_align_left\" >\r\n\t\t\r\n\t\t<figure class=\"wpb_wrapper vc_figure\">\r\n\t\t\t<div class=\"vc_single_image-wrapper   vc_box_border_grey\"><img decoding=\"async\" width=\"388\" height=\"376\" src=\"https:\/\/d-easydrop.it\/wp-content\/uploads\/2018\/12\/chemical.jpg\" class=\"vc_single_image-img attachment-full\" alt=\"\" title=\"produits chimiques\" srcset=\"https:\/\/d-easydrop.it\/wp-content\/uploads\/2018\/12\/chemical.jpg 388w, https:\/\/d-easydrop.it\/wp-content\/uploads\/2018\/12\/chemical-300x291.jpg 300w\" sizes=\"(max-width: 388px) 100vw, 388px\" \/><\/div>\r\n\t\t<\/figure>\r\n\t<\/div>\r\n\t\r\n<\/div><\/div><\/div><\/div><div id=\"vc_row-69e7371b894f6\" class=\"vc_row wpb_row vc_row-fluid thegem-custom-69e7371b894ee8631\"><div class=\"wpb_column vc_column_container vc_col-sm-12 thegem-custom-69e7371b896843956\"><div class=\"vc_column-inner thegem-custom-inner-69e7371b89686\"><div class=\"wpb_wrapper thegem-custom-69e7371b896843956\">\r\n\t\r\n\t<div  class=\"wpb_single_image wpb_content_element vc_align_center\" >\r\n\t\t\r\n\t\t<figure class=\"wpb_wrapper vc_figure\">\r\n\t\t\t<div class=\"vc_single_image-wrapper   vc_box_border_grey\"><img decoding=\"async\" class=\"vc_single_image-img\" src=\"https:\/\/d-easydrop.it\/wp-content\/uploads\/2023\/07\/opening-800x352.png\" width=\"800\" height=\"352\" alt=\"opening\" title=\"ouverture\" \/><\/div>\r\n\t\t<\/figure>\r\n\t<\/div>\r\n\t\r\n<\/div><\/div><\/div><\/div><div id=\"vc_row-69e7371b89b57\" class=\"vc_row wpb_row vc_row-fluid thegem-custom-69e7371b89b4f9184\"><div class=\"wpb_column vc_column_container vc_col-sm-12 thegem-custom-69e7371b89d0a4019\"><div class=\"vc_column-inner thegem-custom-inner-69e7371b89d0b\"><div class=\"wpb_wrapper thegem-custom-69e7371b89d0a4019\">\r\n\t\r\n\t\t<div class=\"wpb_text_column wpb_content_element  thegem-vc-text thegem-custom-69e7371b89e1c2566\"  >\r\n\t\t\t<div class=\"wpb_wrapper\">\r\n\t\t\t\t<h4><strong>NOUVEAU MOD\u00c8LE D&#039;UTILISATION DES EMBALLAGES<\/strong><\/h4>\n<p>Apr\u00e8s avoir exp\u00e9riment\u00e9 les nouveaux sachets unidose <strong>D-easydrop<\/strong>, vous ne voudrez plus revenir \u00e0 un emballage inconfortable, compliqu\u00e9 et peu hygi\u00e9nique qui vous emp\u00eache d&#039;exploiter pleinement le produit. Par rapport aux emballages jetables traditionnels utilis\u00e9s dans le secteur chimique, gr\u00e2ce \u00e0 <strong>D-easydrop<\/strong> il sera possible d&#039;extraire plus de 99% du produit, en \u00e9vitant le gaspillage et la dispersion dans l&#039;environnement gr\u00e2ce \u00e0 sa distribution extr\u00eamement simple et pr\u00e9cise. L&#039;emballage <strong>D-easydrop<\/strong> il offre \u00e9galement une plus grande r\u00e9sistance \u00e0 la contamination par des agents ext\u00e9rieurs, garantissant ainsi un produit de qualit\u00e9 sup\u00e9rieure et pr\u00e9servant son int\u00e9grit\u00e9.<\/p>\n<h4><strong>EMBALLAGES \u00c9CO-DURABLES<\/strong><\/h4>\n<p>Les sachets <strong>D-easydrop<\/strong> ce sont des sachets innovants qui peuvent \u00eatre fabriqu\u00e9s avec des mat\u00e9riaux contenant jusqu&#039;\u00e0 80% de composants d\u00e9riv\u00e9s de sources biologiques (biosourc\u00e9es), ainsi que des homopolym\u00e8res. Ces <strong>les mat\u00e9riaux sont recyclables<\/strong> dans le respect des r\u00e9glementations locales et offrent les m\u00eames performances de conservation que les produits traditionnels en termes de dur\u00e9e de conservation (<strong>dur\u00e9e de conservation<\/strong>).<\/p>\n\r\n\t\t\t<\/div>\r\n\t\t\t<style>@media screen and (max-width: 1023px) {.thegem-vc-text.thegem-custom-69e7371b89e1c2566{display: block!important;}}@media screen and (max-width: 767px) {.thegem-vc-text.thegem-custom-69e7371b89e1c2566{display: block!important;}}@media screen and (max-width: 1023px) {.thegem-vc-text.thegem-custom-69e7371b89e1c2566{position: relative !important;}}@media screen and (max-width: 767px) {.thegem-vc-text.thegem-custom-69e7371b89e1c2566{position: relative !important;}}<\/style>\r\n\t\t<\/div>\r\n\t\r\n<\/div><\/div><\/div><\/div>\n<\/section>","protected":false},"excerpt":{"rendered":"","protected":false},"author":1,"featured_media":0,"parent":0,"menu_order":0,"comment_status":"closed","ping_status":"closed","template":"","meta":{"footnotes":""},"class_list":["post-3696","page","type-page","status-publish"],"yoast_head":"<!-- This site is optimized with the Yoast SEO plugin v20.11 - https:\/\/yoast.com\/wordpress\/plugins\/seo\/ -->\n<title>Settore Chimico - D-Easy Drop<\/title>\n<meta name=\"robots\" content=\"index, follow, max-snippet:-1, max-image-preview:large, max-video-preview:-1\" \/>\n<link rel=\"canonical\" href=\"https:\/\/d-easydrop.it\/fr\/settore-chimico\/\" \/>\n<meta property=\"og:locale\" content=\"fr_FR\" \/>\n<meta property=\"og:type\" content=\"article\" \/>\n<meta property=\"og:title\" content=\"Settore Chimico - D-Easy Drop\" \/>\n<meta property=\"og:url\" content=\"https:\/\/d-easydrop.it\/fr\/settore-chimico\/\" \/>\n<meta property=\"og:site_name\" content=\"D-Easy Drop\" \/>\n<meta property=\"article:modified_time\" content=\"2023-07-19T13:40:20+00:00\" \/>\n<meta name=\"twitter:card\" content=\"summary_large_image\" \/>\n<meta name=\"twitter:label1\" content=\"Dur\u00e9e de lecture estim\u00e9e\" \/>\n\t<meta name=\"twitter:data1\" content=\"2 minutes\" \/>\n<script type=\"application\/ld+json\" class=\"yoast-schema-graph\">{\"@context\":\"https:\/\/schema.org\",\"@graph\":[{\"@type\":\"WebPage\",\"@id\":\"https:\/\/d-easydrop.it\/settore-chimico\/\",\"url\":\"https:\/\/d-easydrop.it\/settore-chimico\/\",\"name\":\"Settore Chimico - D-Easy Drop\",\"isPartOf\":{\"@id\":\"https:\/\/d-easydrop.it\/#website\"},\"datePublished\":\"2023-07-13T10:25:46+00:00\",\"dateModified\":\"2023-07-19T13:40:20+00:00\",\"breadcrumb\":{\"@id\":\"https:\/\/d-easydrop.it\/settore-chimico\/#breadcrumb\"},\"inLanguage\":\"fr-FR\",\"potentialAction\":[{\"@type\":\"ReadAction\",\"target\":[\"https:\/\/d-easydrop.it\/settore-chimico\/\"]}]},{\"@type\":\"BreadcrumbList\",\"@id\":\"https:\/\/d-easydrop.it\/settore-chimico\/#breadcrumb\",\"itemListElement\":[{\"@type\":\"ListItem\",\"position\":1,\"name\":\"Home\",\"item\":\"https:\/\/d-easydrop.it\/\"},{\"@type\":\"ListItem\",\"position\":2,\"name\":\"Settore Chimico\"}]},{\"@type\":\"WebSite\",\"@id\":\"https:\/\/d-easydrop.it\/#website\",\"url\":\"https:\/\/d-easydrop.it\/\",\"name\":\"D-Easy Drop\",\"description\":\"Un innovativo packaging monodose con un sistema di apertura comodo e veloce.\",\"publisher\":{\"@id\":\"https:\/\/d-easydrop.it\/#organization\"},\"potentialAction\":[{\"@type\":\"SearchAction\",\"target\":{\"@type\":\"EntryPoint\",\"urlTemplate\":\"https:\/\/d-easydrop.it\/?s={search_term_string}\"},\"query-input\":\"required name=search_term_string\"}],\"inLanguage\":\"fr-FR\"},{\"@type\":\"Organization\",\"@id\":\"https:\/\/d-easydrop.it\/#organization\",\"name\":\"D-Easy Drop\",\"url\":\"https:\/\/d-easydrop.it\/\",\"logo\":{\"@type\":\"ImageObject\",\"inLanguage\":\"fr-FR\",\"@id\":\"https:\/\/d-easydrop.it\/#\/schema\/logo\/image\/\",\"url\":\"https:\/\/d-easydrop.it\/wp-content\/uploads\/2023\/07\/logohd.jpg\",\"contentUrl\":\"https:\/\/d-easydrop.it\/wp-content\/uploads\/2023\/07\/logohd.jpg\",\"width\":2000,\"height\":1092,\"caption\":\"D-Easy Drop\"},\"image\":{\"@id\":\"https:\/\/d-easydrop.it\/#\/schema\/logo\/image\/\"}}]}<\/script>\n<!-- \/ Yoast SEO plugin. -->","yoast_head_json":{"title":"Settore Chimico - D-Easy Drop","robots":{"index":"index","follow":"follow","max-snippet":"max-snippet:-1","max-image-preview":"max-image-preview:large","max-video-preview":"max-video-preview:-1"},"canonical":"https:\/\/d-easydrop.it\/fr\/settore-chimico\/","og_locale":"fr_FR","og_type":"article","og_title":"Settore Chimico - D-Easy Drop","og_url":"https:\/\/d-easydrop.it\/fr\/settore-chimico\/","og_site_name":"D-Easy Drop","article_modified_time":"2023-07-19T13:40:20+00:00","twitter_card":"summary_large_image","twitter_misc":{"Dur\u00e9e de lecture estim\u00e9e":"2 minutes"},"schema":{"@context":"https:\/\/schema.org","@graph":[{"@type":"WebPage","@id":"https:\/\/d-easydrop.it\/settore-chimico\/","url":"https:\/\/d-easydrop.it\/settore-chimico\/","name":"Settore Chimico - D-Easy Drop","isPartOf":{"@id":"https:\/\/d-easydrop.it\/#website"},"datePublished":"2023-07-13T10:25:46+00:00","dateModified":"2023-07-19T13:40:20+00:00","breadcrumb":{"@id":"https:\/\/d-easydrop.it\/settore-chimico\/#breadcrumb"},"inLanguage":"fr-FR","potentialAction":[{"@type":"ReadAction","target":["https:\/\/d-easydrop.it\/settore-chimico\/"]}]},{"@type":"BreadcrumbList","@id":"https:\/\/d-easydrop.it\/settore-chimico\/#breadcrumb","itemListElement":[{"@type":"ListItem","position":1,"name":"Home","item":"https:\/\/d-easydrop.it\/"},{"@type":"ListItem","position":2,"name":"Settore Chimico"}]},{"@type":"WebSite","@id":"https:\/\/d-easydrop.it\/#website","url":"https:\/\/d-easydrop.it\/","name":"D-Easy Drop","description":"Un innovativo packaging monodose con un sistema di apertura comodo e veloce.","publisher":{"@id":"https:\/\/d-easydrop.it\/#organization"},"potentialAction":[{"@type":"SearchAction","target":{"@type":"EntryPoint","urlTemplate":"https:\/\/d-easydrop.it\/?s={search_term_string}"},"query-input":"required name=search_term_string"}],"inLanguage":"fr-FR"},{"@type":"Organization","@id":"https:\/\/d-easydrop.it\/#organization","name":"D-Easy Drop","url":"https:\/\/d-easydrop.it\/","logo":{"@type":"ImageObject","inLanguage":"fr-FR","@id":"https:\/\/d-easydrop.it\/#\/schema\/logo\/image\/","url":"https:\/\/d-easydrop.it\/wp-content\/uploads\/2023\/07\/logohd.jpg","contentUrl":"https:\/\/d-easydrop.it\/wp-content\/uploads\/2023\/07\/logohd.jpg","width":2000,"height":1092,"caption":"D-Easy Drop"},"image":{"@id":"https:\/\/d-easydrop.it\/#\/schema\/logo\/image\/"}}]}},"_links":{"self":[{"href":"https:\/\/d-easydrop.it\/fr\/wp-json\/wp\/v2\/pages\/3696","targetHints":{"allow":["GET"]}}],"collection":[{"href":"https:\/\/d-easydrop.it\/fr\/wp-json\/wp\/v2\/pages"}],"about":[{"href":"https:\/\/d-easydrop.it\/fr\/wp-json\/wp\/v2\/types\/page"}],"author":[{"embeddable":true,"href":"https:\/\/d-easydrop.it\/fr\/wp-json\/wp\/v2\/users\/1"}],"replies":[{"embeddable":true,"href":"https:\/\/d-easydrop.it\/fr\/wp-json\/wp\/v2\/comments?post=3696"}],"version-history":[{"count":9,"href":"https:\/\/d-easydrop.it\/fr\/wp-json\/wp\/v2\/pages\/3696\/revisions"}],"predecessor-version":[{"id":3857,"href":"https:\/\/d-easydrop.it\/fr\/wp-json\/wp\/v2\/pages\/3696\/revisions\/3857"}],"wp:attachment":[{"href":"https:\/\/d-easydrop.it\/fr\/wp-json\/wp\/v2\/media?parent=3696"}],"curies":[{"name":"wp","href":"https:\/\/api.w.org\/{rel}","templated":true}]}}