{"id":3693,"date":"2023-07-13T10:24:34","date_gmt":"2023-07-13T10:24:34","guid":{"rendered":"https:\/\/d-easydrop.it\/?page_id=3693"},"modified":"2024-05-31T08:55:52","modified_gmt":"2024-05-31T08:55:52","slug":"settore-farmaceutico","status":"publish","type":"page","link":"https:\/\/d-easydrop.it\/fr\/settore-farmaceutico\/","title":{"rendered":"Secteur parapharmaceutique"},"content":{"rendered":"<section class=\"wpb-content-wrapper\"><div id=\"vc_row-69e4e0ee57ae5\" class=\"vc_row wpb_row vc_row-fluid thegem-custom-69e4e0ee57ad91660\"><div class=\"wpb_column vc_column_container vc_col-sm-6 thegem-custom-69e4e0ee57d0a1830\"><div class=\"vc_column-inner thegem-custom-inner-69e4e0ee57d0c\"><div class=\"wpb_wrapper thegem-custom-69e4e0ee57d0a1830\">\r\n\t\r\n\t\t<div class=\"wpb_text_column wpb_content_element  thegem-vc-text thegem-custom-69e4e0ee580c3490\"  >\r\n\t\t\t<div class=\"wpb_wrapper\">\r\n\t\t\t\t<h4><strong>CONDITIONNEMENT UNODOSE POUR PRODUITS PARAPHARMACEUTIQUES<\/strong><\/h4>\n<div class=\"flex flex-grow flex-col gap-3\">\n<div class=\"min-h-&#091;20px&#093; flex items-start overflow-x-auto whitespace-pre-wrap break-words flex-col gap-4\">\n<div class=\"markdown prose w-full break-words dark:prose-invert light\">\n<p><strong>D-easydrop <\/strong>repr\u00e9sente le choix d\u00e9finitif pour ceux qui recherchent une solution innovante en mati\u00e8re de conditionnement unidose dans le secteur parapharmaceutique. Quel que soit le type de m\u00e9dicaments \u00e0 conditionner (liquides ou gels), les sachets unidose <strong>D-easydrop<\/strong> ils offrent des avantages in\u00e9gal\u00e9s. Gr\u00e2ce \u00e0 leur design compact et \u00e0 l&#039;absence d&#039;air \u00e0 l&#039;int\u00e9rieur, ces sachets optimisent l&#039;espace de stockage et prolongent la dur\u00e9e de vie des produits qu&#039;ils contiennent.<\/p>\n<p>Mais les traits distinctifs de <strong>D-easydrop<\/strong> ils ne se limitent pas \u00e0 cela. Leur ouverture en \u00ab\u00a0larme\u00a0\u00bb sp\u00e9cialement con\u00e7ue permet un contr\u00f4le pr\u00e9cis du dosage et de la prise des produits pharmaceutiques, garantissant un mode d\u2019utilisation s\u00fbr et efficace. De plus, les sachets unidose <strong>D-easydrop<\/strong> ils peuvent \u00eatre enti\u00e8rement personnalis\u00e9s, offrant une opportunit\u00e9 unique d\u2019attirer de nouveaux clients, d\u2019accro\u00eetre la fid\u00e9lit\u00e9 \u00e0 la marque et d\u2019am\u00e9liorer la perception des utilisateurs. Gr\u00e2ce \u00e0 la flexibilit\u00e9 de personnalisation, il est possible de cr\u00e9er un emballage unique qui s&#039;adapte aux besoins sp\u00e9cifiques de chaque client. Avec <strong>D-easydrop<\/strong>, votre conditionnement unidose dans le secteur parapharmaceutique atteindra de hauts niveaux d&#039;innovation, de fonctionnalit\u00e9 et de qualit\u00e9<\/p>\n<\/div>\n<\/div>\n<\/div>\n\r\n\t\t\t<\/div>\r\n\t\t\t<style>@media screen and (max-width: 1023px) {.thegem-vc-text.thegem-custom-69e4e0ee580c3490{display: block!important;}}@media screen and (max-width: 767px) {.thegem-vc-text.thegem-custom-69e4e0ee580c3490{display: block!important;}}@media screen and (max-width: 1023px) {.thegem-vc-text.thegem-custom-69e4e0ee580c3490{position: relative !important;}}@media screen and (max-width: 767px) {.thegem-vc-text.thegem-custom-69e4e0ee580c3490{position: relative !important;}}<\/style>\r\n\t\t<\/div>\r\n\t\r\n<\/div><\/div><\/div><div class=\"wpb_column vc_column_container vc_col-sm-6 thegem-custom-69e4e0ee582806819\"><div class=\"vc_column-inner thegem-custom-inner-69e4e0ee58282\"><div class=\"wpb_wrapper thegem-custom-69e4e0ee582806819\">\r\n\t\r\n\t<div  class=\"wpb_single_image wpb_content_element vc_align_left\" >\r\n\t\t\r\n\t\t<figure class=\"wpb_wrapper vc_figure\">\r\n\t\t\t<div class=\"vc_single_image-wrapper   vc_box_border_grey\"><img decoding=\"async\" width=\"388\" height=\"376\" src=\"https:\/\/d-easydrop.it\/wp-content\/uploads\/2018\/12\/pharma.jpg\" class=\"vc_single_image-img attachment-full\" alt=\"\" title=\"pharmaceutique\" srcset=\"https:\/\/d-easydrop.it\/wp-content\/uploads\/2018\/12\/pharma.jpg 388w, https:\/\/d-easydrop.it\/wp-content\/uploads\/2018\/12\/pharma-300x291.jpg 300w\" sizes=\"(max-width: 388px) 100vw, 388px\" \/><\/div>\r\n\t\t<\/figure>\r\n\t<\/div>\r\n\t\r\n<\/div><\/div><\/div><\/div><div id=\"vc_row-69e4e0ee58c90\" class=\"vc_row wpb_row vc_row-fluid thegem-custom-69e4e0ee58c876947\"><div class=\"wpb_column vc_column_container vc_col-sm-12 thegem-custom-69e4e0ee58e2c9616\"><div class=\"vc_column-inner thegem-custom-inner-69e4e0ee58e2e\"><div class=\"wpb_wrapper thegem-custom-69e4e0ee58e2c9616\">\r\n\t\r\n\t\t<div class=\"wpb_text_column wpb_content_element  thegem-vc-text thegem-custom-69e4e0ee58f4a5379\"  >\r\n\t\t\t<div class=\"wpb_wrapper\">\r\n\t\t\t\t<h4><strong>NOUVEAU MOD\u00c8LE D&#039;UTILISATION DES EMBALLAGES<\/strong><\/h4>\n<div class=\"flex flex-grow flex-col gap-3\">\n<div class=\"min-h-&#091;20px&#093; flex items-start overflow-x-auto whitespace-pre-wrap break-words flex-col gap-4\">\n<div class=\"markdown prose w-full break-words dark:prose-invert light\">\n<p>Les solutions <strong>D-easydrop<\/strong>\u00a0 ils repr\u00e9sentent le choix id\u00e9al pour surmonter les difficult\u00e9s d&#039;ouverture rencontr\u00e9es par les patients \u00e2g\u00e9s ou handicap\u00e9s. Apr\u00e8s avoir exp\u00e9riment\u00e9 les nouveaux sachets unidose <strong>D-easydrop<\/strong> , vous ne voudrez plus revenir \u00e0 l&#039;emballage inconfortable, compliqu\u00e9 et peu hygi\u00e9nique qui limite la pleine utilisation du produit. Par rapport aux emballages jetables traditionnels du march\u00e9, avec <strong>D-easydrop<\/strong> il sera possible d&#039;extraire plus que le 99% du produit, en \u00e9vitant le gaspillage et la dispersion du contenu dans l&#039;environnement gr\u00e2ce \u00e0 la facilit\u00e9 maximale de distribution.<\/p>\n<p>De plus, l&#039;emballage V-Shapes garantit une plus grande r\u00e9sistance \u00e0 la contamination par des agents externes. Cela signifie que les produits contenus dans les sachets unidose sont prot\u00e9g\u00e9s de mani\u00e8re optimale contre les agents ext\u00e9rieurs qui pourraient compromettre leur qualit\u00e9 ou leur efficacit\u00e9. Cette caract\u00e9ristique est particuli\u00e8rement importante dans le secteur parapharmaceutique, o\u00f9 l&#039;int\u00e9grit\u00e9 et la s\u00e9curit\u00e9 des produits sont fondamentales.<\/p>\n<p>&nbsp;<\/p>\n<\/div>\n<\/div>\n<\/div>\n<h4><strong>EMBALLAGES \u00c9CO-DURABLES<\/strong><\/h4>\n<p>Les sachets <strong>D-easydrop<\/strong> ce sont des sachets innovants qui peuvent \u00eatre fabriqu\u00e9s avec des mat\u00e9riaux contenant jusqu&#039;\u00e0 80% de composants d\u00e9riv\u00e9s de sources biologiques (biosourc\u00e9es), ainsi que des homopolym\u00e8res. Ces <strong>les mat\u00e9riaux sont recyclables<\/strong> dans le respect des r\u00e9glementations locales et offrent les m\u00eames performances de conservation que les produits traditionnels en termes de dur\u00e9e de conservation (<strong>dur\u00e9e de conservation<\/strong>).<\/p>\n\r\n\t\t\t<\/div>\r\n\t\t\t<style>@media screen and (max-width: 1023px) {.thegem-vc-text.thegem-custom-69e4e0ee58f4a5379{display: block!important;}}@media screen and (max-width: 767px) {.thegem-vc-text.thegem-custom-69e4e0ee58f4a5379{display: block!important;}}@media screen and (max-width: 1023px) {.thegem-vc-text.thegem-custom-69e4e0ee58f4a5379{position: relative !important;}}@media screen and (max-width: 767px) {.thegem-vc-text.thegem-custom-69e4e0ee58f4a5379{position: relative !important;}}<\/style>\r\n\t\t<\/div>\r\n\t\r\n<\/div><\/div><\/div><\/div>\n<\/section>","protected":false},"excerpt":{"rendered":"","protected":false},"author":1,"featured_media":0,"parent":0,"menu_order":0,"comment_status":"closed","ping_status":"closed","template":"","meta":{"footnotes":""},"class_list":["post-3693","page","type-page","status-publish"],"yoast_head":"<!-- This site is optimized with the Yoast SEO plugin v20.11 - https:\/\/yoast.com\/wordpress\/plugins\/seo\/ -->\n<title>Settore Parafarmaceutico - D-Easy Drop<\/title>\n<meta name=\"robots\" content=\"index, follow, max-snippet:-1, max-image-preview:large, max-video-preview:-1\" \/>\n<link rel=\"canonical\" href=\"https:\/\/d-easydrop.it\/fr\/settore-farmaceutico\/\" \/>\n<meta property=\"og:locale\" content=\"fr_FR\" \/>\n<meta property=\"og:type\" content=\"article\" \/>\n<meta property=\"og:title\" content=\"Settore Parafarmaceutico - D-Easy Drop\" \/>\n<meta property=\"og:url\" content=\"https:\/\/d-easydrop.it\/fr\/settore-farmaceutico\/\" \/>\n<meta property=\"og:site_name\" content=\"D-Easy Drop\" \/>\n<meta property=\"article:modified_time\" content=\"2024-05-31T08:55:52+00:00\" \/>\n<meta name=\"twitter:card\" content=\"summary_large_image\" \/>\n<meta name=\"twitter:label1\" content=\"Dur\u00e9e de lecture estim\u00e9e\" \/>\n\t<meta name=\"twitter:data1\" content=\"2 minutes\" \/>\n<script type=\"application\/ld+json\" class=\"yoast-schema-graph\">{\"@context\":\"https:\/\/schema.org\",\"@graph\":[{\"@type\":\"WebPage\",\"@id\":\"https:\/\/d-easydrop.it\/settore-farmaceutico\/\",\"url\":\"https:\/\/d-easydrop.it\/settore-farmaceutico\/\",\"name\":\"Settore Parafarmaceutico - D-Easy Drop\",\"isPartOf\":{\"@id\":\"https:\/\/d-easydrop.it\/#website\"},\"datePublished\":\"2023-07-13T10:24:34+00:00\",\"dateModified\":\"2024-05-31T08:55:52+00:00\",\"breadcrumb\":{\"@id\":\"https:\/\/d-easydrop.it\/settore-farmaceutico\/#breadcrumb\"},\"inLanguage\":\"fr-FR\",\"potentialAction\":[{\"@type\":\"ReadAction\",\"target\":[\"https:\/\/d-easydrop.it\/settore-farmaceutico\/\"]}]},{\"@type\":\"BreadcrumbList\",\"@id\":\"https:\/\/d-easydrop.it\/settore-farmaceutico\/#breadcrumb\",\"itemListElement\":[{\"@type\":\"ListItem\",\"position\":1,\"name\":\"Home\",\"item\":\"https:\/\/d-easydrop.it\/\"},{\"@type\":\"ListItem\",\"position\":2,\"name\":\"Settore Parafarmaceutico\"}]},{\"@type\":\"WebSite\",\"@id\":\"https:\/\/d-easydrop.it\/#website\",\"url\":\"https:\/\/d-easydrop.it\/\",\"name\":\"D-Easy Drop\",\"description\":\"Un innovativo packaging monodose con un sistema di apertura comodo e veloce.\",\"publisher\":{\"@id\":\"https:\/\/d-easydrop.it\/#organization\"},\"potentialAction\":[{\"@type\":\"SearchAction\",\"target\":{\"@type\":\"EntryPoint\",\"urlTemplate\":\"https:\/\/d-easydrop.it\/?s={search_term_string}\"},\"query-input\":\"required name=search_term_string\"}],\"inLanguage\":\"fr-FR\"},{\"@type\":\"Organization\",\"@id\":\"https:\/\/d-easydrop.it\/#organization\",\"name\":\"D-Easy Drop\",\"url\":\"https:\/\/d-easydrop.it\/\",\"logo\":{\"@type\":\"ImageObject\",\"inLanguage\":\"fr-FR\",\"@id\":\"https:\/\/d-easydrop.it\/#\/schema\/logo\/image\/\",\"url\":\"https:\/\/d-easydrop.it\/wp-content\/uploads\/2023\/07\/logohd.jpg\",\"contentUrl\":\"https:\/\/d-easydrop.it\/wp-content\/uploads\/2023\/07\/logohd.jpg\",\"width\":2000,\"height\":1092,\"caption\":\"D-Easy Drop\"},\"image\":{\"@id\":\"https:\/\/d-easydrop.it\/#\/schema\/logo\/image\/\"}}]}<\/script>\n<!-- \/ Yoast SEO plugin. -->","yoast_head_json":{"title":"Settore Parafarmaceutico - D-Easy Drop","robots":{"index":"index","follow":"follow","max-snippet":"max-snippet:-1","max-image-preview":"max-image-preview:large","max-video-preview":"max-video-preview:-1"},"canonical":"https:\/\/d-easydrop.it\/fr\/settore-farmaceutico\/","og_locale":"fr_FR","og_type":"article","og_title":"Settore Parafarmaceutico - D-Easy Drop","og_url":"https:\/\/d-easydrop.it\/fr\/settore-farmaceutico\/","og_site_name":"D-Easy Drop","article_modified_time":"2024-05-31T08:55:52+00:00","twitter_card":"summary_large_image","twitter_misc":{"Dur\u00e9e de lecture estim\u00e9e":"2 minutes"},"schema":{"@context":"https:\/\/schema.org","@graph":[{"@type":"WebPage","@id":"https:\/\/d-easydrop.it\/settore-farmaceutico\/","url":"https:\/\/d-easydrop.it\/settore-farmaceutico\/","name":"Settore Parafarmaceutico - D-Easy Drop","isPartOf":{"@id":"https:\/\/d-easydrop.it\/#website"},"datePublished":"2023-07-13T10:24:34+00:00","dateModified":"2024-05-31T08:55:52+00:00","breadcrumb":{"@id":"https:\/\/d-easydrop.it\/settore-farmaceutico\/#breadcrumb"},"inLanguage":"fr-FR","potentialAction":[{"@type":"ReadAction","target":["https:\/\/d-easydrop.it\/settore-farmaceutico\/"]}]},{"@type":"BreadcrumbList","@id":"https:\/\/d-easydrop.it\/settore-farmaceutico\/#breadcrumb","itemListElement":[{"@type":"ListItem","position":1,"name":"Home","item":"https:\/\/d-easydrop.it\/"},{"@type":"ListItem","position":2,"name":"Settore Parafarmaceutico"}]},{"@type":"WebSite","@id":"https:\/\/d-easydrop.it\/#website","url":"https:\/\/d-easydrop.it\/","name":"D-Easy Drop","description":"Un innovativo packaging monodose con un sistema di apertura comodo e veloce.","publisher":{"@id":"https:\/\/d-easydrop.it\/#organization"},"potentialAction":[{"@type":"SearchAction","target":{"@type":"EntryPoint","urlTemplate":"https:\/\/d-easydrop.it\/?s={search_term_string}"},"query-input":"required name=search_term_string"}],"inLanguage":"fr-FR"},{"@type":"Organization","@id":"https:\/\/d-easydrop.it\/#organization","name":"D-Easy Drop","url":"https:\/\/d-easydrop.it\/","logo":{"@type":"ImageObject","inLanguage":"fr-FR","@id":"https:\/\/d-easydrop.it\/#\/schema\/logo\/image\/","url":"https:\/\/d-easydrop.it\/wp-content\/uploads\/2023\/07\/logohd.jpg","contentUrl":"https:\/\/d-easydrop.it\/wp-content\/uploads\/2023\/07\/logohd.jpg","width":2000,"height":1092,"caption":"D-Easy Drop"},"image":{"@id":"https:\/\/d-easydrop.it\/#\/schema\/logo\/image\/"}}]}},"_links":{"self":[{"href":"https:\/\/d-easydrop.it\/fr\/wp-json\/wp\/v2\/pages\/3693","targetHints":{"allow":["GET"]}}],"collection":[{"href":"https:\/\/d-easydrop.it\/fr\/wp-json\/wp\/v2\/pages"}],"about":[{"href":"https:\/\/d-easydrop.it\/fr\/wp-json\/wp\/v2\/types\/page"}],"author":[{"embeddable":true,"href":"https:\/\/d-easydrop.it\/fr\/wp-json\/wp\/v2\/users\/1"}],"replies":[{"embeddable":true,"href":"https:\/\/d-easydrop.it\/fr\/wp-json\/wp\/v2\/comments?post=3693"}],"version-history":[{"count":4,"href":"https:\/\/d-easydrop.it\/fr\/wp-json\/wp\/v2\/pages\/3693\/revisions"}],"predecessor-version":[{"id":3992,"href":"https:\/\/d-easydrop.it\/fr\/wp-json\/wp\/v2\/pages\/3693\/revisions\/3992"}],"wp:attachment":[{"href":"https:\/\/d-easydrop.it\/fr\/wp-json\/wp\/v2\/media?parent=3693"}],"curies":[{"name":"wp","href":"https:\/\/api.w.org\/{rel}","templated":true}]}}