{"id":3678,"date":"2023-07-13T08:46:07","date_gmt":"2023-07-13T08:46:07","guid":{"rendered":"https:\/\/d-easydrop.it\/?page_id=3678"},"modified":"2023-07-19T13:40:45","modified_gmt":"2023-07-19T13:40:45","slug":"sostenibilita","status":"publish","type":"page","link":"https:\/\/d-easydrop.it\/fr\/sostenibilita\/","title":{"rendered":"Durabilit\u00e9"},"content":{"rendered":"<section class=\"wpb-content-wrapper\"><div id=\"vc_row-69e735782acd2\" class=\"vc_row wpb_row vc_row-fluid thegem-custom-69e735782ac913722\"><div class=\"wpb_column vc_column_container vc_col-sm-12 thegem-custom-69e735782b1e8484\"><div class=\"vc_column-inner thegem-custom-inner-69e735782b1ea\"><div class=\"wpb_wrapper thegem-custom-69e735782b1e8484\">\r\n\t\r\n\t\t<div class=\"wpb_text_column wpb_content_element  thegem-vc-text thegem-custom-69e735782b6335240\"  >\r\n\t\t\t<div class=\"wpb_wrapper\">\r\n\t\t\t\t<h4><strong>DES CONDITIONNEMENT UNODOSE QUI AFFECTENT L&#039;ENVIRONNEMENT<\/strong><\/h4>\n\r\n\t\t\t<\/div>\r\n\t\t\t<style>@media screen and (max-width: 1023px) {.thegem-vc-text.thegem-custom-69e735782b6335240{display: block!important;}}@media screen and (max-width: 767px) {.thegem-vc-text.thegem-custom-69e735782b6335240{display: block!important;}}@media screen and (max-width: 1023px) {.thegem-vc-text.thegem-custom-69e735782b6335240{position: relative !important;}}@media screen and (max-width: 767px) {.thegem-vc-text.thegem-custom-69e735782b6335240{position: relative !important;}}<\/style>\r\n\t\t<\/div>\r\n\t\r\n<\/div><\/div><\/div><\/div><div id=\"vc_row-69e735782b7ff\" class=\"vc_row wpb_row vc_row-fluid thegem-custom-69e735782b7f74075\"><div class=\"wpb_column vc_column_container vc_col-sm-6 thegem-custom-69e735782b95a1489\"><div class=\"vc_column-inner thegem-custom-inner-69e735782b95b\"><div class=\"wpb_wrapper thegem-custom-69e735782b95a1489\">\r\n\t\r\n\t\t<div class=\"wpb_text_column wpb_content_element  thegem-vc-text thegem-custom-69e735782ba5b1445\"  >\r\n\t\t\t<div class=\"wpb_wrapper\">\r\n\t\t\t\t<p><strong>D-easydrop<\/strong> propose une solution innovante qui r\u00e9duit l\u2019accumulation de microplastiques dans l\u2019environnement et favorise le recyclage des mat\u00e9riaux. Il s\u2019agit d\u2019une \u00e9tape positive vers la protection de l\u2019\u00e9cosyst\u00e8me et la promotion d\u2019une consommation plus responsable.<\/p>\n<p><strong>L\u2019absence de microplastiques<\/strong> Ceci est important car les microplastiques constituent une menace pour l\u2019environnement et la sant\u00e9 humaine. Ces particules peuvent s&#039;accumuler dans les \u00e9cosyst\u00e8mes <strong>aquatique et terrestre<\/strong>, affectant n\u00e9gativement la faune et entrant dans la cha\u00eene alimentaire. De plus, certains microplastiques peuvent \u00eatre en suspension dans l\u2019air et se retrouver dans des endroits \u00e9loign\u00e9s.<\/p>\n\r\n\t\t\t<\/div>\r\n\t\t\t<style>@media screen and (max-width: 1023px) {.thegem-vc-text.thegem-custom-69e735782ba5b1445{display: block!important;}}@media screen and (max-width: 767px) {.thegem-vc-text.thegem-custom-69e735782ba5b1445{display: block!important;}}@media screen and (max-width: 1023px) {.thegem-vc-text.thegem-custom-69e735782ba5b1445{position: relative !important;}}@media screen and (max-width: 767px) {.thegem-vc-text.thegem-custom-69e735782ba5b1445{position: relative !important;}}<\/style>\r\n\t\t<\/div>\r\n\t\r\n<\/div><\/div><\/div><div class=\"wpb_column vc_column_container vc_col-sm-6 thegem-custom-69e735782bbb23261\"><div class=\"vc_column-inner thegem-custom-inner-69e735782bbb3\"><div class=\"wpb_wrapper thegem-custom-69e735782bbb23261\">\r\n\t\r\n\t\t<div class=\"wpb_text_column wpb_content_element  thegem-vc-text thegem-custom-69e735782bcb93934\"  >\r\n\t\t\t<div class=\"wpb_wrapper\">\r\n\t\t\t\t<p>Le fait que <strong>D-easydrop<\/strong> il ne g\u00e9n\u00e8re pas de microplastiques lors de son utilisation, ce qui constitue un avantage \u00e9cologique important. Cela signifie que le produit ne contribue pas \u00e0 la pollution microplastique et r\u00e9duit l&#039;impact n\u00e9gatif sur l&#039;environnement.<\/p>\n<p>De plus, sa structure monobloc peut \u00e9galement faciliter le recyclage du produit lui-m\u00eame. <strong><em>Puisqu&#039;il est constitu\u00e9 d&#039;un seul corps, il peut \u00eatre plus facile de le s\u00e9parer et de l&#039;envoyer correctement vers les processus de recyclage appropri\u00e9s, contribuant ainsi \u00e0 r\u00e9duire les d\u00e9chets et \u00e0 promouvoir une gestion plus durable des mat\u00e9riaux.<\/em><\/strong><\/p>\n\r\n\t\t\t<\/div>\r\n\t\t\t<style>@media screen and (max-width: 1023px) {.thegem-vc-text.thegem-custom-69e735782bcb93934{display: block!important;}}@media screen and (max-width: 767px) {.thegem-vc-text.thegem-custom-69e735782bcb93934{display: block!important;}}@media screen and (max-width: 1023px) {.thegem-vc-text.thegem-custom-69e735782bcb93934{position: relative !important;}}@media screen and (max-width: 767px) {.thegem-vc-text.thegem-custom-69e735782bcb93934{position: relative !important;}}<\/style>\r\n\t\t<\/div>\r\n\t\r\n<\/div><\/div><\/div><\/div><div id=\"vc_row-69e735782be3f\" class=\"vc_row wpb_row vc_row-fluid thegem-custom-69e735782be391734\"><div class=\"wpb_column vc_column_container vc_col-sm-6 thegem-custom-69e735782bfd54879\"><div class=\"vc_column-inner thegem-custom-inner-69e735782bfd6\"><div class=\"wpb_wrapper thegem-custom-69e735782bfd54879\">\r\n\t\r\n\t\t<div class=\"wpb_text_column wpb_content_element  thegem-vc-text thegem-custom-69e735782c0f91984\"  >\r\n\t\t\t<div class=\"wpb_wrapper\">\r\n\t\t\t\t<h2>100% RECYCLABLE<\/h2>\n<p><strong>D-easydrop<\/strong> a con\u00e7u deux nouveaux substrats \u00e0 haute barri\u00e8re certifi\u00e9s recyclables par Interseroh. Les notes obtenues sont extr\u00eamement positives (respectivement 19\/20 et 20\/20) dans la d\u00e9tection et le recyclage des d\u00e9chets industriels. <em>Cela confirme l&#039;engagement de D-easydrop en faveur de l&#039;\u00e9co-durabilit\u00e9 et de la r\u00e9duction de l&#039;impact environnemental.<\/em><\/p>\n<h2>BIOSOURC\u00c9<\/h2>\n<p>Le sachet de <strong>D-easydrop<\/strong>, avec l&#039;encre et les adh\u00e9sifs utilis\u00e9s, est fabriqu\u00e9 pour le 60% \u2013 80% par<strong> sources renouvelables<\/strong>. Ce choix contribue \u00e0 r\u00e9duire le probl\u00e8me de l&#039;\u00e9limination et de la gestion des d\u00e9chets, <em>promouvoir une approche plus durable envers les mat\u00e9riaux utilis\u00e9s<\/em>.<\/p>\n\r\n\t\t\t<\/div>\r\n\t\t\t<style>@media screen and (max-width: 1023px) {.thegem-vc-text.thegem-custom-69e735782c0f91984{display: block!important;}}@media screen and (max-width: 767px) {.thegem-vc-text.thegem-custom-69e735782c0f91984{display: block!important;}}@media screen and (max-width: 1023px) {.thegem-vc-text.thegem-custom-69e735782c0f91984{position: relative !important;}}@media screen and (max-width: 767px) {.thegem-vc-text.thegem-custom-69e735782c0f91984{position: relative !important;}}<\/style>\r\n\t\t<\/div>\r\n\t\r\n<\/div><\/div><\/div><div class=\"wpb_column vc_column_container vc_col-sm-6 thegem-custom-69e735782c2459454\"><div class=\"vc_column-inner thegem-custom-inner-69e735782c246\"><div class=\"wpb_wrapper thegem-custom-69e735782c2459454\">\r\n\t\r\n\t<div  class=\"wpb_single_image wpb_content_element vc_align_left\" >\r\n\t\t\r\n\t\t<figure class=\"wpb_wrapper vc_figure\">\r\n\t\t\t<div class=\"vc_single_image-wrapper   vc_box_border_grey\"><img decoding=\"async\" width=\"595\" height=\"657\" src=\"https:\/\/d-easydrop.it\/wp-content\/uploads\/2023\/07\/comparision.jpg\" class=\"vc_single_image-img attachment-full\" alt=\"\" title=\"apparence\" srcset=\"https:\/\/d-easydrop.it\/wp-content\/uploads\/2023\/07\/comparision.jpg 595w, https:\/\/d-easydrop.it\/wp-content\/uploads\/2023\/07\/comparision-272x300.jpg 272w\" sizes=\"(max-width: 595px) 100vw, 595px\" \/><\/div>\r\n\t\t<\/figure>\r\n\t<\/div>\r\n\t\r\n<\/div><\/div><\/div><\/div>\n<\/section>","protected":false},"excerpt":{"rendered":"","protected":false},"author":1,"featured_media":0,"parent":0,"menu_order":0,"comment_status":"closed","ping_status":"closed","template":"","meta":{"footnotes":""},"class_list":["post-3678","page","type-page","status-publish"],"yoast_head":"<!-- This site is optimized with the Yoast SEO plugin v20.11 - https:\/\/yoast.com\/wordpress\/plugins\/seo\/ -->\n<title>Sostenibilit\u00e0 - D-Easy Drop<\/title>\n<meta name=\"robots\" content=\"index, follow, max-snippet:-1, max-image-preview:large, max-video-preview:-1\" \/>\n<link rel=\"canonical\" href=\"https:\/\/d-easydrop.it\/fr\/sostenibilita\/\" \/>\n<meta property=\"og:locale\" content=\"fr_FR\" \/>\n<meta property=\"og:type\" content=\"article\" \/>\n<meta property=\"og:title\" content=\"Sostenibilit\u00e0 - D-Easy Drop\" \/>\n<meta property=\"og:url\" content=\"https:\/\/d-easydrop.it\/fr\/sostenibilita\/\" \/>\n<meta property=\"og:site_name\" content=\"D-Easy Drop\" \/>\n<meta property=\"article:modified_time\" content=\"2023-07-19T13:40:45+00:00\" \/>\n<meta name=\"twitter:card\" content=\"summary_large_image\" \/>\n<meta name=\"twitter:label1\" content=\"Dur\u00e9e de lecture estim\u00e9e\" \/>\n\t<meta name=\"twitter:data1\" content=\"2 minutes\" \/>\n<script type=\"application\/ld+json\" class=\"yoast-schema-graph\">{\"@context\":\"https:\/\/schema.org\",\"@graph\":[{\"@type\":\"WebPage\",\"@id\":\"https:\/\/d-easydrop.it\/sostenibilita\/\",\"url\":\"https:\/\/d-easydrop.it\/sostenibilita\/\",\"name\":\"Sostenibilit\u00e0 - D-Easy Drop\",\"isPartOf\":{\"@id\":\"https:\/\/d-easydrop.it\/#website\"},\"datePublished\":\"2023-07-13T08:46:07+00:00\",\"dateModified\":\"2023-07-19T13:40:45+00:00\",\"breadcrumb\":{\"@id\":\"https:\/\/d-easydrop.it\/sostenibilita\/#breadcrumb\"},\"inLanguage\":\"fr-FR\",\"potentialAction\":[{\"@type\":\"ReadAction\",\"target\":[\"https:\/\/d-easydrop.it\/sostenibilita\/\"]}]},{\"@type\":\"BreadcrumbList\",\"@id\":\"https:\/\/d-easydrop.it\/sostenibilita\/#breadcrumb\",\"itemListElement\":[{\"@type\":\"ListItem\",\"position\":1,\"name\":\"Home\",\"item\":\"https:\/\/d-easydrop.it\/\"},{\"@type\":\"ListItem\",\"position\":2,\"name\":\"Sostenibilit\u00e0\"}]},{\"@type\":\"WebSite\",\"@id\":\"https:\/\/d-easydrop.it\/#website\",\"url\":\"https:\/\/d-easydrop.it\/\",\"name\":\"D-Easy Drop\",\"description\":\"Un innovativo packaging monodose con un sistema di apertura comodo e veloce.\",\"publisher\":{\"@id\":\"https:\/\/d-easydrop.it\/#organization\"},\"potentialAction\":[{\"@type\":\"SearchAction\",\"target\":{\"@type\":\"EntryPoint\",\"urlTemplate\":\"https:\/\/d-easydrop.it\/?s={search_term_string}\"},\"query-input\":\"required name=search_term_string\"}],\"inLanguage\":\"fr-FR\"},{\"@type\":\"Organization\",\"@id\":\"https:\/\/d-easydrop.it\/#organization\",\"name\":\"D-Easy Drop\",\"url\":\"https:\/\/d-easydrop.it\/\",\"logo\":{\"@type\":\"ImageObject\",\"inLanguage\":\"fr-FR\",\"@id\":\"https:\/\/d-easydrop.it\/#\/schema\/logo\/image\/\",\"url\":\"https:\/\/d-easydrop.it\/wp-content\/uploads\/2023\/07\/logohd.jpg\",\"contentUrl\":\"https:\/\/d-easydrop.it\/wp-content\/uploads\/2023\/07\/logohd.jpg\",\"width\":2000,\"height\":1092,\"caption\":\"D-Easy Drop\"},\"image\":{\"@id\":\"https:\/\/d-easydrop.it\/#\/schema\/logo\/image\/\"}}]}<\/script>\n<!-- \/ Yoast SEO plugin. -->","yoast_head_json":{"title":"Sostenibilit\u00e0 - D-Easy Drop","robots":{"index":"index","follow":"follow","max-snippet":"max-snippet:-1","max-image-preview":"max-image-preview:large","max-video-preview":"max-video-preview:-1"},"canonical":"https:\/\/d-easydrop.it\/fr\/sostenibilita\/","og_locale":"fr_FR","og_type":"article","og_title":"Sostenibilit\u00e0 - D-Easy Drop","og_url":"https:\/\/d-easydrop.it\/fr\/sostenibilita\/","og_site_name":"D-Easy Drop","article_modified_time":"2023-07-19T13:40:45+00:00","twitter_card":"summary_large_image","twitter_misc":{"Dur\u00e9e de lecture estim\u00e9e":"2 minutes"},"schema":{"@context":"https:\/\/schema.org","@graph":[{"@type":"WebPage","@id":"https:\/\/d-easydrop.it\/sostenibilita\/","url":"https:\/\/d-easydrop.it\/sostenibilita\/","name":"Sostenibilit\u00e0 - D-Easy Drop","isPartOf":{"@id":"https:\/\/d-easydrop.it\/#website"},"datePublished":"2023-07-13T08:46:07+00:00","dateModified":"2023-07-19T13:40:45+00:00","breadcrumb":{"@id":"https:\/\/d-easydrop.it\/sostenibilita\/#breadcrumb"},"inLanguage":"fr-FR","potentialAction":[{"@type":"ReadAction","target":["https:\/\/d-easydrop.it\/sostenibilita\/"]}]},{"@type":"BreadcrumbList","@id":"https:\/\/d-easydrop.it\/sostenibilita\/#breadcrumb","itemListElement":[{"@type":"ListItem","position":1,"name":"Home","item":"https:\/\/d-easydrop.it\/"},{"@type":"ListItem","position":2,"name":"Sostenibilit\u00e0"}]},{"@type":"WebSite","@id":"https:\/\/d-easydrop.it\/#website","url":"https:\/\/d-easydrop.it\/","name":"D-Easy Drop","description":"Un innovativo packaging monodose con un sistema di apertura comodo e veloce.","publisher":{"@id":"https:\/\/d-easydrop.it\/#organization"},"potentialAction":[{"@type":"SearchAction","target":{"@type":"EntryPoint","urlTemplate":"https:\/\/d-easydrop.it\/?s={search_term_string}"},"query-input":"required name=search_term_string"}],"inLanguage":"fr-FR"},{"@type":"Organization","@id":"https:\/\/d-easydrop.it\/#organization","name":"D-Easy Drop","url":"https:\/\/d-easydrop.it\/","logo":{"@type":"ImageObject","inLanguage":"fr-FR","@id":"https:\/\/d-easydrop.it\/#\/schema\/logo\/image\/","url":"https:\/\/d-easydrop.it\/wp-content\/uploads\/2023\/07\/logohd.jpg","contentUrl":"https:\/\/d-easydrop.it\/wp-content\/uploads\/2023\/07\/logohd.jpg","width":2000,"height":1092,"caption":"D-Easy Drop"},"image":{"@id":"https:\/\/d-easydrop.it\/#\/schema\/logo\/image\/"}}]}},"_links":{"self":[{"href":"https:\/\/d-easydrop.it\/fr\/wp-json\/wp\/v2\/pages\/3678","targetHints":{"allow":["GET"]}}],"collection":[{"href":"https:\/\/d-easydrop.it\/fr\/wp-json\/wp\/v2\/pages"}],"about":[{"href":"https:\/\/d-easydrop.it\/fr\/wp-json\/wp\/v2\/types\/page"}],"author":[{"embeddable":true,"href":"https:\/\/d-easydrop.it\/fr\/wp-json\/wp\/v2\/users\/1"}],"replies":[{"embeddable":true,"href":"https:\/\/d-easydrop.it\/fr\/wp-json\/wp\/v2\/comments?post=3678"}],"version-history":[{"count":11,"href":"https:\/\/d-easydrop.it\/fr\/wp-json\/wp\/v2\/pages\/3678\/revisions"}],"predecessor-version":[{"id":3813,"href":"https:\/\/d-easydrop.it\/fr\/wp-json\/wp\/v2\/pages\/3678\/revisions\/3813"}],"wp:attachment":[{"href":"https:\/\/d-easydrop.it\/fr\/wp-json\/wp\/v2\/media?parent=3678"}],"curies":[{"name":"wp","href":"https:\/\/api.w.org\/{rel}","templated":true}]}}