{"id":3676,"date":"2023-07-13T08:44:42","date_gmt":"2023-07-13T08:44:42","guid":{"rendered":"https:\/\/d-easydrop.it\/?page_id=3676"},"modified":"2023-07-19T13:39:50","modified_gmt":"2023-07-19T13:39:50","slug":"faq","status":"publish","type":"page","link":"https:\/\/d-easydrop.it\/fr\/faq\/","title":{"rendered":"FAQ"},"content":{"rendered":"<section class=\"wpb-content-wrapper\"><div id=\"vc_row-69e7368343902\" class=\"vc_row wpb_row vc_row-fluid thegem-custom-69e73683438f7570\"><div class=\"wpb_column vc_column_container vc_col-sm-12 thegem-custom-69e7368343ac36417\"><div class=\"vc_column-inner thegem-custom-inner-69e7368343ac5\"><div class=\"wpb_wrapper thegem-custom-69e7368343ac36417\">\r\n\t\r\n\t\t<div class=\"wpb_text_column wpb_content_element  thegem-vc-text thegem-custom-69e7368343cf64289\"  >\r\n\t\t\t<div class=\"wpb_wrapper\">\r\n\t\t\t\t<h4><strong>FAQ \u2013 Certaines des questions les plus fr\u00e9quemment pos\u00e9es concernant D-easydrop.<\/strong><\/h4>\n<p>Si vous n&#039;avez pas trouv\u00e9 la r\u00e9ponse \u00e0 vos doutes dans ces lignes, envoyez-nous un message et nous vous r\u00e9pondrons dans les plus brefs d\u00e9lais.<\/p>\n<p><strong>Mettez votre communication entre les mains de votre client avec D-easydrop.<\/strong><br \/>\nPersonnalisable avec votre logo et un QR Code qui donne acc\u00e8s \u00e0 vos informations et promotions. <em>Communication utile, directe, innovante et \u00e0 faible impact environnemental.<\/em><\/p>\n\r\n\t\t\t<\/div>\r\n\t\t\t<style>@media screen and (max-width: 1023px) {.thegem-vc-text.thegem-custom-69e7368343cf64289{display: block!important;}}@media screen and (max-width: 767px) {.thegem-vc-text.thegem-custom-69e7368343cf64289{display: block!important;}}@media screen and (max-width: 1023px) {.thegem-vc-text.thegem-custom-69e7368343cf64289{position: relative !important;}}@media screen and (max-width: 767px) {.thegem-vc-text.thegem-custom-69e7368343cf64289{position: relative !important;}}<\/style>\r\n\t\t<\/div>\r\n\t\r\n<\/div><\/div><\/div><\/div><div id=\"vc_row-69e7368343eab\" class=\"vc_row wpb_row vc_row-fluid thegem-custom-69e7368343ea38866\"><div class=\"wpb_column vc_column_container vc_col-sm-12 thegem-custom-69e73683440688092\"><div class=\"vc_column-inner thegem-custom-inner-69e7368344069\"><div class=\"wpb_wrapper thegem-custom-69e73683440688092\"><div class=\"clearboth\"><\/div><style>#thegem-divider-69e7368344152 {margin-top: 7px !important;}<\/style><div id=\"thegem-divider-69e7368344152\" class=\"gem-divider\" style=\"\" ><\/div><div class=\"gem-textbox\"  ><div class=\"gem-textbox-inner\" style=\"border: 1px solid #d9d9d9;\"><div class=\"gem-textbox-content\" style=\"background-position: center top;padding-top: 10px;padding-bottom: 16px;padding-left: 16px;padding-right: 16px;\"><div class=\"gem-dropcap gem-dropcap-shape-circle gem-dropcap-style-medium\"><span class=\"gem-dropcap-letter\" style=\"color: #4ed2b3;border: 1px solid #4ed2b3;\">1<\/span><\/div><div class=\"clearboth\"><\/div><style>#thegem-divider-69e7368344209 {margin-top: -50px !important;}<\/style><div id=\"thegem-divider-69e7368344209\" class=\"gem-divider\" style=\"\" ><\/div>\r\n\t\r\n\t\t<div class=\"wpb_text_column wpb_content_element  thegem-vc-text thegem-custom-69e73683442ae5001\"  >\r\n\t\t\t<div class=\"wpb_wrapper\">\r\n\t\t\t\t<h4>Quels produits puis-je emballer ?<\/h4>\n\r\n\t\t\t<\/div>\r\n\t\t\t<style>@media screen and (max-width: 1023px) {.thegem-vc-text.thegem-custom-69e73683442ae5001{display: block!important;}}@media screen and (max-width: 767px) {.thegem-vc-text.thegem-custom-69e73683442ae5001{display: block!important;}}@media screen and (max-width: 1023px) {.thegem-vc-text.thegem-custom-69e73683442ae5001{position: relative !important;}}@media screen and (max-width: 767px) {.thegem-vc-text.thegem-custom-69e73683442ae5001{position: relative !important;}}<\/style>\r\n\t\t<\/div>\r\n\t\r\n\r\n\t\r\n\t\t<div class=\"wpb_text_column wpb_content_element  thegem-vc-text thegem-custom-69e73683443a88169\"  >\r\n\t\t\t<div class=\"wpb_wrapper\">\r\n\t\t\t\t<p>D-Easydrop permet le conditionnement de produits denses et fluides (cr\u00e8mes, sauces, gels...) car leur consistance permet au 99% de les lib\u00e9rer facilement apr\u00e8s ouverture. La limitation est li\u00e9e \u00e0 la densit\u00e9 du produit, nous sommes donc disponibles pour r\u00e9aliser tout type de test pour diff\u00e9rents types.<\/p>\n\r\n\t\t\t<\/div>\r\n\t\t\t<style>@media screen and (max-width: 1023px) {.thegem-vc-text.thegem-custom-69e73683443a88169{display: block!important;}}@media screen and (max-width: 767px) {.thegem-vc-text.thegem-custom-69e73683443a88169{display: block!important;}}@media screen and (max-width: 1023px) {.thegem-vc-text.thegem-custom-69e73683443a88169{position: relative !important;}}@media screen and (max-width: 767px) {.thegem-vc-text.thegem-custom-69e73683443a88169{position: relative !important;}}<\/style>\r\n\t\t<\/div>\r\n\t\r\n<\/div><\/div><\/div><div class=\"clearboth\"><\/div><div id=\"thegem-divider-69e7368344410\" class=\"gem-divider\" style=\"\" ><\/div><div class=\"gem-textbox\"  ><div class=\"gem-textbox-inner\" style=\"border: 1px solid #d9d9d9;\"><div class=\"gem-textbox-content\" style=\"background-position: center top;padding-top: 10px;padding-bottom: 16px;padding-left: 16px;padding-right: 16px;\"><div class=\"gem-dropcap gem-dropcap-shape-circle gem-dropcap-style-medium\"><span class=\"gem-dropcap-letter\" style=\"color: #00bcd4;border: 1px solid #00bcd4;\">2<\/span><\/div><div class=\"clearboth\"><\/div><style>#thegem-divider-69e7368344478 {margin-top: -50px !important;}<\/style><div id=\"thegem-divider-69e7368344478\" class=\"gem-divider\" style=\"\" ><\/div>\r\n\t\r\n\t\t<div class=\"wpb_text_column wpb_content_element  thegem-vc-text thegem-custom-69e73683445002431\"  >\r\n\t\t\t<div class=\"wpb_wrapper\">\r\n\t\t\t\t<h4>Le D-easydrop est-il r\u00e9sistant ?<\/h4>\n\r\n\t\t\t<\/div>\r\n\t\t\t<style>@media screen and (max-width: 1023px) {.thegem-vc-text.thegem-custom-69e73683445002431{display: block!important;}}@media screen and (max-width: 767px) {.thegem-vc-text.thegem-custom-69e73683445002431{display: block!important;}}@media screen and (max-width: 1023px) {.thegem-vc-text.thegem-custom-69e73683445002431{position: relative !important;}}@media screen and (max-width: 767px) {.thegem-vc-text.thegem-custom-69e73683445002431{position: relative !important;}}<\/style>\r\n\t\t<\/div>\r\n\t\r\n\r\n\t\r\n\t\t<div class=\"wpb_text_column wpb_content_element  thegem-vc-text thegem-custom-69e73683445d59110\"  >\r\n\t\t\t<div class=\"wpb_wrapper\">\r\n\t\t\t\t<p>L&#039;emballage est constitu\u00e9 d&#039;un laminage interne en aluminium, ainsi le produit est parfaitement conserv\u00e9, qu&#039;il s&#039;agisse d&#039;un produit cosm\u00e9tique ou alimentaire, jusqu&#039;\u00e0 la date de p\u00e9remption naturelle du produit.<\/p>\n\r\n\t\t\t<\/div>\r\n\t\t\t<style>@media screen and (max-width: 1023px) {.thegem-vc-text.thegem-custom-69e73683445d59110{display: block!important;}}@media screen and (max-width: 767px) {.thegem-vc-text.thegem-custom-69e73683445d59110{display: block!important;}}@media screen and (max-width: 1023px) {.thegem-vc-text.thegem-custom-69e73683445d59110{position: relative !important;}}@media screen and (max-width: 767px) {.thegem-vc-text.thegem-custom-69e73683445d59110{position: relative !important;}}<\/style>\r\n\t\t<\/div>\r\n\t\r\n<\/div><\/div><\/div><div class=\"clearboth\"><\/div><div id=\"thegem-divider-69e7368344634\" class=\"gem-divider\" style=\"\" ><\/div><div class=\"gem-textbox\"  ><div class=\"gem-textbox-inner\" style=\"border: 1px solid #d9d9d9;\"><div class=\"gem-textbox-content\" style=\"background-position: center top;padding-top: 10px;padding-bottom: 16px;padding-left: 16px;padding-right: 16px;\"><div class=\"gem-dropcap gem-dropcap-shape-circle gem-dropcap-style-medium\"><span class=\"gem-dropcap-letter\" style=\"color: #00bcd4;border: 1px solid #00bcd4;\">3<\/span><\/div><div class=\"clearboth\"><\/div><style>#thegem-divider-69e7368344694 {margin-top: -50px !important;}<\/style><div id=\"thegem-divider-69e7368344694\" class=\"gem-divider\" style=\"\" ><\/div>\r\n\t\r\n\t\t<div class=\"wpb_text_column wpb_content_element  thegem-vc-text thegem-custom-69e73683447223514\"  >\r\n\t\t\t<div class=\"wpb_wrapper\">\r\n\t\t\t\t<h4>D-easydrop est-il biod\u00e9gradable ?<\/h4>\n\r\n\t\t\t<\/div>\r\n\t\t\t<style>@media screen and (max-width: 1023px) {.thegem-vc-text.thegem-custom-69e73683447223514{display: block!important;}}@media screen and (max-width: 767px) {.thegem-vc-text.thegem-custom-69e73683447223514{display: block!important;}}@media screen and (max-width: 1023px) {.thegem-vc-text.thegem-custom-69e73683447223514{position: relative !important;}}@media screen and (max-width: 767px) {.thegem-vc-text.thegem-custom-69e73683447223514{position: relative !important;}}<\/style>\r\n\t\t<\/div>\r\n\t\r\n\r\n\t\r\n\t\t<div class=\"wpb_text_column wpb_content_element  thegem-vc-text thegem-custom-69e73683447f61262\"  >\r\n\t\t\t<div class=\"wpb_wrapper\">\r\n\t\t\t\t<p>Le packaging est disponible en 2 versions, une version plastique et une version papier compostable.<br \/>\nLa version papier, malgr\u00e9 le film d&#039;aluminium 1%, est compostable et ne n\u00e9cessite pas d&#039;\u00e9limination s\u00e9par\u00e9e. Les encres utilis\u00e9es pour l&#039;impression sont respectueuses de l&#039;environnement.<\/p>\n\r\n\t\t\t<\/div>\r\n\t\t\t<style>@media screen and (max-width: 1023px) {.thegem-vc-text.thegem-custom-69e73683447f61262{display: block!important;}}@media screen and (max-width: 767px) {.thegem-vc-text.thegem-custom-69e73683447f61262{display: block!important;}}@media screen and (max-width: 1023px) {.thegem-vc-text.thegem-custom-69e73683447f61262{position: relative !important;}}@media screen and (max-width: 767px) {.thegem-vc-text.thegem-custom-69e73683447f61262{position: relative !important;}}<\/style>\r\n\t\t<\/div>\r\n\t\r\n<\/div><\/div><\/div><div class=\"clearboth\"><\/div><div id=\"thegem-divider-69e7368344851\" class=\"gem-divider\" style=\"\" ><\/div><div class=\"gem-textbox\"  ><div class=\"gem-textbox-inner\" style=\"border: 1px solid #d9d9d9;\"><div class=\"gem-textbox-content\" style=\"background-position: center top;padding-top: 10px;padding-bottom: 16px;padding-left: 16px;padding-right: 16px;\"><div class=\"gem-dropcap gem-dropcap-shape-circle gem-dropcap-style-medium\"><span class=\"gem-dropcap-letter\" style=\"color: #00bcd4;border: 1px solid #00bcd4;\">4<\/span><\/div><div class=\"clearboth\"><\/div><style>#thegem-divider-69e73683448c5 {margin-top: -50px !important;}<\/style><div id=\"thegem-divider-69e73683448c5\" class=\"gem-divider\" style=\"\" ><\/div>\r\n\t\r\n\t\t<div class=\"wpb_text_column wpb_content_element  thegem-vc-text thegem-custom-69e736834494c6383\"  >\r\n\t\t\t<div class=\"wpb_wrapper\">\r\n\t\t\t\t<h4>Quelles sont les quantit\u00e9s minimales de production ?<\/h4>\n\r\n\t\t\t<\/div>\r\n\t\t\t<style>@media screen and (max-width: 1023px) {.thegem-vc-text.thegem-custom-69e736834494c6383{display: block!important;}}@media screen and (max-width: 767px) {.thegem-vc-text.thegem-custom-69e736834494c6383{display: block!important;}}@media screen and (max-width: 1023px) {.thegem-vc-text.thegem-custom-69e736834494c6383{position: relative !important;}}@media screen and (max-width: 767px) {.thegem-vc-text.thegem-custom-69e736834494c6383{position: relative !important;}}<\/style>\r\n\t\t<\/div>\r\n\t\r\n\r\n\t\r\n\t\t<div class=\"wpb_text_column wpb_content_element  thegem-vc-text thegem-custom-69e7368344a196454\"  >\r\n\t\t\t<div class=\"wpb_wrapper\">\r\n\t\t\t\t<p>Il n&#039;y a pas de quantit\u00e9s minimales de production et de personnalisation (au dos de D-easydrop, il est possible d&#039;imprimer n&#039;importe quel graphisme en une seule couleur, m\u00eame pour de petits lots). Pour une production <strong>enti\u00e8rement personnalis\u00e9<\/strong> Des quantit\u00e9s minimales recto\/verso de 10 000 pi\u00e8ces sont requises.<\/p>\n\r\n\t\t\t<\/div>\r\n\t\t\t<style>@media screen and (max-width: 1023px) {.thegem-vc-text.thegem-custom-69e7368344a196454{display: block!important;}}@media screen and (max-width: 767px) {.thegem-vc-text.thegem-custom-69e7368344a196454{display: block!important;}}@media screen and (max-width: 1023px) {.thegem-vc-text.thegem-custom-69e7368344a196454{position: relative !important;}}@media screen and (max-width: 767px) {.thegem-vc-text.thegem-custom-69e7368344a196454{position: relative !important;}}<\/style>\r\n\t\t<\/div>\r\n\t\r\n<\/div><\/div><\/div><\/div><\/div><\/div><\/div>\n<\/section>","protected":false},"excerpt":{"rendered":"","protected":false},"author":1,"featured_media":0,"parent":0,"menu_order":0,"comment_status":"closed","ping_status":"closed","template":"","meta":{"footnotes":""},"class_list":["post-3676","page","type-page","status-publish"],"yoast_head":"<!-- This site is optimized with the Yoast SEO plugin v20.11 - https:\/\/yoast.com\/wordpress\/plugins\/seo\/ -->\n<title>FAQ - D-Easy Drop<\/title>\n<meta name=\"robots\" content=\"index, follow, max-snippet:-1, max-image-preview:large, max-video-preview:-1\" \/>\n<link rel=\"canonical\" href=\"https:\/\/d-easydrop.it\/fr\/faq\/\" \/>\n<meta property=\"og:locale\" content=\"fr_FR\" \/>\n<meta property=\"og:type\" content=\"article\" \/>\n<meta property=\"og:title\" content=\"FAQ - D-Easy Drop\" \/>\n<meta property=\"og:url\" content=\"https:\/\/d-easydrop.it\/fr\/faq\/\" \/>\n<meta property=\"og:site_name\" content=\"D-Easy Drop\" \/>\n<meta property=\"article:modified_time\" content=\"2023-07-19T13:39:50+00:00\" \/>\n<meta name=\"twitter:card\" content=\"summary_large_image\" \/>\n<meta name=\"twitter:label1\" content=\"Dur\u00e9e de lecture estim\u00e9e\" \/>\n\t<meta name=\"twitter:data1\" content=\"2 minutes\" \/>\n<script type=\"application\/ld+json\" class=\"yoast-schema-graph\">{\"@context\":\"https:\/\/schema.org\",\"@graph\":[{\"@type\":\"WebPage\",\"@id\":\"https:\/\/d-easydrop.it\/faq\/\",\"url\":\"https:\/\/d-easydrop.it\/faq\/\",\"name\":\"FAQ - D-Easy Drop\",\"isPartOf\":{\"@id\":\"https:\/\/d-easydrop.it\/#website\"},\"datePublished\":\"2023-07-13T08:44:42+00:00\",\"dateModified\":\"2023-07-19T13:39:50+00:00\",\"breadcrumb\":{\"@id\":\"https:\/\/d-easydrop.it\/faq\/#breadcrumb\"},\"inLanguage\":\"fr-FR\",\"potentialAction\":[{\"@type\":\"ReadAction\",\"target\":[\"https:\/\/d-easydrop.it\/faq\/\"]}]},{\"@type\":\"BreadcrumbList\",\"@id\":\"https:\/\/d-easydrop.it\/faq\/#breadcrumb\",\"itemListElement\":[{\"@type\":\"ListItem\",\"position\":1,\"name\":\"Home\",\"item\":\"https:\/\/d-easydrop.it\/\"},{\"@type\":\"ListItem\",\"position\":2,\"name\":\"FAQ\"}]},{\"@type\":\"WebSite\",\"@id\":\"https:\/\/d-easydrop.it\/#website\",\"url\":\"https:\/\/d-easydrop.it\/\",\"name\":\"D-Easy Drop\",\"description\":\"Un innovativo packaging monodose con un sistema di apertura comodo e veloce.\",\"publisher\":{\"@id\":\"https:\/\/d-easydrop.it\/#organization\"},\"potentialAction\":[{\"@type\":\"SearchAction\",\"target\":{\"@type\":\"EntryPoint\",\"urlTemplate\":\"https:\/\/d-easydrop.it\/?s={search_term_string}\"},\"query-input\":\"required name=search_term_string\"}],\"inLanguage\":\"fr-FR\"},{\"@type\":\"Organization\",\"@id\":\"https:\/\/d-easydrop.it\/#organization\",\"name\":\"D-Easy Drop\",\"url\":\"https:\/\/d-easydrop.it\/\",\"logo\":{\"@type\":\"ImageObject\",\"inLanguage\":\"fr-FR\",\"@id\":\"https:\/\/d-easydrop.it\/#\/schema\/logo\/image\/\",\"url\":\"https:\/\/d-easydrop.it\/wp-content\/uploads\/2023\/07\/logohd.jpg\",\"contentUrl\":\"https:\/\/d-easydrop.it\/wp-content\/uploads\/2023\/07\/logohd.jpg\",\"width\":2000,\"height\":1092,\"caption\":\"D-Easy Drop\"},\"image\":{\"@id\":\"https:\/\/d-easydrop.it\/#\/schema\/logo\/image\/\"}}]}<\/script>\n<!-- \/ Yoast SEO plugin. -->","yoast_head_json":{"title":"FAQ - D-Easy Drop","robots":{"index":"index","follow":"follow","max-snippet":"max-snippet:-1","max-image-preview":"max-image-preview:large","max-video-preview":"max-video-preview:-1"},"canonical":"https:\/\/d-easydrop.it\/fr\/faq\/","og_locale":"fr_FR","og_type":"article","og_title":"FAQ - D-Easy Drop","og_url":"https:\/\/d-easydrop.it\/fr\/faq\/","og_site_name":"D-Easy Drop","article_modified_time":"2023-07-19T13:39:50+00:00","twitter_card":"summary_large_image","twitter_misc":{"Dur\u00e9e de lecture estim\u00e9e":"2 minutes"},"schema":{"@context":"https:\/\/schema.org","@graph":[{"@type":"WebPage","@id":"https:\/\/d-easydrop.it\/faq\/","url":"https:\/\/d-easydrop.it\/faq\/","name":"FAQ - D-Easy Drop","isPartOf":{"@id":"https:\/\/d-easydrop.it\/#website"},"datePublished":"2023-07-13T08:44:42+00:00","dateModified":"2023-07-19T13:39:50+00:00","breadcrumb":{"@id":"https:\/\/d-easydrop.it\/faq\/#breadcrumb"},"inLanguage":"fr-FR","potentialAction":[{"@type":"ReadAction","target":["https:\/\/d-easydrop.it\/faq\/"]}]},{"@type":"BreadcrumbList","@id":"https:\/\/d-easydrop.it\/faq\/#breadcrumb","itemListElement":[{"@type":"ListItem","position":1,"name":"Home","item":"https:\/\/d-easydrop.it\/"},{"@type":"ListItem","position":2,"name":"FAQ"}]},{"@type":"WebSite","@id":"https:\/\/d-easydrop.it\/#website","url":"https:\/\/d-easydrop.it\/","name":"D-Easy Drop","description":"Un innovativo packaging monodose con un sistema di apertura comodo e veloce.","publisher":{"@id":"https:\/\/d-easydrop.it\/#organization"},"potentialAction":[{"@type":"SearchAction","target":{"@type":"EntryPoint","urlTemplate":"https:\/\/d-easydrop.it\/?s={search_term_string}"},"query-input":"required name=search_term_string"}],"inLanguage":"fr-FR"},{"@type":"Organization","@id":"https:\/\/d-easydrop.it\/#organization","name":"D-Easy Drop","url":"https:\/\/d-easydrop.it\/","logo":{"@type":"ImageObject","inLanguage":"fr-FR","@id":"https:\/\/d-easydrop.it\/#\/schema\/logo\/image\/","url":"https:\/\/d-easydrop.it\/wp-content\/uploads\/2023\/07\/logohd.jpg","contentUrl":"https:\/\/d-easydrop.it\/wp-content\/uploads\/2023\/07\/logohd.jpg","width":2000,"height":1092,"caption":"D-Easy Drop"},"image":{"@id":"https:\/\/d-easydrop.it\/#\/schema\/logo\/image\/"}}]}},"_links":{"self":[{"href":"https:\/\/d-easydrop.it\/fr\/wp-json\/wp\/v2\/pages\/3676","targetHints":{"allow":["GET"]}}],"collection":[{"href":"https:\/\/d-easydrop.it\/fr\/wp-json\/wp\/v2\/pages"}],"about":[{"href":"https:\/\/d-easydrop.it\/fr\/wp-json\/wp\/v2\/types\/page"}],"author":[{"embeddable":true,"href":"https:\/\/d-easydrop.it\/fr\/wp-json\/wp\/v2\/users\/1"}],"replies":[{"embeddable":true,"href":"https:\/\/d-easydrop.it\/fr\/wp-json\/wp\/v2\/comments?post=3676"}],"version-history":[{"count":20,"href":"https:\/\/d-easydrop.it\/fr\/wp-json\/wp\/v2\/pages\/3676\/revisions"}],"predecessor-version":[{"id":3756,"href":"https:\/\/d-easydrop.it\/fr\/wp-json\/wp\/v2\/pages\/3676\/revisions\/3756"}],"wp:attachment":[{"href":"https:\/\/d-easydrop.it\/fr\/wp-json\/wp\/v2\/media?parent=3676"}],"curies":[{"name":"wp","href":"https:\/\/api.w.org\/{rel}","templated":true}]}}