{"id":3673,"date":"2023-07-13T08:42:04","date_gmt":"2023-07-13T08:42:04","guid":{"rendered":"https:\/\/d-easydrop.it\/?page_id=3673"},"modified":"2024-05-31T08:59:01","modified_gmt":"2024-05-31T08:59:01","slug":"opportunita","status":"publish","type":"page","link":"https:\/\/d-easydrop.it\/fr\/opportunita\/","title":{"rendered":"Opportunit\u00e9"},"content":{"rendered":"<section class=\"wpb-content-wrapper\"><div id=\"vc_row-69e2375c4778a\" class=\"vc_row wpb_row vc_row-fluid thegem-custom-69e2375c4774a4382\"><div class=\"wpb_column vc_column_container vc_col-sm-12 thegem-custom-69e2375c47c601176\"><div class=\"vc_column-inner thegem-custom-inner-69e2375c47c62\"><div class=\"wpb_wrapper thegem-custom-69e2375c47c601176\">\r\n\t\r\n\t\t<div class=\"wpb_text_column wpb_content_element  thegem-vc-text thegem-custom-69e2375c480168390\"  >\r\n\t\t\t<div class=\"wpb_wrapper\">\r\n\t\t\t\t<h4>Simplifiez-vous la vie avec <strong>D-EasyDrop<\/strong>! Gr\u00e2ce \u00e0 <strong>sachets unidose<\/strong> D-EasyDrop, vos clients pourront utiliser les PRODUITS de mani\u00e8re extr\u00eamement pratique et simple. Ces sachets sont hygi\u00e9niques, garantissant une solution sans d\u00e9chets.<\/h4>\n\r\n\t\t\t<\/div>\r\n\t\t\t<style>@media screen and (max-width: 1023px) {.thegem-vc-text.thegem-custom-69e2375c480168390{display: block!important;}}@media screen and (max-width: 767px) {.thegem-vc-text.thegem-custom-69e2375c480168390{display: block!important;}}@media screen and (max-width: 1023px) {.thegem-vc-text.thegem-custom-69e2375c480168390{position: relative !important;}}@media screen and (max-width: 767px) {.thegem-vc-text.thegem-custom-69e2375c480168390{position: relative !important;}}<\/style>\r\n\t\t<\/div>\r\n\t\r\n\r\n\t\r\n\t\t<div class=\"wpb_text_column wpb_content_element  thegem-vc-text thegem-custom-69e2375c4812c7392\"  >\r\n\t\t\t<div class=\"wpb_wrapper\">\r\n\t\t\t\t<p>D-easydrop est une opportunit\u00e9 marketing extraordinaire, une nouvelle fa\u00e7on de communiquer directement avec vos clients combin\u00e9e \u00e0 un geste qui deviendra une nouvelle fa\u00e7on d&#039;utiliser un produit.<\/p>\n<h4><strong>UN GESTE QUI FAIT LA DIFF\u00c9RENCE !<\/strong><\/h4>\n<p>Tout comme autrefois on utilisait ses dents pour ouvrir un sachet de mayonnaise, risquant que l&#039;ouverture soit imparfaite et qu&#039;il soit difficile de distribuer le produit... aujourd&#039;hui avec une simple pression le travail est fait... avec la garantie de distribution sur le 99%.<\/p>\n<p>Li\u00e9 \u00e0 <strong>nouveaut\u00e9<\/strong>, \u00e9videmment le <strong>opportunit\u00e9s en cons\u00e9quence<\/strong>.<br \/>\nD-easydrop peut \u00eatre totalement personnalis\u00e9 avec votre logo et un <strong>Codes QR<\/strong> qui donne acc\u00e8s \u00e0 toutes vos informations et promotions.<\/p>\n<p><em>Pour une communication utile, directe, innovante et \u00e0 faible impact environnemental.<\/em><\/p>\n\r\n\t\t\t<\/div>\r\n\t\t\t<style>@media screen and (max-width: 1023px) {.thegem-vc-text.thegem-custom-69e2375c4812c7392{display: block!important;}}@media screen and (max-width: 767px) {.thegem-vc-text.thegem-custom-69e2375c4812c7392{display: block!important;}}@media screen and (max-width: 1023px) {.thegem-vc-text.thegem-custom-69e2375c4812c7392{position: relative !important;}}@media screen and (max-width: 767px) {.thegem-vc-text.thegem-custom-69e2375c4812c7392{position: relative !important;}}<\/style>\r\n\t\t<\/div>\r\n\t\r\n<\/div><\/div><\/div><\/div><div id=\"vc_row-69e2375c482eb\" class=\"vc_row wpb_row vc_row-fluid thegem-custom-69e2375c482e36506\"><div class=\"wpb_column vc_column_container vc_col-sm-6 thegem-custom-69e2375c484a31020\"><div class=\"vc_column-inner thegem-custom-inner-69e2375c484a5\"><div class=\"wpb_wrapper thegem-custom-69e2375c484a31020\">\r\n\t\r\n\t\t<div class=\"wpb_text_column wpb_content_element  thegem-vc-text thegem-custom-69e2375c486237302\"  >\r\n\t\t\t<div class=\"wpb_wrapper\">\r\n\t\t\t\t<div class=\"elementor-element elementor-element-3684e62 elementor-widget elementor-widget-heading\" data-id=\"3684e62\" data-element_type=\"widget\" data-widget_type=\"heading.default\">\n<div class=\"elementor-widget-container\">\n<h2 class=\"elementor-heading-title elementor-size-default\">Cela devient le n\u00f4tre<br \/>\nPartenaire<\/h2>\n<\/div>\n<\/div>\n<div class=\"elementor-element elementor-element-89cd1c7 elementor-widget elementor-widget-heading\" data-id=\"89cd1c7\" data-element_type=\"widget\" data-widget_type=\"heading.default\">\n<div class=\"elementor-widget-container\">\n<p>&nbsp;<\/p>\n<p class=\"elementor-heading-title elementor-size-default\">Vous \u00eates enthousiasm\u00e9 par celui-ci <strong>r\u00e9volution dans l&#039;emballage<\/strong>? Vous souhaitez r\u00e9pondre aux demandes croissantes d&#039;un <strong>march\u00e9 \u00e0 la recherche de solutions innovantes<\/strong>? Rejoignez le n\u00f4tre <strong>\u00e9quipe<\/strong> et nous vous fournirons un support complet pour <strong>satisfaire au maximum<\/strong> vos clients.<\/p>\n<\/div>\n<\/div>\n\r\n\t\t\t<\/div>\r\n\t\t\t<style>@media screen and (max-width: 1023px) {.thegem-vc-text.thegem-custom-69e2375c486237302{display: block!important;}}@media screen and (max-width: 767px) {.thegem-vc-text.thegem-custom-69e2375c486237302{display: block!important;}}@media screen and (max-width: 1023px) {.thegem-vc-text.thegem-custom-69e2375c486237302{position: relative !important;}}@media screen and (max-width: 767px) {.thegem-vc-text.thegem-custom-69e2375c486237302{position: relative !important;}}<\/style>\r\n\t\t<\/div>\r\n\t\r\n<div class=\"gem-button-container gem-button-position-inline thegem-button-69e2375c487366798\"  ><a class=\"gem-button gem-button-size-small gem-button-style-flat gem-button-text-weight-normal\" data-ll-effect=\"drop-right-without-wrap\" style=\"border-radius: 3px;background-color: #00a4ef;color: #ffffff;\" onmouseleave=\"this.style.backgroundColor='#00a4ef';this.style.color='#ffffff';\" onmouseenter=\"this.style.backgroundColor='#ffffff';this.style.color='#00a4ef';\" href=\"#cta\" target=\"_self\">Contactez-nous<\/a><\/div> \r\n\t\r\n\t\t<div class=\"wpb_text_column wpb_content_element  thegem-vc-text thegem-custom-69e2375c487d34083\"  >\r\n\t\t\t<div class=\"wpb_wrapper\">\r\n\t\t\t\t<div class=\"elementor-element elementor-element-3684e62 elementor-widget elementor-widget-heading\" data-id=\"3684e62\" data-element_type=\"widget\" data-widget_type=\"heading.default\">\n<div class=\"elementor-widget-container\">\n<h2 class=\"elementor-heading-title elementor-size-default\">Devenez notre CLIENT<\/h2>\n<\/div>\n<\/div>\n<div class=\"elementor-element elementor-element-89cd1c7 elementor-widget elementor-widget-heading\" data-id=\"89cd1c7\" data-element_type=\"widget\" data-widget_type=\"heading.default\">\n<div class=\"elementor-widget-container\">\n<p>&nbsp;<\/p>\n<p class=\"elementor-heading-title elementor-size-default\">Vous recherchez un emballage efficace pour votre produit et <strong>D-easydrop <\/strong>Consid\u00e9rez-vous cela comme une solution de diversification ? Envoyez-nous un \u00e9chantillon du <strong>votre produit<\/strong> avec lequel nous effectuerons des tests. D\u00e9couvrez les avantages de cette solution personnalis\u00e9e et g\u00e9n\u00e9rez un monde de nouvelles opportunit\u00e9s !<\/p>\n<\/div>\n<\/div>\n\r\n\t\t\t<\/div>\r\n\t\t\t<style>@media screen and (max-width: 1023px) {.thegem-vc-text.thegem-custom-69e2375c487d34083{display: block!important;}}@media screen and (max-width: 767px) {.thegem-vc-text.thegem-custom-69e2375c487d34083{display: block!important;}}@media screen and (max-width: 1023px) {.thegem-vc-text.thegem-custom-69e2375c487d34083{position: relative !important;}}@media screen and (max-width: 767px) {.thegem-vc-text.thegem-custom-69e2375c487d34083{position: relative !important;}}<\/style>\r\n\t\t<\/div>\r\n\t\r\n<div class=\"gem-button-container gem-button-position-inline thegem-button-69e2375c488a29627\"  ><a class=\"gem-button gem-button-size-small gem-button-style-flat gem-button-text-weight-normal\" data-ll-effect=\"drop-right-without-wrap\" style=\"border-radius: 3px;background-color: #00a4ef;color: #ffffff;\" onmouseleave=\"this.style.backgroundColor='#00a4ef';this.style.color='#ffffff';\" onmouseenter=\"this.style.backgroundColor='#ffffff';this.style.color='#00a4ef';\" href=\"#cta\" target=\"_self\">Contactez-nous<\/a><\/div> <\/div><\/div><\/div><div class=\"wpb_column vc_column_container vc_col-sm-6 thegem-custom-69e2375c489b73418\"><div class=\"vc_column-inner thegem-custom-inner-69e2375c489b8\"><div class=\"wpb_wrapper thegem-custom-69e2375c489b73418\">\r\n\t\r\n\t<div  class=\"wpb_single_image wpb_content_element vc_align_left\" >\r\n\t\t\r\n\t\t<figure class=\"wpb_wrapper vc_figure\">\r\n\t\t\t<div class=\"vc_single_image-wrapper   vc_box_border_grey\"><img decoding=\"async\" width=\"1000\" height=\"1182\" src=\"https:\/\/d-easydrop.it\/wp-content\/uploads\/2023\/07\/D-EASYDROP-applicazioni-1.jpg\" class=\"vc_single_image-img attachment-full\" alt=\"\" title=\"Applications D-EASYDROP\" srcset=\"https:\/\/d-easydrop.it\/wp-content\/uploads\/2023\/07\/D-EASYDROP-applicazioni-1.jpg 1000w, https:\/\/d-easydrop.it\/wp-content\/uploads\/2023\/07\/D-EASYDROP-applicazioni-1-600x709.jpg 600w, https:\/\/d-easydrop.it\/wp-content\/uploads\/2023\/07\/D-EASYDROP-applicazioni-1-254x300.jpg 254w, https:\/\/d-easydrop.it\/wp-content\/uploads\/2023\/07\/D-EASYDROP-applicazioni-1-866x1024.jpg 866w, https:\/\/d-easydrop.it\/wp-content\/uploads\/2023\/07\/D-EASYDROP-applicazioni-1-768x908.jpg 768w\" sizes=\"(max-width: 1000px) 100vw, 1000px\" \/><\/div>\r\n\t\t<\/figure>\r\n\t<\/div>\r\n\t\r\n<\/div><\/div><\/div><\/div>\n<\/section>","protected":false},"excerpt":{"rendered":"","protected":false},"author":1,"featured_media":0,"parent":0,"menu_order":0,"comment_status":"closed","ping_status":"closed","template":"","meta":{"footnotes":""},"class_list":["post-3673","page","type-page","status-publish"],"yoast_head":"<!-- This site is optimized with the Yoast SEO plugin v20.11 - https:\/\/yoast.com\/wordpress\/plugins\/seo\/ -->\n<title>Opportunit\u00e0 - D-Easy Drop<\/title>\n<meta name=\"robots\" content=\"index, follow, max-snippet:-1, max-image-preview:large, max-video-preview:-1\" \/>\n<link rel=\"canonical\" href=\"https:\/\/d-easydrop.it\/fr\/opportunita\/\" \/>\n<meta property=\"og:locale\" content=\"fr_FR\" \/>\n<meta property=\"og:type\" content=\"article\" \/>\n<meta property=\"og:title\" content=\"Opportunit\u00e0 - D-Easy Drop\" \/>\n<meta property=\"og:url\" content=\"https:\/\/d-easydrop.it\/fr\/opportunita\/\" \/>\n<meta property=\"og:site_name\" content=\"D-Easy Drop\" \/>\n<meta property=\"article:modified_time\" content=\"2024-05-31T08:59:01+00:00\" \/>\n<meta name=\"twitter:card\" content=\"summary_large_image\" \/>\n<meta name=\"twitter:label1\" content=\"Dur\u00e9e de lecture estim\u00e9e\" \/>\n\t<meta name=\"twitter:data1\" content=\"2 minutes\" \/>\n<script type=\"application\/ld+json\" class=\"yoast-schema-graph\">{\"@context\":\"https:\/\/schema.org\",\"@graph\":[{\"@type\":\"WebPage\",\"@id\":\"https:\/\/d-easydrop.it\/opportunita\/\",\"url\":\"https:\/\/d-easydrop.it\/opportunita\/\",\"name\":\"Opportunit\u00e0 - D-Easy Drop\",\"isPartOf\":{\"@id\":\"https:\/\/d-easydrop.it\/#website\"},\"datePublished\":\"2023-07-13T08:42:04+00:00\",\"dateModified\":\"2024-05-31T08:59:01+00:00\",\"breadcrumb\":{\"@id\":\"https:\/\/d-easydrop.it\/opportunita\/#breadcrumb\"},\"inLanguage\":\"fr-FR\",\"potentialAction\":[{\"@type\":\"ReadAction\",\"target\":[\"https:\/\/d-easydrop.it\/opportunita\/\"]}]},{\"@type\":\"BreadcrumbList\",\"@id\":\"https:\/\/d-easydrop.it\/opportunita\/#breadcrumb\",\"itemListElement\":[{\"@type\":\"ListItem\",\"position\":1,\"name\":\"Home\",\"item\":\"https:\/\/d-easydrop.it\/\"},{\"@type\":\"ListItem\",\"position\":2,\"name\":\"Opportunit\u00e0\"}]},{\"@type\":\"WebSite\",\"@id\":\"https:\/\/d-easydrop.it\/#website\",\"url\":\"https:\/\/d-easydrop.it\/\",\"name\":\"D-Easy Drop\",\"description\":\"Un innovativo packaging monodose con un sistema di apertura comodo e veloce.\",\"publisher\":{\"@id\":\"https:\/\/d-easydrop.it\/#organization\"},\"potentialAction\":[{\"@type\":\"SearchAction\",\"target\":{\"@type\":\"EntryPoint\",\"urlTemplate\":\"https:\/\/d-easydrop.it\/?s={search_term_string}\"},\"query-input\":\"required name=search_term_string\"}],\"inLanguage\":\"fr-FR\"},{\"@type\":\"Organization\",\"@id\":\"https:\/\/d-easydrop.it\/#organization\",\"name\":\"D-Easy Drop\",\"url\":\"https:\/\/d-easydrop.it\/\",\"logo\":{\"@type\":\"ImageObject\",\"inLanguage\":\"fr-FR\",\"@id\":\"https:\/\/d-easydrop.it\/#\/schema\/logo\/image\/\",\"url\":\"https:\/\/d-easydrop.it\/wp-content\/uploads\/2023\/07\/logohd.jpg\",\"contentUrl\":\"https:\/\/d-easydrop.it\/wp-content\/uploads\/2023\/07\/logohd.jpg\",\"width\":2000,\"height\":1092,\"caption\":\"D-Easy Drop\"},\"image\":{\"@id\":\"https:\/\/d-easydrop.it\/#\/schema\/logo\/image\/\"}}]}<\/script>\n<!-- \/ Yoast SEO plugin. -->","yoast_head_json":{"title":"Opportunit\u00e0 - D-Easy Drop","robots":{"index":"index","follow":"follow","max-snippet":"max-snippet:-1","max-image-preview":"max-image-preview:large","max-video-preview":"max-video-preview:-1"},"canonical":"https:\/\/d-easydrop.it\/fr\/opportunita\/","og_locale":"fr_FR","og_type":"article","og_title":"Opportunit\u00e0 - D-Easy Drop","og_url":"https:\/\/d-easydrop.it\/fr\/opportunita\/","og_site_name":"D-Easy Drop","article_modified_time":"2024-05-31T08:59:01+00:00","twitter_card":"summary_large_image","twitter_misc":{"Dur\u00e9e de lecture estim\u00e9e":"2 minutes"},"schema":{"@context":"https:\/\/schema.org","@graph":[{"@type":"WebPage","@id":"https:\/\/d-easydrop.it\/opportunita\/","url":"https:\/\/d-easydrop.it\/opportunita\/","name":"Opportunit\u00e0 - D-Easy Drop","isPartOf":{"@id":"https:\/\/d-easydrop.it\/#website"},"datePublished":"2023-07-13T08:42:04+00:00","dateModified":"2024-05-31T08:59:01+00:00","breadcrumb":{"@id":"https:\/\/d-easydrop.it\/opportunita\/#breadcrumb"},"inLanguage":"fr-FR","potentialAction":[{"@type":"ReadAction","target":["https:\/\/d-easydrop.it\/opportunita\/"]}]},{"@type":"BreadcrumbList","@id":"https:\/\/d-easydrop.it\/opportunita\/#breadcrumb","itemListElement":[{"@type":"ListItem","position":1,"name":"Home","item":"https:\/\/d-easydrop.it\/"},{"@type":"ListItem","position":2,"name":"Opportunit\u00e0"}]},{"@type":"WebSite","@id":"https:\/\/d-easydrop.it\/#website","url":"https:\/\/d-easydrop.it\/","name":"D-Easy Drop","description":"Un innovativo packaging monodose con un sistema di apertura comodo e veloce.","publisher":{"@id":"https:\/\/d-easydrop.it\/#organization"},"potentialAction":[{"@type":"SearchAction","target":{"@type":"EntryPoint","urlTemplate":"https:\/\/d-easydrop.it\/?s={search_term_string}"},"query-input":"required name=search_term_string"}],"inLanguage":"fr-FR"},{"@type":"Organization","@id":"https:\/\/d-easydrop.it\/#organization","name":"D-Easy Drop","url":"https:\/\/d-easydrop.it\/","logo":{"@type":"ImageObject","inLanguage":"fr-FR","@id":"https:\/\/d-easydrop.it\/#\/schema\/logo\/image\/","url":"https:\/\/d-easydrop.it\/wp-content\/uploads\/2023\/07\/logohd.jpg","contentUrl":"https:\/\/d-easydrop.it\/wp-content\/uploads\/2023\/07\/logohd.jpg","width":2000,"height":1092,"caption":"D-Easy Drop"},"image":{"@id":"https:\/\/d-easydrop.it\/#\/schema\/logo\/image\/"}}]}},"_links":{"self":[{"href":"https:\/\/d-easydrop.it\/fr\/wp-json\/wp\/v2\/pages\/3673","targetHints":{"allow":["GET"]}}],"collection":[{"href":"https:\/\/d-easydrop.it\/fr\/wp-json\/wp\/v2\/pages"}],"about":[{"href":"https:\/\/d-easydrop.it\/fr\/wp-json\/wp\/v2\/types\/page"}],"author":[{"embeddable":true,"href":"https:\/\/d-easydrop.it\/fr\/wp-json\/wp\/v2\/users\/1"}],"replies":[{"embeddable":true,"href":"https:\/\/d-easydrop.it\/fr\/wp-json\/wp\/v2\/comments?post=3673"}],"version-history":[{"count":29,"href":"https:\/\/d-easydrop.it\/fr\/wp-json\/wp\/v2\/pages\/3673\/revisions"}],"predecessor-version":[{"id":3993,"href":"https:\/\/d-easydrop.it\/fr\/wp-json\/wp\/v2\/pages\/3673\/revisions\/3993"}],"wp:attachment":[{"href":"https:\/\/d-easydrop.it\/fr\/wp-json\/wp\/v2\/media?parent=3673"}],"curies":[{"name":"wp","href":"https:\/\/api.w.org\/{rel}","templated":true}]}}