{"id":3,"date":"2023-06-28T08:26:11","date_gmt":"2023-06-28T08:26:11","guid":{"rendered":"https:\/\/d-easydrop.it\/?page_id=3"},"modified":"2024-12-05T13:57:22","modified_gmt":"2024-12-05T13:57:22","slug":"privacy-policy","status":"publish","type":"page","link":"https:\/\/d-easydrop.it\/fr\/privacy-policy\/","title":{"rendered":"politique de confidentialit\u00e9"},"content":{"rendered":"<section class=\"wpb-content-wrapper\"><div id=\"vc_row-69e737f2b586b\" class=\"vc_row wpb_row vc_row-fluid thegem-custom-69e737f2b58301961\"><div class=\"wpb_column vc_column_container vc_col-sm-12 thegem-custom-69e737f2b5d671823\"><div class=\"vc_column-inner thegem-custom-inner-69e737f2b5d69\"><div class=\"wpb_wrapper thegem-custom-69e737f2b5d671823\">\r\n\t\r\n\t\t<div class=\"wpb_text_column wpb_content_element  thegem-vc-text thegem-custom-69e737f2b61eb4099\"  >\r\n\t\t\t<div class=\"wpb_wrapper\">\r\n\t\t\t\t<p>Information et demande de consentement au traitement des donn\u00e9es personnelles conform\u00e9ment \u00e0 l&#039;art. 13 du d\u00e9cret l\u00e9gislatif 196\/2003<\/p>\n<p>Conform\u00e9ment aux obligations \u00e9tablies par le d\u00e9cret l\u00e9gislatif du 30 juin 2003 n. 196 concernant le traitement des donn\u00e9es personnelles (appel\u00e9 Code de confidentialit\u00e9), entr\u00e9 en vigueur le 1er janvier 2004, nous avons l&#039;intention de vous informer que Dante Srl, dont le si\u00e8ge social est situ\u00e9 Via dell&#039;Artigianato, 14 \u2013 25030 Torbole Casaglia (BS) ( ci-apr\u00e8s la \u00ab Soci\u00e9t\u00e9 \u00bb) traitera les donn\u00e9es personnelles vous concernant et qui nous ont \u00e9t\u00e9 ou nous seront transmises par vous ou par des tiers communiqu\u00e9s. Le traitement des donn\u00e9es personnelles sera effectu\u00e9 dans le respect de la r\u00e9glementation en vigueur et dans les conditions suivantes.<\/p>\n<p>1. Finalit\u00e9 du traitement<\/p>\n<p>Le traitement des donn\u00e9es personnelles vise exclusivement \u00e0 atteindre les finalit\u00e9s suivantes :<\/p>\n<ol>\n<li>pour les besoins pr\u00e9alables \u00e0 la conclusion des contrats de vente, pour leur ex\u00e9cution et pour la protection des positions cr\u00e9anciers et en d\u00e9coulant\u00a0;<\/li>\n<li>pour remplir tout type d&#039;obligation \u00e9tablie par les lois ou r\u00e8glements en vigueur, notamment en mati\u00e8re fiscale ;<\/li>\n<li>pour les besoins op\u00e9rationnels, de gestion et de comptabilit\u00e9\u00a0;<\/li>\n<li>pour enregistrer l&#039;acc\u00e8s au site Internet de la Soci\u00e9t\u00e9 et l&#039;utilisation des services fournis avec ce site\u00a0;<\/li>\n<li>pour les besoins de suivi de l\u2019\u00e9volution des relations avec les clients et\/ou des risques associ\u00e9s et d\u2019am\u00e9lioration de ces relations ;<\/li>\n<li>\u00e0 des fins commerciales et de marketing strat\u00e9gique et op\u00e9rationnel.<\/li>\n<\/ol>\n<p>2. M\u00e9thodes de traitement<\/p>\n<p>Le traitement des donn\u00e9es peut consister, outre leur collecte, \u00e0 leur enregistrement, stockage, modification, communication, annulation, diffusion, etc. et sera r\u00e9alis\u00e9 tant \u00e0 l&#039;aide de supports papier qu&#039;\u00e0 l&#039;aide d&#039;outils \u00e9lectroniques, informatiques et t\u00e9l\u00e9matiques, selon des m\u00e9thodes et avec des outils adapt\u00e9s pour garantir la s\u00e9curit\u00e9 et la confidentialit\u00e9 des donn\u00e9es elles-m\u00eames, dans le respect des dispositions des articles 31. et suivants du d\u00e9cret l\u00e9gislatif 196\/2003, relatif aux &quot;mesures minimales de s\u00e9curit\u00e9 pour le traitement des donn\u00e9es personnelles&quot;.<br \/>En particulier, toutes les mesures de s\u00e9curit\u00e9 techniques, informatiques, organisationnelles, logistiques et proc\u00e9durales seront adopt\u00e9es, comme pr\u00e9vu par le d\u00e9cret l\u00e9gislatif 196\/2003 et \u00ab l&#039;annexe B \u00bb du m\u00eame d\u00e9cret, afin que le niveau minimum de protection des donn\u00e9es requis par loi.<br \/>De plus, les m\u00e9thodologies appliqu\u00e9es garantissent que l&#039;acc\u00e8s aux donn\u00e9es n&#039;est autoris\u00e9 qu&#039;aux personnes responsables du traitement par notre Soci\u00e9t\u00e9.<\/p>\n<p>3. Mise \u00e0 disposition des donn\u00e9es<\/p>\n<p>La fourniture des donn\u00e9es est :<\/p>\n<ol>\n<li>Obligatoire pour atteindre les finalit\u00e9s li\u00e9es aux obligations \u00e9tablies par les lois ou autres r\u00e9glementations contraignantes\u00a0;<\/li>\n<li>N\u00e9cessaire au bon \u00e9tablissement et \u00e0 la poursuite de la relation \u00e9tablie avec vous.<\/li>\n<\/ol>\n<p>Tout refus de fournir les donn\u00e9es ci-dessus, bien que certainement l\u00e9gitime, pourrait compromettre le bon d\u00e9roulement de la relation avec notre Soci\u00e9t\u00e9 et, notamment, pourrait nous rendre impossible l&#039;ex\u00e9cution de votre\/vos commandes, ainsi que la r\u00e9alisation de la fourniture des prestations demand\u00e9es et la facturation associ\u00e9e.<\/p>\n<p>4. Communication et diffusion des donn\u00e9es<\/p>\n<p>La communication externe des donn\u00e9es personnelles collect\u00e9es pour les finalit\u00e9s vis\u00e9es au point 1 ne peut avoir lieu que lorsque :<\/p>\n<ol>\n<li>cette communication est obligatoire pour garantir le respect des obligations \u00e9tablies par la loi ou d&#039;autres r\u00e9glementations contraignantes\u00a0;<\/li>\n<li>cette communication est obligatoire pour assurer le bon \u00e9tablissement ou la poursuite de la relation commerciale avec vous.<\/li>\n<\/ol>\n<p>Les donn\u00e9es personnelles collect\u00e9es pour atteindre les finalit\u00e9s indiqu\u00e9es ci-dessus pourront \u00eatre communiqu\u00e9es, dans la mesure de leur comp\u00e9tence sp\u00e9cifique, \u00e0 des entit\u00e9s publiques et priv\u00e9es, personnes physiques et\/ou morales et ayant des finalit\u00e9s commerciales et\/ou de gestion de syst\u00e8mes d&#039;information et\/ou de paiement. , y compris des parties externes qui effectuent des t\u00e2ches sp\u00e9cifiques au nom de notre Soci\u00e9t\u00e9.<br \/>En particulier, les donn\u00e9es pourront \u00eatre communiqu\u00e9es aux cat\u00e9gories de sujets suivantes : r\u00e9seau commercial, \u00e9tablissements bancaires et soci\u00e9t\u00e9s sp\u00e9cialis\u00e9es dans la gestion des paiements, cabinets d&#039;avocats et de conseil, sujets charg\u00e9s du contr\u00f4le des \u00e9tats financiers de notre entreprise, autorit\u00e9s publiques ou administrations pour celles qui se conforment. par la loi, les fournisseurs italiens et \u00e9trangers, les soci\u00e9t\u00e9s de financement et de transport, les tiers charg\u00e9s du contr\u00f4le de qualit\u00e9 du flux logistique-commercial, ainsi que d&#039;autres soci\u00e9t\u00e9s appartenant \u00e0 notre Groupe.<br \/>Les donn\u00e9es peuvent \u00e9galement \u00eatre divulgu\u00e9es, mais uniquement sous forme agr\u00e9g\u00e9e, anonyme et \u00e0 des fins statistiques.\u00a0<\/p>\n<p>5. Transfert de donn\u00e9es \u00e0 l&#039;\u00e9tranger<\/p>\n<p>Dans la mesure strictement n\u00e9cessaire \u00e0 l&#039;ex\u00e9cution de la relation contractuelle en cours avec vous, vos donn\u00e9es personnelles pourront \u00eatre communiqu\u00e9es \u00e0 des tiers (tels que des fournisseurs) situ\u00e9s \u00e0 l&#039;\u00e9tranger, au sein ou en dehors de l&#039;Union europ\u00e9enne.<\/p>\n<p>6. Droits de l&#039;int\u00e9ress\u00e9<\/p>\n<p>Conform\u00e9ment \u00e0 l&#039;article 7 et suivants du d\u00e9cret l\u00e9gislatif 196\/2003, vous avez le droit, entre autres, de\u00a0:<\/p>\n<ol>\n<li>obtenir la confirmation de l&#039;existence ou non de donn\u00e9es personnelles vous concernant et leur communication sous une forme intelligible ;<\/li>\n<li>obtenir, du responsable du traitement ou du sous-traitant\u00a0:<br \/>i) des indications sur l&#039;origine des donn\u00e9es personnelles, sur les finalit\u00e9s et les modalit\u00e9s du traitement, sur la logique appliqu\u00e9e en cas de traitement effectu\u00e9 \u00e0 l&#039;aide d&#039;instruments \u00e9lectroniques ;<br \/>ii) indication des donn\u00e9es d&#039;identification du responsable du traitement et des gestionnaires, ainsi que, \u00e9ventuellement, du repr\u00e9sentant d\u00e9sign\u00e9 par une partie \u00e9trang\u00e8re pour traiter les donn\u00e9es en Italie\u00a0;<br \/>iii) des indications concernant les sujets ou cat\u00e9gories de sujets auxquels les donn\u00e9es peuvent \u00eatre communiqu\u00e9es ou qui peuvent en prendre connaissance en qualit\u00e9 de repr\u00e9sentant d\u00e9sign\u00e9 sur le territoire de l&#039;\u00c9tat, de dirigeants ou de personnes d\u00e9sign\u00e9es.<\/li>\n<li>obtenir:<br \/>i) La mise \u00e0 jour, la rectification ou l&#039;int\u00e9gration des donn\u00e9es vous concernant ;<br \/>ii) L&#039;annulation, la transformation sous forme anonyme ou le blocage des donn\u00e9es trait\u00e9es en violation de la loi, y compris celles dont la conservation n&#039;est pas n\u00e9cessaire au regard des finalit\u00e9s pour lesquelles les donn\u00e9es ont \u00e9t\u00e9 collect\u00e9es ou trait\u00e9es ult\u00e9rieurement ;<br \/>iii) Certification du fait que les op\u00e9rations vis\u00e9es aux points (i) et (ii) ci-dessus ont \u00e9t\u00e9 port\u00e9es \u00e0 la connaissance, \u00e9galement en ce qui concerne leur contenu, de ceux \u00e0 qui les donn\u00e9es ont \u00e9t\u00e9 communiqu\u00e9es ou diffus\u00e9es, sauf si le cas dans lequel cet accomplissement est impossible ou implique l&#039;utilisation de moyens manifestement disproportionn\u00e9s par rapport au droit prot\u00e9g\u00e9.<\/li>\n<li>s&#039;opposer, en tout ou en partie :<br \/>i) pour des raisons l\u00e9gitimes, au traitement des donn\u00e9es vous concernant, m\u00eame si elles sont pertinentes \u00e0 la finalit\u00e9 de la collecte ;<br \/>ii) au traitement des donn\u00e9es personnelles vous concernant \u00e0 des fins d&#039;informations commerciales ou d&#039;envoi de mat\u00e9riel publicitaire ou de vente directe ou pour la r\u00e9alisation d&#039;\u00e9tudes de march\u00e9 ou de communication commerciale.<\/li>\n<\/ol>\n<p>Les droits qui pr\u00e9c\u00e8dent peuvent \u00eatre exerc\u00e9s soit directement, soit par l&#039;interm\u00e9diaire de votre repr\u00e9sentant, dans les formes pr\u00e9vues aux statuts. 8 et 9 du d\u00e9cret l\u00e9gislatif 196\/2003.<\/p>\n<p>7. Propri\u00e9taire et gestionnaire<\/p>\n<p>Nous confirmons \u00e9galement que le Responsable du traitement est la soci\u00e9t\u00e9 soussign\u00e9e, en la personne de son repr\u00e9sentant l\u00e9gal pro tempore, dont le si\u00e8ge social est situ\u00e9 Via Fratelli Lechi, 52 \u2013 25121 Brescia (BS). Le responsable du traitement des donn\u00e9es vous concernant, domicili\u00e9 \u00e0 ce titre au si\u00e8ge de la Soci\u00e9t\u00e9, est M. Francesco Carollo.<\/p>\n<p>8. Consentement au traitement<\/p>\n<p>Enfin, nous souhaitons vous informer que votre consentement au traitement des donn\u00e9es personnelles de la mani\u00e8re et aux fins illustr\u00e9es ci-dessus est facultatif. En cas de refus de votre consentement, notre Soci\u00e9t\u00e9 ne pourra pas traiter vos donn\u00e9es personnelles, mais les utiliser uniquement dans le respect des obligations \u00e9tablies par la loi ou autres r\u00e9glementations en vigueur, avec les \u00e9ventuelles cons\u00e9quences d\u00e9crites au point 3 ci-dessus.<\/p>\n\r\n\t\t\t<\/div>\r\n\t\t\t<style>@media screen and (max-width: 1023px) {.thegem-vc-text.thegem-custom-69e737f2b61eb4099{display: block!important;}}@media screen and (max-width: 767px) {.thegem-vc-text.thegem-custom-69e737f2b61eb4099{display: block!important;}}@media screen and (max-width: 1023px) {.thegem-vc-text.thegem-custom-69e737f2b61eb4099{position: relative !important;}}@media screen and (max-width: 767px) {.thegem-vc-text.thegem-custom-69e737f2b61eb4099{position: relative !important;}}<\/style>\r\n\t\t<\/div>\r\n\t\r\n<\/div><\/div><\/div><\/div><\/section>","protected":false},"excerpt":{"rendered":"","protected":false},"author":1,"featured_media":0,"parent":0,"menu_order":0,"comment_status":"closed","ping_status":"closed","template":"","meta":{"footnotes":""},"class_list":["post-3","page","type-page","status-publish"],"yoast_head":"<!-- This site is optimized with the Yoast SEO plugin v20.11 - https:\/\/yoast.com\/wordpress\/plugins\/seo\/ -->\n<title>Privacy Policy - D-Easy Drop<\/title>\n<meta name=\"robots\" content=\"noindex, nofollow\" \/>\n<meta property=\"og:locale\" content=\"fr_FR\" \/>\n<meta property=\"og:type\" content=\"article\" \/>\n<meta property=\"og:title\" content=\"Privacy Policy - D-Easy Drop\" \/>\n<meta property=\"og:url\" content=\"https:\/\/d-easydrop.it\/fr\/privacy-policy\/\" \/>\n<meta property=\"og:site_name\" content=\"D-Easy Drop\" \/>\n<meta property=\"article:modified_time\" content=\"2024-12-05T13:57:22+00:00\" \/>\n<meta name=\"twitter:card\" content=\"summary_large_image\" \/>\n<meta name=\"twitter:label1\" content=\"Dur\u00e9e de lecture estim\u00e9e\" \/>\n\t<meta name=\"twitter:data1\" content=\"7 minutes\" \/>\n<script type=\"application\/ld+json\" class=\"yoast-schema-graph\">{\"@context\":\"https:\/\/schema.org\",\"@graph\":[{\"@type\":\"WebPage\",\"@id\":\"https:\/\/d-easydrop.it\/privacy-policy\/\",\"url\":\"https:\/\/d-easydrop.it\/privacy-policy\/\",\"name\":\"Privacy Policy - D-Easy Drop\",\"isPartOf\":{\"@id\":\"https:\/\/d-easydrop.it\/#website\"},\"datePublished\":\"2023-06-28T08:26:11+00:00\",\"dateModified\":\"2024-12-05T13:57:22+00:00\",\"breadcrumb\":{\"@id\":\"https:\/\/d-easydrop.it\/privacy-policy\/#breadcrumb\"},\"inLanguage\":\"fr-FR\",\"potentialAction\":[{\"@type\":\"ReadAction\",\"target\":[\"https:\/\/d-easydrop.it\/privacy-policy\/\"]}]},{\"@type\":\"BreadcrumbList\",\"@id\":\"https:\/\/d-easydrop.it\/privacy-policy\/#breadcrumb\",\"itemListElement\":[{\"@type\":\"ListItem\",\"position\":1,\"name\":\"Home\",\"item\":\"https:\/\/d-easydrop.it\/\"},{\"@type\":\"ListItem\",\"position\":2,\"name\":\"Privacy Policy\"}]},{\"@type\":\"WebSite\",\"@id\":\"https:\/\/d-easydrop.it\/#website\",\"url\":\"https:\/\/d-easydrop.it\/\",\"name\":\"D-Easy Drop\",\"description\":\"Un innovativo packaging monodose con un sistema di apertura comodo e veloce.\",\"publisher\":{\"@id\":\"https:\/\/d-easydrop.it\/#organization\"},\"potentialAction\":[{\"@type\":\"SearchAction\",\"target\":{\"@type\":\"EntryPoint\",\"urlTemplate\":\"https:\/\/d-easydrop.it\/?s={search_term_string}\"},\"query-input\":\"required name=search_term_string\"}],\"inLanguage\":\"fr-FR\"},{\"@type\":\"Organization\",\"@id\":\"https:\/\/d-easydrop.it\/#organization\",\"name\":\"D-Easy Drop\",\"url\":\"https:\/\/d-easydrop.it\/\",\"logo\":{\"@type\":\"ImageObject\",\"inLanguage\":\"fr-FR\",\"@id\":\"https:\/\/d-easydrop.it\/#\/schema\/logo\/image\/\",\"url\":\"https:\/\/d-easydrop.it\/wp-content\/uploads\/2023\/07\/logohd.jpg\",\"contentUrl\":\"https:\/\/d-easydrop.it\/wp-content\/uploads\/2023\/07\/logohd.jpg\",\"width\":2000,\"height\":1092,\"caption\":\"D-Easy Drop\"},\"image\":{\"@id\":\"https:\/\/d-easydrop.it\/#\/schema\/logo\/image\/\"}}]}<\/script>\n<!-- \/ Yoast SEO plugin. -->","yoast_head_json":{"title":"Privacy Policy - D-Easy Drop","robots":{"index":"noindex","follow":"nofollow"},"og_locale":"fr_FR","og_type":"article","og_title":"Privacy Policy - D-Easy Drop","og_url":"https:\/\/d-easydrop.it\/fr\/privacy-policy\/","og_site_name":"D-Easy Drop","article_modified_time":"2024-12-05T13:57:22+00:00","twitter_card":"summary_large_image","twitter_misc":{"Dur\u00e9e de lecture estim\u00e9e":"7 minutes"},"schema":{"@context":"https:\/\/schema.org","@graph":[{"@type":"WebPage","@id":"https:\/\/d-easydrop.it\/privacy-policy\/","url":"https:\/\/d-easydrop.it\/privacy-policy\/","name":"Privacy Policy - D-Easy Drop","isPartOf":{"@id":"https:\/\/d-easydrop.it\/#website"},"datePublished":"2023-06-28T08:26:11+00:00","dateModified":"2024-12-05T13:57:22+00:00","breadcrumb":{"@id":"https:\/\/d-easydrop.it\/privacy-policy\/#breadcrumb"},"inLanguage":"fr-FR","potentialAction":[{"@type":"ReadAction","target":["https:\/\/d-easydrop.it\/privacy-policy\/"]}]},{"@type":"BreadcrumbList","@id":"https:\/\/d-easydrop.it\/privacy-policy\/#breadcrumb","itemListElement":[{"@type":"ListItem","position":1,"name":"Home","item":"https:\/\/d-easydrop.it\/"},{"@type":"ListItem","position":2,"name":"Privacy Policy"}]},{"@type":"WebSite","@id":"https:\/\/d-easydrop.it\/#website","url":"https:\/\/d-easydrop.it\/","name":"D-Easy Drop","description":"Un innovativo packaging monodose con un sistema di apertura comodo e veloce.","publisher":{"@id":"https:\/\/d-easydrop.it\/#organization"},"potentialAction":[{"@type":"SearchAction","target":{"@type":"EntryPoint","urlTemplate":"https:\/\/d-easydrop.it\/?s={search_term_string}"},"query-input":"required name=search_term_string"}],"inLanguage":"fr-FR"},{"@type":"Organization","@id":"https:\/\/d-easydrop.it\/#organization","name":"D-Easy Drop","url":"https:\/\/d-easydrop.it\/","logo":{"@type":"ImageObject","inLanguage":"fr-FR","@id":"https:\/\/d-easydrop.it\/#\/schema\/logo\/image\/","url":"https:\/\/d-easydrop.it\/wp-content\/uploads\/2023\/07\/logohd.jpg","contentUrl":"https:\/\/d-easydrop.it\/wp-content\/uploads\/2023\/07\/logohd.jpg","width":2000,"height":1092,"caption":"D-Easy Drop"},"image":{"@id":"https:\/\/d-easydrop.it\/#\/schema\/logo\/image\/"}}]}},"_links":{"self":[{"href":"https:\/\/d-easydrop.it\/fr\/wp-json\/wp\/v2\/pages\/3","targetHints":{"allow":["GET"]}}],"collection":[{"href":"https:\/\/d-easydrop.it\/fr\/wp-json\/wp\/v2\/pages"}],"about":[{"href":"https:\/\/d-easydrop.it\/fr\/wp-json\/wp\/v2\/types\/page"}],"author":[{"embeddable":true,"href":"https:\/\/d-easydrop.it\/fr\/wp-json\/wp\/v2\/users\/1"}],"replies":[{"embeddable":true,"href":"https:\/\/d-easydrop.it\/fr\/wp-json\/wp\/v2\/comments?post=3"}],"version-history":[{"count":1,"href":"https:\/\/d-easydrop.it\/fr\/wp-json\/wp\/v2\/pages\/3\/revisions"}],"predecessor-version":[{"id":3814,"href":"https:\/\/d-easydrop.it\/fr\/wp-json\/wp\/v2\/pages\/3\/revisions\/3814"}],"wp:attachment":[{"href":"https:\/\/d-easydrop.it\/fr\/wp-json\/wp\/v2\/media?parent=3"}],"curies":[{"name":"wp","href":"https:\/\/api.w.org\/{rel}","templated":true}]}}