{"id":556,"date":"2019-02-11T13:32:44","date_gmt":"2019-02-11T13:32:44","guid":{"rendered":"http:\/\/democontent.codex-themes.com\/sites\/medical-center\/?page_id=556"},"modified":"2024-05-31T08:53:09","modified_gmt":"2024-05-31T08:53:09","slug":"about-us","status":"publish","type":"page","link":"https:\/\/d-easydrop.it\/es\/about-us\/","title":{"rendered":"Proyecto D-Easydrop"},"content":{"rendered":"<section class=\"wpb-content-wrapper\"><div id=\"vc_row-69e62fb845ee9\" class=\"vc_row wpb_row vc_row-fluid vc_custom_1689784943145 thegem-custom-69e62fb845ea48549\"><div class=\"wpb_column vc_column_container vc_col-sm-12 thegem-custom-69e62fb8463c56615\"><div class=\"vc_column-inner thegem-custom-inner-69e62fb8463c7\"><div class=\"wpb_wrapper thegem-custom-69e62fb8463c56615\">\r\n\t\r\n\t\t<div class=\"wpb_text_column wpb_content_element  thegem-vc-text thegem-custom-69e62fb8467d16985\"  >\r\n\t\t\t<div class=\"wpb_wrapper\">\r\n\t\t\t\t<h4><strong>F\u00e1cil de abrir, f\u00e1cil de usar<\/strong><\/h4>\n\r\n\t\t\t<\/div>\r\n\t\t\t<style>@media screen and (max-width: 1023px) {.thegem-vc-text.thegem-custom-69e62fb8467d16985{display: block!important;}}@media screen and (max-width: 767px) {.thegem-vc-text.thegem-custom-69e62fb8467d16985{display: block!important;}}@media screen and (max-width: 1023px) {.thegem-vc-text.thegem-custom-69e62fb8467d16985{position: relative !important;}}@media screen and (max-width: 767px) {.thegem-vc-text.thegem-custom-69e62fb8467d16985{position: relative !important;}}<\/style>\r\n\t\t<\/div>\r\n\t\r\n<\/div><\/div><\/div><\/div><div id=\"vc_row-69e62fb8469ab\" class=\"vc_row wpb_row vc_row-fluid thegem-custom-69e62fb8469a36858\"><div class=\"wpb_column vc_column_container vc_col-sm-6 thegem-custom-69e62fb846b608686\"><div class=\"vc_column-inner thegem-custom-inner-69e62fb846b62\"><div class=\"wpb_wrapper thegem-custom-69e62fb846b608686\">\r\n\t\r\n\t\t<div class=\"wpb_text_column wpb_content_element  thegem-vc-text thegem-custom-69e62fb846c782909\"  >\r\n\t\t\t<div class=\"wpb_wrapper\">\r\n\t\t\t\t<p>Abrir paquetes deber\u00eda ser una operaci\u00f3n sencilla para todos nosotros, pero a menudo nos encontramos ante ampollas complicadas o poco intuitivas. Con D-easydrop, todo esto pasa a ser cosa del pasado. Ya no necesitar\u00e1s herramientas, l\u00edneas de puntos ni esfuerzo excesivo para abrir nuestros innovadores ampollas monodosis.<\/p>\n<p>Gracias al dise\u00f1o inteligente de D-easydrop, una ligera presi\u00f3n de tres dedos ser\u00e1 suficiente para abrirlo sin problemas. Un gesto r\u00e1pido e intuitivo, como una caricia, te permitir\u00e1 acceder a tu producto de forma r\u00e1pida y c\u00f3moda.<\/p>\n<p>Los beneficios no terminan ah\u00ed: nuestra soluci\u00f3n es completamente reciclable, lo que ayuda a reducir el impacto ambiental y preservar nuestro planeta.<\/p>\n<p>D-easydrop es ideal para contener cualquier producto l\u00edquido o en gel, ofreciendo diferentes opciones de cantidad y formato para cubrir todas tus necesidades.<\/p>\n<p>Hacemos de la apertura de paquetes una experiencia agradable y sin estr\u00e9s con D-easydrop, la elecci\u00f3n inteligente para un embalaje m\u00e1s f\u00e1cil y sostenible.<\/p>\n<p><strong>Disponible en los siguientes formatos:<\/strong><\/p>\n<ul>\n<li>66 X 100 mm (hasta 12 ml de producto)<\/li>\n<li>40 X 50 mm (hasta 1,5 ml de producto)<\/li>\n<\/ul>\n\r\n\t\t\t<\/div>\r\n\t\t\t<style>@media screen and (max-width: 1023px) {.thegem-vc-text.thegem-custom-69e62fb846c782909{display: block!important;}}@media screen and (max-width: 767px) {.thegem-vc-text.thegem-custom-69e62fb846c782909{display: block!important;}}@media screen and (max-width: 1023px) {.thegem-vc-text.thegem-custom-69e62fb846c782909{position: relative !important;}}@media screen and (max-width: 767px) {.thegem-vc-text.thegem-custom-69e62fb846c782909{position: relative !important;}}<\/style>\r\n\t\t<\/div>\r\n\t\r\n<\/div><\/div><\/div><div class=\"wpb_column vc_column_container vc_col-sm-6 thegem-custom-69e62fb846de51243\"><div class=\"vc_column-inner thegem-custom-inner-69e62fb846de7\"><div class=\"wpb_wrapper thegem-custom-69e62fb846de51243\">\r\n\t\r\n\t<div  class=\"wpb_single_image wpb_content_element vc_align_left\" >\r\n\t\t\r\n\t\t<figure class=\"wpb_wrapper vc_figure\">\r\n\t\t\t<div class=\"vc_single_image-wrapper   vc_box_border_grey\"><img decoding=\"async\" width=\"1000\" height=\"1182\" src=\"https:\/\/d-easydrop.it\/wp-content\/uploads\/2023\/07\/D-EASYDROP-applicazioni-1.jpg\" class=\"vc_single_image-img attachment-full\" alt=\"\" title=\"Aplicaciones D-EASYDROP\" srcset=\"https:\/\/d-easydrop.it\/wp-content\/uploads\/2023\/07\/D-EASYDROP-applicazioni-1.jpg 1000w, https:\/\/d-easydrop.it\/wp-content\/uploads\/2023\/07\/D-EASYDROP-applicazioni-1-600x709.jpg 600w, https:\/\/d-easydrop.it\/wp-content\/uploads\/2023\/07\/D-EASYDROP-applicazioni-1-254x300.jpg 254w, https:\/\/d-easydrop.it\/wp-content\/uploads\/2023\/07\/D-EASYDROP-applicazioni-1-866x1024.jpg 866w, https:\/\/d-easydrop.it\/wp-content\/uploads\/2023\/07\/D-EASYDROP-applicazioni-1-768x908.jpg 768w\" sizes=\"(max-width: 1000px) 100vw, 1000px\" \/><\/div>\r\n\t\t<\/figure>\r\n\t<\/div>\r\n\t\r\n<\/div><\/div><\/div><\/div><div class=\"vc_row-full-width-before\"><\/div><div id=\"vc_row-69e62fb84792d\" data-vc-full-width=\"true\" data-vc-full-width-init=\"false\" class=\"vc_row wpb_row vc_row-fluid vc_custom_1586773707314 thegem-custom-69e62fb847920664 vc_row-has-fill\"><script type=\"text\/javascript\">if (typeof(gem_fix_fullwidth_position) == \"function\") { gem_fix_fullwidth_position(document.getElementById(\"vc_row-69e62fb84792d\")); }<\/script><div class=\"wpb_column vc_column_container vc_col-sm-12 thegem-custom-69e62fb847af94591\"><div class=\"vc_column-inner thegem-custom-inner-69e62fb847afb\"><div class=\"wpb_wrapper thegem-custom-69e62fb847af94591\"><div class=\"clearboth\"><\/div><style>#thegem-divider-69e62fb847bf5 {margin-top: 85px !important;}<\/style><div id=\"thegem-divider-69e62fb847bf5\" class=\"gem-divider  divider-hidden\" style=\"\" ><\/div>\r\n\t\r\n\t\t<div class=\"wpb_text_column wpb_content_element  wpb_animate_when_almost_visible wpb_bottom-to-top bottom-to-top thegem-vc-text thegem-custom-69e62fb847ca87277\"  >\r\n\t\t\t<div class=\"wpb_wrapper\">\r\n\t\t\t\t<h4 style=\"text-align: center;\">UN EST\u00c1NDAR PARA ENVASES MONODOSIS<\/h4>\n\r\n\t\t\t<\/div>\r\n\t\t\t<style>@media screen and (max-width: 1023px) {.thegem-vc-text.thegem-custom-69e62fb847ca87277{display: block!important;}}@media screen and (max-width: 767px) {.thegem-vc-text.thegem-custom-69e62fb847ca87277{display: block!important;}}@media screen and (max-width: 1023px) {.thegem-vc-text.thegem-custom-69e62fb847ca87277{position: relative !important;}}@media screen and (max-width: 767px) {.thegem-vc-text.thegem-custom-69e62fb847ca87277{position: relative !important;}}<\/style>\r\n\t\t<\/div>\r\n\t\r\n\r\n\t\r\n\t\t<div class=\"wpb_text_column wpb_content_element  wpb_animate_when_almost_visible wpb_bottom-to-top bottom-to-top vc_custom_1689757236582 thegem-vc-text thegem-custom-69e62fb847d8e8245\"  >\r\n\t\t\t<div class=\"wpb_wrapper\">\r\n\t\t\t\t<h1 style=\"text-align: center;\">EMBALAJE \u00daNICO<\/h1>\n\r\n\t\t\t<\/div>\r\n\t\t\t<style>@media screen and (max-width: 1023px) {.thegem-vc-text.thegem-custom-69e62fb847d8e8245{display: block!important;}}@media screen and (max-width: 767px) {.thegem-vc-text.thegem-custom-69e62fb847d8e8245{display: block!important;}}@media screen and (max-width: 1023px) {.thegem-vc-text.thegem-custom-69e62fb847d8e8245{position: relative !important;}}@media screen and (max-width: 767px) {.thegem-vc-text.thegem-custom-69e62fb847d8e8245{position: relative !important;}}<\/style>\r\n\t\t<\/div>\r\n\t\r\n<div class=\"clearboth\"><\/div><style>#thegem-divider-69e62fb847ded {margin-top: 80px !important;}<\/style><div id=\"thegem-divider-69e62fb847ded\" class=\"gem-divider  divider-hidden\" style=\"\" ><\/div><div class=\"vc_row wpb_row vc_inner vc_row-fluid vc_custom_1586773716241 thegem-custom-69e62fb8481d27087 vc_row-has-fill vc_row-o-equal-height vc_row-flex custom-inner-column-69e62fb8481de\"><div class=\"wpb_column vc_column_container vc_col-sm-4 thegem-custom-69e62fb8485a09422 vc_col-has-fill\"><div class=\"vc_column-inner thegem-custom-inner-69e62fb8485a1 vc_custom_1689757511232\"><div class=\"wpb_wrapper thegem-custom-69e62fb8485a09422\"><div class=\"clearboth\"><\/div><style>#thegem-divider-69e62fb84865e {margin-top: 314px !important;}<\/style><div id=\"thegem-divider-69e62fb84865e\" class=\"gem-divider\" style=\"\" ><\/div><\/div><\/div><\/div><div class=\"wpb_column vc_column_container vc_col-sm-4 thegem-custom-69e62fb84874c3355 vc_col-has-fill\"><div class=\"vc_column-inner thegem-custom-inner-69e62fb84874d vc_custom_1501671397901\"><div class=\"wpb_wrapper thegem-custom-69e62fb84874c3355\"><div class=\"clearboth\"><\/div><style>#thegem-divider-69e62fb848812 {margin-top: 30px !important;}<\/style><div id=\"thegem-divider-69e62fb848812\" class=\"gem-divider\" style=\"\" ><\/div><div class=\"lazy-loading\" data-ll-item-delay=\"0\"><div class=\"gem-textbox  lazy-loading-item centered-box\"  data-ll-effect=\"move-up\" ><div class=\"gem-textbox-inner\" style=\"\"><div class=\"gem-textbox-content\" style=\"background-position: center top;padding-top: 20px;padding-bottom: 30px;\">\r\n\t\r\n\t\t<div class=\"wpb_text_column wpb_content_element  thegem-vc-text thegem-custom-69e62fb8489446277\"  >\r\n\t\t\t<div class=\"wpb_wrapper\">\r\n\t\t\t\t<h5 style=\"text-align: center;\">SENCILLO Y VERS\u00c1TIL<\/h5>\n\r\n\t\t\t<\/div>\r\n\t\t\t<style>@media screen and (max-width: 1023px) {.thegem-vc-text.thegem-custom-69e62fb8489446277{display: block!important;}}@media screen and (max-width: 767px) {.thegem-vc-text.thegem-custom-69e62fb8489446277{display: block!important;}}@media screen and (max-width: 1023px) {.thegem-vc-text.thegem-custom-69e62fb8489446277{position: relative !important;}}@media screen and (max-width: 767px) {.thegem-vc-text.thegem-custom-69e62fb8489446277{position: relative !important;}}<\/style>\r\n\t\t<\/div>\r\n\t\r\n<div class=\"clearboth\"><\/div><style>#thegem-divider-69e62fb8489ab {margin-top: 30px !important;}<\/style><div id=\"thegem-divider-69e62fb8489ab\" class=\"gem-divider\" style=\"\" ><\/div>\r\n\t\r\n\t\t<div class=\"wpb_text_column wpb_content_element  thegem-vc-text thegem-custom-69e62fb848a319854\"  >\r\n\t\t\t<div class=\"wpb_wrapper\">\r\n\t\t\t\t<div class=\"et_pb_blurb_container\">\n<div class=\"et_pb_blurb_description\">\n<p>Una forma innovadora de abrir paquetes en el mercado <strong>alimentos, cosm\u00e9ticos,<\/strong> <strong>qu\u00edmicos y farmac\u00e9uticos,<\/strong> D-esadrop\u00a0 <strong>se abre con una sola mano<\/strong>, sin esfuerzo. F\u00e1cilmente utilizado por la gente. <strong>anciano<\/strong> o discapacitado.<\/p>\n<\/div>\n<\/div>\n\r\n\t\t\t<\/div>\r\n\t\t\t<style>@media screen and (max-width: 1023px) {.thegem-vc-text.thegem-custom-69e62fb848a319854{display: block!important;}}@media screen and (max-width: 767px) {.thegem-vc-text.thegem-custom-69e62fb848a319854{display: block!important;}}@media screen and (max-width: 1023px) {.thegem-vc-text.thegem-custom-69e62fb848a319854{position: relative !important;}}@media screen and (max-width: 767px) {.thegem-vc-text.thegem-custom-69e62fb848a319854{position: relative !important;}}<\/style>\r\n\t\t<\/div>\r\n\t\r\n<div class=\"clearboth\"><\/div><style>#thegem-divider-69e62fb848a98 {margin-top: 30px !important;}<\/style><div id=\"thegem-divider-69e62fb848a98\" class=\"gem-divider\" style=\"\" ><\/div><\/div><\/div><\/div><\/div><\/div><\/div><\/div><div class=\"wpb_column vc_column_container vc_col-sm-4 thegem-custom-69e62fb848bc03810 vc_col-has-fill\"><div class=\"vc_column-inner thegem-custom-inner-69e62fb848bc1 vc_custom_1689758888889\"><div class=\"wpb_wrapper thegem-custom-69e62fb848bc03810\"><div class=\"clearboth\"><\/div><style>#thegem-divider-69e62fb848c37 {margin-top: 314px !important;}<\/style><div id=\"thegem-divider-69e62fb848c37\" class=\"gem-divider\" style=\"\" ><\/div><\/div><\/div><\/div><\/div><div class=\"vc_row wpb_row vc_inner vc_row-fluid vc_custom_1586773721104 thegem-custom-69e62fb848d552488 vc_row-has-fill vc_row-o-equal-height vc_row-flex custom-inner-column-69e62fb848d5e\"><div class=\"wpb_column vc_column_container vc_col-sm-4 thegem-custom-69e62fb848eae4232 vc_col-has-fill\"><div class=\"vc_column-inner thegem-custom-inner-69e62fb848eaf vc_custom_1501158866510\"><div class=\"wpb_wrapper thegem-custom-69e62fb848eae4232\"><div class=\"clearboth\"><\/div><style>#thegem-divider-69e62fb848f2a {margin-top: 30px !important;}<\/style><div id=\"thegem-divider-69e62fb848f2a\" class=\"gem-divider\" style=\"\" ><\/div><div class=\"lazy-loading\" data-ll-item-delay=\"0\"><div class=\"gem-textbox  lazy-loading-item centered-box\"  data-ll-effect=\"move-up\" ><div class=\"gem-textbox-inner\" style=\"\"><div class=\"gem-textbox-content\" style=\"background-position: center top;padding-top: 20px;padding-bottom: 30px;\">\r\n\t\r\n\t\t<div class=\"wpb_text_column wpb_content_element  thegem-vc-text thegem-custom-69e62fb84902a7304\"  >\r\n\t\t\t<div class=\"wpb_wrapper\">\r\n\t\t\t\t<h5 style=\"text-align: center;\">360\u00b0 PERSONALIZABLE<\/h5>\n\r\n\t\t\t<\/div>\r\n\t\t\t<style>@media screen and (max-width: 1023px) {.thegem-vc-text.thegem-custom-69e62fb84902a7304{display: block!important;}}@media screen and (max-width: 767px) {.thegem-vc-text.thegem-custom-69e62fb84902a7304{display: block!important;}}@media screen and (max-width: 1023px) {.thegem-vc-text.thegem-custom-69e62fb84902a7304{position: relative !important;}}@media screen and (max-width: 767px) {.thegem-vc-text.thegem-custom-69e62fb84902a7304{position: relative !important;}}<\/style>\r\n\t\t<\/div>\r\n\t\r\n<div class=\"clearboth\"><\/div><style>#thegem-divider-69e62fb84908e {margin-top: 30px !important;}<\/style><div id=\"thegem-divider-69e62fb84908e\" class=\"gem-divider\" style=\"\" ><\/div>\r\n\t\r\n\t\t<div class=\"wpb_text_column wpb_content_element  thegem-vc-text thegem-custom-69e62fb84911d7901\"  >\r\n\t\t\t<div class=\"wpb_wrapper\">\r\n\t\t\t\t<div id=\"comefunziona-blur\" class=\"et_pb_module et_pb_blurb et_pb_blurb_13 et_pb_text_align_left et_pb_blurb_position_left et_pb_bg_layout_light\">\n<div class=\"et_pb_blurb_content\">\n<div class=\"et_pb_blurb_container\">\n<div class=\"et_pb_blurb_description\">\n<p>Toda la superficie se puede imprimir con la tuya. <strong>comunicaci\u00f3n tanto en el frente como en la parte posterior<\/strong>. Esto significa enormes oportunidades <strong>visibilidad y promoci\u00f3n<\/strong> de tu marca. Una herramienta de marketing literalmente en manos de tu consumidor con la que, a trav\u00e9s del C\u00d3DIGO QR podr\u00e1s <strong>establecer contacto directo<\/strong>.<\/p>\n<\/div>\n<\/div>\n<\/div>\n<\/div>\n\r\n\t\t\t<\/div>\r\n\t\t\t<style>@media screen and (max-width: 1023px) {.thegem-vc-text.thegem-custom-69e62fb84911d7901{display: block!important;}}@media screen and (max-width: 767px) {.thegem-vc-text.thegem-custom-69e62fb84911d7901{display: block!important;}}@media screen and (max-width: 1023px) {.thegem-vc-text.thegem-custom-69e62fb84911d7901{position: relative !important;}}@media screen and (max-width: 767px) {.thegem-vc-text.thegem-custom-69e62fb84911d7901{position: relative !important;}}<\/style>\r\n\t\t<\/div>\r\n\t\r\n<div class=\"clearboth\"><\/div><style>#thegem-divider-69e62fb84918e {margin-top: 30px !important;}<\/style><div id=\"thegem-divider-69e62fb84918e\" class=\"gem-divider\" style=\"\" ><\/div><\/div><\/div><\/div><\/div><\/div><\/div><\/div><div class=\"wpb_column vc_column_container vc_col-sm-4 thegem-custom-69e62fb8492a16803 vc_col-has-fill\"><div class=\"vc_column-inner thegem-custom-inner-69e62fb8492a2 vc_custom_1689759036361\"><div class=\"wpb_wrapper thegem-custom-69e62fb8492a16803\"><div class=\"clearboth\"><\/div><style>#thegem-divider-69e62fb84930e {margin-top: 314px !important;}<\/style><div id=\"thegem-divider-69e62fb84930e\" class=\"gem-divider\" style=\"\" ><\/div><\/div><\/div><\/div><div class=\"wpb_column vc_column_container vc_col-sm-4 thegem-custom-69e62fb8493df5764 vc_col-has-fill\"><div class=\"vc_column-inner thegem-custom-inner-69e62fb8493e0 vc_custom_1501158887719\"><div class=\"wpb_wrapper thegem-custom-69e62fb8493df5764\"><div class=\"clearboth\"><\/div><style>#thegem-divider-69e62fb849452 {margin-top: 30px !important;}<\/style><div id=\"thegem-divider-69e62fb849452\" class=\"gem-divider\" style=\"\" ><\/div><div class=\"lazy-loading\" data-ll-item-delay=\"0\"><div class=\"gem-textbox  lazy-loading-item centered-box\"  data-ll-effect=\"move-up\" ><div class=\"gem-textbox-inner\" style=\"\"><div class=\"gem-textbox-content\" style=\"background-position: center top;padding-top: 20px;padding-bottom: 30px;\">\r\n\t\r\n\t\t<div class=\"wpb_text_column wpb_content_element  thegem-vc-text thegem-custom-69e62fb84952d4714\"  >\r\n\t\t\t<div class=\"wpb_wrapper\">\r\n\t\t\t\t<h5 style=\"text-align: center;\">EMBALAJE SOSTENIBLE<\/h5>\n\r\n\t\t\t<\/div>\r\n\t\t\t<style>@media screen and (max-width: 1023px) {.thegem-vc-text.thegem-custom-69e62fb84952d4714{display: block!important;}}@media screen and (max-width: 767px) {.thegem-vc-text.thegem-custom-69e62fb84952d4714{display: block!important;}}@media screen and (max-width: 1023px) {.thegem-vc-text.thegem-custom-69e62fb84952d4714{position: relative !important;}}@media screen and (max-width: 767px) {.thegem-vc-text.thegem-custom-69e62fb84952d4714{position: relative !important;}}<\/style>\r\n\t\t<\/div>\r\n\t\r\n<div class=\"clearboth\"><\/div><style>#thegem-divider-69e62fb84958c {margin-top: 30px !important;}<\/style><div id=\"thegem-divider-69e62fb84958c\" class=\"gem-divider\" style=\"\" ><\/div>\r\n\t\r\n\t\t<div class=\"wpb_text_column wpb_content_element  thegem-vc-text thegem-custom-69e62fb84960d3697\"  >\r\n\t\t\t<div class=\"wpb_wrapper\">\r\n\t\t\t\t<p style=\"text-align: center;\"><strong>D-f\u00e1cil ca\u00edda<\/strong> ofrece una soluci\u00f3n innovadora que reduce la acumulaci\u00f3n de micropl\u00e1sticos en el medio ambiente y promueve el reciclaje de materiales. Se trata de un paso positivo hacia la protecci\u00f3n del ecosistema y la promoci\u00f3n de un consumo m\u00e1s responsable.<\/p>\n\r\n\t\t\t<\/div>\r\n\t\t\t<style>@media screen and (max-width: 1023px) {.thegem-vc-text.thegem-custom-69e62fb84960d3697{display: block!important;}}@media screen and (max-width: 767px) {.thegem-vc-text.thegem-custom-69e62fb84960d3697{display: block!important;}}@media screen and (max-width: 1023px) {.thegem-vc-text.thegem-custom-69e62fb84960d3697{position: relative !important;}}@media screen and (max-width: 767px) {.thegem-vc-text.thegem-custom-69e62fb84960d3697{position: relative !important;}}<\/style>\r\n\t\t<\/div>\r\n\t\r\n<div class=\"clearboth\"><\/div><style>#thegem-divider-69e62fb849666 {margin-top: 30px !important;}<\/style><div id=\"thegem-divider-69e62fb849666\" class=\"gem-divider\" style=\"\" ><\/div><\/div><\/div><\/div><\/div><\/div><\/div><\/div><\/div><div class=\"clearboth\"><\/div><style>#thegem-divider-69e62fb8496ce {margin-top: 149px !important;}<\/style><div id=\"thegem-divider-69e62fb8496ce\" class=\"gem-divider  divider-hidden divider-big\" style=\"\" ><\/div><\/div><\/div><\/div><\/div><div class=\"vc_row-full-width vc_clearfix\"><\/div>\n<\/section>","protected":false},"excerpt":{"rendered":"","protected":false},"author":1,"featured_media":0,"parent":0,"menu_order":0,"comment_status":"closed","ping_status":"closed","template":"","meta":{"footnotes":""},"class_list":["post-556","page","type-page","status-publish"],"yoast_head":"<!-- This site is optimized with the Yoast SEO plugin v20.11 - https:\/\/yoast.com\/wordpress\/plugins\/seo\/ -->\n<title>Progetto D-Easydrop - D-Easy Drop<\/title>\n<meta name=\"robots\" content=\"index, follow, max-snippet:-1, max-image-preview:large, max-video-preview:-1\" \/>\n<link rel=\"canonical\" href=\"https:\/\/d-easydrop.it\/es\/about-us\/\" \/>\n<meta property=\"og:locale\" content=\"es_ES\" \/>\n<meta property=\"og:type\" content=\"article\" \/>\n<meta property=\"og:title\" content=\"Progetto D-Easydrop - D-Easy Drop\" \/>\n<meta property=\"og:url\" content=\"https:\/\/d-easydrop.it\/es\/about-us\/\" \/>\n<meta property=\"og:site_name\" content=\"D-Easy Drop\" \/>\n<meta property=\"article:modified_time\" content=\"2024-05-31T08:53:09+00:00\" \/>\n<meta name=\"twitter:card\" content=\"summary_large_image\" \/>\n<meta name=\"twitter:label1\" content=\"Tiempo de lectura\" \/>\n\t<meta name=\"twitter:data1\" content=\"3 minutos\" \/>\n<script type=\"application\/ld+json\" class=\"yoast-schema-graph\">{\"@context\":\"https:\/\/schema.org\",\"@graph\":[{\"@type\":\"WebPage\",\"@id\":\"https:\/\/d-easydrop.it\/about-us\/\",\"url\":\"https:\/\/d-easydrop.it\/about-us\/\",\"name\":\"Progetto D-Easydrop - D-Easy Drop\",\"isPartOf\":{\"@id\":\"https:\/\/d-easydrop.it\/#website\"},\"datePublished\":\"2019-02-11T13:32:44+00:00\",\"dateModified\":\"2024-05-31T08:53:09+00:00\",\"breadcrumb\":{\"@id\":\"https:\/\/d-easydrop.it\/about-us\/#breadcrumb\"},\"inLanguage\":\"es\",\"potentialAction\":[{\"@type\":\"ReadAction\",\"target\":[\"https:\/\/d-easydrop.it\/about-us\/\"]}]},{\"@type\":\"BreadcrumbList\",\"@id\":\"https:\/\/d-easydrop.it\/about-us\/#breadcrumb\",\"itemListElement\":[{\"@type\":\"ListItem\",\"position\":1,\"name\":\"Home\",\"item\":\"https:\/\/d-easydrop.it\/\"},{\"@type\":\"ListItem\",\"position\":2,\"name\":\"Progetto D-Easydrop\"}]},{\"@type\":\"WebSite\",\"@id\":\"https:\/\/d-easydrop.it\/#website\",\"url\":\"https:\/\/d-easydrop.it\/\",\"name\":\"D-Easy Drop\",\"description\":\"Un innovativo packaging monodose con un sistema di apertura comodo e veloce.\",\"publisher\":{\"@id\":\"https:\/\/d-easydrop.it\/#organization\"},\"potentialAction\":[{\"@type\":\"SearchAction\",\"target\":{\"@type\":\"EntryPoint\",\"urlTemplate\":\"https:\/\/d-easydrop.it\/?s={search_term_string}\"},\"query-input\":\"required name=search_term_string\"}],\"inLanguage\":\"es\"},{\"@type\":\"Organization\",\"@id\":\"https:\/\/d-easydrop.it\/#organization\",\"name\":\"D-Easy Drop\",\"url\":\"https:\/\/d-easydrop.it\/\",\"logo\":{\"@type\":\"ImageObject\",\"inLanguage\":\"es\",\"@id\":\"https:\/\/d-easydrop.it\/#\/schema\/logo\/image\/\",\"url\":\"https:\/\/d-easydrop.it\/wp-content\/uploads\/2023\/07\/logohd.jpg\",\"contentUrl\":\"https:\/\/d-easydrop.it\/wp-content\/uploads\/2023\/07\/logohd.jpg\",\"width\":2000,\"height\":1092,\"caption\":\"D-Easy Drop\"},\"image\":{\"@id\":\"https:\/\/d-easydrop.it\/#\/schema\/logo\/image\/\"}}]}<\/script>\n<!-- \/ Yoast SEO plugin. -->","yoast_head_json":{"title":"Progetto D-Easydrop - D-Easy Drop","robots":{"index":"index","follow":"follow","max-snippet":"max-snippet:-1","max-image-preview":"max-image-preview:large","max-video-preview":"max-video-preview:-1"},"canonical":"https:\/\/d-easydrop.it\/es\/about-us\/","og_locale":"es_ES","og_type":"article","og_title":"Progetto D-Easydrop - D-Easy Drop","og_url":"https:\/\/d-easydrop.it\/es\/about-us\/","og_site_name":"D-Easy Drop","article_modified_time":"2024-05-31T08:53:09+00:00","twitter_card":"summary_large_image","twitter_misc":{"Tiempo de lectura":"3 minutos"},"schema":{"@context":"https:\/\/schema.org","@graph":[{"@type":"WebPage","@id":"https:\/\/d-easydrop.it\/about-us\/","url":"https:\/\/d-easydrop.it\/about-us\/","name":"Progetto D-Easydrop - D-Easy Drop","isPartOf":{"@id":"https:\/\/d-easydrop.it\/#website"},"datePublished":"2019-02-11T13:32:44+00:00","dateModified":"2024-05-31T08:53:09+00:00","breadcrumb":{"@id":"https:\/\/d-easydrop.it\/about-us\/#breadcrumb"},"inLanguage":"es","potentialAction":[{"@type":"ReadAction","target":["https:\/\/d-easydrop.it\/about-us\/"]}]},{"@type":"BreadcrumbList","@id":"https:\/\/d-easydrop.it\/about-us\/#breadcrumb","itemListElement":[{"@type":"ListItem","position":1,"name":"Home","item":"https:\/\/d-easydrop.it\/"},{"@type":"ListItem","position":2,"name":"Progetto D-Easydrop"}]},{"@type":"WebSite","@id":"https:\/\/d-easydrop.it\/#website","url":"https:\/\/d-easydrop.it\/","name":"D-Easy Drop","description":"Un innovativo packaging monodose con un sistema di apertura comodo e veloce.","publisher":{"@id":"https:\/\/d-easydrop.it\/#organization"},"potentialAction":[{"@type":"SearchAction","target":{"@type":"EntryPoint","urlTemplate":"https:\/\/d-easydrop.it\/?s={search_term_string}"},"query-input":"required name=search_term_string"}],"inLanguage":"es"},{"@type":"Organization","@id":"https:\/\/d-easydrop.it\/#organization","name":"D-Easy Drop","url":"https:\/\/d-easydrop.it\/","logo":{"@type":"ImageObject","inLanguage":"es","@id":"https:\/\/d-easydrop.it\/#\/schema\/logo\/image\/","url":"https:\/\/d-easydrop.it\/wp-content\/uploads\/2023\/07\/logohd.jpg","contentUrl":"https:\/\/d-easydrop.it\/wp-content\/uploads\/2023\/07\/logohd.jpg","width":2000,"height":1092,"caption":"D-Easy Drop"},"image":{"@id":"https:\/\/d-easydrop.it\/#\/schema\/logo\/image\/"}}]}},"_links":{"self":[{"href":"https:\/\/d-easydrop.it\/es\/wp-json\/wp\/v2\/pages\/556","targetHints":{"allow":["GET"]}}],"collection":[{"href":"https:\/\/d-easydrop.it\/es\/wp-json\/wp\/v2\/pages"}],"about":[{"href":"https:\/\/d-easydrop.it\/es\/wp-json\/wp\/v2\/types\/page"}],"author":[{"embeddable":true,"href":"https:\/\/d-easydrop.it\/es\/wp-json\/wp\/v2\/users\/1"}],"replies":[{"embeddable":true,"href":"https:\/\/d-easydrop.it\/es\/wp-json\/wp\/v2\/comments?post=556"}],"version-history":[{"count":31,"href":"https:\/\/d-easydrop.it\/es\/wp-json\/wp\/v2\/pages\/556\/revisions"}],"predecessor-version":[{"id":3990,"href":"https:\/\/d-easydrop.it\/es\/wp-json\/wp\/v2\/pages\/556\/revisions\/3990"}],"wp:attachment":[{"href":"https:\/\/d-easydrop.it\/es\/wp-json\/wp\/v2\/media?parent=556"}],"curies":[{"name":"wp","href":"https:\/\/api.w.org\/{rel}","templated":true}]}}