{"id":3690,"date":"2023-07-13T10:23:17","date_gmt":"2023-07-13T10:23:17","guid":{"rendered":"https:\/\/d-easydrop.it\/?page_id=3690"},"modified":"2023-07-19T13:40:26","modified_gmt":"2023-07-19T13:40:26","slug":"settore-cosmetica","status":"publish","type":"page","link":"https:\/\/d-easydrop.it\/es\/settore-cosmetica\/","title":{"rendered":"Sector cosm\u00e9tico"},"content":{"rendered":"<section class=\"wpb-content-wrapper\"><div id=\"vc_row-69e62e5839874\" class=\"vc_row wpb_row vc_row-fluid thegem-custom-69e62e58398307217\"><div class=\"wpb_column vc_column_container vc_col-sm-6 thegem-custom-69e62e5839db82715\"><div class=\"vc_column-inner thegem-custom-inner-69e62e5839dba\"><div class=\"wpb_wrapper thegem-custom-69e62e5839db82715\">\r\n\t\r\n\t\t<div class=\"wpb_text_column wpb_content_element  thegem-vc-text thegem-custom-69e62e583a30929\"  >\r\n\t\t\t<div class=\"wpb_wrapper\">\r\n\t\t\t\t<h4><strong>ENVASES MONODOSIS PARA PRODUCTOS COSM\u00c9TICOS<\/strong><\/h4>\n<div class=\"flex flex-grow flex-col gap-3\">\n<div class=\"min-h-&#091;20px&#093; flex items-start overflow-x-auto whitespace-pre-wrap break-words flex-col gap-4\">\n<div class=\"markdown prose w-full break-words dark:prose-invert light\">\n<div class=\"flex flex-grow flex-col gap-3\">\n<div class=\"min-h-&#091;20px&#093; flex items-start overflow-x-auto whitespace-pre-wrap break-words flex-col gap-4\">\n<div class=\"markdown prose w-full break-words dark:prose-invert light\">\n<p><strong>D-f\u00e1cil ca\u00edda<\/strong> representa la opci\u00f3n ideal para quienes buscan una soluci\u00f3n innovadora en envases monodosis en el sector cosm\u00e9tico. Independientemente del tipo de cosm\u00e9tico a envasar, ya sean cremas, s\u00e9rums o maquillaje, los envases monodosis de V-Shapes ofrecen numerosas ventajas. Gracias a su dise\u00f1o compacto y a la eliminaci\u00f3n del aire en su interior, estos sobres optimizan el espacio de almacenamiento y alargan la vida \u00fatil de los productos contenidos.<\/p>\n<p>Pero las caracter\u00edsticas distintivas de <strong>D-f\u00e1cil ca\u00edda<\/strong> no se detienen ah\u00ed. Sobres monodosis <strong>D-f\u00e1cil ca\u00edda<\/strong> se pueden personalizar completamente, ofreciendo una oportunidad \u00fanica para atraer nuevos clientes, aumentar la lealtad a la marca y mejorar la percepci\u00f3n del usuario. La flexibilidad de personalizaci\u00f3n permite crear embalajes \u00fanicos, que se adaptan a las necesidades espec\u00edficas de cada cliente. Esto le permite diferenciarse de la competencia y ofrecer una experiencia de usuario gratificante. Con <strong>D-f\u00e1cil ca\u00edda<\/strong>, tus envases monodosis en el sector cosm\u00e9tico ser\u00e1n vanguardistas, combinando una funcionalidad \u00f3ptima y una personalizaci\u00f3n cautivadora.<\/p>\n<\/div>\n<\/div>\n<\/div>\n<\/div>\n<\/div>\n<\/div>\n\r\n\t\t\t<\/div>\r\n\t\t\t<style>@media screen and (max-width: 1023px) {.thegem-vc-text.thegem-custom-69e62e583a30929{display: block!important;}}@media screen and (max-width: 767px) {.thegem-vc-text.thegem-custom-69e62e583a30929{display: block!important;}}@media screen and (max-width: 1023px) {.thegem-vc-text.thegem-custom-69e62e583a30929{position: relative !important;}}@media screen and (max-width: 767px) {.thegem-vc-text.thegem-custom-69e62e583a30929{position: relative !important;}}<\/style>\r\n\t\t<\/div>\r\n\t\r\n<\/div><\/div><\/div><div class=\"wpb_column vc_column_container vc_col-sm-6 thegem-custom-69e62e583a5f3427\"><div class=\"vc_column-inner thegem-custom-inner-69e62e583a5f5\"><div class=\"wpb_wrapper thegem-custom-69e62e583a5f3427\">\r\n\t\r\n\t<div  class=\"wpb_single_image wpb_content_element vc_align_left\" >\r\n\t\t\r\n\t\t<figure class=\"wpb_wrapper vc_figure\">\r\n\t\t\t<div class=\"vc_single_image-wrapper   vc_box_border_grey\"><img decoding=\"async\" width=\"388\" height=\"376\" src=\"https:\/\/d-easydrop.it\/wp-content\/uploads\/2018\/12\/cosmetic.jpg\" class=\"vc_single_image-img attachment-full\" alt=\"\" title=\"cosm\u00e9tico\" srcset=\"https:\/\/d-easydrop.it\/wp-content\/uploads\/2018\/12\/cosmetic.jpg 388w, https:\/\/d-easydrop.it\/wp-content\/uploads\/2018\/12\/cosmetic-300x291.jpg 300w\" sizes=\"(max-width: 388px) 100vw, 388px\" \/><\/div>\r\n\t\t<\/figure>\r\n\t<\/div>\r\n\t\r\n<\/div><\/div><\/div><\/div><div id=\"vc_row-69e62e583b2a2\" class=\"vc_row wpb_row vc_row-fluid thegem-custom-69e62e583b2989583\"><div class=\"wpb_column vc_column_container vc_col-sm-12 thegem-custom-69e62e583b5142485\"><div class=\"vc_column-inner thegem-custom-inner-69e62e583b516\"><div class=\"wpb_wrapper thegem-custom-69e62e583b5142485\">\r\n\t\r\n\t\t<div class=\"wpb_text_column wpb_content_element  thegem-vc-text thegem-custom-69e62e583b6ee491\"  >\r\n\t\t\t<div class=\"wpb_wrapper\">\r\n\t\t\t\t<h4><strong>NUEVO MODELO DE USO DE ENVASES<\/strong><\/h4>\n<div class=\"flex flex-grow flex-col gap-3\">\n<div class=\"min-h-&#091;20px&#093; flex items-start overflow-x-auto whitespace-pre-wrap break-words flex-col gap-4\">\n<div class=\"markdown prose w-full break-words dark:prose-invert light\">\n<div class=\"flex flex-grow flex-col gap-3\">\n<div class=\"min-h-&#091;20px&#093; flex items-start overflow-x-auto whitespace-pre-wrap break-words flex-col gap-4\">\n<div class=\"markdown prose w-full break-words dark:prose-invert light\">\n<p>Despu\u00e9s de probar los nuevos sobres monodosis<strong>D-f\u00e1cil ca\u00edda<\/strong>, ya no querr\u00e1s volver a los envases tradicionales inc\u00f3modos, complicados y antihigi\u00e9nicos. En comparaci\u00f3n con las soluciones desechables del mercado, con <strong>D-f\u00e1cil ca\u00edda<\/strong> es posible extraer m\u00e1s de 99% del producto, evitando desperdicios y dispersi\u00f3n gracias a la facilidad de dosificaci\u00f3n.<\/p>\n<p>los sobres<strong>D-f\u00e1cil ca\u00edda<\/strong> Ofrecen una ventaja adicional en t\u00e9rminos de compacidad y comodidad. Han sido dise\u00f1ados para facilitar el transporte y optimizar los costes de almacenamiento. Gracias a su forma compacta y a la ausencia de aire interno, ocupan menos espacio, permitiendo un uso m\u00e1s eficiente del espacio de almacenamiento.<\/p>\n<p>En resumen, los sobres <strong>D-f\u00e1cil ca\u00edda<\/strong> garantizan una experiencia superior en envases monodosis, con mayor eficiencia en la extracci\u00f3n del producto y un dise\u00f1o pensado para simplificar el transporte y reducir los costos de almacenamiento.<\/p>\n<\/div>\n<\/div>\n<\/div>\n<\/div>\n<\/div>\n<\/div>\n<h4><strong>EMBALAJE ECO-SOSTENIBLE<\/strong><\/h4>\n<p>los sobres <strong>D-f\u00e1cil ca\u00edda<\/strong> son sobres innovadores que se pueden fabricar con materiales que contienen hasta componentes 80% derivados de fuentes biol\u00f3gicas (bio-based), junto con homopol\u00edmeros. Estos <strong>los materiales son reciclables<\/strong> Cumplen con las regulaciones locales y ofrecen el mismo rendimiento de conservaci\u00f3n que los productos tradicionales en t\u00e9rminos de vida \u00fatil (<strong>duraci\u00f3n<\/strong>).<\/p>\n\r\n\t\t\t<\/div>\r\n\t\t\t<style>@media screen and (max-width: 1023px) {.thegem-vc-text.thegem-custom-69e62e583b6ee491{display: block!important;}}@media screen and (max-width: 767px) {.thegem-vc-text.thegem-custom-69e62e583b6ee491{display: block!important;}}@media screen and (max-width: 1023px) {.thegem-vc-text.thegem-custom-69e62e583b6ee491{position: relative !important;}}@media screen and (max-width: 767px) {.thegem-vc-text.thegem-custom-69e62e583b6ee491{position: relative !important;}}<\/style>\r\n\t\t<\/div>\r\n\t\r\n<\/div><\/div><\/div><\/div>\n<\/section>","protected":false},"excerpt":{"rendered":"","protected":false},"author":1,"featured_media":0,"parent":0,"menu_order":0,"comment_status":"closed","ping_status":"closed","template":"","meta":{"footnotes":""},"class_list":["post-3690","page","type-page","status-publish"],"yoast_head":"<!-- This site is optimized with the Yoast SEO plugin v20.11 - https:\/\/yoast.com\/wordpress\/plugins\/seo\/ -->\n<title>Settore Cosmetica - D-Easy Drop<\/title>\n<meta name=\"robots\" content=\"index, follow, max-snippet:-1, max-image-preview:large, max-video-preview:-1\" \/>\n<link rel=\"canonical\" href=\"https:\/\/d-easydrop.it\/es\/settore-cosmetica\/\" \/>\n<meta property=\"og:locale\" content=\"es_ES\" \/>\n<meta property=\"og:type\" content=\"article\" \/>\n<meta property=\"og:title\" content=\"Settore Cosmetica - D-Easy Drop\" \/>\n<meta property=\"og:url\" content=\"https:\/\/d-easydrop.it\/es\/settore-cosmetica\/\" \/>\n<meta property=\"og:site_name\" content=\"D-Easy Drop\" \/>\n<meta property=\"article:modified_time\" content=\"2023-07-19T13:40:26+00:00\" \/>\n<meta name=\"twitter:card\" content=\"summary_large_image\" \/>\n<meta name=\"twitter:label1\" content=\"Tiempo de lectura\" \/>\n\t<meta name=\"twitter:data1\" content=\"2 minutos\" \/>\n<script type=\"application\/ld+json\" class=\"yoast-schema-graph\">{\"@context\":\"https:\/\/schema.org\",\"@graph\":[{\"@type\":\"WebPage\",\"@id\":\"https:\/\/d-easydrop.it\/settore-cosmetica\/\",\"url\":\"https:\/\/d-easydrop.it\/settore-cosmetica\/\",\"name\":\"Settore Cosmetica - D-Easy Drop\",\"isPartOf\":{\"@id\":\"https:\/\/d-easydrop.it\/#website\"},\"datePublished\":\"2023-07-13T10:23:17+00:00\",\"dateModified\":\"2023-07-19T13:40:26+00:00\",\"breadcrumb\":{\"@id\":\"https:\/\/d-easydrop.it\/settore-cosmetica\/#breadcrumb\"},\"inLanguage\":\"es\",\"potentialAction\":[{\"@type\":\"ReadAction\",\"target\":[\"https:\/\/d-easydrop.it\/settore-cosmetica\/\"]}]},{\"@type\":\"BreadcrumbList\",\"@id\":\"https:\/\/d-easydrop.it\/settore-cosmetica\/#breadcrumb\",\"itemListElement\":[{\"@type\":\"ListItem\",\"position\":1,\"name\":\"Home\",\"item\":\"https:\/\/d-easydrop.it\/\"},{\"@type\":\"ListItem\",\"position\":2,\"name\":\"Settore Cosmetica\"}]},{\"@type\":\"WebSite\",\"@id\":\"https:\/\/d-easydrop.it\/#website\",\"url\":\"https:\/\/d-easydrop.it\/\",\"name\":\"D-Easy Drop\",\"description\":\"Un innovativo packaging monodose con un sistema di apertura comodo e veloce.\",\"publisher\":{\"@id\":\"https:\/\/d-easydrop.it\/#organization\"},\"potentialAction\":[{\"@type\":\"SearchAction\",\"target\":{\"@type\":\"EntryPoint\",\"urlTemplate\":\"https:\/\/d-easydrop.it\/?s={search_term_string}\"},\"query-input\":\"required name=search_term_string\"}],\"inLanguage\":\"es\"},{\"@type\":\"Organization\",\"@id\":\"https:\/\/d-easydrop.it\/#organization\",\"name\":\"D-Easy Drop\",\"url\":\"https:\/\/d-easydrop.it\/\",\"logo\":{\"@type\":\"ImageObject\",\"inLanguage\":\"es\",\"@id\":\"https:\/\/d-easydrop.it\/#\/schema\/logo\/image\/\",\"url\":\"https:\/\/d-easydrop.it\/wp-content\/uploads\/2023\/07\/logohd.jpg\",\"contentUrl\":\"https:\/\/d-easydrop.it\/wp-content\/uploads\/2023\/07\/logohd.jpg\",\"width\":2000,\"height\":1092,\"caption\":\"D-Easy Drop\"},\"image\":{\"@id\":\"https:\/\/d-easydrop.it\/#\/schema\/logo\/image\/\"}}]}<\/script>\n<!-- \/ Yoast SEO plugin. -->","yoast_head_json":{"title":"Settore Cosmetica - D-Easy Drop","robots":{"index":"index","follow":"follow","max-snippet":"max-snippet:-1","max-image-preview":"max-image-preview:large","max-video-preview":"max-video-preview:-1"},"canonical":"https:\/\/d-easydrop.it\/es\/settore-cosmetica\/","og_locale":"es_ES","og_type":"article","og_title":"Settore Cosmetica - D-Easy Drop","og_url":"https:\/\/d-easydrop.it\/es\/settore-cosmetica\/","og_site_name":"D-Easy Drop","article_modified_time":"2023-07-19T13:40:26+00:00","twitter_card":"summary_large_image","twitter_misc":{"Tiempo de lectura":"2 minutos"},"schema":{"@context":"https:\/\/schema.org","@graph":[{"@type":"WebPage","@id":"https:\/\/d-easydrop.it\/settore-cosmetica\/","url":"https:\/\/d-easydrop.it\/settore-cosmetica\/","name":"Settore Cosmetica - D-Easy Drop","isPartOf":{"@id":"https:\/\/d-easydrop.it\/#website"},"datePublished":"2023-07-13T10:23:17+00:00","dateModified":"2023-07-19T13:40:26+00:00","breadcrumb":{"@id":"https:\/\/d-easydrop.it\/settore-cosmetica\/#breadcrumb"},"inLanguage":"es","potentialAction":[{"@type":"ReadAction","target":["https:\/\/d-easydrop.it\/settore-cosmetica\/"]}]},{"@type":"BreadcrumbList","@id":"https:\/\/d-easydrop.it\/settore-cosmetica\/#breadcrumb","itemListElement":[{"@type":"ListItem","position":1,"name":"Home","item":"https:\/\/d-easydrop.it\/"},{"@type":"ListItem","position":2,"name":"Settore Cosmetica"}]},{"@type":"WebSite","@id":"https:\/\/d-easydrop.it\/#website","url":"https:\/\/d-easydrop.it\/","name":"D-Easy Drop","description":"Un innovativo packaging monodose con un sistema di apertura comodo e veloce.","publisher":{"@id":"https:\/\/d-easydrop.it\/#organization"},"potentialAction":[{"@type":"SearchAction","target":{"@type":"EntryPoint","urlTemplate":"https:\/\/d-easydrop.it\/?s={search_term_string}"},"query-input":"required name=search_term_string"}],"inLanguage":"es"},{"@type":"Organization","@id":"https:\/\/d-easydrop.it\/#organization","name":"D-Easy Drop","url":"https:\/\/d-easydrop.it\/","logo":{"@type":"ImageObject","inLanguage":"es","@id":"https:\/\/d-easydrop.it\/#\/schema\/logo\/image\/","url":"https:\/\/d-easydrop.it\/wp-content\/uploads\/2023\/07\/logohd.jpg","contentUrl":"https:\/\/d-easydrop.it\/wp-content\/uploads\/2023\/07\/logohd.jpg","width":2000,"height":1092,"caption":"D-Easy Drop"},"image":{"@id":"https:\/\/d-easydrop.it\/#\/schema\/logo\/image\/"}}]}},"_links":{"self":[{"href":"https:\/\/d-easydrop.it\/es\/wp-json\/wp\/v2\/pages\/3690","targetHints":{"allow":["GET"]}}],"collection":[{"href":"https:\/\/d-easydrop.it\/es\/wp-json\/wp\/v2\/pages"}],"about":[{"href":"https:\/\/d-easydrop.it\/es\/wp-json\/wp\/v2\/types\/page"}],"author":[{"embeddable":true,"href":"https:\/\/d-easydrop.it\/es\/wp-json\/wp\/v2\/users\/1"}],"replies":[{"embeddable":true,"href":"https:\/\/d-easydrop.it\/es\/wp-json\/wp\/v2\/comments?post=3690"}],"version-history":[{"count":5,"href":"https:\/\/d-easydrop.it\/es\/wp-json\/wp\/v2\/pages\/3690\/revisions"}],"predecessor-version":[{"id":3852,"href":"https:\/\/d-easydrop.it\/es\/wp-json\/wp\/v2\/pages\/3690\/revisions\/3852"}],"wp:attachment":[{"href":"https:\/\/d-easydrop.it\/es\/wp-json\/wp\/v2\/media?parent=3690"}],"curies":[{"name":"wp","href":"https:\/\/api.w.org\/{rel}","templated":true}]}}