{"id":3678,"date":"2023-07-13T08:46:07","date_gmt":"2023-07-13T08:46:07","guid":{"rendered":"https:\/\/d-easydrop.it\/?page_id=3678"},"modified":"2023-07-19T13:40:45","modified_gmt":"2023-07-19T13:40:45","slug":"sostenibilita","status":"publish","type":"page","link":"https:\/\/d-easydrop.it\/es\/sostenibilita\/","title":{"rendered":"Sostenibilidad"},"content":{"rendered":"<section class=\"wpb-content-wrapper\"><div id=\"vc_row-69f3d011d11b1\" class=\"vc_row wpb_row vc_row-fluid thegem-custom-69f3d011d11762246\"><div class=\"wpb_column vc_column_container vc_col-sm-12 thegem-custom-69f3d011d168a1522\"><div class=\"vc_column-inner thegem-custom-inner-69f3d011d168b\"><div class=\"wpb_wrapper thegem-custom-69f3d011d168a1522\">\r\n\t\r\n\t\t<div class=\"wpb_text_column wpb_content_element  thegem-vc-text thegem-custom-69f3d011d1a368527\"  >\r\n\t\t\t<div class=\"wpb_wrapper\">\r\n\t\t\t\t<h4><strong>ENVASES MONODOSIS QUE AFECTAN EL MEDIO AMBIENTE<\/strong><\/h4>\n\r\n\t\t\t<\/div>\r\n\t\t\t<style>@media screen and (max-width: 1023px) {.thegem-vc-text.thegem-custom-69f3d011d1a368527{display: block!important;}}@media screen and (max-width: 767px) {.thegem-vc-text.thegem-custom-69f3d011d1a368527{display: block!important;}}@media screen and (max-width: 1023px) {.thegem-vc-text.thegem-custom-69f3d011d1a368527{position: relative !important;}}@media screen and (max-width: 767px) {.thegem-vc-text.thegem-custom-69f3d011d1a368527{position: relative !important;}}<\/style>\r\n\t\t<\/div>\r\n\t\r\n<\/div><\/div><\/div><\/div><div id=\"vc_row-69f3d011d1bf5\" class=\"vc_row wpb_row vc_row-fluid thegem-custom-69f3d011d1bed3349\"><div class=\"wpb_column vc_column_container vc_col-sm-6 thegem-custom-69f3d011d1d315984\"><div class=\"vc_column-inner thegem-custom-inner-69f3d011d1d32\"><div class=\"wpb_wrapper thegem-custom-69f3d011d1d315984\">\r\n\t\r\n\t\t<div class=\"wpb_text_column wpb_content_element  thegem-vc-text thegem-custom-69f3d011d1e2d1996\"  >\r\n\t\t\t<div class=\"wpb_wrapper\">\r\n\t\t\t\t<p><strong>D-f\u00e1cil ca\u00edda<\/strong> ofrece una soluci\u00f3n innovadora que reduce la acumulaci\u00f3n de micropl\u00e1sticos en el medio ambiente y promueve el reciclaje de materiales. Se trata de un paso positivo hacia la protecci\u00f3n del ecosistema y la promoci\u00f3n de un consumo m\u00e1s responsable.<\/p>\n<p><strong>La ausencia de micropl\u00e1sticos<\/strong> Esto es importante porque los micropl\u00e1sticos representan una amenaza para el medio ambiente y la salud humana. Estas part\u00edculas pueden acumularse en los ecosistemas. <strong>acu\u00e1ticos y terrestres<\/strong>, afectando negativamente a la vida silvestre y entrando en la cadena alimentaria. Adem\u00e1s, algunos micropl\u00e1sticos pueden flotar en el aire y terminar en lugares remotos.<\/p>\n\r\n\t\t\t<\/div>\r\n\t\t\t<style>@media screen and (max-width: 1023px) {.thegem-vc-text.thegem-custom-69f3d011d1e2d1996{display: block!important;}}@media screen and (max-width: 767px) {.thegem-vc-text.thegem-custom-69f3d011d1e2d1996{display: block!important;}}@media screen and (max-width: 1023px) {.thegem-vc-text.thegem-custom-69f3d011d1e2d1996{position: relative !important;}}@media screen and (max-width: 767px) {.thegem-vc-text.thegem-custom-69f3d011d1e2d1996{position: relative !important;}}<\/style>\r\n\t\t<\/div>\r\n\t\r\n<\/div><\/div><\/div><div class=\"wpb_column vc_column_container vc_col-sm-6 thegem-custom-69f3d011d1f666191\"><div class=\"vc_column-inner thegem-custom-inner-69f3d011d1f67\"><div class=\"wpb_wrapper thegem-custom-69f3d011d1f666191\">\r\n\t\r\n\t\t<div class=\"wpb_text_column wpb_content_element  thegem-vc-text thegem-custom-69f3d011d20643269\"  >\r\n\t\t\t<div class=\"wpb_wrapper\">\r\n\t\t\t\t<p>El hecho de que <strong>D-f\u00e1cil ca\u00edda<\/strong> no genera micropl\u00e1sticos durante su uso, lo que supone una importante ventaja ecol\u00f3gica. Esto significa que el producto no contribuye a la contaminaci\u00f3n por micropl\u00e1sticos y reduce el impacto negativo en el medio ambiente.<\/p>\n<p>Adem\u00e1s, su estructura monobloque tambi\u00e9n puede facilitar el reciclaje del propio producto. <strong><em>Al estar formado por un solo cuerpo, puede ser m\u00e1s f\u00e1cil separarlo y enviarlo correctamente a los procesos de reciclaje adecuados, ayudando as\u00ed a reducir los residuos y promoviendo una gesti\u00f3n m\u00e1s sostenible de los materiales.<\/em><\/strong><\/p>\n\r\n\t\t\t<\/div>\r\n\t\t\t<style>@media screen and (max-width: 1023px) {.thegem-vc-text.thegem-custom-69f3d011d20643269{display: block!important;}}@media screen and (max-width: 767px) {.thegem-vc-text.thegem-custom-69f3d011d20643269{display: block!important;}}@media screen and (max-width: 1023px) {.thegem-vc-text.thegem-custom-69f3d011d20643269{position: relative !important;}}@media screen and (max-width: 767px) {.thegem-vc-text.thegem-custom-69f3d011d20643269{position: relative !important;}}<\/style>\r\n\t\t<\/div>\r\n\t\r\n<\/div><\/div><\/div><\/div><div id=\"vc_row-69f3d011d21d6\" class=\"vc_row wpb_row vc_row-fluid thegem-custom-69f3d011d21d09352\"><div class=\"wpb_column vc_column_container vc_col-sm-6 thegem-custom-69f3d011d235b6026\"><div class=\"vc_column-inner thegem-custom-inner-69f3d011d235d\"><div class=\"wpb_wrapper thegem-custom-69f3d011d235b6026\">\r\n\t\r\n\t\t<div class=\"wpb_text_column wpb_content_element  thegem-vc-text thegem-custom-69f3d011d247c6994\"  >\r\n\t\t\t<div class=\"wpb_wrapper\">\r\n\t\t\t\t<h2>100% RECICLABLE<\/h2>\n<p><strong>D-f\u00e1cil ca\u00edda<\/strong> ha dise\u00f1ado dos nuevos sustratos de alta barrera que han sido certificados por Interseroh como reciclables. Las valoraciones obtenidas son extremadamente positivas (19\/20 y 20\/20 respectivamente) en la detecci\u00f3n y reciclaje de residuos industriales. <em>Esto confirma el compromiso de D-easydrop con la ecosostenibilidad y la reducci\u00f3n del impacto ambiental.<\/em><\/p>\n<h2>DE BASE BIO<\/h2>\n<p>la bolsita de <strong>D-f\u00e1cil ca\u00edda<\/strong>, junto con la tinta y los adhesivos utilizados, est\u00e1 fabricado para los modelos 60% \u2013 80% por<strong> renovables<\/strong>. Esta elecci\u00f3n ayuda a reducir el problema de la eliminaci\u00f3n y gesti\u00f3n de residuos, <em>promover un enfoque m\u00e1s sostenible hacia los materiales utilizados<\/em>.<\/p>\n\r\n\t\t\t<\/div>\r\n\t\t\t<style>@media screen and (max-width: 1023px) {.thegem-vc-text.thegem-custom-69f3d011d247c6994{display: block!important;}}@media screen and (max-width: 767px) {.thegem-vc-text.thegem-custom-69f3d011d247c6994{display: block!important;}}@media screen and (max-width: 1023px) {.thegem-vc-text.thegem-custom-69f3d011d247c6994{position: relative !important;}}@media screen and (max-width: 767px) {.thegem-vc-text.thegem-custom-69f3d011d247c6994{position: relative !important;}}<\/style>\r\n\t\t<\/div>\r\n\t\r\n<\/div><\/div><\/div><div class=\"wpb_column vc_column_container vc_col-sm-6 thegem-custom-69f3d011d25cd4270\"><div class=\"vc_column-inner thegem-custom-inner-69f3d011d25ce\"><div class=\"wpb_wrapper thegem-custom-69f3d011d25cd4270\">\r\n\t\r\n\t<div  class=\"wpb_single_image wpb_content_element vc_align_left\" >\r\n\t\t\r\n\t\t<figure class=\"wpb_wrapper vc_figure\">\r\n\t\t\t<div class=\"vc_single_image-wrapper   vc_box_border_grey\"><img decoding=\"async\" width=\"595\" height=\"657\" src=\"https:\/\/d-easydrop.it\/wp-content\/uploads\/2023\/07\/comparision.jpg\" class=\"vc_single_image-img attachment-full\" alt=\"\" title=\"apariencia\" srcset=\"https:\/\/d-easydrop.it\/wp-content\/uploads\/2023\/07\/comparision.jpg 595w, https:\/\/d-easydrop.it\/wp-content\/uploads\/2023\/07\/comparision-272x300.jpg 272w\" sizes=\"(max-width: 595px) 100vw, 595px\" \/><\/div>\r\n\t\t<\/figure>\r\n\t<\/div>\r\n\t\r\n<\/div><\/div><\/div><\/div>\n<\/section>","protected":false},"excerpt":{"rendered":"","protected":false},"author":1,"featured_media":0,"parent":0,"menu_order":0,"comment_status":"closed","ping_status":"closed","template":"","meta":{"footnotes":""},"class_list":["post-3678","page","type-page","status-publish"],"yoast_head":"<!-- This site is optimized with the Yoast SEO plugin v20.11 - https:\/\/yoast.com\/wordpress\/plugins\/seo\/ -->\n<title>Sostenibilit\u00e0 - D-Easy Drop<\/title>\n<meta name=\"robots\" content=\"index, follow, max-snippet:-1, max-image-preview:large, max-video-preview:-1\" \/>\n<link rel=\"canonical\" href=\"https:\/\/d-easydrop.it\/es\/sostenibilita\/\" \/>\n<meta property=\"og:locale\" content=\"es_ES\" \/>\n<meta property=\"og:type\" content=\"article\" \/>\n<meta property=\"og:title\" content=\"Sostenibilit\u00e0 - D-Easy Drop\" \/>\n<meta property=\"og:url\" content=\"https:\/\/d-easydrop.it\/es\/sostenibilita\/\" \/>\n<meta property=\"og:site_name\" content=\"D-Easy Drop\" \/>\n<meta property=\"article:modified_time\" content=\"2023-07-19T13:40:45+00:00\" \/>\n<meta name=\"twitter:card\" content=\"summary_large_image\" \/>\n<meta name=\"twitter:label1\" content=\"Tiempo de lectura\" \/>\n\t<meta name=\"twitter:data1\" content=\"2 minutos\" \/>\n<script type=\"application\/ld+json\" class=\"yoast-schema-graph\">{\"@context\":\"https:\/\/schema.org\",\"@graph\":[{\"@type\":\"WebPage\",\"@id\":\"https:\/\/d-easydrop.it\/sostenibilita\/\",\"url\":\"https:\/\/d-easydrop.it\/sostenibilita\/\",\"name\":\"Sostenibilit\u00e0 - D-Easy Drop\",\"isPartOf\":{\"@id\":\"https:\/\/d-easydrop.it\/#website\"},\"datePublished\":\"2023-07-13T08:46:07+00:00\",\"dateModified\":\"2023-07-19T13:40:45+00:00\",\"breadcrumb\":{\"@id\":\"https:\/\/d-easydrop.it\/sostenibilita\/#breadcrumb\"},\"inLanguage\":\"es\",\"potentialAction\":[{\"@type\":\"ReadAction\",\"target\":[\"https:\/\/d-easydrop.it\/sostenibilita\/\"]}]},{\"@type\":\"BreadcrumbList\",\"@id\":\"https:\/\/d-easydrop.it\/sostenibilita\/#breadcrumb\",\"itemListElement\":[{\"@type\":\"ListItem\",\"position\":1,\"name\":\"Home\",\"item\":\"https:\/\/d-easydrop.it\/\"},{\"@type\":\"ListItem\",\"position\":2,\"name\":\"Sostenibilit\u00e0\"}]},{\"@type\":\"WebSite\",\"@id\":\"https:\/\/d-easydrop.it\/#website\",\"url\":\"https:\/\/d-easydrop.it\/\",\"name\":\"D-Easy Drop\",\"description\":\"Un innovativo packaging monodose con un sistema di apertura comodo e veloce.\",\"publisher\":{\"@id\":\"https:\/\/d-easydrop.it\/#organization\"},\"potentialAction\":[{\"@type\":\"SearchAction\",\"target\":{\"@type\":\"EntryPoint\",\"urlTemplate\":\"https:\/\/d-easydrop.it\/?s={search_term_string}\"},\"query-input\":\"required name=search_term_string\"}],\"inLanguage\":\"es\"},{\"@type\":\"Organization\",\"@id\":\"https:\/\/d-easydrop.it\/#organization\",\"name\":\"D-Easy Drop\",\"url\":\"https:\/\/d-easydrop.it\/\",\"logo\":{\"@type\":\"ImageObject\",\"inLanguage\":\"es\",\"@id\":\"https:\/\/d-easydrop.it\/#\/schema\/logo\/image\/\",\"url\":\"https:\/\/d-easydrop.it\/wp-content\/uploads\/2023\/07\/logohd.jpg\",\"contentUrl\":\"https:\/\/d-easydrop.it\/wp-content\/uploads\/2023\/07\/logohd.jpg\",\"width\":2000,\"height\":1092,\"caption\":\"D-Easy Drop\"},\"image\":{\"@id\":\"https:\/\/d-easydrop.it\/#\/schema\/logo\/image\/\"}}]}<\/script>\n<!-- \/ Yoast SEO plugin. -->","yoast_head_json":{"title":"Sostenibilit\u00e0 - D-Easy Drop","robots":{"index":"index","follow":"follow","max-snippet":"max-snippet:-1","max-image-preview":"max-image-preview:large","max-video-preview":"max-video-preview:-1"},"canonical":"https:\/\/d-easydrop.it\/es\/sostenibilita\/","og_locale":"es_ES","og_type":"article","og_title":"Sostenibilit\u00e0 - D-Easy Drop","og_url":"https:\/\/d-easydrop.it\/es\/sostenibilita\/","og_site_name":"D-Easy Drop","article_modified_time":"2023-07-19T13:40:45+00:00","twitter_card":"summary_large_image","twitter_misc":{"Tiempo de lectura":"2 minutos"},"schema":{"@context":"https:\/\/schema.org","@graph":[{"@type":"WebPage","@id":"https:\/\/d-easydrop.it\/sostenibilita\/","url":"https:\/\/d-easydrop.it\/sostenibilita\/","name":"Sostenibilit\u00e0 - D-Easy Drop","isPartOf":{"@id":"https:\/\/d-easydrop.it\/#website"},"datePublished":"2023-07-13T08:46:07+00:00","dateModified":"2023-07-19T13:40:45+00:00","breadcrumb":{"@id":"https:\/\/d-easydrop.it\/sostenibilita\/#breadcrumb"},"inLanguage":"es","potentialAction":[{"@type":"ReadAction","target":["https:\/\/d-easydrop.it\/sostenibilita\/"]}]},{"@type":"BreadcrumbList","@id":"https:\/\/d-easydrop.it\/sostenibilita\/#breadcrumb","itemListElement":[{"@type":"ListItem","position":1,"name":"Home","item":"https:\/\/d-easydrop.it\/"},{"@type":"ListItem","position":2,"name":"Sostenibilit\u00e0"}]},{"@type":"WebSite","@id":"https:\/\/d-easydrop.it\/#website","url":"https:\/\/d-easydrop.it\/","name":"D-Easy Drop","description":"Un innovativo packaging monodose con un sistema di apertura comodo e veloce.","publisher":{"@id":"https:\/\/d-easydrop.it\/#organization"},"potentialAction":[{"@type":"SearchAction","target":{"@type":"EntryPoint","urlTemplate":"https:\/\/d-easydrop.it\/?s={search_term_string}"},"query-input":"required name=search_term_string"}],"inLanguage":"es"},{"@type":"Organization","@id":"https:\/\/d-easydrop.it\/#organization","name":"D-Easy Drop","url":"https:\/\/d-easydrop.it\/","logo":{"@type":"ImageObject","inLanguage":"es","@id":"https:\/\/d-easydrop.it\/#\/schema\/logo\/image\/","url":"https:\/\/d-easydrop.it\/wp-content\/uploads\/2023\/07\/logohd.jpg","contentUrl":"https:\/\/d-easydrop.it\/wp-content\/uploads\/2023\/07\/logohd.jpg","width":2000,"height":1092,"caption":"D-Easy Drop"},"image":{"@id":"https:\/\/d-easydrop.it\/#\/schema\/logo\/image\/"}}]}},"_links":{"self":[{"href":"https:\/\/d-easydrop.it\/es\/wp-json\/wp\/v2\/pages\/3678","targetHints":{"allow":["GET"]}}],"collection":[{"href":"https:\/\/d-easydrop.it\/es\/wp-json\/wp\/v2\/pages"}],"about":[{"href":"https:\/\/d-easydrop.it\/es\/wp-json\/wp\/v2\/types\/page"}],"author":[{"embeddable":true,"href":"https:\/\/d-easydrop.it\/es\/wp-json\/wp\/v2\/users\/1"}],"replies":[{"embeddable":true,"href":"https:\/\/d-easydrop.it\/es\/wp-json\/wp\/v2\/comments?post=3678"}],"version-history":[{"count":11,"href":"https:\/\/d-easydrop.it\/es\/wp-json\/wp\/v2\/pages\/3678\/revisions"}],"predecessor-version":[{"id":3813,"href":"https:\/\/d-easydrop.it\/es\/wp-json\/wp\/v2\/pages\/3678\/revisions\/3813"}],"wp:attachment":[{"href":"https:\/\/d-easydrop.it\/es\/wp-json\/wp\/v2\/media?parent=3678"}],"curies":[{"name":"wp","href":"https:\/\/api.w.org\/{rel}","templated":true}]}}