{"id":3676,"date":"2023-07-13T08:44:42","date_gmt":"2023-07-13T08:44:42","guid":{"rendered":"https:\/\/d-easydrop.it\/?page_id=3676"},"modified":"2023-07-19T13:39:50","modified_gmt":"2023-07-19T13:39:50","slug":"faq","status":"publish","type":"page","link":"https:\/\/d-easydrop.it\/es\/faq\/","title":{"rendered":"Preguntas m\u00e1s frecuentes"},"content":{"rendered":"<section class=\"wpb-content-wrapper\"><div id=\"vc_row-69e88cfec545f\" class=\"vc_row wpb_row vc_row-fluid thegem-custom-69e88cfec541f604\"><div class=\"wpb_column vc_column_container vc_col-sm-12 thegem-custom-69e88cfec59582105\"><div class=\"vc_column-inner thegem-custom-inner-69e88cfec595a\"><div class=\"wpb_wrapper thegem-custom-69e88cfec59582105\">\r\n\t\r\n\t\t<div class=\"wpb_text_column wpb_content_element  thegem-vc-text thegem-custom-69e88cfec5d79923\"  >\r\n\t\t\t<div class=\"wpb_wrapper\">\r\n\t\t\t\t<h4><strong>Preguntas frecuentes: algunas de las preguntas m\u00e1s frecuentes relacionadas con D-easydrop.<\/strong><\/h4>\n<p>Si no has encontrado la respuesta a tus dudas en estas l\u00edneas, env\u00edanos un mensaje y te responderemos a la brevedad.<\/p>\n<p><strong>Pon tu comunicaci\u00f3n en manos de tu cliente con D-easydrop.<\/strong><br \/>\nPersonalizable con tu logo y un C\u00f3digo QR que da acceso a tu informaci\u00f3n y promociones. <em>Comunicaci\u00f3n \u00fatil, directa, innovadora y de bajo impacto ambiental.<\/em><\/p>\n\r\n\t\t\t<\/div>\r\n\t\t\t<style>@media screen and (max-width: 1023px) {.thegem-vc-text.thegem-custom-69e88cfec5d79923{display: block!important;}}@media screen and (max-width: 767px) {.thegem-vc-text.thegem-custom-69e88cfec5d79923{display: block!important;}}@media screen and (max-width: 1023px) {.thegem-vc-text.thegem-custom-69e88cfec5d79923{position: relative !important;}}@media screen and (max-width: 767px) {.thegem-vc-text.thegem-custom-69e88cfec5d79923{position: relative !important;}}<\/style>\r\n\t\t<\/div>\r\n\t\r\n<\/div><\/div><\/div><\/div><div id=\"vc_row-69e88cfec5f58\" class=\"vc_row wpb_row vc_row-fluid thegem-custom-69e88cfec5f4f5087\"><div class=\"wpb_column vc_column_container vc_col-sm-12 thegem-custom-69e88cfec61105921\"><div class=\"vc_column-inner thegem-custom-inner-69e88cfec6111\"><div class=\"wpb_wrapper thegem-custom-69e88cfec61105921\"><div class=\"clearboth\"><\/div><style>#thegem-divider-69e88cfec61fb {margin-top: 7px !important;}<\/style><div id=\"thegem-divider-69e88cfec61fb\" class=\"gem-divider\" style=\"\" ><\/div><div class=\"gem-textbox\"  ><div class=\"gem-textbox-inner\" style=\"border: 1px solid #d9d9d9;\"><div class=\"gem-textbox-content\" style=\"background-position: center top;padding-top: 10px;padding-bottom: 16px;padding-left: 16px;padding-right: 16px;\"><div class=\"gem-dropcap gem-dropcap-shape-circle gem-dropcap-style-medium\"><span class=\"gem-dropcap-letter\" style=\"color: #4ed2b3;border: 1px solid #4ed2b3;\">1<\/span><\/div><div class=\"clearboth\"><\/div><style>#thegem-divider-69e88cfec62b5 {margin-top: -50px !important;}<\/style><div id=\"thegem-divider-69e88cfec62b5\" class=\"gem-divider\" style=\"\" ><\/div>\r\n\t\r\n\t\t<div class=\"wpb_text_column wpb_content_element  thegem-vc-text thegem-custom-69e88cfec635f1276\"  >\r\n\t\t\t<div class=\"wpb_wrapper\">\r\n\t\t\t\t<h4>\u00bfQu\u00e9 productos puedo envasar?<\/h4>\n\r\n\t\t\t<\/div>\r\n\t\t\t<style>@media screen and (max-width: 1023px) {.thegem-vc-text.thegem-custom-69e88cfec635f1276{display: block!important;}}@media screen and (max-width: 767px) {.thegem-vc-text.thegem-custom-69e88cfec635f1276{display: block!important;}}@media screen and (max-width: 1023px) {.thegem-vc-text.thegem-custom-69e88cfec635f1276{position: relative !important;}}@media screen and (max-width: 767px) {.thegem-vc-text.thegem-custom-69e88cfec635f1276{position: relative !important;}}<\/style>\r\n\t\t<\/div>\r\n\t\r\n\r\n\t\r\n\t\t<div class=\"wpb_text_column wpb_content_element  thegem-vc-text thegem-custom-69e88cfec644e8501\"  >\r\n\t\t\t<div class=\"wpb_wrapper\">\r\n\t\t\t\t<p>D-Easydrop permite envasar productos densos y fluidos (cremas, salsas, geles...) ya que su consistencia permite al 99% liberarlos f\u00e1cilmente tras su apertura. La limitaci\u00f3n est\u00e1 ligada a la densidad del producto, por lo que estamos disponibles para realizar cualquier tipo de ensayo para diferentes tipos.<\/p>\n\r\n\t\t\t<\/div>\r\n\t\t\t<style>@media screen and (max-width: 1023px) {.thegem-vc-text.thegem-custom-69e88cfec644e8501{display: block!important;}}@media screen and (max-width: 767px) {.thegem-vc-text.thegem-custom-69e88cfec644e8501{display: block!important;}}@media screen and (max-width: 1023px) {.thegem-vc-text.thegem-custom-69e88cfec644e8501{position: relative !important;}}@media screen and (max-width: 767px) {.thegem-vc-text.thegem-custom-69e88cfec644e8501{position: relative !important;}}<\/style>\r\n\t\t<\/div>\r\n\t\r\n<\/div><\/div><\/div><div class=\"clearboth\"><\/div><div id=\"thegem-divider-69e88cfec64ed\" class=\"gem-divider\" style=\"\" ><\/div><div class=\"gem-textbox\"  ><div class=\"gem-textbox-inner\" style=\"border: 1px solid #d9d9d9;\"><div class=\"gem-textbox-content\" style=\"background-position: center top;padding-top: 10px;padding-bottom: 16px;padding-left: 16px;padding-right: 16px;\"><div class=\"gem-dropcap gem-dropcap-shape-circle gem-dropcap-style-medium\"><span class=\"gem-dropcap-letter\" style=\"color: #00bcd4;border: 1px solid #00bcd4;\">2<\/span><\/div><div class=\"clearboth\"><\/div><style>#thegem-divider-69e88cfec655a {margin-top: -50px !important;}<\/style><div id=\"thegem-divider-69e88cfec655a\" class=\"gem-divider\" style=\"\" ><\/div>\r\n\t\r\n\t\t<div class=\"wpb_text_column wpb_content_element  thegem-vc-text thegem-custom-69e88cfec65f12440\"  >\r\n\t\t\t<div class=\"wpb_wrapper\">\r\n\t\t\t\t<h4>\u00bfEs resistente D-easydrop?<\/h4>\n\r\n\t\t\t<\/div>\r\n\t\t\t<style>@media screen and (max-width: 1023px) {.thegem-vc-text.thegem-custom-69e88cfec65f12440{display: block!important;}}@media screen and (max-width: 767px) {.thegem-vc-text.thegem-custom-69e88cfec65f12440{display: block!important;}}@media screen and (max-width: 1023px) {.thegem-vc-text.thegem-custom-69e88cfec65f12440{position: relative !important;}}@media screen and (max-width: 767px) {.thegem-vc-text.thegem-custom-69e88cfec65f12440{position: relative !important;}}<\/style>\r\n\t\t<\/div>\r\n\t\r\n\r\n\t\r\n\t\t<div class=\"wpb_text_column wpb_content_element  thegem-vc-text thegem-custom-69e88cfec66c45110\"  >\r\n\t\t\t<div class=\"wpb_wrapper\">\r\n\t\t\t\t<p>El packaging est\u00e1 formado por una laminaci\u00f3n interna de aluminio, por lo que el producto se conserva perfectamente, ya sea cosm\u00e9tico o alimentario, hasta la fecha de caducidad natural del producto.<\/p>\n\r\n\t\t\t<\/div>\r\n\t\t\t<style>@media screen and (max-width: 1023px) {.thegem-vc-text.thegem-custom-69e88cfec66c45110{display: block!important;}}@media screen and (max-width: 767px) {.thegem-vc-text.thegem-custom-69e88cfec66c45110{display: block!important;}}@media screen and (max-width: 1023px) {.thegem-vc-text.thegem-custom-69e88cfec66c45110{position: relative !important;}}@media screen and (max-width: 767px) {.thegem-vc-text.thegem-custom-69e88cfec66c45110{position: relative !important;}}<\/style>\r\n\t\t<\/div>\r\n\t\r\n<\/div><\/div><\/div><div class=\"clearboth\"><\/div><div id=\"thegem-divider-69e88cfec6724\" class=\"gem-divider\" style=\"\" ><\/div><div class=\"gem-textbox\"  ><div class=\"gem-textbox-inner\" style=\"border: 1px solid #d9d9d9;\"><div class=\"gem-textbox-content\" style=\"background-position: center top;padding-top: 10px;padding-bottom: 16px;padding-left: 16px;padding-right: 16px;\"><div class=\"gem-dropcap gem-dropcap-shape-circle gem-dropcap-style-medium\"><span class=\"gem-dropcap-letter\" style=\"color: #00bcd4;border: 1px solid #00bcd4;\">3<\/span><\/div><div class=\"clearboth\"><\/div><style>#thegem-divider-69e88cfec6785 {margin-top: -50px !important;}<\/style><div id=\"thegem-divider-69e88cfec6785\" class=\"gem-divider\" style=\"\" ><\/div>\r\n\t\r\n\t\t<div class=\"wpb_text_column wpb_content_element  thegem-vc-text thegem-custom-69e88cfec680d6252\"  >\r\n\t\t\t<div class=\"wpb_wrapper\">\r\n\t\t\t\t<h4>\u00bfEs D-easydrop biodegradable?<\/h4>\n\r\n\t\t\t<\/div>\r\n\t\t\t<style>@media screen and (max-width: 1023px) {.thegem-vc-text.thegem-custom-69e88cfec680d6252{display: block!important;}}@media screen and (max-width: 767px) {.thegem-vc-text.thegem-custom-69e88cfec680d6252{display: block!important;}}@media screen and (max-width: 1023px) {.thegem-vc-text.thegem-custom-69e88cfec680d6252{position: relative !important;}}@media screen and (max-width: 767px) {.thegem-vc-text.thegem-custom-69e88cfec680d6252{position: relative !important;}}<\/style>\r\n\t\t<\/div>\r\n\t\r\n\r\n\t\r\n\t\t<div class=\"wpb_text_column wpb_content_element  thegem-vc-text thegem-custom-69e88cfec68dc1256\"  >\r\n\t\t\t<div class=\"wpb_wrapper\">\r\n\t\t\t\t<p>El embalaje est\u00e1 disponible en 2 versiones, una versi\u00f3n de pl\u00e1stico y una versi\u00f3n de papel compostable.<br \/>\nLa versi\u00f3n en papel, a pesar de la pel\u00edcula de aluminio 1%, es compostable y no requiere eliminaci\u00f3n separada. Las tintas utilizadas para la impresi\u00f3n son ecol\u00f3gicas.<\/p>\n\r\n\t\t\t<\/div>\r\n\t\t\t<style>@media screen and (max-width: 1023px) {.thegem-vc-text.thegem-custom-69e88cfec68dc1256{display: block!important;}}@media screen and (max-width: 767px) {.thegem-vc-text.thegem-custom-69e88cfec68dc1256{display: block!important;}}@media screen and (max-width: 1023px) {.thegem-vc-text.thegem-custom-69e88cfec68dc1256{position: relative !important;}}@media screen and (max-width: 767px) {.thegem-vc-text.thegem-custom-69e88cfec68dc1256{position: relative !important;}}<\/style>\r\n\t\t<\/div>\r\n\t\r\n<\/div><\/div><\/div><div class=\"clearboth\"><\/div><div id=\"thegem-divider-69e88cfec693e\" class=\"gem-divider\" style=\"\" ><\/div><div class=\"gem-textbox\"  ><div class=\"gem-textbox-inner\" style=\"border: 1px solid #d9d9d9;\"><div class=\"gem-textbox-content\" style=\"background-position: center top;padding-top: 10px;padding-bottom: 16px;padding-left: 16px;padding-right: 16px;\"><div class=\"gem-dropcap gem-dropcap-shape-circle gem-dropcap-style-medium\"><span class=\"gem-dropcap-letter\" style=\"color: #00bcd4;border: 1px solid #00bcd4;\">4<\/span><\/div><div class=\"clearboth\"><\/div><style>#thegem-divider-69e88cfec699e {margin-top: -50px !important;}<\/style><div id=\"thegem-divider-69e88cfec699e\" class=\"gem-divider\" style=\"\" ><\/div>\r\n\t\r\n\t\t<div class=\"wpb_text_column wpb_content_element  thegem-vc-text thegem-custom-69e88cfec6a274173\"  >\r\n\t\t\t<div class=\"wpb_wrapper\">\r\n\t\t\t\t<h4>\u00bfCu\u00e1les son las cantidades m\u00ednimas de producci\u00f3n?<\/h4>\n\r\n\t\t\t<\/div>\r\n\t\t\t<style>@media screen and (max-width: 1023px) {.thegem-vc-text.thegem-custom-69e88cfec6a274173{display: block!important;}}@media screen and (max-width: 767px) {.thegem-vc-text.thegem-custom-69e88cfec6a274173{display: block!important;}}@media screen and (max-width: 1023px) {.thegem-vc-text.thegem-custom-69e88cfec6a274173{position: relative !important;}}@media screen and (max-width: 767px) {.thegem-vc-text.thegem-custom-69e88cfec6a274173{position: relative !important;}}<\/style>\r\n\t\t<\/div>\r\n\t\r\n\r\n\t\r\n\t\t<div class=\"wpb_text_column wpb_content_element  thegem-vc-text thegem-custom-69e88cfec6af08637\"  >\r\n\t\t\t<div class=\"wpb_wrapper\">\r\n\t\t\t\t<p>No hay cantidades m\u00ednimas de producci\u00f3n y personalizaci\u00f3n (en la parte posterior de D-easydrop es posible imprimir cualquier gr\u00e1fico de un solo color incluso para lotes peque\u00f1os). para una producci\u00f3n <strong>completamente personalizado<\/strong> Se requieren cantidades m\u00ednimas de anverso y reverso de 10.000 piezas.<\/p>\n\r\n\t\t\t<\/div>\r\n\t\t\t<style>@media screen and (max-width: 1023px) {.thegem-vc-text.thegem-custom-69e88cfec6af08637{display: block!important;}}@media screen and (max-width: 767px) {.thegem-vc-text.thegem-custom-69e88cfec6af08637{display: block!important;}}@media screen and (max-width: 1023px) {.thegem-vc-text.thegem-custom-69e88cfec6af08637{position: relative !important;}}@media screen and (max-width: 767px) {.thegem-vc-text.thegem-custom-69e88cfec6af08637{position: relative !important;}}<\/style>\r\n\t\t<\/div>\r\n\t\r\n<\/div><\/div><\/div><\/div><\/div><\/div><\/div>\n<\/section>","protected":false},"excerpt":{"rendered":"","protected":false},"author":1,"featured_media":0,"parent":0,"menu_order":0,"comment_status":"closed","ping_status":"closed","template":"","meta":{"footnotes":""},"class_list":["post-3676","page","type-page","status-publish"],"yoast_head":"<!-- This site is optimized with the Yoast SEO plugin v20.11 - https:\/\/yoast.com\/wordpress\/plugins\/seo\/ -->\n<title>FAQ - D-Easy Drop<\/title>\n<meta name=\"robots\" content=\"index, follow, max-snippet:-1, max-image-preview:large, max-video-preview:-1\" \/>\n<link rel=\"canonical\" href=\"https:\/\/d-easydrop.it\/es\/faq\/\" \/>\n<meta property=\"og:locale\" content=\"es_ES\" \/>\n<meta property=\"og:type\" content=\"article\" \/>\n<meta property=\"og:title\" content=\"FAQ - D-Easy Drop\" \/>\n<meta property=\"og:url\" content=\"https:\/\/d-easydrop.it\/es\/faq\/\" \/>\n<meta property=\"og:site_name\" content=\"D-Easy Drop\" \/>\n<meta property=\"article:modified_time\" content=\"2023-07-19T13:39:50+00:00\" \/>\n<meta name=\"twitter:card\" content=\"summary_large_image\" \/>\n<meta name=\"twitter:label1\" content=\"Tiempo de lectura\" \/>\n\t<meta name=\"twitter:data1\" content=\"2 minutos\" \/>\n<script type=\"application\/ld+json\" class=\"yoast-schema-graph\">{\"@context\":\"https:\/\/schema.org\",\"@graph\":[{\"@type\":\"WebPage\",\"@id\":\"https:\/\/d-easydrop.it\/faq\/\",\"url\":\"https:\/\/d-easydrop.it\/faq\/\",\"name\":\"FAQ - D-Easy Drop\",\"isPartOf\":{\"@id\":\"https:\/\/d-easydrop.it\/#website\"},\"datePublished\":\"2023-07-13T08:44:42+00:00\",\"dateModified\":\"2023-07-19T13:39:50+00:00\",\"breadcrumb\":{\"@id\":\"https:\/\/d-easydrop.it\/faq\/#breadcrumb\"},\"inLanguage\":\"es\",\"potentialAction\":[{\"@type\":\"ReadAction\",\"target\":[\"https:\/\/d-easydrop.it\/faq\/\"]}]},{\"@type\":\"BreadcrumbList\",\"@id\":\"https:\/\/d-easydrop.it\/faq\/#breadcrumb\",\"itemListElement\":[{\"@type\":\"ListItem\",\"position\":1,\"name\":\"Home\",\"item\":\"https:\/\/d-easydrop.it\/\"},{\"@type\":\"ListItem\",\"position\":2,\"name\":\"FAQ\"}]},{\"@type\":\"WebSite\",\"@id\":\"https:\/\/d-easydrop.it\/#website\",\"url\":\"https:\/\/d-easydrop.it\/\",\"name\":\"D-Easy Drop\",\"description\":\"Un innovativo packaging monodose con un sistema di apertura comodo e veloce.\",\"publisher\":{\"@id\":\"https:\/\/d-easydrop.it\/#organization\"},\"potentialAction\":[{\"@type\":\"SearchAction\",\"target\":{\"@type\":\"EntryPoint\",\"urlTemplate\":\"https:\/\/d-easydrop.it\/?s={search_term_string}\"},\"query-input\":\"required name=search_term_string\"}],\"inLanguage\":\"es\"},{\"@type\":\"Organization\",\"@id\":\"https:\/\/d-easydrop.it\/#organization\",\"name\":\"D-Easy Drop\",\"url\":\"https:\/\/d-easydrop.it\/\",\"logo\":{\"@type\":\"ImageObject\",\"inLanguage\":\"es\",\"@id\":\"https:\/\/d-easydrop.it\/#\/schema\/logo\/image\/\",\"url\":\"https:\/\/d-easydrop.it\/wp-content\/uploads\/2023\/07\/logohd.jpg\",\"contentUrl\":\"https:\/\/d-easydrop.it\/wp-content\/uploads\/2023\/07\/logohd.jpg\",\"width\":2000,\"height\":1092,\"caption\":\"D-Easy Drop\"},\"image\":{\"@id\":\"https:\/\/d-easydrop.it\/#\/schema\/logo\/image\/\"}}]}<\/script>\n<!-- \/ Yoast SEO plugin. -->","yoast_head_json":{"title":"FAQ - D-Easy Drop","robots":{"index":"index","follow":"follow","max-snippet":"max-snippet:-1","max-image-preview":"max-image-preview:large","max-video-preview":"max-video-preview:-1"},"canonical":"https:\/\/d-easydrop.it\/es\/faq\/","og_locale":"es_ES","og_type":"article","og_title":"FAQ - D-Easy Drop","og_url":"https:\/\/d-easydrop.it\/es\/faq\/","og_site_name":"D-Easy Drop","article_modified_time":"2023-07-19T13:39:50+00:00","twitter_card":"summary_large_image","twitter_misc":{"Tiempo de lectura":"2 minutos"},"schema":{"@context":"https:\/\/schema.org","@graph":[{"@type":"WebPage","@id":"https:\/\/d-easydrop.it\/faq\/","url":"https:\/\/d-easydrop.it\/faq\/","name":"FAQ - D-Easy Drop","isPartOf":{"@id":"https:\/\/d-easydrop.it\/#website"},"datePublished":"2023-07-13T08:44:42+00:00","dateModified":"2023-07-19T13:39:50+00:00","breadcrumb":{"@id":"https:\/\/d-easydrop.it\/faq\/#breadcrumb"},"inLanguage":"es","potentialAction":[{"@type":"ReadAction","target":["https:\/\/d-easydrop.it\/faq\/"]}]},{"@type":"BreadcrumbList","@id":"https:\/\/d-easydrop.it\/faq\/#breadcrumb","itemListElement":[{"@type":"ListItem","position":1,"name":"Home","item":"https:\/\/d-easydrop.it\/"},{"@type":"ListItem","position":2,"name":"FAQ"}]},{"@type":"WebSite","@id":"https:\/\/d-easydrop.it\/#website","url":"https:\/\/d-easydrop.it\/","name":"D-Easy Drop","description":"Un innovativo packaging monodose con un sistema di apertura comodo e veloce.","publisher":{"@id":"https:\/\/d-easydrop.it\/#organization"},"potentialAction":[{"@type":"SearchAction","target":{"@type":"EntryPoint","urlTemplate":"https:\/\/d-easydrop.it\/?s={search_term_string}"},"query-input":"required name=search_term_string"}],"inLanguage":"es"},{"@type":"Organization","@id":"https:\/\/d-easydrop.it\/#organization","name":"D-Easy Drop","url":"https:\/\/d-easydrop.it\/","logo":{"@type":"ImageObject","inLanguage":"es","@id":"https:\/\/d-easydrop.it\/#\/schema\/logo\/image\/","url":"https:\/\/d-easydrop.it\/wp-content\/uploads\/2023\/07\/logohd.jpg","contentUrl":"https:\/\/d-easydrop.it\/wp-content\/uploads\/2023\/07\/logohd.jpg","width":2000,"height":1092,"caption":"D-Easy Drop"},"image":{"@id":"https:\/\/d-easydrop.it\/#\/schema\/logo\/image\/"}}]}},"_links":{"self":[{"href":"https:\/\/d-easydrop.it\/es\/wp-json\/wp\/v2\/pages\/3676","targetHints":{"allow":["GET"]}}],"collection":[{"href":"https:\/\/d-easydrop.it\/es\/wp-json\/wp\/v2\/pages"}],"about":[{"href":"https:\/\/d-easydrop.it\/es\/wp-json\/wp\/v2\/types\/page"}],"author":[{"embeddable":true,"href":"https:\/\/d-easydrop.it\/es\/wp-json\/wp\/v2\/users\/1"}],"replies":[{"embeddable":true,"href":"https:\/\/d-easydrop.it\/es\/wp-json\/wp\/v2\/comments?post=3676"}],"version-history":[{"count":20,"href":"https:\/\/d-easydrop.it\/es\/wp-json\/wp\/v2\/pages\/3676\/revisions"}],"predecessor-version":[{"id":3756,"href":"https:\/\/d-easydrop.it\/es\/wp-json\/wp\/v2\/pages\/3676\/revisions\/3756"}],"wp:attachment":[{"href":"https:\/\/d-easydrop.it\/es\/wp-json\/wp\/v2\/media?parent=3676"}],"curies":[{"name":"wp","href":"https:\/\/api.w.org\/{rel}","templated":true}]}}