{"id":3931,"date":"2023-07-19T13:00:59","date_gmt":"2023-07-19T13:00:59","guid":{"rendered":"https:\/\/d-easydrop.it\/?post_type=product&#038;p=3931"},"modified":"2023-07-19T13:31:25","modified_gmt":"2023-07-19T13:31:25","slug":"easy-drop-plastica-2000pz","status":"publish","type":"product","link":"https:\/\/d-easydrop.it\/de\/product\/easy-drop-plastica-2000pz\/","title":{"rendered":"Easy Drop \u2013 Kunststoff \u2013 2000 St\u00fcck"},"content":{"rendered":"","protected":false},"excerpt":{"rendered":"<div class=\"wpb_text_column wpb_content_element  thegem-vc-text thegem-custom-64b7e569de8a17601\">\n<div class=\"wpb_wrapper\">\n<div class=\"styled-subtitle\">Eine innovative\u00a0<strong>Einzeldosisverpackung<\/strong>\u00a0mit \u00d6ffnungssystem\u00a0<strong>bequem und schnell<\/strong>.<\/div>\n<\/div>\n<\/div>\n<div class=\"clearboth\"><\/div>\n<div id=\"thegem-divider-64b7e569de91c\" class=\"gem-divider\"><\/div>\n<div class=\"wpb_text_column wpb_content_element  thegem-vc-text thegem-custom-64b7e569de9de8116\">\n<div class=\"wpb_wrapper\">\n<p>Unsere L\u00f6sung eignet sich perfekt f\u00fcr eine Vielzahl von Branchen, darunter Lebensmittel, Kosmetik, Pharmazie und Chemie, sowohl f\u00fcr pulverf\u00f6rmige als auch f\u00fcr fl\u00fcssige Inhalte.<\/p>\n<p>Dank unserer Vielseitigkeit k\u00f6nnen wir Ihnen effektive Unterst\u00fctzung und ma\u00dfgeschneiderte L\u00f6sungen f\u00fcr die spezifischen Bed\u00fcrfnisse jeder Branche bieten. Dank unserer umfassenden Kenntnisse und Erfahrung k\u00f6nnen wir Sie zu branchenspezifischen Themen beraten und Ihnen umfassende Informationen bieten.<\/p>\n<p>Unsere Dienstleistungen reichen von der Produktentwicklung bis zur Prozessoptimierung, von der Einhaltung gesetzlicher Vorschriften bis hin zur Produktqualit\u00e4t. Wir stellen uns Herausforderungen und bieten innovative L\u00f6sungen, die Sie beim Erreichen Ihrer Gesch\u00e4ftsziele unterst\u00fctzen.<\/p>\n<\/div>\n<\/div>","protected":false},"featured_media":3803,"template":"","meta":[],"product_cat":[132],"product_tag":[],"class_list":{"0":"post-3931","1":"product","2":"type-product","3":"status-publish","4":"has-post-thumbnail","6":"product_cat-plastica"},"yoast_head":"<!-- This site is optimized with the Yoast SEO plugin v20.11 - https:\/\/yoast.com\/wordpress\/plugins\/seo\/ -->\n<title>Easy Drop - Plastica - 2000pz - D-Easy Drop<\/title>\n<meta name=\"robots\" content=\"index, follow, max-snippet:-1, max-image-preview:large, max-video-preview:-1\" \/>\n<link rel=\"canonical\" href=\"https:\/\/d-easydrop.it\/de\/produkt\/easy-drop-plastica-2000pz\/\" \/>\n<meta property=\"og:locale\" content=\"de_DE\" \/>\n<meta property=\"og:type\" content=\"article\" \/>\n<meta property=\"og:title\" content=\"Easy Drop - Plastica - 2000pz - D-Easy Drop\" \/>\n<meta property=\"og:description\" content=\"Un innovativo\u00a0packaging monodose\u00a0con un sistema di apertura\u00a0comodo e veloce.        La nostra soluzione si adatta perfettamente a una vasta gamma di settori, tra cui alimentare, cosmetico, farmaceutico e chimico, sia per contenuti in polvere che liquidi.  La nostra versatilit\u00e0 ci consente di fornire supporto efficace e soluzioni su misura per le esigenze specifiche di ciascun settore. Siamo in grado di offrire consulenza e informazioni approfondite su tematiche legate a questi settori, grazie alla nostra conoscenza dettagliata e all\u2019esperienza accumulata.  I nostri servizi si estendono dallo sviluppo di prodotti all\u2019ottimizzazione dei processi, dalla conformit\u00e0 regolamentare alla qualit\u00e0 del prodotto. Siamo pronti ad affrontare le sfide e a offrire soluzioni innovative per aiutarti a raggiungere i tuoi obiettivi aziendali.\" \/>\n<meta property=\"og:url\" content=\"https:\/\/d-easydrop.it\/de\/produkt\/easy-drop-plastica-2000pz\/\" \/>\n<meta property=\"og:site_name\" content=\"D-Easy Drop\" \/>\n<meta property=\"article:modified_time\" content=\"2023-07-19T13:31:25+00:00\" \/>\n<meta property=\"og:image\" content=\"https:\/\/d-easydrop.it\/wp-content\/uploads\/2023\/07\/comparision.jpg\" \/>\n\t<meta property=\"og:image:width\" content=\"595\" \/>\n\t<meta property=\"og:image:height\" content=\"657\" \/>\n\t<meta property=\"og:image:type\" content=\"image\/jpeg\" \/>\n<meta name=\"twitter:card\" content=\"summary_large_image\" \/>\n<script type=\"application\/ld+json\" class=\"yoast-schema-graph\">{\"@context\":\"https:\/\/schema.org\",\"@graph\":[{\"@type\":\"WebPage\",\"@id\":\"https:\/\/d-easydrop.it\/prodotto\/easy-drop-plastica-2000pz\/\",\"url\":\"https:\/\/d-easydrop.it\/prodotto\/easy-drop-plastica-2000pz\/\",\"name\":\"Easy Drop - Plastica - 2000pz - D-Easy Drop\",\"isPartOf\":{\"@id\":\"https:\/\/d-easydrop.it\/#website\"},\"datePublished\":\"2023-07-19T13:00:59+00:00\",\"dateModified\":\"2023-07-19T13:31:25+00:00\",\"breadcrumb\":{\"@id\":\"https:\/\/d-easydrop.it\/prodotto\/easy-drop-plastica-2000pz\/#breadcrumb\"},\"inLanguage\":\"de\",\"potentialAction\":[{\"@type\":\"ReadAction\",\"target\":[\"https:\/\/d-easydrop.it\/prodotto\/easy-drop-plastica-2000pz\/\"]}]},{\"@type\":\"BreadcrumbList\",\"@id\":\"https:\/\/d-easydrop.it\/prodotto\/easy-drop-plastica-2000pz\/#breadcrumb\",\"itemListElement\":[{\"@type\":\"ListItem\",\"position\":1,\"name\":\"Home\",\"item\":\"https:\/\/d-easydrop.it\/\"},{\"@type\":\"ListItem\",\"position\":2,\"name\":\"Shop\",\"item\":\"https:\/\/d-easydrop.it\/shop\/\"},{\"@type\":\"ListItem\",\"position\":3,\"name\":\"Easy Drop &#8211; Plastica &#8211; 2000pz\"}]},{\"@type\":\"WebSite\",\"@id\":\"https:\/\/d-easydrop.it\/#website\",\"url\":\"https:\/\/d-easydrop.it\/\",\"name\":\"D-Easy Drop\",\"description\":\"Un innovativo packaging monodose con un sistema di apertura comodo e veloce.\",\"publisher\":{\"@id\":\"https:\/\/d-easydrop.it\/#organization\"},\"potentialAction\":[{\"@type\":\"SearchAction\",\"target\":{\"@type\":\"EntryPoint\",\"urlTemplate\":\"https:\/\/d-easydrop.it\/?s={search_term_string}\"},\"query-input\":\"required name=search_term_string\"}],\"inLanguage\":\"de\"},{\"@type\":\"Organization\",\"@id\":\"https:\/\/d-easydrop.it\/#organization\",\"name\":\"D-Easy Drop\",\"url\":\"https:\/\/d-easydrop.it\/\",\"logo\":{\"@type\":\"ImageObject\",\"inLanguage\":\"de\",\"@id\":\"https:\/\/d-easydrop.it\/#\/schema\/logo\/image\/\",\"url\":\"https:\/\/d-easydrop.it\/wp-content\/uploads\/2023\/07\/logohd.jpg\",\"contentUrl\":\"https:\/\/d-easydrop.it\/wp-content\/uploads\/2023\/07\/logohd.jpg\",\"width\":2000,\"height\":1092,\"caption\":\"D-Easy Drop\"},\"image\":{\"@id\":\"https:\/\/d-easydrop.it\/#\/schema\/logo\/image\/\"}}]}<\/script>\n<!-- \/ Yoast SEO plugin. -->","yoast_head_json":{"title":"Easy Drop - Plastica - 2000pz - D-Easy Drop","robots":{"index":"index","follow":"follow","max-snippet":"max-snippet:-1","max-image-preview":"max-image-preview:large","max-video-preview":"max-video-preview:-1"},"canonical":"https:\/\/d-easydrop.it\/de\/produkt\/easy-drop-plastica-2000pz\/","og_locale":"de_DE","og_type":"article","og_title":"Easy Drop - Plastica - 2000pz - D-Easy Drop","og_description":"Un innovativo\u00a0packaging monodose\u00a0con un sistema di apertura\u00a0comodo e veloce.        La nostra soluzione si adatta perfettamente a una vasta gamma di settori, tra cui alimentare, cosmetico, farmaceutico e chimico, sia per contenuti in polvere che liquidi.  La nostra versatilit\u00e0 ci consente di fornire supporto efficace e soluzioni su misura per le esigenze specifiche di ciascun settore. Siamo in grado di offrire consulenza e informazioni approfondite su tematiche legate a questi settori, grazie alla nostra conoscenza dettagliata e all\u2019esperienza accumulata.  I nostri servizi si estendono dallo sviluppo di prodotti all\u2019ottimizzazione dei processi, dalla conformit\u00e0 regolamentare alla qualit\u00e0 del prodotto. Siamo pronti ad affrontare le sfide e a offrire soluzioni innovative per aiutarti a raggiungere i tuoi obiettivi aziendali.","og_url":"https:\/\/d-easydrop.it\/de\/produkt\/easy-drop-plastica-2000pz\/","og_site_name":"D-Easy Drop","article_modified_time":"2023-07-19T13:31:25+00:00","og_image":[{"width":595,"height":657,"url":"https:\/\/d-easydrop.it\/wp-content\/uploads\/2023\/07\/comparision.jpg","type":"image\/jpeg"}],"twitter_card":"summary_large_image","schema":{"@context":"https:\/\/schema.org","@graph":[{"@type":"WebPage","@id":"https:\/\/d-easydrop.it\/prodotto\/easy-drop-plastica-2000pz\/","url":"https:\/\/d-easydrop.it\/prodotto\/easy-drop-plastica-2000pz\/","name":"Easy Drop - Plastica - 2000pz - D-Easy Drop","isPartOf":{"@id":"https:\/\/d-easydrop.it\/#website"},"datePublished":"2023-07-19T13:00:59+00:00","dateModified":"2023-07-19T13:31:25+00:00","breadcrumb":{"@id":"https:\/\/d-easydrop.it\/prodotto\/easy-drop-plastica-2000pz\/#breadcrumb"},"inLanguage":"de","potentialAction":[{"@type":"ReadAction","target":["https:\/\/d-easydrop.it\/prodotto\/easy-drop-plastica-2000pz\/"]}]},{"@type":"BreadcrumbList","@id":"https:\/\/d-easydrop.it\/prodotto\/easy-drop-plastica-2000pz\/#breadcrumb","itemListElement":[{"@type":"ListItem","position":1,"name":"Home","item":"https:\/\/d-easydrop.it\/"},{"@type":"ListItem","position":2,"name":"Shop","item":"https:\/\/d-easydrop.it\/shop\/"},{"@type":"ListItem","position":3,"name":"Easy Drop &#8211; Plastica &#8211; 2000pz"}]},{"@type":"WebSite","@id":"https:\/\/d-easydrop.it\/#website","url":"https:\/\/d-easydrop.it\/","name":"D-Easy Drop","description":"Un innovativo packaging monodose con un sistema di apertura comodo e veloce.","publisher":{"@id":"https:\/\/d-easydrop.it\/#organization"},"potentialAction":[{"@type":"SearchAction","target":{"@type":"EntryPoint","urlTemplate":"https:\/\/d-easydrop.it\/?s={search_term_string}"},"query-input":"required name=search_term_string"}],"inLanguage":"de"},{"@type":"Organization","@id":"https:\/\/d-easydrop.it\/#organization","name":"D-Easy Drop","url":"https:\/\/d-easydrop.it\/","logo":{"@type":"ImageObject","inLanguage":"de","@id":"https:\/\/d-easydrop.it\/#\/schema\/logo\/image\/","url":"https:\/\/d-easydrop.it\/wp-content\/uploads\/2023\/07\/logohd.jpg","contentUrl":"https:\/\/d-easydrop.it\/wp-content\/uploads\/2023\/07\/logohd.jpg","width":2000,"height":1092,"caption":"D-Easy Drop"},"image":{"@id":"https:\/\/d-easydrop.it\/#\/schema\/logo\/image\/"}}]}},"_links":{"self":[{"href":"https:\/\/d-easydrop.it\/de\/wp-json\/wp\/v2\/product\/3931","targetHints":{"allow":["GET"]}}],"collection":[{"href":"https:\/\/d-easydrop.it\/de\/wp-json\/wp\/v2\/product"}],"about":[{"href":"https:\/\/d-easydrop.it\/de\/wp-json\/wp\/v2\/types\/product"}],"wp:featuredmedia":[{"embeddable":true,"href":"https:\/\/d-easydrop.it\/de\/wp-json\/wp\/v2\/media\/3803"}],"wp:attachment":[{"href":"https:\/\/d-easydrop.it\/de\/wp-json\/wp\/v2\/media?parent=3931"}],"wp:term":[{"taxonomy":"product_cat","embeddable":true,"href":"https:\/\/d-easydrop.it\/de\/wp-json\/wp\/v2\/product_cat?post=3931"},{"taxonomy":"product_tag","embeddable":true,"href":"https:\/\/d-easydrop.it\/de\/wp-json\/wp\/v2\/product_tag?post=3931"}],"curies":[{"name":"wp","href":"https:\/\/api.w.org\/{rel}","templated":true}]}}