{"id":556,"date":"2019-02-11T13:32:44","date_gmt":"2019-02-11T13:32:44","guid":{"rendered":"http:\/\/democontent.codex-themes.com\/sites\/medical-center\/?page_id=556"},"modified":"2024-05-31T08:53:09","modified_gmt":"2024-05-31T08:53:09","slug":"about-us","status":"publish","type":"page","link":"https:\/\/d-easydrop.it\/de\/about-us\/","title":{"rendered":"D-Easydrop-Projekt"},"content":{"rendered":"<section class=\"wpb-content-wrapper\"><div id=\"vc_row-69f3433377885\" class=\"vc_row wpb_row vc_row-fluid vc_custom_1689784943145 thegem-custom-69f343337783f9862\"><div class=\"wpb_column vc_column_container vc_col-sm-12 thegem-custom-69f3433377d76606\"><div class=\"vc_column-inner thegem-custom-inner-69f3433377d78\"><div class=\"wpb_wrapper thegem-custom-69f3433377d76606\">\r\n\t\r\n\t\t<div class=\"wpb_text_column wpb_content_element  thegem-vc-text thegem-custom-69f343337813d2875\"  >\r\n\t\t\t<div class=\"wpb_wrapper\">\r\n\t\t\t\t<h4><strong>Leicht zu \u00f6ffnen, einfach zu bedienen<\/strong><\/h4>\n\r\n\t\t\t<\/div>\r\n\t\t\t<style>@media screen and (max-width: 1023px) {.thegem-vc-text.thegem-custom-69f343337813d2875{display: block!important;}}@media screen and (max-width: 767px) {.thegem-vc-text.thegem-custom-69f343337813d2875{display: block!important;}}@media screen and (max-width: 1023px) {.thegem-vc-text.thegem-custom-69f343337813d2875{position: relative !important;}}@media screen and (max-width: 767px) {.thegem-vc-text.thegem-custom-69f343337813d2875{position: relative !important;}}<\/style>\r\n\t\t<\/div>\r\n\t\r\n<\/div><\/div><\/div><\/div><div id=\"vc_row-69f3433378301\" class=\"vc_row wpb_row vc_row-fluid thegem-custom-69f34333782f86566\"><div class=\"wpb_column vc_column_container vc_col-sm-6 thegem-custom-69f343337849f7341\"><div class=\"vc_column-inner thegem-custom-inner-69f34333784a0\"><div class=\"wpb_wrapper thegem-custom-69f343337849f7341\">\r\n\t\r\n\t\t<div class=\"wpb_text_column wpb_content_element  thegem-vc-text thegem-custom-69f34333785af1933\"  >\r\n\t\t\t<div class=\"wpb_wrapper\">\r\n\t\t\t\t<p>Das \u00d6ffnen von Verpackungen sollte f\u00fcr uns alle ein einfacher Vorgang sein, doch h\u00e4ufig sind wir mit komplizierten oder nicht intuitiven Blisterpackungen konfrontiert. Mit D-easydrop geh\u00f6rt das alles der Vergangenheit an. Zum \u00d6ffnen unserer innovativen Einzeldosis-Blister ben\u00f6tigen Sie keine Werkzeuge, gepunkteten Linien oder \u00fcberm\u00e4\u00dfigen Kraftaufwand mehr.<\/p>\n<p>Dank des intelligenten Designs von D-easydrop gen\u00fcgt ein leichter Druck mit drei Fingern, um es problemlos zu \u00f6ffnen. Mit einer schnellen und intuitiven Geste, etwa einer Liebkosung, k\u00f6nnen Sie schnell und bequem auf Ihr Produkt zugreifen.<\/p>\n<p>Die Vorteile enden hier noch nicht: Unsere L\u00f6sung ist vollst\u00e4ndig recycelbar und tr\u00e4gt so dazu bei, die Umweltbelastung zu reduzieren und unseren Planeten zu sch\u00fctzen.<\/p>\n<p>D-easydrop ist ideal f\u00fcr die Aufbewahrung aller fl\u00fcssigen oder gelf\u00f6rmigen Produkte und bietet verschiedene Mengen- und Formatoptionen, um alle Ihre Anforderungen zu erf\u00fcllen.<\/p>\n<p>Mit D-easydrop, der cleveren Wahl f\u00fcr einfachere und nachhaltigere Verpackungen, machen wir das \u00d6ffnen von Paketen zu einem angenehmen und stressfreien Erlebnis.<\/p>\n<p><strong>Verf\u00fcgbar in den folgenden Formaten:<\/strong><\/p>\n<ul>\n<li>66 x 100 mm (bis zu 12 ml Produkt)<\/li>\n<li>40 x 50 mm (bis zu 1,5 ml Produkt)<\/li>\n<\/ul>\n\r\n\t\t\t<\/div>\r\n\t\t\t<style>@media screen and (max-width: 1023px) {.thegem-vc-text.thegem-custom-69f34333785af1933{display: block!important;}}@media screen and (max-width: 767px) {.thegem-vc-text.thegem-custom-69f34333785af1933{display: block!important;}}@media screen and (max-width: 1023px) {.thegem-vc-text.thegem-custom-69f34333785af1933{position: relative !important;}}@media screen and (max-width: 767px) {.thegem-vc-text.thegem-custom-69f34333785af1933{position: relative !important;}}<\/style>\r\n\t\t<\/div>\r\n\t\r\n<\/div><\/div><\/div><div class=\"wpb_column vc_column_container vc_col-sm-6 thegem-custom-69f34333787137889\"><div class=\"vc_column-inner thegem-custom-inner-69f3433378714\"><div class=\"wpb_wrapper thegem-custom-69f34333787137889\">\r\n\t\r\n\t<div  class=\"wpb_single_image wpb_content_element vc_align_left\" >\r\n\t\t\r\n\t\t<figure class=\"wpb_wrapper vc_figure\">\r\n\t\t\t<div class=\"vc_single_image-wrapper   vc_box_border_grey\"><img decoding=\"async\" width=\"1000\" height=\"1182\" src=\"https:\/\/d-easydrop.it\/wp-content\/uploads\/2023\/07\/D-EASYDROP-applicazioni-1.jpg\" class=\"vc_single_image-img attachment-full\" alt=\"\" title=\"D-EASYDROP-Anwendungen\" srcset=\"https:\/\/d-easydrop.it\/wp-content\/uploads\/2023\/07\/D-EASYDROP-applicazioni-1.jpg 1000w, https:\/\/d-easydrop.it\/wp-content\/uploads\/2023\/07\/D-EASYDROP-applicazioni-1-600x709.jpg 600w, https:\/\/d-easydrop.it\/wp-content\/uploads\/2023\/07\/D-EASYDROP-applicazioni-1-254x300.jpg 254w, https:\/\/d-easydrop.it\/wp-content\/uploads\/2023\/07\/D-EASYDROP-applicazioni-1-866x1024.jpg 866w, https:\/\/d-easydrop.it\/wp-content\/uploads\/2023\/07\/D-EASYDROP-applicazioni-1-768x908.jpg 768w\" sizes=\"(max-width: 1000px) 100vw, 1000px\" \/><\/div>\r\n\t\t<\/figure>\r\n\t<\/div>\r\n\t\r\n<\/div><\/div><\/div><\/div><div class=\"vc_row-full-width-before\"><\/div><div id=\"vc_row-69f343337921a\" data-vc-full-width=\"true\" data-vc-full-width-init=\"false\" class=\"vc_row wpb_row vc_row-fluid vc_custom_1586773707314 thegem-custom-69f343337920d5229 vc_row-has-fill\"><script type=\"text\/javascript\">if (typeof(gem_fix_fullwidth_position) == \"function\") { gem_fix_fullwidth_position(document.getElementById(\"vc_row-69f343337921a\")); }<\/script><div class=\"wpb_column vc_column_container vc_col-sm-12 thegem-custom-69f34333793dd7870\"><div class=\"vc_column-inner thegem-custom-inner-69f34333793df\"><div class=\"wpb_wrapper thegem-custom-69f34333793dd7870\"><div class=\"clearboth\"><\/div><style>#thegem-divider-69f34333794d8 {margin-top: 85px !important;}<\/style><div id=\"thegem-divider-69f34333794d8\" class=\"gem-divider  divider-hidden\" style=\"\" ><\/div>\r\n\t\r\n\t\t<div class=\"wpb_text_column wpb_content_element  wpb_animate_when_almost_visible wpb_bottom-to-top bottom-to-top thegem-vc-text thegem-custom-69f343337958b3766\"  >\r\n\t\t\t<div class=\"wpb_wrapper\">\r\n\t\t\t\t<h4 style=\"text-align: center;\">EIN STANDARD F\u00dcR EINZELDOSISVERPACKUNGEN<\/h4>\n\r\n\t\t\t<\/div>\r\n\t\t\t<style>@media screen and (max-width: 1023px) {.thegem-vc-text.thegem-custom-69f343337958b3766{display: block!important;}}@media screen and (max-width: 767px) {.thegem-vc-text.thegem-custom-69f343337958b3766{display: block!important;}}@media screen and (max-width: 1023px) {.thegem-vc-text.thegem-custom-69f343337958b3766{position: relative !important;}}@media screen and (max-width: 767px) {.thegem-vc-text.thegem-custom-69f343337958b3766{position: relative !important;}}<\/style>\r\n\t\t<\/div>\r\n\t\r\n\r\n\t\r\n\t\t<div class=\"wpb_text_column wpb_content_element  wpb_animate_when_almost_visible wpb_bottom-to-top bottom-to-top vc_custom_1689757236582 thegem-vc-text thegem-custom-69f34333796765268\"  >\r\n\t\t\t<div class=\"wpb_wrapper\">\r\n\t\t\t\t<h1 style=\"text-align: center;\">EINZIGARTIGE VERPACKUNG<\/h1>\n\r\n\t\t\t<\/div>\r\n\t\t\t<style>@media screen and (max-width: 1023px) {.thegem-vc-text.thegem-custom-69f34333796765268{display: block!important;}}@media screen and (max-width: 767px) {.thegem-vc-text.thegem-custom-69f34333796765268{display: block!important;}}@media screen and (max-width: 1023px) {.thegem-vc-text.thegem-custom-69f34333796765268{position: relative !important;}}@media screen and (max-width: 767px) {.thegem-vc-text.thegem-custom-69f34333796765268{position: relative !important;}}<\/style>\r\n\t\t<\/div>\r\n\t\r\n<div class=\"clearboth\"><\/div><style>#thegem-divider-69f34333796d3 {margin-top: 80px !important;}<\/style><div id=\"thegem-divider-69f34333796d3\" class=\"gem-divider  divider-hidden\" style=\"\" ><\/div><div class=\"vc_row wpb_row vc_inner vc_row-fluid vc_custom_1586773716241 thegem-custom-69f3433379ab43451 vc_row-has-fill vc_row-o-equal-height vc_row-flex custom-inner-column-69f3433379abf\"><div class=\"wpb_column vc_column_container vc_col-sm-4 thegem-custom-69f3433379e797727 vc_col-has-fill\"><div class=\"vc_column-inner thegem-custom-inner-69f3433379e7b vc_custom_1689757511232\"><div class=\"wpb_wrapper thegem-custom-69f3433379e797727\"><div class=\"clearboth\"><\/div><style>#thegem-divider-69f3433379f39 {margin-top: 314px !important;}<\/style><div id=\"thegem-divider-69f3433379f39\" class=\"gem-divider\" style=\"\" ><\/div><\/div><\/div><\/div><div class=\"wpb_column vc_column_container vc_col-sm-4 thegem-custom-69f343337a02c7671 vc_col-has-fill\"><div class=\"vc_column-inner thegem-custom-inner-69f343337a02d vc_custom_1501671397901\"><div class=\"wpb_wrapper thegem-custom-69f343337a02c7671\"><div class=\"clearboth\"><\/div><style>#thegem-divider-69f343337a0f3 {margin-top: 30px !important;}<\/style><div id=\"thegem-divider-69f343337a0f3\" class=\"gem-divider\" style=\"\" ><\/div><div class=\"lazy-loading\" data-ll-item-delay=\"0\"><div class=\"gem-textbox  lazy-loading-item centered-box\"  data-ll-effect=\"move-up\" ><div class=\"gem-textbox-inner\" style=\"\"><div class=\"gem-textbox-content\" style=\"background-position: center top;padding-top: 20px;padding-bottom: 30px;\">\r\n\t\r\n\t\t<div class=\"wpb_text_column wpb_content_element  thegem-vc-text thegem-custom-69f343337a2297921\"  >\r\n\t\t\t<div class=\"wpb_wrapper\">\r\n\t\t\t\t<h5 style=\"text-align: center;\">EINFACH UND VIELSEITIG<\/h5>\n\r\n\t\t\t<\/div>\r\n\t\t\t<style>@media screen and (max-width: 1023px) {.thegem-vc-text.thegem-custom-69f343337a2297921{display: block!important;}}@media screen and (max-width: 767px) {.thegem-vc-text.thegem-custom-69f343337a2297921{display: block!important;}}@media screen and (max-width: 1023px) {.thegem-vc-text.thegem-custom-69f343337a2297921{position: relative !important;}}@media screen and (max-width: 767px) {.thegem-vc-text.thegem-custom-69f343337a2297921{position: relative !important;}}<\/style>\r\n\t\t<\/div>\r\n\t\r\n<div class=\"clearboth\"><\/div><style>#thegem-divider-69f343337a291 {margin-top: 30px !important;}<\/style><div id=\"thegem-divider-69f343337a291\" class=\"gem-divider\" style=\"\" ><\/div>\r\n\t\r\n\t\t<div class=\"wpb_text_column wpb_content_element  thegem-vc-text thegem-custom-69f343337a3169154\"  >\r\n\t\t\t<div class=\"wpb_wrapper\">\r\n\t\t\t\t<div class=\"et_pb_blurb_container\">\n<div class=\"et_pb_blurb_description\">\n<p>Eine innovative M\u00f6glichkeit, Pakete auf dem Markt zu \u00f6ffnen <strong>Lebensmittel, Kosmetik,<\/strong> <strong>Chemie und Pharmazie,<\/strong> D-esadrop\u00a0 <strong>l\u00e4sst sich mit nur einer Hand \u00f6ffnen<\/strong>, m\u00fchelos. Leicht von Menschen zu verwenden <strong>Alten<\/strong> oder deaktiviert.<\/p>\n<\/div>\n<\/div>\n\r\n\t\t\t<\/div>\r\n\t\t\t<style>@media screen and (max-width: 1023px) {.thegem-vc-text.thegem-custom-69f343337a3169154{display: block!important;}}@media screen and (max-width: 767px) {.thegem-vc-text.thegem-custom-69f343337a3169154{display: block!important;}}@media screen and (max-width: 1023px) {.thegem-vc-text.thegem-custom-69f343337a3169154{position: relative !important;}}@media screen and (max-width: 767px) {.thegem-vc-text.thegem-custom-69f343337a3169154{position: relative !important;}}<\/style>\r\n\t\t<\/div>\r\n\t\r\n<div class=\"clearboth\"><\/div><style>#thegem-divider-69f343337a37d {margin-top: 30px !important;}<\/style><div id=\"thegem-divider-69f343337a37d\" class=\"gem-divider\" style=\"\" ><\/div><\/div><\/div><\/div><\/div><\/div><\/div><\/div><div class=\"wpb_column vc_column_container vc_col-sm-4 thegem-custom-69f343337a48c394 vc_col-has-fill\"><div class=\"vc_column-inner thegem-custom-inner-69f343337a48d vc_custom_1689758888889\"><div class=\"wpb_wrapper thegem-custom-69f343337a48c394\"><div class=\"clearboth\"><\/div><style>#thegem-divider-69f343337a4ff {margin-top: 314px !important;}<\/style><div id=\"thegem-divider-69f343337a4ff\" class=\"gem-divider\" style=\"\" ><\/div><\/div><\/div><\/div><\/div><div class=\"vc_row wpb_row vc_inner vc_row-fluid vc_custom_1586773721104 thegem-custom-69f343337a6165840 vc_row-has-fill vc_row-o-equal-height vc_row-flex custom-inner-column-69f343337a61e\"><div class=\"wpb_column vc_column_container vc_col-sm-4 thegem-custom-69f343337a7608999 vc_col-has-fill\"><div class=\"vc_column-inner thegem-custom-inner-69f343337a761 vc_custom_1501158866510\"><div class=\"wpb_wrapper thegem-custom-69f343337a7608999\"><div class=\"clearboth\"><\/div><style>#thegem-divider-69f343337a7d7 {margin-top: 30px !important;}<\/style><div id=\"thegem-divider-69f343337a7d7\" class=\"gem-divider\" style=\"\" ><\/div><div class=\"lazy-loading\" data-ll-item-delay=\"0\"><div class=\"gem-textbox  lazy-loading-item centered-box\"  data-ll-effect=\"move-up\" ><div class=\"gem-textbox-inner\" style=\"\"><div class=\"gem-textbox-content\" style=\"background-position: center top;padding-top: 20px;padding-bottom: 30px;\">\r\n\t\r\n\t\t<div class=\"wpb_text_column wpb_content_element  thegem-vc-text thegem-custom-69f343337a8b84329\"  >\r\n\t\t\t<div class=\"wpb_wrapper\">\r\n\t\t\t\t<h5 style=\"text-align: center;\">360\u00b0 ANPASSBAR<\/h5>\n\r\n\t\t\t<\/div>\r\n\t\t\t<style>@media screen and (max-width: 1023px) {.thegem-vc-text.thegem-custom-69f343337a8b84329{display: block!important;}}@media screen and (max-width: 767px) {.thegem-vc-text.thegem-custom-69f343337a8b84329{display: block!important;}}@media screen and (max-width: 1023px) {.thegem-vc-text.thegem-custom-69f343337a8b84329{position: relative !important;}}@media screen and (max-width: 767px) {.thegem-vc-text.thegem-custom-69f343337a8b84329{position: relative !important;}}<\/style>\r\n\t\t<\/div>\r\n\t\r\n<div class=\"clearboth\"><\/div><style>#thegem-divider-69f343337a918 {margin-top: 30px !important;}<\/style><div id=\"thegem-divider-69f343337a918\" class=\"gem-divider\" style=\"\" ><\/div>\r\n\t\r\n\t\t<div class=\"wpb_text_column wpb_content_element  thegem-vc-text thegem-custom-69f343337a9a12511\"  >\r\n\t\t\t<div class=\"wpb_wrapper\">\r\n\t\t\t\t<div id=\"comefunziona-blur\" class=\"et_pb_module et_pb_blurb et_pb_blurb_13 et_pb_text_align_left et_pb_blurb_position_left et_pb_bg_layout_light\">\n<div class=\"et_pb_blurb_content\">\n<div class=\"et_pb_blurb_container\">\n<div class=\"et_pb_blurb_description\">\n<p>Die gesamte Oberfl\u00e4che kann individuell bedruckt werden <strong>Kommunikation sowohl auf der Vorder- als auch auf der R\u00fcckseite<\/strong>. Das bedeutet enorme Chancen <strong>Sichtbarkeit und Werbung<\/strong> Ihrer Marke. Ein Marketinginstrument, das buchst\u00e4blich in den H\u00e4nden Ihres Verbrauchers liegt und mit dem Sie \u00fcber den QR-CODE dies tun k\u00f6nnen <strong>direkten Kontakt herstellen<\/strong>.<\/p>\n<\/div>\n<\/div>\n<\/div>\n<\/div>\n\r\n\t\t\t<\/div>\r\n\t\t\t<style>@media screen and (max-width: 1023px) {.thegem-vc-text.thegem-custom-69f343337a9a12511{display: block!important;}}@media screen and (max-width: 767px) {.thegem-vc-text.thegem-custom-69f343337a9a12511{display: block!important;}}@media screen and (max-width: 1023px) {.thegem-vc-text.thegem-custom-69f343337a9a12511{position: relative !important;}}@media screen and (max-width: 767px) {.thegem-vc-text.thegem-custom-69f343337a9a12511{position: relative !important;}}<\/style>\r\n\t\t<\/div>\r\n\t\r\n<div class=\"clearboth\"><\/div><style>#thegem-divider-69f343337aa0d {margin-top: 30px !important;}<\/style><div id=\"thegem-divider-69f343337aa0d\" class=\"gem-divider\" style=\"\" ><\/div><\/div><\/div><\/div><\/div><\/div><\/div><\/div><div class=\"wpb_column vc_column_container vc_col-sm-4 thegem-custom-69f343337ab107885 vc_col-has-fill\"><div class=\"vc_column-inner thegem-custom-inner-69f343337ab11 vc_custom_1689759036361\"><div class=\"wpb_wrapper thegem-custom-69f343337ab107885\"><div class=\"clearboth\"><\/div><style>#thegem-divider-69f343337ab7e {margin-top: 314px !important;}<\/style><div id=\"thegem-divider-69f343337ab7e\" class=\"gem-divider\" style=\"\" ><\/div><\/div><\/div><\/div><div class=\"wpb_column vc_column_container vc_col-sm-4 thegem-custom-69f343337ac505879 vc_col-has-fill\"><div class=\"vc_column-inner thegem-custom-inner-69f343337ac51 vc_custom_1501158887719\"><div class=\"wpb_wrapper thegem-custom-69f343337ac505879\"><div class=\"clearboth\"><\/div><style>#thegem-divider-69f343337acc4 {margin-top: 30px !important;}<\/style><div id=\"thegem-divider-69f343337acc4\" class=\"gem-divider\" style=\"\" ><\/div><div class=\"lazy-loading\" data-ll-item-delay=\"0\"><div class=\"gem-textbox  lazy-loading-item centered-box\"  data-ll-effect=\"move-up\" ><div class=\"gem-textbox-inner\" style=\"\"><div class=\"gem-textbox-content\" style=\"background-position: center top;padding-top: 20px;padding-bottom: 30px;\">\r\n\t\r\n\t\t<div class=\"wpb_text_column wpb_content_element  thegem-vc-text thegem-custom-69f343337ada09469\"  >\r\n\t\t\t<div class=\"wpb_wrapper\">\r\n\t\t\t\t<h5 style=\"text-align: center;\">NACHHALTIGE VERPACKUNG<\/h5>\n\r\n\t\t\t<\/div>\r\n\t\t\t<style>@media screen and (max-width: 1023px) {.thegem-vc-text.thegem-custom-69f343337ada09469{display: block!important;}}@media screen and (max-width: 767px) {.thegem-vc-text.thegem-custom-69f343337ada09469{display: block!important;}}@media screen and (max-width: 1023px) {.thegem-vc-text.thegem-custom-69f343337ada09469{position: relative !important;}}@media screen and (max-width: 767px) {.thegem-vc-text.thegem-custom-69f343337ada09469{position: relative !important;}}<\/style>\r\n\t\t<\/div>\r\n\t\r\n<div class=\"clearboth\"><\/div><style>#thegem-divider-69f343337adfd {margin-top: 30px !important;}<\/style><div id=\"thegem-divider-69f343337adfd\" class=\"gem-divider\" style=\"\" ><\/div>\r\n\t\r\n\t\t<div class=\"wpb_text_column wpb_content_element  thegem-vc-text thegem-custom-69f343337ae7f1994\"  >\r\n\t\t\t<div class=\"wpb_wrapper\">\r\n\t\t\t\t<p style=\"text-align: center;\"><strong>D-easydrop<\/strong> bietet eine innovative L\u00f6sung, die die Ansammlung von Mikroplastik in der Umwelt reduziert und das Recycling von Materialien f\u00f6rdert. Dies ist ein positiver Schritt zum Schutz des \u00d6kosystems und zur F\u00f6rderung eines verantwortungsvolleren Konsums.<\/p>\n\r\n\t\t\t<\/div>\r\n\t\t\t<style>@media screen and (max-width: 1023px) {.thegem-vc-text.thegem-custom-69f343337ae7f1994{display: block!important;}}@media screen and (max-width: 767px) {.thegem-vc-text.thegem-custom-69f343337ae7f1994{display: block!important;}}@media screen and (max-width: 1023px) {.thegem-vc-text.thegem-custom-69f343337ae7f1994{position: relative !important;}}@media screen and (max-width: 767px) {.thegem-vc-text.thegem-custom-69f343337ae7f1994{position: relative !important;}}<\/style>\r\n\t\t<\/div>\r\n\t\r\n<div class=\"clearboth\"><\/div><style>#thegem-divider-69f343337aed7 {margin-top: 30px !important;}<\/style><div id=\"thegem-divider-69f343337aed7\" class=\"gem-divider\" style=\"\" ><\/div><\/div><\/div><\/div><\/div><\/div><\/div><\/div><\/div><div class=\"clearboth\"><\/div><style>#thegem-divider-69f343337af39 {margin-top: 149px !important;}<\/style><div id=\"thegem-divider-69f343337af39\" class=\"gem-divider  divider-hidden divider-big\" style=\"\" ><\/div><\/div><\/div><\/div><\/div><div class=\"vc_row-full-width vc_clearfix\"><\/div>\n<\/section>","protected":false},"excerpt":{"rendered":"","protected":false},"author":1,"featured_media":0,"parent":0,"menu_order":0,"comment_status":"closed","ping_status":"closed","template":"","meta":{"footnotes":""},"class_list":["post-556","page","type-page","status-publish"],"yoast_head":"<!-- This site is optimized with the Yoast SEO plugin v20.11 - https:\/\/yoast.com\/wordpress\/plugins\/seo\/ -->\n<title>Progetto D-Easydrop - D-Easy Drop<\/title>\n<meta name=\"robots\" content=\"index, follow, max-snippet:-1, max-image-preview:large, max-video-preview:-1\" \/>\n<link rel=\"canonical\" href=\"https:\/\/d-easydrop.it\/de\/about-us\/\" \/>\n<meta property=\"og:locale\" content=\"de_DE\" \/>\n<meta property=\"og:type\" content=\"article\" \/>\n<meta property=\"og:title\" content=\"Progetto D-Easydrop - D-Easy Drop\" \/>\n<meta property=\"og:url\" content=\"https:\/\/d-easydrop.it\/de\/about-us\/\" \/>\n<meta property=\"og:site_name\" content=\"D-Easy Drop\" \/>\n<meta property=\"article:modified_time\" content=\"2024-05-31T08:53:09+00:00\" \/>\n<meta name=\"twitter:card\" content=\"summary_large_image\" \/>\n<meta name=\"twitter:label1\" content=\"Gesch\u00e4tzte Lesezeit\" \/>\n\t<meta name=\"twitter:data1\" content=\"3\u00a0Minuten\" \/>\n<script type=\"application\/ld+json\" class=\"yoast-schema-graph\">{\"@context\":\"https:\/\/schema.org\",\"@graph\":[{\"@type\":\"WebPage\",\"@id\":\"https:\/\/d-easydrop.it\/about-us\/\",\"url\":\"https:\/\/d-easydrop.it\/about-us\/\",\"name\":\"Progetto D-Easydrop - D-Easy Drop\",\"isPartOf\":{\"@id\":\"https:\/\/d-easydrop.it\/#website\"},\"datePublished\":\"2019-02-11T13:32:44+00:00\",\"dateModified\":\"2024-05-31T08:53:09+00:00\",\"breadcrumb\":{\"@id\":\"https:\/\/d-easydrop.it\/about-us\/#breadcrumb\"},\"inLanguage\":\"de\",\"potentialAction\":[{\"@type\":\"ReadAction\",\"target\":[\"https:\/\/d-easydrop.it\/about-us\/\"]}]},{\"@type\":\"BreadcrumbList\",\"@id\":\"https:\/\/d-easydrop.it\/about-us\/#breadcrumb\",\"itemListElement\":[{\"@type\":\"ListItem\",\"position\":1,\"name\":\"Home\",\"item\":\"https:\/\/d-easydrop.it\/\"},{\"@type\":\"ListItem\",\"position\":2,\"name\":\"Progetto D-Easydrop\"}]},{\"@type\":\"WebSite\",\"@id\":\"https:\/\/d-easydrop.it\/#website\",\"url\":\"https:\/\/d-easydrop.it\/\",\"name\":\"D-Easy Drop\",\"description\":\"Un innovativo packaging monodose con un sistema di apertura comodo e veloce.\",\"publisher\":{\"@id\":\"https:\/\/d-easydrop.it\/#organization\"},\"potentialAction\":[{\"@type\":\"SearchAction\",\"target\":{\"@type\":\"EntryPoint\",\"urlTemplate\":\"https:\/\/d-easydrop.it\/?s={search_term_string}\"},\"query-input\":\"required name=search_term_string\"}],\"inLanguage\":\"de\"},{\"@type\":\"Organization\",\"@id\":\"https:\/\/d-easydrop.it\/#organization\",\"name\":\"D-Easy Drop\",\"url\":\"https:\/\/d-easydrop.it\/\",\"logo\":{\"@type\":\"ImageObject\",\"inLanguage\":\"de\",\"@id\":\"https:\/\/d-easydrop.it\/#\/schema\/logo\/image\/\",\"url\":\"https:\/\/d-easydrop.it\/wp-content\/uploads\/2023\/07\/logohd.jpg\",\"contentUrl\":\"https:\/\/d-easydrop.it\/wp-content\/uploads\/2023\/07\/logohd.jpg\",\"width\":2000,\"height\":1092,\"caption\":\"D-Easy Drop\"},\"image\":{\"@id\":\"https:\/\/d-easydrop.it\/#\/schema\/logo\/image\/\"}}]}<\/script>\n<!-- \/ Yoast SEO plugin. -->","yoast_head_json":{"title":"Progetto D-Easydrop - D-Easy Drop","robots":{"index":"index","follow":"follow","max-snippet":"max-snippet:-1","max-image-preview":"max-image-preview:large","max-video-preview":"max-video-preview:-1"},"canonical":"https:\/\/d-easydrop.it\/de\/about-us\/","og_locale":"de_DE","og_type":"article","og_title":"Progetto D-Easydrop - D-Easy Drop","og_url":"https:\/\/d-easydrop.it\/de\/about-us\/","og_site_name":"D-Easy Drop","article_modified_time":"2024-05-31T08:53:09+00:00","twitter_card":"summary_large_image","twitter_misc":{"Gesch\u00e4tzte Lesezeit":"3\u00a0Minuten"},"schema":{"@context":"https:\/\/schema.org","@graph":[{"@type":"WebPage","@id":"https:\/\/d-easydrop.it\/about-us\/","url":"https:\/\/d-easydrop.it\/about-us\/","name":"Progetto D-Easydrop - D-Easy Drop","isPartOf":{"@id":"https:\/\/d-easydrop.it\/#website"},"datePublished":"2019-02-11T13:32:44+00:00","dateModified":"2024-05-31T08:53:09+00:00","breadcrumb":{"@id":"https:\/\/d-easydrop.it\/about-us\/#breadcrumb"},"inLanguage":"de","potentialAction":[{"@type":"ReadAction","target":["https:\/\/d-easydrop.it\/about-us\/"]}]},{"@type":"BreadcrumbList","@id":"https:\/\/d-easydrop.it\/about-us\/#breadcrumb","itemListElement":[{"@type":"ListItem","position":1,"name":"Home","item":"https:\/\/d-easydrop.it\/"},{"@type":"ListItem","position":2,"name":"Progetto D-Easydrop"}]},{"@type":"WebSite","@id":"https:\/\/d-easydrop.it\/#website","url":"https:\/\/d-easydrop.it\/","name":"D-Easy Drop","description":"Un innovativo packaging monodose con un sistema di apertura comodo e veloce.","publisher":{"@id":"https:\/\/d-easydrop.it\/#organization"},"potentialAction":[{"@type":"SearchAction","target":{"@type":"EntryPoint","urlTemplate":"https:\/\/d-easydrop.it\/?s={search_term_string}"},"query-input":"required name=search_term_string"}],"inLanguage":"de"},{"@type":"Organization","@id":"https:\/\/d-easydrop.it\/#organization","name":"D-Easy Drop","url":"https:\/\/d-easydrop.it\/","logo":{"@type":"ImageObject","inLanguage":"de","@id":"https:\/\/d-easydrop.it\/#\/schema\/logo\/image\/","url":"https:\/\/d-easydrop.it\/wp-content\/uploads\/2023\/07\/logohd.jpg","contentUrl":"https:\/\/d-easydrop.it\/wp-content\/uploads\/2023\/07\/logohd.jpg","width":2000,"height":1092,"caption":"D-Easy Drop"},"image":{"@id":"https:\/\/d-easydrop.it\/#\/schema\/logo\/image\/"}}]}},"_links":{"self":[{"href":"https:\/\/d-easydrop.it\/de\/wp-json\/wp\/v2\/pages\/556","targetHints":{"allow":["GET"]}}],"collection":[{"href":"https:\/\/d-easydrop.it\/de\/wp-json\/wp\/v2\/pages"}],"about":[{"href":"https:\/\/d-easydrop.it\/de\/wp-json\/wp\/v2\/types\/page"}],"author":[{"embeddable":true,"href":"https:\/\/d-easydrop.it\/de\/wp-json\/wp\/v2\/users\/1"}],"replies":[{"embeddable":true,"href":"https:\/\/d-easydrop.it\/de\/wp-json\/wp\/v2\/comments?post=556"}],"version-history":[{"count":31,"href":"https:\/\/d-easydrop.it\/de\/wp-json\/wp\/v2\/pages\/556\/revisions"}],"predecessor-version":[{"id":3990,"href":"https:\/\/d-easydrop.it\/de\/wp-json\/wp\/v2\/pages\/556\/revisions\/3990"}],"wp:attachment":[{"href":"https:\/\/d-easydrop.it\/de\/wp-json\/wp\/v2\/media?parent=556"}],"curies":[{"name":"wp","href":"https:\/\/api.w.org\/{rel}","templated":true}]}}