{"id":3821,"date":"2023-07-14T14:29:11","date_gmt":"2023-07-14T14:29:11","guid":{"rendered":"https:\/\/d-easydrop.it\/cookie-policy-ue\/"},"modified":"2024-12-05T13:56:13","modified_gmt":"2024-12-05T13:56:13","slug":"cookie-policy-ue","status":"publish","type":"page","link":"https:\/\/d-easydrop.it\/de\/cookie-policy-ue\/","title":{"rendered":"Cookie-Richtlinie (EU)"},"content":{"rendered":"<section class=\"wpb-content-wrapper\"><div id=\"vc_row-69e88f5879a26\" class=\"vc_row wpb_row vc_row-fluid thegem-custom-69e88f58799ed2550\"><div class=\"wpb_column vc_column_container vc_col-sm-12 thegem-custom-69e88f5879ea48011\"><div class=\"vc_column-inner thegem-custom-inner-69e88f5879ea5\"><div class=\"wpb_wrapper thegem-custom-69e88f5879ea48011\">\r\n\t\r\n\t\t<div class=\"wpb_text_column wpb_content_element  thegem-vc-text thegem-custom-69e88f587a2013356\"  >\r\n\t\t\t<div class=\"wpb_wrapper\">\r\n\t\t\t\t\n<!-- Legal document generated by Complianz | GDPR\/CCPA Cookie Consent https:\/\/wordpress.org\/plugins\/complianz-gdpr -->\n<div id=\"cmplz-document\" class=\"cmplz-document cookie-statement cmplz-document-eu\"><p><i>Diese Cookie-Richtlinie wurde zuletzt am Juli 14, 2023 aktualisiert und gilt f\u00fcr B\u00fcrger und Einwohner mit st\u00e4ndigem Wohnsitz im Europ\u00e4ischen Wirtschaftsraum und der Schweiz.<\/i><br><\/p><h2>1. Einf\u00fchrung<\/h2><p>Unsere Website, <a href=\"https:\/\/d-easydrop.it\/de\">https:\/\/d-easydrop.it\/de<\/a> (im folgenden: \u201eDie Website\u201c) verwendet Cookies und \u00e4hnliche Technologien (der Einfachheit halber werden alle diese unter \u201eCookies\u201c zusammengefasst). Cookies werden au\u00dferdem von uns beauftragten Dritten platziert. Im aktuellen Dokument informieren wir Sie \u00fcber die Informationen zu Cookies auf unserer Website.<\/p><h2>2. Was sind Cookies?<\/h2><p>Ein Cookie ist ein einzelnes Datum, das gemeinsam mit der Website eine Internetadresse hat und \u00fcber einen Webbrowser auf dem PC oder einem anderen Verzeichnis verwendet werden kann. Die darin gespeicherten Informationen k\u00f6nnen w\u00e4hrend folgender Besuche an unseren oder den relevanten Server von Drittanbietern gesendet werden.<\/p><h2>3. Wurde das geschrieben?<\/h2><p>Dieses Skript ist ein St\u00fcck Programmcode, der willkommen ist, um einer Website Funktionalit\u00e4t und Interaktivit\u00e4t zu erm\u00f6glichen. Dieser Code ist auf einem Server oder in einer sp\u00e4teren Version verf\u00fcgbar.<\/p><h2>4. War das ein Web Beacon?<\/h2><p>Ein Web-Beacon (auch Pixel-Tag genannt), ist ein kleines unsichtbares Textfragment oder Bild auf einer Website, das willkommen ist, um den Verkehr auf der Website zu \u00fcberwachen. Hin und wieder gab es unterschiedliche Daten von verschiedenen Web-Beacons.<\/p><h2>5. Cookies<\/h2><p class=\"cmplz-subtitle\">5.1 Technische oder funktionale Cookies<\/p><p>Einige Cookies stellen sicher, dass Teile unserer Website ordnungsgem\u00e4\u00df funktionieren und Ihren Nutzervorlieben bekannt bleiben. Durch das Platzieren funktionaler Cookies wird es Ihnen einfacher, unsere Website zu besuchen. In diesem Artikel m\u00fcssen Sie mehr \u00fcber die Website erfahren und sich nicht die gleichen oder in den bereitgestellten Informationen bereitgestellten Informationen ansehen. Wir k\u00f6nnen diese Cookies ohne Ihr Einverst\u00e4ndnis platzieren.<\/p><p class=\"cmplz-subtitle\">5.2 Analytische Cookies<\/p><p>Wir analysieren Cookies, um das Website-Erlebnis f\u00fcr unsere Nutzer zu optimieren. Mit diesen analytischen Cookies erhalten wir Einblicke in die Nutzung unserer Website. Wir senden Ihnen eines unserer Cookies, analytische Cookies zum Setzen.<\/p><p class=\"cmplz-subtitle\">5.3 Marketing-\/Tracking-Cookies<\/p><p>Marketing-\/Tracking-Cookies sind Cookies oder eine andere Form der lokalen Speicherung, die zur Erstellung von Benutzerprofilen verwendet werden, um Werbung anzuzeigen oder den Benutzer auf dieser Website oder \u00fcber weitere Websites hinweg f\u00fcr \u00e4hnliche Marketingzwecke zu verfolgen.<\/p><h2>6. Platzierte Kekse<\/h2><div id=\"cmplz-cookies-overview\"><details class=\"cmplz-dropdown cmplz-service-desc cmplz-dropdown-cookiepolicy\">\n\t<summary class=\"cmplz-service-header\"><div>\n\t\t<h3>WooCommerce<\/h3>\n\t\t<p>Gegenstand der Untersuchung<\/p>\n\t\t<label for=\"cmplz_service_woocommerce\" class=\"cmplz_consent_per_service_label\"><span class=\"screen-reader-text\">Zustimmung zum Dienst Woocommerce<\/span><\/label>\n\t\t<input type=\"checkbox\" id=\"cmplz_service_woocommerce\" class=\"cmplz-accept-service cmplz-hidden\" data-service=\"woocommerce\" data-category=\"functional\"><\/div>\n\t<\/summary>\n\t<div class=\"cmplz-service-description\">\n\t\t<h4>Nutzung<\/h4>\n\t\t<p><\/p>\n\t<\/div>\n\t<div class=\"cmplz-sharing-data\">\n\t\t<h4>Weitergabe von Daten<\/h4>\n\t\t<p>Diese Daten werden nicht an Dritte weitergegeben.<\/p>\n\t<\/div>\n\t<div class=\"cookies-per-purpose\">\n    <div class=\"purpose\"><h4>Gegenstand der Untersuchung<\/h4><\/div>\n    <div class=\"name-header\">\n\t<h5>Name<\/h5>\n<\/div>\n<div class=\"name\"><a target=\"_blank\" rel=\"noopener noreferrer nofollow\" href=\"https:\/\/cookiedatabase.org\/cookie\/unknown-service\/wc_cart_hash_\/\">wc_cart_hash_*<\/a><\/div>\n<div class=\"retention-header\">\n\t<h5>Ablaufdatum<\/h5>\n<\/div>\n<div class=\"retention\"><\/div>\n<div class=\"function-header\">\n\t<h5>Funktion<\/h5>\n<\/div>\n<div class=\"function\"><\/div>\n\n<\/div>\n<\/details>\n<details class=\"cmplz-dropdown cmplz-service-desc cmplz-dropdown-cookiepolicy\">\n\t<summary class=\"cmplz-service-header\"><div>\n\t\t<h3>Sonstiges<\/h3>\n\t\t<p>Gegenstand der Untersuchung<\/p>\n\t\t<label for=\"cmplz_service_sonstiges\" class=\"cmplz_consent_per_service_label\"><span class=\"screen-reader-text\">Consent to service sonstiges<\/span><\/label>\n\t\t<input type=\"checkbox\" id=\"cmplz_service_sonstiges\" class=\"cmplz-accept-service cmplz-hidden\" data-service=\"sonstiges\" data-category=\"functional\"><\/div>\n\t<\/summary>\n\t<div class=\"cmplz-service-description\">\n\t\t<h4>Nutzung<\/h4>\n\t\t<p><\/p>\n\t<\/div>\n\t<div class=\"cmplz-sharing-data\">\n\t\t<h4>Weitergabe von Daten<\/h4>\n\t\t<p>Die Weitergabe von Daten wird noch untersucht<\/p>\n\t<\/div>\n\t<div class=\"cookies-per-purpose\">\n    <div class=\"purpose\"><h4>Gegenstand der Untersuchung<\/h4><\/div>\n    <div class=\"name-header\">\n\t<h5>Name<\/h5>\n<\/div>\n<div class=\"name\">wpEmojiSettingsSupports<\/div>\n<div class=\"retention-header\">\n\t<h5>Ablaufdatum<\/h5>\n<\/div>\n<div class=\"retention\"><\/div>\n<div class=\"function-header\">\n\t<h5>Funktion<\/h5>\n<\/div>\n<div class=\"function\"><\/div>\n<div class=\"name-header\">\n\t<h5>Name<\/h5>\n<\/div>\n<div class=\"name\">cmplz_banner-status<\/div>\n<div class=\"retention-header\">\n\t<h5>Ablaufdatum<\/h5>\n<\/div>\n<div class=\"retention\" data-no-translation=\"\" data-trp-gettext=\"\">365 Tage<\/div>\n<div class=\"function-header\">\n\t<h5>Funktion<\/h5>\n<\/div>\n<div class=\"function\"><\/div>\n<div class=\"name-header\">\n\t<h5>Name<\/h5>\n<\/div>\n<div class=\"name\">pys_advanced_form_data<\/div>\n<div class=\"retention-header\">\n\t<h5>Ablaufdatum<\/h5>\n<\/div>\n<div class=\"retention\"><\/div>\n<div class=\"function-header\">\n\t<h5>Funktion<\/h5>\n<\/div>\n<div class=\"function\"><\/div>\n<div class=\"name-header\">\n\t<h5>Name<\/h5>\n<\/div>\n<div class=\"name\">pys_session_limit<\/div>\n<div class=\"retention-header\">\n\t<h5>Ablaufdatum<\/h5>\n<\/div>\n<div class=\"retention\"><\/div>\n<div class=\"function-header\">\n\t<h5>Funktion<\/h5>\n<\/div>\n<div class=\"function\"><\/div>\n<div class=\"name-header\">\n\t<h5>Name<\/h5>\n<\/div>\n<div class=\"name\">pys_start_session<\/div>\n<div class=\"retention-header\">\n\t<h5>Ablaufdatum<\/h5>\n<\/div>\n<div class=\"retention\"><\/div>\n<div class=\"function-header\">\n\t<h5>Funktion<\/h5>\n<\/div>\n<div class=\"function\"><\/div>\n<div class=\"name-header\">\n\t<h5>Name<\/h5>\n<\/div>\n<div class=\"name\">pys_first_visit<\/div>\n<div class=\"retention-header\">\n\t<h5>Ablaufdatum<\/h5>\n<\/div>\n<div class=\"retention\"><\/div>\n<div class=\"function-header\">\n\t<h5>Funktion<\/h5>\n<\/div>\n<div class=\"function\"><\/div>\n<div class=\"name-header\">\n\t<h5>Name<\/h5>\n<\/div>\n<div class=\"name\">pysTrafficSource<\/div>\n<div class=\"retention-header\">\n\t<h5>Ablaufdatum<\/h5>\n<\/div>\n<div class=\"retention\"><\/div>\n<div class=\"function-header\">\n\t<h5>Funktion<\/h5>\n<\/div>\n<div class=\"function\"><\/div>\n<div class=\"name-header\">\n\t<h5>Name<\/h5>\n<\/div>\n<div class=\"name\">pys_landing_page<\/div>\n<div class=\"retention-header\">\n\t<h5>Ablaufdatum<\/h5>\n<\/div>\n<div class=\"retention\"><\/div>\n<div class=\"function-header\">\n\t<h5>Funktion<\/h5>\n<\/div>\n<div class=\"function\"><\/div>\n<div class=\"name-header\">\n\t<h5>Name<\/h5>\n<\/div>\n<div class=\"name\">last_pysTrafficSource<\/div>\n<div class=\"retention-header\">\n\t<h5>Ablaufdatum<\/h5>\n<\/div>\n<div class=\"retention\"><\/div>\n<div class=\"function-header\">\n\t<h5>Funktion<\/h5>\n<\/div>\n<div class=\"function\"><\/div>\n<div class=\"name-header\">\n\t<h5>Name<\/h5>\n<\/div>\n<div class=\"name\">last_pys_landing_page<\/div>\n<div class=\"retention-header\">\n\t<h5>Ablaufdatum<\/h5>\n<\/div>\n<div class=\"retention\"><\/div>\n<div class=\"function-header\">\n\t<h5>Funktion<\/h5>\n<\/div>\n<div class=\"function\"><\/div>\n<div class=\"name-header\">\n\t<h5>Name<\/h5>\n<\/div>\n<div class=\"name\">_ga<\/div>\n<div class=\"retention-header\">\n\t<h5>Ablaufdatum<\/h5>\n<\/div>\n<div class=\"retention\"><\/div>\n<div class=\"function-header\">\n\t<h5>Funktion<\/h5>\n<\/div>\n<div class=\"function\"><\/div>\n<div class=\"name-header\">\n\t<h5>Name<\/h5>\n<\/div>\n<div class=\"name\">_ga_54C433BKDE<\/div>\n<div class=\"retention-header\">\n\t<h5>Ablaufdatum<\/h5>\n<\/div>\n<div class=\"retention\"><\/div>\n<div class=\"function-header\">\n\t<h5>Funktion<\/h5>\n<\/div>\n<div class=\"function\"><\/div>\n\n<\/div>\n<\/details>\n<\/div><h2>7. Zustimmung<\/h2><p>Hier ist unsere Website von der ersten Seite, wir werden sofort ein Pop-up mit einer Kopie der Cookies \u00f6ffnen. Unter dem Klick auf \u201eEinstellungen speichern\u201c finden Sie eine der verschiedenen Kategorien von Cookies und Plugins in dieser Cookie-Richtlinie. Sie k\u00f6nnen die Cookies verwenden, um Ihren Browser zu deaktivieren, diese Website verf\u00fcgt jedoch nicht \u00fcber umfangreiche Funktionen.<\/p><p class=\"cmplz-subtitle\">7.1 Verwalte deine Zustimmungseinstellungen<\/p><div id=\"cmplz-manage-consent-container-nojavascript\">Du hast die Cookie-Richtlinie ohne Javascript-Unterst\u00fctzung geladen.&nbsp;Unter AMP kannst du die Schaltfl\u00e4che zum Zustimmen der Einwilligung unten auf der Seite verwenden.<\/div><div id=\"cmplz-manage-consent-container\" class=\"cmplz-manage-consent-container\"><\/div><h2>8. Aktivierung\/Deaktivierung und L\u00f6schen von Cookies<\/h2><p>Sie k\u00f6nnen Cookies \u00fcber den Internetbrowser automatisch oder manuell einrichten. Sie k\u00f6nnen auch spezielle Kekse oder Kekse herstellen, die nicht verkauft werden. Eine detailliertere Beschreibung ist der Internetbrowser derart einrichten, dass du jedes Mal benachrichtigt wirst, wenn ein Cookie platziert wird. Weitere Informationen zu diesen Informationen finden Sie in den Informationen in der Hilfe von Browsern.<\/p><p>Bitte beachten Sie, dass unsere Website m\u00f6glicherweise nicht richtig funktioniert, wenn alle Cookies deaktiviert sind. Wenn Sie die Cookies in Ihrem Browser l\u00f6schen, werden diese neu platziert, wenn Sie unsere Website erneut besuchen.<\/p><h2>9. Deine Rechte in Bezug auf personenbezogene Daten<\/h2><p>Sie m\u00fcssen sich die folgenden Personen ansehen:<\/p><ul>\n                    <li>Sobald Sie Recht hatten, w\u00fcrden Sie gerne erfahren, welche Menschen geboren wurden, wer bei Ihnen war und wie lange diese Menschen Sie gesehen haben.<\/li>\n                    <li>Zugriffsrecht: Du hast das Recht deine uns bekannten personenbezogenen Daten einzusehen.<\/li>\n                    <li>Recht auf Meldung: Du hast das Recht wann immer du w\u00fcnschst, deine pers\u00f6nlichen Daten zu erg\u00e4nzen, zu korrigieren sowie zu l\u00f6schen oder zu blockieren.<\/li>\n                    <li>Wenn du uns dein Unverst\u00e4ndnis zur Verarbeitung deiner Daten gegeben hast, hast du das Recht dieses Unverst\u00e4ndnis zu widerrufen und deine pers\u00f6nlichen Daten l\u00f6schen zu lassen.<\/li>\n                    <li>Recht auf Datentransfer deiner Daten: Du hast das Recht, alle deine pers\u00f6nlichen Daten von einem Kontrolleur anzufordern und in ihrer Gesamtheit an einen anderen Kontrolleur zu \u00fcbertragen.<\/li>\n                    <li>Widerspruchsrecht: Du kannst der Verarbeitung deiner Daten widersprechen. Wir entsprechen dem, es sind sechs, denn es gibt berechtigte Gr\u00fcnde f\u00fcr die Verarbeitung.<\/li>\n                <\/ul><p>Dieses Recht auszu\u00fcben kontaktieren Sie uns bitte. Bitte beziehen Sie sich auf die Kontaktdaten am Ende dieser Cookie-Erkl\u00e4rung. Wenn Sie eine Beschwerde dar\u00fcber haben, wie wir Ihre Daten behandeln, w\u00fcrden wir diese gerne h\u00f6ren, aber Sie haben auch das Recht, diese an die Aufsichtsbeh\u00f6rde (der Datenschutzbeh\u00f6rde) zu richten.<\/p><h2>10. Kontaktdaten<\/h2><p>F\u00fcr Informationen und Informationen zu unseren Cookie-Richtlinien und dieser Aussage kontaktieren Sie uns bitte mittels der folgenden Kontaktdaten:<\/p><p><span class=\"cmplz-contact-organisation\">DANTE SRL<\/span><br>\n                      <span class=\"cmplz-contact-address\">Via dell&#039;Artigianato, 14 - 25030 Torbole Casaglia (BS)<\/span><br>\n                      <span class=\"cmplz-contact-country\">Italienisch<\/span><br>\n                    Webseite: <span class=\"cmplz-contact-domain\"><a href=\"https:\/\/d-easydrop.it\/de\">https:\/\/d-easydrop.it\/de<\/a><\/span><br>\n                    Email: <span class=\"cmplz-contact-email\"><span class=\"cmplz-obfuscate\">ti&#046;mocet&#x6e;&#x61;d&#064;ofn&#x69;<\/span><\/span><br>\n                    <span class=\"cmplz-contact-telephone\">Telefonnummer: +39 030 2150828<\/span><\/p><p>Diese Cookie-Richtlinie wurde mit <a href=\"https:\/\/cookiedatabase.org\/\" target=\"_blank\">cookiedatabase.org<\/a> am Juli 14, 2023 synchronisiert.<\/p><\/div>\n\r\n\t\t\t<\/div>\r\n\t\t\t<style>@media screen and (max-width: 1023px) {.thegem-vc-text.thegem-custom-69e88f587a2013356{display: block!important;}}@media screen and (max-width: 767px) {.thegem-vc-text.thegem-custom-69e88f587a2013356{display: block!important;}}@media screen and (max-width: 1023px) {.thegem-vc-text.thegem-custom-69e88f587a2013356{position: relative !important;}}@media screen and (max-width: 767px) {.thegem-vc-text.thegem-custom-69e88f587a2013356{position: relative !important;}}<\/style>\r\n\t\t<\/div>\r\n\t\r\n<\/div><\/div><\/div><\/div>\n<\/section>","protected":false},"excerpt":{"rendered":"","protected":false},"author":1,"featured_media":0,"parent":0,"menu_order":0,"comment_status":"closed","ping_status":"closed","template":"","meta":{"footnotes":""},"class_list":["post-3821","page","type-page","status-publish"],"yoast_head":"<!-- This site is optimized with the Yoast SEO plugin v20.11 - https:\/\/yoast.com\/wordpress\/plugins\/seo\/ -->\n<title>Cookie Policy (UE) - D-Easy Drop<\/title>\n<meta name=\"robots\" content=\"noindex, nofollow\" \/>\n<meta property=\"og:locale\" content=\"de_DE\" \/>\n<meta property=\"og:type\" content=\"article\" \/>\n<meta property=\"og:title\" content=\"Cookie Policy (UE) - D-Easy Drop\" \/>\n<meta property=\"og:url\" content=\"https:\/\/d-easydrop.it\/de\/cookie-policy-ue\/\" \/>\n<meta property=\"og:site_name\" content=\"D-Easy Drop\" \/>\n<meta property=\"article:modified_time\" content=\"2024-12-05T13:56:13+00:00\" \/>\n<meta name=\"twitter:card\" content=\"summary_large_image\" \/>\n<meta name=\"twitter:label1\" content=\"Gesch\u00e4tzte Lesezeit\" \/>\n\t<meta name=\"twitter:data1\" content=\"1\u00a0Minute\" \/>\n<script type=\"application\/ld+json\" class=\"yoast-schema-graph\">{\"@context\":\"https:\/\/schema.org\",\"@graph\":[{\"@type\":\"WebPage\",\"@id\":\"https:\/\/d-easydrop.it\/cookie-policy-ue\/\",\"url\":\"https:\/\/d-easydrop.it\/cookie-policy-ue\/\",\"name\":\"Cookie Policy (UE) - D-Easy Drop\",\"isPartOf\":{\"@id\":\"https:\/\/d-easydrop.it\/#website\"},\"datePublished\":\"2023-07-14T14:29:11+00:00\",\"dateModified\":\"2024-12-05T13:56:13+00:00\",\"breadcrumb\":{\"@id\":\"https:\/\/d-easydrop.it\/cookie-policy-ue\/#breadcrumb\"},\"inLanguage\":\"de\",\"potentialAction\":[{\"@type\":\"ReadAction\",\"target\":[\"https:\/\/d-easydrop.it\/cookie-policy-ue\/\"]}]},{\"@type\":\"BreadcrumbList\",\"@id\":\"https:\/\/d-easydrop.it\/cookie-policy-ue\/#breadcrumb\",\"itemListElement\":[{\"@type\":\"ListItem\",\"position\":1,\"name\":\"Home\",\"item\":\"https:\/\/d-easydrop.it\/\"},{\"@type\":\"ListItem\",\"position\":2,\"name\":\"Cookie Policy (UE)\"}]},{\"@type\":\"WebSite\",\"@id\":\"https:\/\/d-easydrop.it\/#website\",\"url\":\"https:\/\/d-easydrop.it\/\",\"name\":\"D-Easy Drop\",\"description\":\"Un innovativo packaging monodose con un sistema di apertura comodo e veloce.\",\"publisher\":{\"@id\":\"https:\/\/d-easydrop.it\/#organization\"},\"potentialAction\":[{\"@type\":\"SearchAction\",\"target\":{\"@type\":\"EntryPoint\",\"urlTemplate\":\"https:\/\/d-easydrop.it\/?s={search_term_string}\"},\"query-input\":\"required name=search_term_string\"}],\"inLanguage\":\"de\"},{\"@type\":\"Organization\",\"@id\":\"https:\/\/d-easydrop.it\/#organization\",\"name\":\"D-Easy Drop\",\"url\":\"https:\/\/d-easydrop.it\/\",\"logo\":{\"@type\":\"ImageObject\",\"inLanguage\":\"de\",\"@id\":\"https:\/\/d-easydrop.it\/#\/schema\/logo\/image\/\",\"url\":\"https:\/\/d-easydrop.it\/wp-content\/uploads\/2023\/07\/logohd.jpg\",\"contentUrl\":\"https:\/\/d-easydrop.it\/wp-content\/uploads\/2023\/07\/logohd.jpg\",\"width\":2000,\"height\":1092,\"caption\":\"D-Easy Drop\"},\"image\":{\"@id\":\"https:\/\/d-easydrop.it\/#\/schema\/logo\/image\/\"}}]}<\/script>\n<!-- \/ Yoast SEO plugin. -->","yoast_head_json":{"title":"Cookie Policy (UE) - D-Easy Drop","robots":{"index":"noindex","follow":"nofollow"},"og_locale":"de_DE","og_type":"article","og_title":"Cookie Policy (UE) - D-Easy Drop","og_url":"https:\/\/d-easydrop.it\/de\/cookie-policy-ue\/","og_site_name":"D-Easy Drop","article_modified_time":"2024-12-05T13:56:13+00:00","twitter_card":"summary_large_image","twitter_misc":{"Gesch\u00e4tzte Lesezeit":"1\u00a0Minute"},"schema":{"@context":"https:\/\/schema.org","@graph":[{"@type":"WebPage","@id":"https:\/\/d-easydrop.it\/cookie-policy-ue\/","url":"https:\/\/d-easydrop.it\/cookie-policy-ue\/","name":"Cookie Policy (UE) - D-Easy Drop","isPartOf":{"@id":"https:\/\/d-easydrop.it\/#website"},"datePublished":"2023-07-14T14:29:11+00:00","dateModified":"2024-12-05T13:56:13+00:00","breadcrumb":{"@id":"https:\/\/d-easydrop.it\/cookie-policy-ue\/#breadcrumb"},"inLanguage":"de","potentialAction":[{"@type":"ReadAction","target":["https:\/\/d-easydrop.it\/cookie-policy-ue\/"]}]},{"@type":"BreadcrumbList","@id":"https:\/\/d-easydrop.it\/cookie-policy-ue\/#breadcrumb","itemListElement":[{"@type":"ListItem","position":1,"name":"Home","item":"https:\/\/d-easydrop.it\/"},{"@type":"ListItem","position":2,"name":"Cookie Policy (UE)"}]},{"@type":"WebSite","@id":"https:\/\/d-easydrop.it\/#website","url":"https:\/\/d-easydrop.it\/","name":"D-Easy Drop","description":"Un innovativo packaging monodose con un sistema di apertura comodo e veloce.","publisher":{"@id":"https:\/\/d-easydrop.it\/#organization"},"potentialAction":[{"@type":"SearchAction","target":{"@type":"EntryPoint","urlTemplate":"https:\/\/d-easydrop.it\/?s={search_term_string}"},"query-input":"required name=search_term_string"}],"inLanguage":"de"},{"@type":"Organization","@id":"https:\/\/d-easydrop.it\/#organization","name":"D-Easy Drop","url":"https:\/\/d-easydrop.it\/","logo":{"@type":"ImageObject","inLanguage":"de","@id":"https:\/\/d-easydrop.it\/#\/schema\/logo\/image\/","url":"https:\/\/d-easydrop.it\/wp-content\/uploads\/2023\/07\/logohd.jpg","contentUrl":"https:\/\/d-easydrop.it\/wp-content\/uploads\/2023\/07\/logohd.jpg","width":2000,"height":1092,"caption":"D-Easy Drop"},"image":{"@id":"https:\/\/d-easydrop.it\/#\/schema\/logo\/image\/"}}]}},"_links":{"self":[{"href":"https:\/\/d-easydrop.it\/de\/wp-json\/wp\/v2\/pages\/3821","targetHints":{"allow":["GET"]}}],"collection":[{"href":"https:\/\/d-easydrop.it\/de\/wp-json\/wp\/v2\/pages"}],"about":[{"href":"https:\/\/d-easydrop.it\/de\/wp-json\/wp\/v2\/types\/page"}],"author":[{"embeddable":true,"href":"https:\/\/d-easydrop.it\/de\/wp-json\/wp\/v2\/users\/1"}],"replies":[{"embeddable":true,"href":"https:\/\/d-easydrop.it\/de\/wp-json\/wp\/v2\/comments?post=3821"}],"version-history":[{"count":2,"href":"https:\/\/d-easydrop.it\/de\/wp-json\/wp\/v2\/pages\/3821\/revisions"}],"predecessor-version":[{"id":4039,"href":"https:\/\/d-easydrop.it\/de\/wp-json\/wp\/v2\/pages\/3821\/revisions\/4039"}],"wp:attachment":[{"href":"https:\/\/d-easydrop.it\/de\/wp-json\/wp\/v2\/media?parent=3821"}],"curies":[{"name":"wp","href":"https:\/\/api.w.org\/{rel}","templated":true}]}}