{"id":3690,"date":"2023-07-13T10:23:17","date_gmt":"2023-07-13T10:23:17","guid":{"rendered":"https:\/\/d-easydrop.it\/?page_id=3690"},"modified":"2023-07-19T13:40:26","modified_gmt":"2023-07-19T13:40:26","slug":"settore-cosmetica","status":"publish","type":"page","link":"https:\/\/d-easydrop.it\/de\/settore-cosmetica\/","title":{"rendered":"Kosmetiksektor"},"content":{"rendered":"<section class=\"wpb-content-wrapper\"><div id=\"vc_row-69e3846cc9478\" class=\"vc_row wpb_row vc_row-fluid thegem-custom-69e3846cc94368693\"><div class=\"wpb_column vc_column_container vc_col-sm-6 thegem-custom-69e3846cc997d9570\"><div class=\"vc_column-inner thegem-custom-inner-69e3846cc997f\"><div class=\"wpb_wrapper thegem-custom-69e3846cc997d9570\">\r\n\t\r\n\t\t<div class=\"wpb_text_column wpb_content_element  thegem-vc-text thegem-custom-69e3846cc9d5f3086\"  >\r\n\t\t\t<div class=\"wpb_wrapper\">\r\n\t\t\t\t<h4><strong>EINZELDOSIERUNGSVERPACKUNG F\u00dcR KOSMETIKPRODUKTE<\/strong><\/h4>\n<div class=\"flex flex-grow flex-col gap-3\">\n<div class=\"min-h-&#091;20px&#093; flex items-start overflow-x-auto whitespace-pre-wrap break-words flex-col gap-4\">\n<div class=\"markdown prose w-full break-words dark:prose-invert light\">\n<div class=\"flex flex-grow flex-col gap-3\">\n<div class=\"min-h-&#091;20px&#093; flex items-start overflow-x-auto whitespace-pre-wrap break-words flex-col gap-4\">\n<div class=\"markdown prose w-full break-words dark:prose-invert light\">\n<p><strong>D-easydrop<\/strong> stellt die ideale Wahl f\u00fcr diejenigen dar, die eine innovative L\u00f6sung f\u00fcr Einzeldosisverpackungen im Kosmetikbereich suchen. Unabh\u00e4ngig von der Art der zu verpackenden Kosmetika, ob Cremes, Seren oder Make-up, bieten die Einzeldosisverpackungen von V-Shapes zahlreiche Vorteile. Dank ihres kompakten Designs und der Eliminierung von Luft im Inneren optimieren diese Beutel den Lagerraum und verl\u00e4ngern die Lebensdauer der enthaltenen Produkte.<\/p>\n<p>Aber die Besonderheiten von <strong>D-easydrop<\/strong> Sie h\u00f6ren hier nicht auf. Einzeldosis-Beutel <strong>D-easydrop<\/strong> Sie k\u00f6nnen vollst\u00e4ndig angepasst werden und bieten eine einzigartige Gelegenheit, neue Kunden zu gewinnen, die Markentreue zu erh\u00f6hen und die Wahrnehmung der Benutzer zu verbessern. Die Flexibilit\u00e4t der Individualisierung erm\u00f6glicht es Ihnen, einzigartige Verpackungen zu erstellen, die sich an die spezifischen Bed\u00fcrfnisse jedes Kunden anpassen. Dadurch k\u00f6nnen Sie sich von der Konkurrenz abheben und ein lohnendes Benutzererlebnis bieten. Mit <strong>D-easydrop<\/strong>Ihre Einzeldosisverpackung im Kosmetikbereich wird auf dem neuesten Stand sein und optimale Funktionalit\u00e4t mit faszinierender Individualisierung vereinen.<\/p>\n<\/div>\n<\/div>\n<\/div>\n<\/div>\n<\/div>\n<\/div>\n\r\n\t\t\t<\/div>\r\n\t\t\t<style>@media screen and (max-width: 1023px) {.thegem-vc-text.thegem-custom-69e3846cc9d5f3086{display: block!important;}}@media screen and (max-width: 767px) {.thegem-vc-text.thegem-custom-69e3846cc9d5f3086{display: block!important;}}@media screen and (max-width: 1023px) {.thegem-vc-text.thegem-custom-69e3846cc9d5f3086{position: relative !important;}}@media screen and (max-width: 767px) {.thegem-vc-text.thegem-custom-69e3846cc9d5f3086{position: relative !important;}}<\/style>\r\n\t\t<\/div>\r\n\t\r\n<\/div><\/div><\/div><div class=\"wpb_column vc_column_container vc_col-sm-6 thegem-custom-69e3846cc9f1c5442\"><div class=\"vc_column-inner thegem-custom-inner-69e3846cc9f1e\"><div class=\"wpb_wrapper thegem-custom-69e3846cc9f1c5442\">\r\n\t\r\n\t<div  class=\"wpb_single_image wpb_content_element vc_align_left\" >\r\n\t\t\r\n\t\t<figure class=\"wpb_wrapper vc_figure\">\r\n\t\t\t<div class=\"vc_single_image-wrapper   vc_box_border_grey\"><img decoding=\"async\" width=\"388\" height=\"376\" src=\"https:\/\/d-easydrop.it\/wp-content\/uploads\/2018\/12\/cosmetic.jpg\" class=\"vc_single_image-img attachment-full\" alt=\"\" title=\"Kosmetik\" srcset=\"https:\/\/d-easydrop.it\/wp-content\/uploads\/2018\/12\/cosmetic.jpg 388w, https:\/\/d-easydrop.it\/wp-content\/uploads\/2018\/12\/cosmetic-300x291.jpg 300w\" sizes=\"(max-width: 388px) 100vw, 388px\" \/><\/div>\r\n\t\t<\/figure>\r\n\t<\/div>\r\n\t\r\n<\/div><\/div><\/div><\/div><div id=\"vc_row-69e3846cca96b\" class=\"vc_row wpb_row vc_row-fluid thegem-custom-69e3846cca9638813\"><div class=\"wpb_column vc_column_container vc_col-sm-12 thegem-custom-69e3846ccab0e7415\"><div class=\"vc_column-inner thegem-custom-inner-69e3846ccab10\"><div class=\"wpb_wrapper thegem-custom-69e3846ccab0e7415\">\r\n\t\r\n\t\t<div class=\"wpb_text_column wpb_content_element  thegem-vc-text thegem-custom-69e3846ccac359234\"  >\r\n\t\t\t<div class=\"wpb_wrapper\">\r\n\t\t\t\t<h4><strong>NEUES MODELL F\u00dcR DEN EINSATZ VON VERPACKUNGEN<\/strong><\/h4>\n<div class=\"flex flex-grow flex-col gap-3\">\n<div class=\"min-h-&#091;20px&#093; flex items-start overflow-x-auto whitespace-pre-wrap break-words flex-col gap-4\">\n<div class=\"markdown prose w-full break-words dark:prose-invert light\">\n<div class=\"flex flex-grow flex-col gap-3\">\n<div class=\"min-h-&#091;20px&#093; flex items-start overflow-x-auto whitespace-pre-wrap break-words flex-col gap-4\">\n<div class=\"markdown prose w-full break-words dark:prose-invert light\">\n<p>Nachdem ich die neuen Einzeldosis-Beutel ausprobiert habe<strong>D-easydrop<\/strong>, werden Sie nicht mehr auf unbequeme, komplizierte und unhygienische herk\u00f6mmliche Verpackungen zur\u00fcckgreifen wollen. Im Vergleich zu Einwegl\u00f6sungen auf dem Markt, mit <strong>D-easydrop<\/strong> Es ist m\u00f6glich, mehr als 991 TP3T des Produkts zu extrahieren, wodurch dank der einfachen Dosierung Abfall und Streuung vermieden werden.<\/p>\n<p>Die Beutel<strong>D-easydrop<\/strong> Sie bieten einen zus\u00e4tzlichen Vorteil hinsichtlich Kompaktheit und Komfort. Sie wurden entwickelt, um den Transport zu erleichtern und die Lagerkosten zu optimieren. Dank ihrer kompakten Form und dem Fehlen von Innenluft nehmen sie weniger Platz ein und erm\u00f6glichen so eine effizientere Nutzung des Stauraums.<\/p>\n<p>Kurz gesagt, die Beutel <strong>D-easydrop<\/strong> Sie garantieren ein \u00fcberragendes Erlebnis bei der Einzeldosisverpackung mit gr\u00f6\u00dferer Effizienz bei der Produktextraktion und einem Design, das den Transport vereinfacht und die Lagerkosten senkt.<\/p>\n<\/div>\n<\/div>\n<\/div>\n<\/div>\n<\/div>\n<\/div>\n<h4><strong>\u00d6KO-NACHHALTIGE VERPACKUNG<\/strong><\/h4>\n<p>Die Beutel <strong>D-easydrop<\/strong> Dabei handelt es sich um innovative Beutel, die aus Materialien hergestellt werden k\u00f6nnen, die bis zu 80%-Komponenten aus biologischen Quellen (biobasiert) sowie Homopolymere enthalten. Diese <strong>Materialien sind recycelbar<\/strong> in \u00dcbereinstimmung mit den \u00f6rtlichen Vorschriften und bieten hinsichtlich der Haltbarkeit die gleiche Konservierungsleistung wie herk\u00f6mmliche Produkte (<strong>Haltbarkeit<\/strong>).<\/p>\n\r\n\t\t\t<\/div>\r\n\t\t\t<style>@media screen and (max-width: 1023px) {.thegem-vc-text.thegem-custom-69e3846ccac359234{display: block!important;}}@media screen and (max-width: 767px) {.thegem-vc-text.thegem-custom-69e3846ccac359234{display: block!important;}}@media screen and (max-width: 1023px) {.thegem-vc-text.thegem-custom-69e3846ccac359234{position: relative !important;}}@media screen and (max-width: 767px) {.thegem-vc-text.thegem-custom-69e3846ccac359234{position: relative !important;}}<\/style>\r\n\t\t<\/div>\r\n\t\r\n<\/div><\/div><\/div><\/div>\n<\/section>","protected":false},"excerpt":{"rendered":"","protected":false},"author":1,"featured_media":0,"parent":0,"menu_order":0,"comment_status":"closed","ping_status":"closed","template":"","meta":{"footnotes":""},"class_list":["post-3690","page","type-page","status-publish"],"yoast_head":"<!-- This site is optimized with the Yoast SEO plugin v20.11 - https:\/\/yoast.com\/wordpress\/plugins\/seo\/ -->\n<title>Settore Cosmetica - D-Easy Drop<\/title>\n<meta name=\"robots\" content=\"index, follow, max-snippet:-1, max-image-preview:large, max-video-preview:-1\" \/>\n<link rel=\"canonical\" href=\"https:\/\/d-easydrop.it\/de\/settore-cosmetica\/\" \/>\n<meta property=\"og:locale\" content=\"de_DE\" \/>\n<meta property=\"og:type\" content=\"article\" \/>\n<meta property=\"og:title\" content=\"Settore Cosmetica - D-Easy Drop\" \/>\n<meta property=\"og:url\" content=\"https:\/\/d-easydrop.it\/de\/settore-cosmetica\/\" \/>\n<meta property=\"og:site_name\" content=\"D-Easy Drop\" \/>\n<meta property=\"article:modified_time\" content=\"2023-07-19T13:40:26+00:00\" \/>\n<meta name=\"twitter:card\" content=\"summary_large_image\" \/>\n<meta name=\"twitter:label1\" content=\"Gesch\u00e4tzte Lesezeit\" \/>\n\t<meta name=\"twitter:data1\" content=\"2\u00a0Minuten\" \/>\n<script type=\"application\/ld+json\" class=\"yoast-schema-graph\">{\"@context\":\"https:\/\/schema.org\",\"@graph\":[{\"@type\":\"WebPage\",\"@id\":\"https:\/\/d-easydrop.it\/settore-cosmetica\/\",\"url\":\"https:\/\/d-easydrop.it\/settore-cosmetica\/\",\"name\":\"Settore Cosmetica - D-Easy Drop\",\"isPartOf\":{\"@id\":\"https:\/\/d-easydrop.it\/#website\"},\"datePublished\":\"2023-07-13T10:23:17+00:00\",\"dateModified\":\"2023-07-19T13:40:26+00:00\",\"breadcrumb\":{\"@id\":\"https:\/\/d-easydrop.it\/settore-cosmetica\/#breadcrumb\"},\"inLanguage\":\"de\",\"potentialAction\":[{\"@type\":\"ReadAction\",\"target\":[\"https:\/\/d-easydrop.it\/settore-cosmetica\/\"]}]},{\"@type\":\"BreadcrumbList\",\"@id\":\"https:\/\/d-easydrop.it\/settore-cosmetica\/#breadcrumb\",\"itemListElement\":[{\"@type\":\"ListItem\",\"position\":1,\"name\":\"Home\",\"item\":\"https:\/\/d-easydrop.it\/\"},{\"@type\":\"ListItem\",\"position\":2,\"name\":\"Settore Cosmetica\"}]},{\"@type\":\"WebSite\",\"@id\":\"https:\/\/d-easydrop.it\/#website\",\"url\":\"https:\/\/d-easydrop.it\/\",\"name\":\"D-Easy Drop\",\"description\":\"Un innovativo packaging monodose con un sistema di apertura comodo e veloce.\",\"publisher\":{\"@id\":\"https:\/\/d-easydrop.it\/#organization\"},\"potentialAction\":[{\"@type\":\"SearchAction\",\"target\":{\"@type\":\"EntryPoint\",\"urlTemplate\":\"https:\/\/d-easydrop.it\/?s={search_term_string}\"},\"query-input\":\"required name=search_term_string\"}],\"inLanguage\":\"de\"},{\"@type\":\"Organization\",\"@id\":\"https:\/\/d-easydrop.it\/#organization\",\"name\":\"D-Easy Drop\",\"url\":\"https:\/\/d-easydrop.it\/\",\"logo\":{\"@type\":\"ImageObject\",\"inLanguage\":\"de\",\"@id\":\"https:\/\/d-easydrop.it\/#\/schema\/logo\/image\/\",\"url\":\"https:\/\/d-easydrop.it\/wp-content\/uploads\/2023\/07\/logohd.jpg\",\"contentUrl\":\"https:\/\/d-easydrop.it\/wp-content\/uploads\/2023\/07\/logohd.jpg\",\"width\":2000,\"height\":1092,\"caption\":\"D-Easy Drop\"},\"image\":{\"@id\":\"https:\/\/d-easydrop.it\/#\/schema\/logo\/image\/\"}}]}<\/script>\n<!-- \/ Yoast SEO plugin. -->","yoast_head_json":{"title":"Settore Cosmetica - D-Easy Drop","robots":{"index":"index","follow":"follow","max-snippet":"max-snippet:-1","max-image-preview":"max-image-preview:large","max-video-preview":"max-video-preview:-1"},"canonical":"https:\/\/d-easydrop.it\/de\/settore-cosmetica\/","og_locale":"de_DE","og_type":"article","og_title":"Settore Cosmetica - D-Easy Drop","og_url":"https:\/\/d-easydrop.it\/de\/settore-cosmetica\/","og_site_name":"D-Easy Drop","article_modified_time":"2023-07-19T13:40:26+00:00","twitter_card":"summary_large_image","twitter_misc":{"Gesch\u00e4tzte Lesezeit":"2\u00a0Minuten"},"schema":{"@context":"https:\/\/schema.org","@graph":[{"@type":"WebPage","@id":"https:\/\/d-easydrop.it\/settore-cosmetica\/","url":"https:\/\/d-easydrop.it\/settore-cosmetica\/","name":"Settore Cosmetica - D-Easy Drop","isPartOf":{"@id":"https:\/\/d-easydrop.it\/#website"},"datePublished":"2023-07-13T10:23:17+00:00","dateModified":"2023-07-19T13:40:26+00:00","breadcrumb":{"@id":"https:\/\/d-easydrop.it\/settore-cosmetica\/#breadcrumb"},"inLanguage":"de","potentialAction":[{"@type":"ReadAction","target":["https:\/\/d-easydrop.it\/settore-cosmetica\/"]}]},{"@type":"BreadcrumbList","@id":"https:\/\/d-easydrop.it\/settore-cosmetica\/#breadcrumb","itemListElement":[{"@type":"ListItem","position":1,"name":"Home","item":"https:\/\/d-easydrop.it\/"},{"@type":"ListItem","position":2,"name":"Settore Cosmetica"}]},{"@type":"WebSite","@id":"https:\/\/d-easydrop.it\/#website","url":"https:\/\/d-easydrop.it\/","name":"D-Easy Drop","description":"Un innovativo packaging monodose con un sistema di apertura comodo e veloce.","publisher":{"@id":"https:\/\/d-easydrop.it\/#organization"},"potentialAction":[{"@type":"SearchAction","target":{"@type":"EntryPoint","urlTemplate":"https:\/\/d-easydrop.it\/?s={search_term_string}"},"query-input":"required name=search_term_string"}],"inLanguage":"de"},{"@type":"Organization","@id":"https:\/\/d-easydrop.it\/#organization","name":"D-Easy Drop","url":"https:\/\/d-easydrop.it\/","logo":{"@type":"ImageObject","inLanguage":"de","@id":"https:\/\/d-easydrop.it\/#\/schema\/logo\/image\/","url":"https:\/\/d-easydrop.it\/wp-content\/uploads\/2023\/07\/logohd.jpg","contentUrl":"https:\/\/d-easydrop.it\/wp-content\/uploads\/2023\/07\/logohd.jpg","width":2000,"height":1092,"caption":"D-Easy Drop"},"image":{"@id":"https:\/\/d-easydrop.it\/#\/schema\/logo\/image\/"}}]}},"_links":{"self":[{"href":"https:\/\/d-easydrop.it\/de\/wp-json\/wp\/v2\/pages\/3690","targetHints":{"allow":["GET"]}}],"collection":[{"href":"https:\/\/d-easydrop.it\/de\/wp-json\/wp\/v2\/pages"}],"about":[{"href":"https:\/\/d-easydrop.it\/de\/wp-json\/wp\/v2\/types\/page"}],"author":[{"embeddable":true,"href":"https:\/\/d-easydrop.it\/de\/wp-json\/wp\/v2\/users\/1"}],"replies":[{"embeddable":true,"href":"https:\/\/d-easydrop.it\/de\/wp-json\/wp\/v2\/comments?post=3690"}],"version-history":[{"count":5,"href":"https:\/\/d-easydrop.it\/de\/wp-json\/wp\/v2\/pages\/3690\/revisions"}],"predecessor-version":[{"id":3852,"href":"https:\/\/d-easydrop.it\/de\/wp-json\/wp\/v2\/pages\/3690\/revisions\/3852"}],"wp:attachment":[{"href":"https:\/\/d-easydrop.it\/de\/wp-json\/wp\/v2\/media?parent=3690"}],"curies":[{"name":"wp","href":"https:\/\/api.w.org\/{rel}","templated":true}]}}