{"id":3676,"date":"2023-07-13T08:44:42","date_gmt":"2023-07-13T08:44:42","guid":{"rendered":"https:\/\/d-easydrop.it\/?page_id=3676"},"modified":"2023-07-19T13:39:50","modified_gmt":"2023-07-19T13:39:50","slug":"faq","status":"publish","type":"page","link":"https:\/\/d-easydrop.it\/de\/faq\/","title":{"rendered":"FAQ"},"content":{"rendered":"<section class=\"wpb-content-wrapper\"><div id=\"vc_row-69e39d3da7c2d\" class=\"vc_row wpb_row vc_row-fluid thegem-custom-69e39d3da7bf31780\"><div class=\"wpb_column vc_column_container vc_col-sm-12 thegem-custom-69e39d3da80a18488\"><div class=\"vc_column-inner thegem-custom-inner-69e39d3da80a3\"><div class=\"wpb_wrapper thegem-custom-69e39d3da80a18488\">\r\n\t\r\n\t\t<div class=\"wpb_text_column wpb_content_element  thegem-vc-text thegem-custom-69e39d3da84877929\"  >\r\n\t\t\t<div class=\"wpb_wrapper\">\r\n\t\t\t\t<h4><strong>FAQ \u2013 Einige der am h\u00e4ufigsten gestellten Fragen im Zusammenhang mit D-easydrop.<\/strong><\/h4>\n<p>Wenn Sie in diesen Zeilen keine Antwort auf Ihre Zweifel gefunden haben, senden Sie uns eine Nachricht und wir werden umgehend antworten.<\/p>\n<p><strong>Legen Sie Ihre Kommunikation mit D-easydrop in die H\u00e4nde Ihrer Kunden.<\/strong><br \/>\nAnpassbar mit Ihrem Logo und einem QR-Code, der Zugriff auf Ihre Informationen und Werbeaktionen erm\u00f6glicht. <em>N\u00fctzliche, direkte, innovative und umweltschonende Kommunikation.<\/em><\/p>\n\r\n\t\t\t<\/div>\r\n\t\t\t<style>@media screen and (max-width: 1023px) {.thegem-vc-text.thegem-custom-69e39d3da84877929{display: block!important;}}@media screen and (max-width: 767px) {.thegem-vc-text.thegem-custom-69e39d3da84877929{display: block!important;}}@media screen and (max-width: 1023px) {.thegem-vc-text.thegem-custom-69e39d3da84877929{position: relative !important;}}@media screen and (max-width: 767px) {.thegem-vc-text.thegem-custom-69e39d3da84877929{position: relative !important;}}<\/style>\r\n\t\t<\/div>\r\n\t\r\n<\/div><\/div><\/div><\/div><div id=\"vc_row-69e39d3da8652\" class=\"vc_row wpb_row vc_row-fluid thegem-custom-69e39d3da864b453\"><div class=\"wpb_column vc_column_container vc_col-sm-12 thegem-custom-69e39d3da87df2304\"><div class=\"vc_column-inner thegem-custom-inner-69e39d3da87e1\"><div class=\"wpb_wrapper thegem-custom-69e39d3da87df2304\"><div class=\"clearboth\"><\/div><style>#thegem-divider-69e39d3da88b9 {margin-top: 7px !important;}<\/style><div id=\"thegem-divider-69e39d3da88b9\" class=\"gem-divider\" style=\"\" ><\/div><div class=\"gem-textbox\"  ><div class=\"gem-textbox-inner\" style=\"border: 1px solid #d9d9d9;\"><div class=\"gem-textbox-content\" style=\"background-position: center top;padding-top: 10px;padding-bottom: 16px;padding-left: 16px;padding-right: 16px;\"><div class=\"gem-dropcap gem-dropcap-shape-circle gem-dropcap-style-medium\"><span class=\"gem-dropcap-letter\" style=\"color: #4ed2b3;border: 1px solid #4ed2b3;\">1<\/span><\/div><div class=\"clearboth\"><\/div><style>#thegem-divider-69e39d3da8962 {margin-top: -50px !important;}<\/style><div id=\"thegem-divider-69e39d3da8962\" class=\"gem-divider\" style=\"\" ><\/div>\r\n\t\r\n\t\t<div class=\"wpb_text_column wpb_content_element  thegem-vc-text thegem-custom-69e39d3da89fb9490\"  >\r\n\t\t\t<div class=\"wpb_wrapper\">\r\n\t\t\t\t<h4>Welche Produkte kann ich verpacken?<\/h4>\n\r\n\t\t\t<\/div>\r\n\t\t\t<style>@media screen and (max-width: 1023px) {.thegem-vc-text.thegem-custom-69e39d3da89fb9490{display: block!important;}}@media screen and (max-width: 767px) {.thegem-vc-text.thegem-custom-69e39d3da89fb9490{display: block!important;}}@media screen and (max-width: 1023px) {.thegem-vc-text.thegem-custom-69e39d3da89fb9490{position: relative !important;}}@media screen and (max-width: 767px) {.thegem-vc-text.thegem-custom-69e39d3da89fb9490{position: relative !important;}}<\/style>\r\n\t\t<\/div>\r\n\t\r\n\r\n\t\r\n\t\t<div class=\"wpb_text_column wpb_content_element  thegem-vc-text thegem-custom-69e39d3da8ac22454\"  >\r\n\t\t\t<div class=\"wpb_wrapper\">\r\n\t\t\t\t<p>D-Easydrop erm\u00f6glicht das Verpacken von dichten und fl\u00fcssigen Produkten (Cremes, Saucen, Gele...), da ihre Konsistenz es dem 99% erm\u00f6glicht, sie nach dem \u00d6ffnen leicht freizugeben. Die Einschr\u00e4nkung h\u00e4ngt mit der Dichte des Produkts zusammen. Daher k\u00f6nnen wir jede Art von Pr\u00fcfung f\u00fcr verschiedene Typen durchf\u00fchren.<\/p>\n\r\n\t\t\t<\/div>\r\n\t\t\t<style>@media screen and (max-width: 1023px) {.thegem-vc-text.thegem-custom-69e39d3da8ac22454{display: block!important;}}@media screen and (max-width: 767px) {.thegem-vc-text.thegem-custom-69e39d3da8ac22454{display: block!important;}}@media screen and (max-width: 1023px) {.thegem-vc-text.thegem-custom-69e39d3da8ac22454{position: relative !important;}}@media screen and (max-width: 767px) {.thegem-vc-text.thegem-custom-69e39d3da8ac22454{position: relative !important;}}<\/style>\r\n\t\t<\/div>\r\n\t\r\n<\/div><\/div><\/div><div class=\"clearboth\"><\/div><div id=\"thegem-divider-69e39d3da8b1e\" class=\"gem-divider\" style=\"\" ><\/div><div class=\"gem-textbox\"  ><div class=\"gem-textbox-inner\" style=\"border: 1px solid #d9d9d9;\"><div class=\"gem-textbox-content\" style=\"background-position: center top;padding-top: 10px;padding-bottom: 16px;padding-left: 16px;padding-right: 16px;\"><div class=\"gem-dropcap gem-dropcap-shape-circle gem-dropcap-style-medium\"><span class=\"gem-dropcap-letter\" style=\"color: #00bcd4;border: 1px solid #00bcd4;\">2<\/span><\/div><div class=\"clearboth\"><\/div><style>#thegem-divider-69e39d3da8b78 {margin-top: -50px !important;}<\/style><div id=\"thegem-divider-69e39d3da8b78\" class=\"gem-divider\" style=\"\" ><\/div>\r\n\t\r\n\t\t<div class=\"wpb_text_column wpb_content_element  thegem-vc-text thegem-custom-69e39d3da8bf38498\"  >\r\n\t\t\t<div class=\"wpb_wrapper\">\r\n\t\t\t\t<h4>Ist D-easydrop best\u00e4ndig?<\/h4>\n\r\n\t\t\t<\/div>\r\n\t\t\t<style>@media screen and (max-width: 1023px) {.thegem-vc-text.thegem-custom-69e39d3da8bf38498{display: block!important;}}@media screen and (max-width: 767px) {.thegem-vc-text.thegem-custom-69e39d3da8bf38498{display: block!important;}}@media screen and (max-width: 1023px) {.thegem-vc-text.thegem-custom-69e39d3da8bf38498{position: relative !important;}}@media screen and (max-width: 767px) {.thegem-vc-text.thegem-custom-69e39d3da8bf38498{position: relative !important;}}<\/style>\r\n\t\t<\/div>\r\n\t\r\n\r\n\t\r\n\t\t<div class=\"wpb_text_column wpb_content_element  thegem-vc-text thegem-custom-69e39d3da8cb13857\"  >\r\n\t\t\t<div class=\"wpb_wrapper\">\r\n\t\t\t\t<p>Die Verpackung besteht aus einer inneren Aluminiumkaschierung, sodass das Produkt, egal ob es sich um ein Kosmetik- oder Lebensmittelprodukt handelt, bis zum nat\u00fcrlichen Verfallsdatum des Produkts perfekt konserviert wird.<\/p>\n\r\n\t\t\t<\/div>\r\n\t\t\t<style>@media screen and (max-width: 1023px) {.thegem-vc-text.thegem-custom-69e39d3da8cb13857{display: block!important;}}@media screen and (max-width: 767px) {.thegem-vc-text.thegem-custom-69e39d3da8cb13857{display: block!important;}}@media screen and (max-width: 1023px) {.thegem-vc-text.thegem-custom-69e39d3da8cb13857{position: relative !important;}}@media screen and (max-width: 767px) {.thegem-vc-text.thegem-custom-69e39d3da8cb13857{position: relative !important;}}<\/style>\r\n\t\t<\/div>\r\n\t\r\n<\/div><\/div><\/div><div class=\"clearboth\"><\/div><div id=\"thegem-divider-69e39d3da8d07\" class=\"gem-divider\" style=\"\" ><\/div><div class=\"gem-textbox\"  ><div class=\"gem-textbox-inner\" style=\"border: 1px solid #d9d9d9;\"><div class=\"gem-textbox-content\" style=\"background-position: center top;padding-top: 10px;padding-bottom: 16px;padding-left: 16px;padding-right: 16px;\"><div class=\"gem-dropcap gem-dropcap-shape-circle gem-dropcap-style-medium\"><span class=\"gem-dropcap-letter\" style=\"color: #00bcd4;border: 1px solid #00bcd4;\">3<\/span><\/div><div class=\"clearboth\"><\/div><style>#thegem-divider-69e39d3da8d5e {margin-top: -50px !important;}<\/style><div id=\"thegem-divider-69e39d3da8d5e\" class=\"gem-divider\" style=\"\" ><\/div>\r\n\t\r\n\t\t<div class=\"wpb_text_column wpb_content_element  thegem-vc-text thegem-custom-69e39d3da8dd66824\"  >\r\n\t\t\t<div class=\"wpb_wrapper\">\r\n\t\t\t\t<h4>Ist D-easydrop biologisch abbaubar?<\/h4>\n\r\n\t\t\t<\/div>\r\n\t\t\t<style>@media screen and (max-width: 1023px) {.thegem-vc-text.thegem-custom-69e39d3da8dd66824{display: block!important;}}@media screen and (max-width: 767px) {.thegem-vc-text.thegem-custom-69e39d3da8dd66824{display: block!important;}}@media screen and (max-width: 1023px) {.thegem-vc-text.thegem-custom-69e39d3da8dd66824{position: relative !important;}}@media screen and (max-width: 767px) {.thegem-vc-text.thegem-custom-69e39d3da8dd66824{position: relative !important;}}<\/style>\r\n\t\t<\/div>\r\n\t\r\n\r\n\t\r\n\t\t<div class=\"wpb_text_column wpb_content_element  thegem-vc-text thegem-custom-69e39d3da8e8b5647\"  >\r\n\t\t\t<div class=\"wpb_wrapper\">\r\n\t\t\t\t<p>Die Verpackung ist in 2 Versionen erh\u00e4ltlich, einer Kunststoffversion und einer kompostierbaren Papierversion.<br \/>\nDie Papierversion ist trotz 1%-Aluminiumfolie kompostierbar und erfordert keine separate Entsorgung. Die zum Drucken verwendeten Tinten sind umweltfreundlich.<\/p>\n\r\n\t\t\t<\/div>\r\n\t\t\t<style>@media screen and (max-width: 1023px) {.thegem-vc-text.thegem-custom-69e39d3da8e8b5647{display: block!important;}}@media screen and (max-width: 767px) {.thegem-vc-text.thegem-custom-69e39d3da8e8b5647{display: block!important;}}@media screen and (max-width: 1023px) {.thegem-vc-text.thegem-custom-69e39d3da8e8b5647{position: relative !important;}}@media screen and (max-width: 767px) {.thegem-vc-text.thegem-custom-69e39d3da8e8b5647{position: relative !important;}}<\/style>\r\n\t\t<\/div>\r\n\t\r\n<\/div><\/div><\/div><div class=\"clearboth\"><\/div><div id=\"thegem-divider-69e39d3da8ee1\" class=\"gem-divider\" style=\"\" ><\/div><div class=\"gem-textbox\"  ><div class=\"gem-textbox-inner\" style=\"border: 1px solid #d9d9d9;\"><div class=\"gem-textbox-content\" style=\"background-position: center top;padding-top: 10px;padding-bottom: 16px;padding-left: 16px;padding-right: 16px;\"><div class=\"gem-dropcap gem-dropcap-shape-circle gem-dropcap-style-medium\"><span class=\"gem-dropcap-letter\" style=\"color: #00bcd4;border: 1px solid #00bcd4;\">4<\/span><\/div><div class=\"clearboth\"><\/div><style>#thegem-divider-69e39d3da8f37 {margin-top: -50px !important;}<\/style><div id=\"thegem-divider-69e39d3da8f37\" class=\"gem-divider\" style=\"\" ><\/div>\r\n\t\r\n\t\t<div class=\"wpb_text_column wpb_content_element  thegem-vc-text thegem-custom-69e39d3da8fb08664\"  >\r\n\t\t\t<div class=\"wpb_wrapper\">\r\n\t\t\t\t<h4>Was sind die Mindestproduktionsmengen?<\/h4>\n\r\n\t\t\t<\/div>\r\n\t\t\t<style>@media screen and (max-width: 1023px) {.thegem-vc-text.thegem-custom-69e39d3da8fb08664{display: block!important;}}@media screen and (max-width: 767px) {.thegem-vc-text.thegem-custom-69e39d3da8fb08664{display: block!important;}}@media screen and (max-width: 1023px) {.thegem-vc-text.thegem-custom-69e39d3da8fb08664{position: relative !important;}}@media screen and (max-width: 767px) {.thegem-vc-text.thegem-custom-69e39d3da8fb08664{position: relative !important;}}<\/style>\r\n\t\t<\/div>\r\n\t\r\n\r\n\t\r\n\t\t<div class=\"wpb_text_column wpb_content_element  thegem-vc-text thegem-custom-69e39d3da906a3654\"  >\r\n\t\t\t<div class=\"wpb_wrapper\">\r\n\t\t\t\t<p>Es gibt keine Mindestproduktions- und Individualisierungsmengen (auf der R\u00fcckseite von D-easydrop ist es m\u00f6glich, beliebige einfarbige Grafiken auch in kleinen Auflagen zu drucken). F\u00fcr eine Produktion <strong>komplett individuell<\/strong> F\u00fcr Vorder-\/R\u00fcckseite sind Mindestmengen von 10.000 St\u00fcck erforderlich.<\/p>\n\r\n\t\t\t<\/div>\r\n\t\t\t<style>@media screen and (max-width: 1023px) {.thegem-vc-text.thegem-custom-69e39d3da906a3654{display: block!important;}}@media screen and (max-width: 767px) {.thegem-vc-text.thegem-custom-69e39d3da906a3654{display: block!important;}}@media screen and (max-width: 1023px) {.thegem-vc-text.thegem-custom-69e39d3da906a3654{position: relative !important;}}@media screen and (max-width: 767px) {.thegem-vc-text.thegem-custom-69e39d3da906a3654{position: relative !important;}}<\/style>\r\n\t\t<\/div>\r\n\t\r\n<\/div><\/div><\/div><\/div><\/div><\/div><\/div>\n<\/section>","protected":false},"excerpt":{"rendered":"","protected":false},"author":1,"featured_media":0,"parent":0,"menu_order":0,"comment_status":"closed","ping_status":"closed","template":"","meta":{"footnotes":""},"class_list":["post-3676","page","type-page","status-publish"],"yoast_head":"<!-- This site is optimized with the Yoast SEO plugin v20.11 - https:\/\/yoast.com\/wordpress\/plugins\/seo\/ -->\n<title>FAQ - D-Easy Drop<\/title>\n<meta name=\"robots\" content=\"index, follow, max-snippet:-1, max-image-preview:large, max-video-preview:-1\" \/>\n<link rel=\"canonical\" href=\"https:\/\/d-easydrop.it\/de\/faq\/\" \/>\n<meta property=\"og:locale\" content=\"de_DE\" \/>\n<meta property=\"og:type\" content=\"article\" \/>\n<meta property=\"og:title\" content=\"FAQ - D-Easy Drop\" \/>\n<meta property=\"og:url\" content=\"https:\/\/d-easydrop.it\/de\/faq\/\" \/>\n<meta property=\"og:site_name\" content=\"D-Easy Drop\" \/>\n<meta property=\"article:modified_time\" content=\"2023-07-19T13:39:50+00:00\" \/>\n<meta name=\"twitter:card\" content=\"summary_large_image\" \/>\n<meta name=\"twitter:label1\" content=\"Gesch\u00e4tzte Lesezeit\" \/>\n\t<meta name=\"twitter:data1\" content=\"2\u00a0Minuten\" \/>\n<script type=\"application\/ld+json\" class=\"yoast-schema-graph\">{\"@context\":\"https:\/\/schema.org\",\"@graph\":[{\"@type\":\"WebPage\",\"@id\":\"https:\/\/d-easydrop.it\/faq\/\",\"url\":\"https:\/\/d-easydrop.it\/faq\/\",\"name\":\"FAQ - D-Easy Drop\",\"isPartOf\":{\"@id\":\"https:\/\/d-easydrop.it\/#website\"},\"datePublished\":\"2023-07-13T08:44:42+00:00\",\"dateModified\":\"2023-07-19T13:39:50+00:00\",\"breadcrumb\":{\"@id\":\"https:\/\/d-easydrop.it\/faq\/#breadcrumb\"},\"inLanguage\":\"de\",\"potentialAction\":[{\"@type\":\"ReadAction\",\"target\":[\"https:\/\/d-easydrop.it\/faq\/\"]}]},{\"@type\":\"BreadcrumbList\",\"@id\":\"https:\/\/d-easydrop.it\/faq\/#breadcrumb\",\"itemListElement\":[{\"@type\":\"ListItem\",\"position\":1,\"name\":\"Home\",\"item\":\"https:\/\/d-easydrop.it\/\"},{\"@type\":\"ListItem\",\"position\":2,\"name\":\"FAQ\"}]},{\"@type\":\"WebSite\",\"@id\":\"https:\/\/d-easydrop.it\/#website\",\"url\":\"https:\/\/d-easydrop.it\/\",\"name\":\"D-Easy Drop\",\"description\":\"Un innovativo packaging monodose con un sistema di apertura comodo e veloce.\",\"publisher\":{\"@id\":\"https:\/\/d-easydrop.it\/#organization\"},\"potentialAction\":[{\"@type\":\"SearchAction\",\"target\":{\"@type\":\"EntryPoint\",\"urlTemplate\":\"https:\/\/d-easydrop.it\/?s={search_term_string}\"},\"query-input\":\"required name=search_term_string\"}],\"inLanguage\":\"de\"},{\"@type\":\"Organization\",\"@id\":\"https:\/\/d-easydrop.it\/#organization\",\"name\":\"D-Easy Drop\",\"url\":\"https:\/\/d-easydrop.it\/\",\"logo\":{\"@type\":\"ImageObject\",\"inLanguage\":\"de\",\"@id\":\"https:\/\/d-easydrop.it\/#\/schema\/logo\/image\/\",\"url\":\"https:\/\/d-easydrop.it\/wp-content\/uploads\/2023\/07\/logohd.jpg\",\"contentUrl\":\"https:\/\/d-easydrop.it\/wp-content\/uploads\/2023\/07\/logohd.jpg\",\"width\":2000,\"height\":1092,\"caption\":\"D-Easy Drop\"},\"image\":{\"@id\":\"https:\/\/d-easydrop.it\/#\/schema\/logo\/image\/\"}}]}<\/script>\n<!-- \/ Yoast SEO plugin. -->","yoast_head_json":{"title":"FAQ - D-Easy Drop","robots":{"index":"index","follow":"follow","max-snippet":"max-snippet:-1","max-image-preview":"max-image-preview:large","max-video-preview":"max-video-preview:-1"},"canonical":"https:\/\/d-easydrop.it\/de\/faq\/","og_locale":"de_DE","og_type":"article","og_title":"FAQ - D-Easy Drop","og_url":"https:\/\/d-easydrop.it\/de\/faq\/","og_site_name":"D-Easy Drop","article_modified_time":"2023-07-19T13:39:50+00:00","twitter_card":"summary_large_image","twitter_misc":{"Gesch\u00e4tzte Lesezeit":"2\u00a0Minuten"},"schema":{"@context":"https:\/\/schema.org","@graph":[{"@type":"WebPage","@id":"https:\/\/d-easydrop.it\/faq\/","url":"https:\/\/d-easydrop.it\/faq\/","name":"FAQ - D-Easy Drop","isPartOf":{"@id":"https:\/\/d-easydrop.it\/#website"},"datePublished":"2023-07-13T08:44:42+00:00","dateModified":"2023-07-19T13:39:50+00:00","breadcrumb":{"@id":"https:\/\/d-easydrop.it\/faq\/#breadcrumb"},"inLanguage":"de","potentialAction":[{"@type":"ReadAction","target":["https:\/\/d-easydrop.it\/faq\/"]}]},{"@type":"BreadcrumbList","@id":"https:\/\/d-easydrop.it\/faq\/#breadcrumb","itemListElement":[{"@type":"ListItem","position":1,"name":"Home","item":"https:\/\/d-easydrop.it\/"},{"@type":"ListItem","position":2,"name":"FAQ"}]},{"@type":"WebSite","@id":"https:\/\/d-easydrop.it\/#website","url":"https:\/\/d-easydrop.it\/","name":"D-Easy Drop","description":"Un innovativo packaging monodose con un sistema di apertura comodo e veloce.","publisher":{"@id":"https:\/\/d-easydrop.it\/#organization"},"potentialAction":[{"@type":"SearchAction","target":{"@type":"EntryPoint","urlTemplate":"https:\/\/d-easydrop.it\/?s={search_term_string}"},"query-input":"required name=search_term_string"}],"inLanguage":"de"},{"@type":"Organization","@id":"https:\/\/d-easydrop.it\/#organization","name":"D-Easy Drop","url":"https:\/\/d-easydrop.it\/","logo":{"@type":"ImageObject","inLanguage":"de","@id":"https:\/\/d-easydrop.it\/#\/schema\/logo\/image\/","url":"https:\/\/d-easydrop.it\/wp-content\/uploads\/2023\/07\/logohd.jpg","contentUrl":"https:\/\/d-easydrop.it\/wp-content\/uploads\/2023\/07\/logohd.jpg","width":2000,"height":1092,"caption":"D-Easy Drop"},"image":{"@id":"https:\/\/d-easydrop.it\/#\/schema\/logo\/image\/"}}]}},"_links":{"self":[{"href":"https:\/\/d-easydrop.it\/de\/wp-json\/wp\/v2\/pages\/3676","targetHints":{"allow":["GET"]}}],"collection":[{"href":"https:\/\/d-easydrop.it\/de\/wp-json\/wp\/v2\/pages"}],"about":[{"href":"https:\/\/d-easydrop.it\/de\/wp-json\/wp\/v2\/types\/page"}],"author":[{"embeddable":true,"href":"https:\/\/d-easydrop.it\/de\/wp-json\/wp\/v2\/users\/1"}],"replies":[{"embeddable":true,"href":"https:\/\/d-easydrop.it\/de\/wp-json\/wp\/v2\/comments?post=3676"}],"version-history":[{"count":20,"href":"https:\/\/d-easydrop.it\/de\/wp-json\/wp\/v2\/pages\/3676\/revisions"}],"predecessor-version":[{"id":3756,"href":"https:\/\/d-easydrop.it\/de\/wp-json\/wp\/v2\/pages\/3676\/revisions\/3756"}],"wp:attachment":[{"href":"https:\/\/d-easydrop.it\/de\/wp-json\/wp\/v2\/media?parent=3676"}],"curies":[{"name":"wp","href":"https:\/\/api.w.org\/{rel}","templated":true}]}}